{"id":1550,"date":"2024-01-29T20:02:40","date_gmt":"2024-01-29T19:02:40","guid":{"rendered":"https:\/\/blogsaverroes.juntadeandalucia.es\/ceipprincipefelipemotril\/?page_id=1550"},"modified":"2024-01-30T19:47:27","modified_gmt":"2024-01-30T18:47:27","slug":"escolarizacion","status":"publish","type":"page","link":"https:\/\/blogsaverroes.juntadeandalucia.es\/ceipprincipefelipemotril\/escolarizacion\/","title":{"rendered":"Escolarizaci\u00f3n"},"content":{"rendered":"<p><img loading=\"lazy\" decoding=\"async\" class=\"wp-image-1560 aligncenter\" src=\"https:\/\/blogsaverroes.juntadeandalucia.es\/ceipprincipefelipemotril\/files\/2024\/01\/escolarizacion-300x57.jpg\" alt=\"\" width=\"442\" height=\"84\"><\/p>\n<p>Durante todo el mes de marzo permanecer\u00e1 abierto el plazo para la presentaci\u00f3n de solicitudes de admisi\u00f3n. Se inicia de este modo el proceso de escolarizaci\u00f3n en el que participan todos los ni\u00f1os y ni\u00f1as que se incorporan por primera vez al sistema educativo, as\u00ed como el alumnado que cambie de centro escolar.<\/p>\n<p>La Consejer\u00eda pone a disposici\u00f3n de las familias el <a href=\"https:\/\/www.juntadeandalucia.es\/educacion\/portals\/web\/escolarizacion\/infantil-a-bachillerato\" target=\"_blank\" rel=\"noopener noreferrer\"><strong>Portal de Escolarizaci\u00f3n<\/strong><\/a>,&nbsp;donde est\u00e1 recogida toda la informaci\u00f3n sobre los centros docentes, sus ense\u00f1anzas y oferta de servicios complementarios, as\u00ed como la normativa que regula el proceso de escolarizaci\u00f3n y el <strong>impreso de solicitud<\/strong> que se podr\u00e1 presentar en los centros o bien <a href=\"https:\/\/www.juntadeandalucia.es\/educacion\/secretariavirtual\/solicitudes\/\" target=\"_blank\" rel=\"noopener noreferrer\"><strong>telem\u00e1ticamente<\/strong><\/a>.<\/p>\n<p>Para atender consultas sobre todo el proceso de escolarizaci\u00f3n, la Consejer\u00eda ha habilitado un tel\u00e9fono gratuito de informaci\u00f3n (900 848 000), en horario ininterrumpido de 8.00 a 19.00 horas.<img decoding=\"async\" title=\"M\u00e1s...\" src=\"http:\/\/ceipreinafabiola.redes-cepalcala.org\/wp-includes\/js\/tinymce\/plugins\/wordpress\/img\/trans.gif\" alt=\"\">\u200b<\/p>\n<p>&nbsp;<\/p>\n<div style=\"width: 416px\" class=\"wp-caption aligncenter\"><a href=\"https:\/\/www.juntadeandalucia.es\/educacion\/portals\/web\/escolarizacion\" target=\"_blank\" rel=\"noopener noreferrer\"><img loading=\"lazy\" decoding=\"async\" src=\"https:\/\/blogsaverroes.juntadeandalucia.es\/ceiptiernogalvanarmilla\/files\/2018\/03\/COVER_YOUTUBE_ADMISION.jpg\" alt=\"Enlace al portal de escolarizaci\u00f3n\" width=\"406\" height=\"228\"><\/a><p class=\"wp-caption-text\">Enlace al portal de escolarizaci\u00f3n<\/p><\/div>\n<p>&nbsp;<\/p>\n","protected":false},"excerpt":{"rendered":"<p>Durante todo el mes de marzo permanecer\u00e1 abierto el plazo para la presentaci\u00f3n de solicitudes de admisi\u00f3n. Se inicia de este modo el proceso de escolarizaci\u00f3n en el que participan todos los ni\u00f1os y ni\u00f1as que se incorporan por primera vez al sistema educativo, as\u00ed como el alumnado que cambie de centro escolar. La Consejer\u00eda [&hellip;]<\/p>\n","protected":false},"author":19076,"featured_media":0,"parent":0,"menu_order":0,"comment_status":"closed","ping_status":"closed","template":"","meta":{"_et_pb_use_builder":"","_et_pb_old_content":"","_et_gb_content_width":"","ngg_post_thumbnail":0,"footnotes":""},"aioseo_notices":[],"_links":{"self":[{"href":"https:\/\/blogsaverroes.juntadeandalucia.es\/ceipprincipefelipemotril\/wp-json\/wp\/v2\/pages\/1550"}],"collection":[{"href":"https:\/\/blogsaverroes.juntadeandalucia.es\/ceipprincipefelipemotril\/wp-json\/wp\/v2\/pages"}],"about":[{"href":"https:\/\/blogsaverroes.juntadeandalucia.es\/ceipprincipefelipemotril\/wp-json\/wp\/v2\/types\/page"}],"author":[{"embeddable":true,"href":"https:\/\/blogsaverroes.juntadeandalucia.es\/ceipprincipefelipemotril\/wp-json\/wp\/v2\/users\/19076"}],"replies":[{"embeddable":true,"href":"https:\/\/blogsaverroes.juntadeandalucia.es\/ceipprincipefelipemotril\/wp-json\/wp\/v2\/comments?post=1550"}],"version-history":[{"count":4,"href":"https:\/\/blogsaverroes.juntadeandalucia.es\/ceipprincipefelipemotril\/wp-json\/wp\/v2\/pages\/1550\/revisions"}],"predecessor-version":[{"id":1563,"href":"https:\/\/blogsaverroes.juntadeandalucia.es\/ceipprincipefelipemotril\/wp-json\/wp\/v2\/pages\/1550\/revisions\/1563"}],"wp:attachment":[{"href":"https:\/\/blogsaverroes.juntadeandalucia.es\/ceipprincipefelipemotril\/wp-json\/wp\/v2\/media?parent=1550"}],"curies":[{"name":"wp","href":"https:\/\/api.w.org\/{rel}","templated":true}]}}