{"id":156,"date":"2020-03-27T19:58:36","date_gmt":"2020-03-27T18:58:36","guid":{"rendered":"https:\/\/ceipprincipefelipe.net\/portal\/?page_id=156"},"modified":"2024-01-28T20:26:41","modified_gmt":"2024-01-28T19:26:41","slug":"proyecto-tic","status":"publish","type":"page","link":"https:\/\/blogsaverroes.juntadeandalucia.es\/ceipprincipefelipemotril\/proyecto-tic\/","title":{"rendered":"Proyecto TIC"},"content":{"rendered":"\r\n<p>El centro es Centro TIC y DIg desde el curso 2005\/2006. En aquel momento fueron dotados los cursos 3\u00ba, 4\u00ba, 5\u00ba y 6\u00ba de 13 ordenadores por aula junto a la infraestructura cableada e inal\u00e1mbrica. Las dependencias administrativas as\u00ed como biblioteca, sala de profesorado y tutor\u00edas fueron dotadas con ordenadores, impresoras y esc\u00e1neres.<\/p>\r\n\r\n\r\n\r\n<p>Pod\u00e9is echar un vistazo al proyecto aprobado y la formaci\u00f3n que se hizo.<\/p>\r\n\r\n\r\n\r\n<ul>\r\n<li><a href=\"https:\/\/drive.google.com\/file\/d\/17RgyDcNoMuFPKtuWbui5QFbWxEkX2z_K\/view?usp=drive_link\" target=\"_blank\" rel=\"noreferrer noopener\" aria-label=\" (se abre en una nueva pesta\u00f1a)\">Proyecto TIC<\/a><\/li>\r\n<li><a href=\"https:\/\/drive.google.com\/file\/d\/1XS8Nw5t28-3IMf9NB668vZzWBQuKRrrS\/view?usp=drive_link\" target=\"_blank\" rel=\"noreferrer noopener\" aria-label=\" (se abre en una nueva pesta\u00f1a)\">Plan de Formaci\u00f3n TIC<\/a><\/li>\r\n<li><a href=\"https:\/\/ceipprincipefelipe.net\/tic\/materiales\/pagalum\/pagalum2.htm\" target=\"_blank\" rel=\"noreferrer noopener\">P\u00e1ginas del alumnado<\/a> (anteriores a 2005)<\/li>\r\n<li>Otros materiales elaborados por alumnado y profesorado(anterior al 2005):\r\n<ul>\r\n<li><a href=\"https:\/\/ceipprincipefelipe.net\/tic\/materiales\/rapaces\/rapaces.htm\" target=\"_blank\" rel=\"noreferrer noopener\">Las aves rapaces<\/a><\/li>\r\n<li><a href=\"https:\/\/ceipprincipefelipe.net\/tic\/materiales\/parques\/parques.htm\" target=\"_blank\" rel=\"noreferrer noopener\">Los parques nacionales<\/a><\/li>\r\n<li><a href=\"https:\/\/ceipprincipefelipe.net\/tic\/materiales\/arbolcole\/arboles3.htm\" target=\"_blank\" rel=\"noreferrer noopener\">Los \u00e1rboles del cole<\/a><\/li>\r\n<li><a href=\"https:\/\/ceipprincipefelipe.net\/tic\/materiales\/platosweb\/platos.htm\" target=\"_blank\" rel=\"noreferrer noopener\">Cer\u00e1mica en el cole<\/a><\/li>\r\n<li><a href=\"https:\/\/ceipprincipefelipe.net\/ciencia\/index.php\" target=\"_blank\" rel=\"noreferrer noopener\">Ciencia en la Red<\/a><\/li>\r\n<li><a href=\"https:\/\/ceipprincipefelipe.net\/encuentrogr\/\" target=\"_blank\" rel=\"noreferrer noopener\">Encuentros Centros Tic en Granada<\/a><\/li>\r\n<\/ul>\r\n<\/li>\r\n<\/ul>\r\n\r\n\r\n\r\n<p class=\"has-text-align-center has-very-dark-gray-color has-vivid-green-cyan-background-color has-text-color has-background\"><strong>UNIDADES ELABORADAS EN El CENTRO<\/strong><\/p>\r\n\r\n\r\n\r\n<p>&nbsp;<\/p>\r\n\r\n\r\n\r\n<figure class=\"wp-block-table\">\r\n<table>\r\n<tbody>\r\n<tr>\r\n<td><a href=\"\/tic\/uni\/pq_provin\/index.html\" target=\"_blank\" rel=\"noreferrer noopener\" aria-label=\" (se abre en una nueva pesta\u00f1a)\">El Parque de las Provincias de Motril<\/a><\/td>\r\n<td><a href=\"\/tic\/uni\/9mayo\/\" target=\"_blank\" rel=\"noreferrer noopener\">9 de mayo. D\u00eda de Europa<\/a><\/td>\r\n<\/tr>\r\n<tr>\r\n<td><a href=\"\/tic\/uni\/agua\/agua.html\" target=\"_blank\" rel=\"noreferrer noopener\" aria-label=\" (se abre en una nueva pesta\u00f1a)\">D\u00eda Mundial del Agua<\/a><\/td>\r\n<td><a href=\"\/tic\/uni\/diainternet\/\" target=\"_blank\" rel=\"noreferrer noopener\">17 de mayo. D\u00eda de Internet<\/a><\/td>\r\n<\/tr>\r\n<tr>\r\n<td><a href=\"\/tic\/uni\/9mayo\/\" target=\"_blank\" rel=\"noreferrer noopener\">9 de mayo. D\u00eda de Europa<\/a><\/td>\r\n<td><a href=\"http:\/\/www.proyectohormiga.org\/udidac\/motril_islamico\/index.htm\" target=\"_blank\" rel=\"noreferrer noopener\">Motril Isl\u00e1mico<\/a><\/td>\r\n<\/tr>\r\n<tr>\r\n<td><a href=\"\/tic\/uni\/diainternet\/\" target=\"_blank\" rel=\"noreferrer noopener\">17 de mayo. D\u00eda de Internet<\/a><\/td>\r\n<td><a href=\"http:\/\/www.proyectohormiga.org\/udidac\/lapapa\/\" target=\"_blank\" rel=\"noreferrer noopener\">La Papa<\/a><\/td>\r\n<\/tr>\r\n<tr>\r\n<td><a href=\"http:\/\/ceipprincipefelipe.net\/tic\/uni\/ventanas\/\" target=\"_blank\" rel=\"noreferrer noopener\">Visita a la Cueva de las Ventanas<\/a><\/td>\r\n<td><a href=\"\/tic\/uni\/puerto\/index.html\" target=\"_blank\" rel=\"noreferrer noopener\">El Puerto de Motril<\/a><\/td>\r\n<\/tr>\r\n<tr>\r\n<td><a href=\"https:\/\/proyectohormiga.org\/udidac\/guadalfeo\/index.html\" target=\"_blank\" rel=\"noreferrer noopener\">El R\u00edo Guadalfeo<\/a><\/td>\r\n<td><a href=\"http:\/\/www.proyectohormiga.org\/udidac\/charcasuarez\/\" target=\"_blank\" rel=\"noreferrer noopener\">La Charca de Su\u00e1rez<\/a><\/td>\r\n<\/tr>\r\n<tr>\r\n<td><a href=\"http:\/\/www.proyectohormiga.org\/udidac\/reproduccion\/\" target=\"_blank\" rel=\"noreferrer noopener\">La Reproducci\u00f3n<\/a><\/td>\r\n<td><a href=\"http:\/\/ceipprincipefelipe.net\/tic\/uni\/diaanda2010\/\" target=\"_blank\" rel=\"noreferrer noopener\">D\u00eda de Andaluc\u00eda 2010<\/a><\/td>\r\n<\/tr>\r\n<tr>\r\n<td><a href=\"http:\/\/www.juntadeandalucia.es\/averroes\/%7Ecepgr2gt1\/intranet4\/cono4\/u01\/index.html\" target=\"_blank\" rel=\"noreferrer noopener\">Los alimentos y la digesti\u00f3n<\/a><\/td>\r\n<td><a href=\"http:\/\/ceipprincipefelipe.net\/tic\/uni\/diaanda2011\/\" target=\"_blank\" rel=\"noreferrer noopener\">D\u00eda de Andaluc\u00eda 2011<\/a><\/td>\r\n<\/tr>\r\n<tr>\r\n<td><a href=\"http:\/\/www.proyectohormiga.org\/udidac\/elagua\/agua.html\" target=\"_blank\" rel=\"noreferrer noopener\">D\u00eda Mundial del agua<\/a><\/td>\r\n<td><a href=\"http:\/\/ceipprincipefelipe.net\/tic\/uni\/diaanda2011\/\" target=\"_blank\" rel=\"noreferrer noopener\">D\u00eda de Andaluc\u00eda 2012<\/a><\/td>\r\n<\/tr>\r\n<tr>\r\n<td><a href=\"\/tic\/uni\/titanic\/index.html\" target=\"_blank\" rel=\"noreferrer noopener\">El Titanic<\/a><\/td>\r\n<td><a href=\"\/tic\/uni\/gripea\/index.html\" target=\"_blank\" rel=\"noreferrer noopener\">La Gripe A(H1N1) (Tarea)<\/a><\/td>\r\n<\/tr>\r\n<tr>\r\n<td><a href=\"http:\/\/www.proyectohormiga.org\/udidac\/lamateria\/\" target=\"_blank\" rel=\"noreferrer noopener\">La Materia<\/a><\/td>\r\n<td><a href=\"\/tic\/uni\/24octubre2009\/index.html\" target=\"_blank\" rel=\"noreferrer noopener\">Bibliotecas Antiguas (Tarea)<\/a><\/td>\r\n<\/tr>\r\n<tr>\r\n<td>&nbsp;<\/td>\r\n<td><a href=\"http:\/\/www.proyectohormiga.org\/udidac\/alhambra\/index.html\" target=\"_blank\" rel=\"noreferrer noopener\">La Alhambra de Granada (Tarea)<\/a><\/td>\r\n<\/tr>\r\n<tr>\r\n<td><a href=\"https:\/\/sites.google.com\/site\/nosreproducimos\/\" target=\"_blank\" rel=\"noreferrer noopener\">La Reproducci\u00f3n Humana (Tarea)<\/a><\/td>\r\n<td><a href=\"https:\/\/sites.google.com\/site\/atlasdegeografia\/\" target=\"_blank\" rel=\"noreferrer noopener\">Atlas de Geograf\u00eda (Tarea)<\/a><\/td>\r\n<\/tr>\r\n<tr>\r\n<td><a href=\"http:\/\/sites.google.com\/site\/karstdesorbas\/\" target=\"_blank\" rel=\"noreferrer noopener\">El Karst de Sorbas (Tarea)<\/a><\/td>\r\n<td><a href=\"https:\/\/sites.google.com\/site\/losentrevistadores\/\" target=\"_blank\" rel=\"noreferrer noopener\">La entrevista (Tarea)<\/a><\/td>\r\n<\/tr>\r\n<\/tbody>\r\n<\/table>\r\n<\/figure>\r\n\r\n\r\n\r\n<p class=\"has-text-align-center has-vivid-green-cyan-background-color has-background\"><strong>UNIDADES EN EL PROYECTO HORMIGA<\/strong><\/p>\r\n\r\n\r\n\r\n<ul>\r\n<li><a href=\"http:\/\/www.proyectohormiga.org\/udidac\/charcasuarez\/\" target=\"_blank\" rel=\"noreferrer noopener\">La Charca de Su\u00e1rez<\/a>. Web en la que se ofrece informaci\u00f3n sobre este humedal de Motril, en la Costa Granadina. M\u00e1s adelante se realizar\u00e1n actividades sobre los contenidos.<\/li>\r\n<li><a href=\"http:\/\/www.proyectohormiga.org\/udidac\/olivo\/index.html\" target=\"_blank\" rel=\"noreferrer noopener\">El Olivo<\/a>. Esta unidad permite conocer esta planta desde su cultivo, cuidados y recolecci\u00f3n.<\/li>\r\n<li><a href=\"http:\/\/www.proyectohormiga.org\/udidac\/guadalfeo\/index.html\" target=\"_blank\" rel=\"noreferrer noopener\">El R\u00edo Guadalfeo<\/a>. Por medio del r\u00edo Guadalfeo es posible conocer las partes de un r\u00edo, los afluentes y la flora y fauna que vive a lo largo de su recorrido. Se acompa\u00f1a de actividades en Hotpotatoes.<\/li>\r\n<li><a href=\"http:\/\/www.proyectohormiga.org\/udidac\/torres\/index.htm\" target=\"_blank\" rel=\"noreferrer noopener\">Torres de la Costa Granadina<\/a>. La estructura defensiva de la Costa Granadina se presenta por medio del conocimiento de sus torres de defensa y sus castillos.<\/li>\r\n<li><a href=\"http:\/\/www.proyectohormiga.org\/udidac\/alhambra\/index.html\" target=\"_blank\" rel=\"noreferrer noopener\">ABP La Alhambra<\/a>. Unidad de trabajo basada en Proyectos (ABP-PBL)para trabajar interdiciplinarmente.<\/li>\r\n<li><a href=\"http:\/\/www.proyectohormiga.org\/udidac\/laalhambra\/\" target=\"_blank\" rel=\"noreferrer noopener\">La Alhambra<\/a>. Esta unidad permite conocer las diversas dependencias del monumento as\u00ed como su historia y actualidad.<\/li>\r\n<li><a href=\"http:\/\/www.juntadeandalucia.es\/averroes\/averroes\/html\/adjuntos\/2007\/09\/20\/0027\/index.htm\" target=\"_blank\" rel=\"noreferrer noopener\">Los Animales<\/a>. Mediante esta unidad se presenta a los animales, sus clases y caracter\u00edsticas comunes y diferenciadoras.<\/li>\r\n<li><a href=\"http:\/\/www.proyectohormiga.org\/udidac\/costa21\/index.html\" target=\"_blank\" rel=\"noreferrer noopener\">11 Temas para el Segundo Ciclo de Primaria<\/a>. Pretende cubrir el curriculo del Conocimiento del Medio en el Segundo Ciclo de Primaria . Las m\u00e1quinas y energ\u00eda, los materiales, la historia, el transporte, el cuerpo humano, la organizacion social, los medios de comunicaci\u00f3n social, la poblaci\u00f3n y el trabajo, el paisaje , los seres vivos y el medio f\u00edsico se presentan con contenidos, actividades e investigaciones por medio de cazas del tesoro.<\/li>\r\n<li><strong><a href=\"http:\/\/www.proyectohormiga.org\/udidac\/elagua\/agua.html\" target=\"_blank\" rel=\"noreferrer noopener\">El Agua<\/a><\/strong>. Unidad did\u00e1ctica experimental creada a partir de un mapa conceptual con enlaces a diversos objetos de aprendizaje. Preferentemente para Tercer Ciclo de Primaria. Daniel S\u00e1nchez<\/li>\r\n<li><strong><a href=\"http:\/\/www.proyectohormiga.org\/udidac\/anivert\/los_seres_vivos.html\" target=\"_blank\" rel=\"noreferrer noopener\">Los Seres Vivos<\/a><\/strong>. Unidad did\u00e1ctica experimental creada a partir de un mapa conceptual con enlaces a diversos objetos de aprendizaje. Preferentemente para Tercer Ciclo de Primaria. Fernando Mart\u00ednez G\u00f3mez<\/li>\r\n<li><strong><a href=\"http:\/\/www.proyectohormiga.org\/udidac\/nutri\/nutricion.htm\" target=\"_blank\" rel=\"noreferrer noopener\">La Nutrici\u00f3n<\/a><\/strong>. Unidad did\u00e1ctica para el Tercer Ciclo de Primaria. Presenta contenidos, actividades e investigaciones tipo cazas del tesoro y evaluaci\u00f3n. Antonio Jos\u00e9 Segura Montes<\/li>\r\n<li><a href=\"http:\/\/www.proyectohormiga.org\/udidac\/aceite\/\" target=\"_blank\" rel=\"noreferrer noopener\"><strong>El aceite de oliva<\/strong>.<\/a> Unidad did\u00e1ctica para el Tercer Ciclo de Primaria. Presenta contenidos, actividades, encuesta y evaluaci\u00f3n. Montada por Antonio Jos\u00e9 Segura Montes.<\/li>\r\n<li><strong><a href=\"http:\/\/www.proyectohormiga.org\/udidac\/tierra\/\" target=\"_blank\" rel=\"noreferrer noopener\">La Tierra en el Universo<\/a><\/strong>. Unidad did\u00e1ctica que ofrece contenidos en web para trabajarlos mediante investigaciones. ejercicios de repaso y Caza del Tesoro. Se acompa\u00f1a de una Gu\u00eda Did\u00e1ctica. Creada por Juan Pedro Castilla<\/li>\r\n<li><a href=\"http:\/\/www.proyectohormiga.org\/udidac\/1Gymkhana\/\" target=\"_blank\" rel=\"noreferrer noopener\">Cyber GymKhana<\/a>. La Cyber Gymkhana Local es una actividad cooperativa en la que grupos de alumnos resuelven ejercicios relacionados con sus conocimientos sobre Granada y de cultura general . Por Fernando Mart\u00ednez G\u00f3mez.<\/li>\r\n<li><a href=\"http:\/\/www.proyectohormiga.org\/1Cyberlim\/\" target=\"_blank\" rel=\"noreferrer noopener\">Cyber GymKhana II<\/a>. Segunda versi\u00f3n de La Cyber Gymkhana. Si quieres participar en nuestra \u00abCyber Gymkhana\u00bb. Aqu\u00ed puedes poner a prueba tu ingenio, habilidad y tus conocimientos en general. Por Fernando Mart\u00ednez G\u00f3mez<\/li>\r\n<li><a href=\"http:\/\/www.proyectohormiga.org\/udidac\/energias\/index.html\" target=\"_blank\" rel=\"noreferrer noopener\">Las Energ\u00edas<\/a>. Aplicaci\u00f3n para conocer mediante infograf\u00edas algunas fuentes de energ\u00edas. Creada por Fernando Mart\u00ednez G\u00f3mez<\/li>\r\n<li><a href=\"http:\/\/www.proyectohormiga.org\/udidac\/lapapa\/\" target=\"_blank\" rel=\"noreferrer noopener\">La Papa<\/a>. Con motivo del A\u00f1o Internacional de la Papa se ha creado una webQuest para trabajar este alimento.<\/li>\r\n<li><a href=\"http:\/\/www.proyectohormiga.org\/udidac\/lamateria\/\" target=\"_blank\" rel=\"noreferrer noopener\">La Materia<\/a>. Unidad did\u00e1ctica basada en una Caza del tesoro para alumnado de 5\u00ba curso y que versa sobre el tema currrricular correspondienteInternacional de la Papa se ha creado una webQuest para trabajar este tema curricular<\/li>\r\n<li>Actividades realizadas con <a href=\"http:\/\/www.educalim.com\/cinicio.htm\" target=\"_blank\" rel=\"noreferrer noopener\">Lim<\/a> como material de apoyo al curr\u00edculum del 2\u00ba Ciclo de E.P. por Carlos Remacho\r\n<ul>\r\n<li><a href=\"http:\/\/www.juntadeandalucia.es\/averroes\/%7Ecepgr2gt1\/intranet3\/cono3\/u2\/oimos.html\" target=\"_blank\" rel=\"noreferrer noopener\">Oimos<\/a><\/li>\r\n<li><a href=\"http:\/\/www.juntadeandalucia.es\/averroes\/%7Ecepgr2gt1\/intranet3\/cono3\/u2\/vemos.html\" target=\"_blank\" rel=\"noreferrer noopener\">Vemos<\/a><\/li>\r\n<li><a href=\"http:\/\/www.juntadeandalucia.es\/averroes\/%7Ecepgr2gt1\/intranet3\/cono3\/u2\/gusto.html\" target=\"_blank\" rel=\"noreferrer noopener\">El gusto<\/a><\/li>\r\n<li><a href=\"http:\/\/www.juntadeandalucia.es\/averroes\/%7Ecepgr2gt1\/intranet3\/cono3\/u2\/u2final.html\" target=\"_blank\" rel=\"noreferrer noopener\">Nos relacionamos con el mundo<\/a> (Repaso)<\/li>\r\n<li><a href=\"http:\/\/www.juntadeandalucia.es\/averroes\/%7Ecepgr2gt1\/intranet3\/cono3\/u6_elaire\/u6activi.html\" target=\"_blank\" rel=\"noreferrer noopener\">El aire y el agua<\/a><\/li>\r\n<li><a href=\"http:\/\/www.juntadeandalucia.es\/averroes\/%7Ecepgr2gt1\/intranet3\/cono3\/ecosistema\/ecosistemas.html\" target=\"_blank\" rel=\"noreferrer noopener\">Ecosistemas<\/a><\/li>\r\n<li><a href=\"http:\/\/www.juntadeandalucia.es\/averroes\/%7Ecepgr2gt1\/intranet3\/cono3\/u10n_elagua\/elagua_act1.html\" target=\"_blank\" rel=\"noreferrer noopener\">El agua<\/a><\/li>\r\n<li><a href=\"http:\/\/www.juntadeandalucia.es\/averroes\/%7Ecepgr2gt1\/intranet3\/cono3\/u10n_eltiempo\/eltiempo.html\" target=\"_blank\" rel=\"noreferrer noopener\">El tiempo atmosf\u00e9rico<\/a><\/li>\r\n<li><a href=\"http:\/\/www.juntadeandalucia.es\/averroes\/%7Ecepgr2gt1\/intranet4\/cono4\/u01\/index.html\" target=\"_blank\" rel=\"noreferrer noopener\">Los alimentos y la digesti\u00f3n<\/a><\/li>\r\n<li><a href=\"http:\/\/www.juntadeandalucia.es\/averroes\/%7Ecepgr2gt1\/intranet4\/cono4\/u02\/respiratorio.html\">El aparato respiratorio<\/a><\/li>\r\n<li><a href=\"http:\/\/www.juntadeandalucia.es\/averroes\/%7Ecepgr2gt1\/intranet4\/cono4\/u08act\/mapas.htm\" target=\"_blank\" rel=\"noreferrer noopener\">La representaci\u00f3n del espacio<\/a><\/li>\r\n<\/ul>\r\n<\/li>\r\n<li><a href=\"http:\/\/www.proyectohormiga.org\/udidac\/los50inventos\/\" target=\"_blank\" rel=\"noreferrer noopener\">Los 50 Inventos<\/a>. Un breve repaso gr\u00e1fico y visual de los 50 inventos m\u00e1s destacados de la Historia, seg\u00fan el autor de la web. Fernando Mart\u00ednez G\u00f3mez.<\/li>\r\n<li><a href=\"http:\/\/www.proyectohormiga.org\/udidac\/calendario_panel\/enero.html\" target=\"_blank\" rel=\"noreferrer noopener\">Calendario Gr\u00e1fico de Eventos y Celebraciones<\/a>. Calendario Gr\u00e1fico de eventos, celebraciones, efem\u00e9rides de todos los meses del a\u00f1o. \u00bfQu\u00e9 ocurri\u00f3 el d\u00eda 19 de noviembre?. B\u00fascalo.. Fernando Mart\u00ednez G\u00f3mez.<\/li>\r\n<li><a href=\"http:\/\/www.proyectohormiga.org\/udidac\/gymkandaluza\/\" target=\"_blank\" rel=\"noreferrer noopener\">Gymkana Andaluza<\/a><\/li>\r\n<li><a href=\"http:\/\/www.proyectohormiga.org\/udidac\/gymkanandaluza2\/\" target=\"_blank\" rel=\"noreferrer noopener\">Gymkana Andaluza (II)<\/a><\/li>\r\n<li><a href=\"http:\/\/www.proyectohormiga.org\/udidac\/reproduccion\/\" target=\"_blank\" rel=\"noreferrer noopener\">La Reproducci\u00f3n<\/a><\/li>\r\n<\/ul>\r\n\r\n\r\n\r\n<p class=\"has-text-align-center has-very-dark-gray-color has-vivid-green-cyan-background-color has-text-color has-background\"><strong>APRENDIZAJE BASADO EN PROYECTOS<\/strong><\/p>\r\n\r\n\r\n\r\n<ul>\r\n<li><a href=\"https:\/\/sites.google.com\/site\/atlasdegeografia\/\" target=\"_blank\" rel=\"noreferrer noopener\">Atlas de geograf\u00eda<\/a><\/li>\r\n<li><strong><a href=\"https:\/\/sites.google.com\/s\/1NL4T-VLliVAszMPTcqi7Q5Z4QCdAOVhY\/p\/1oxWCGnHLmgt6GSS-6FVWg4N-kHLgpTlN\/edit?authuser=1\" target=\"_blank\" rel=\"noreferrer noopener\">Callet\u00edficos Motril<\/a><\/strong><\/li>\r\n<li><a href=\"https:\/\/sites.google.com\/site\/cuidemoslacosta\/\" target=\"_blank\" rel=\"noreferrer noopener\">Cuidemos la costa<\/a><\/li>\r\n<li><strong><a href=\"https:\/\/sites.google.com\/site\/edificiosparaspiderman\/\" target=\"_blank\" rel=\"noreferrer noopener\">Edificios para Spiderman<\/a><\/strong><\/li>\r\n<li><a href=\"https:\/\/sites.google.com\/site\/elalbaicindegranada\/\" target=\"_blank\" rel=\"noreferrer noopener\">El Albaic\u00edn de Granada<\/a><\/li>\r\n<li><a href=\"https:\/\/sites.google.com\/site\/elcuerpohumano5a\/\" target=\"_blank\" rel=\"noreferrer noopener\">El cuerpo humano<\/a><\/li>\r\n<li><a href=\"https:\/\/sites.google.com\/site\/elinteriordenuestratierra\/\" target=\"_blank\" rel=\"noreferrer noopener\">El interior de nuestra tierra<\/a><\/li>\r\n<li><a href=\"https:\/\/sites.google.com\/site\/kamishibais2012\/\" target=\"_blank\" rel=\"noreferrer noopener\">Kamishibai<\/a><\/li>\r\n<li><a href=\"https:\/\/sites.google.com\/site\/karstdesorbas\/\" target=\"_blank\" rel=\"noreferrer noopener\">Karst de Sorbas<\/a><\/li>\r\n<li><a href=\"https:\/\/sites.google.com\/site\/describimos\/\" target=\"_blank\" rel=\"noreferrer noopener\">La descripci\u00f3n<\/a><\/li>\r\n<li><a href=\"https:\/\/sites.google.com\/site\/losentrevistadores\/\" target=\"_blank\" rel=\"noreferrer noopener\">La entrevista<\/a><\/li>\r\n<li><strong><a href=\"http:\/\/ceipprincipefelipe.net\/tic\/uni\/gripea\/index.html\" target=\"_blank\" rel=\"noreferrer noopener\">La Gripe A(H1N1)<\/a><\/strong><\/li>\r\n<li><a href=\"https:\/\/sites.google.com\/site\/granadamilenio\/\" target=\"_blank\" rel=\"noreferrer noopener\">Milenio de Granada<\/a><\/li>\r\n<li><a href=\"https:\/\/sites.google.com\/site\/nosotrosyelagua\/\" target=\"_blank\" rel=\"noreferrer noopener\">Nosotros y el Agua<\/a><\/li>\r\n<li><a href=\"https:\/\/sites.google.com\/site\/nuestrahuellaecologica\/\" target=\"_blank\" rel=\"noreferrer noopener\">Nuestra Huella Ecol\u00f3gica<\/a><\/li>\r\n<li><a href=\"https:\/\/sites.google.com\/site\/paseamosedificios\/\" target=\"_blank\" rel=\"noreferrer noopener\">Paseamos Edificios Motrile\u00f1os<\/a><\/li>\r\n<li><a href=\"https:\/\/sites.google.com\/site\/publicistas2013\/\" target=\"_blank\" rel=\"noreferrer noopener\">Publicistas 2013<\/a><\/li>\r\n<li><a href=\"https:\/\/sites.google.com\/site\/restaurantesyempresas\/\" target=\"_blank\" rel=\"noreferrer noopener\">Restaurantes y Empresas<\/a><\/li>\r\n<li><strong><a href=\"https:\/\/sites.google.com\/site\/visitamoseluniverso\/\" target=\"_blank\" rel=\"noreferrer noopener\">Visitamos el Universo<\/a><\/strong><\/li>\r\n<li><a href=\"https:\/\/sites.google.com\/site\/nosreproducimos\/\" target=\"_blank\" rel=\"noreferrer noopener\">Voy a tener un hermanito<\/a><\/li>\r\n<li><a href=\"https:\/\/sites.google.com\/site\/zoodigitalenmotril\/\" target=\"_blank\" rel=\"noreferrer noopener\">Zoo Digital en Motril<\/a><\/li>\r\n<\/ul>\r\n\r\n\r\n\r\n<p class=\"has-text-align-center has-very-dark-gray-color has-vivid-green-cyan-background-color has-text-color has-background\"><strong>Blogs de profesorado y alumnado del centro antiguos<\/strong><\/p>\r\n\r\n\r\n\r\n\r\n\r\n<ul>\r\n<li><a href=\"https:\/\/pfelipe96.wordpress.com\/\" target=\"_blank\" rel=\"noreferrer noopener\" data-type=\"URL\" data-id=\"https:\/\/pfelipe96.wordpress.com\/\">PFelipe96<\/a><\/li>\r\n<li><a href=\"https:\/\/8marzo.blogspot.com\/\" target=\"_blank\" rel=\"noreferrer noopener\" data-type=\"URL\" data-id=\"https:\/\/8marzo.blogspot.com\/\">8 de Marzo 2009<\/a><\/li>\r\n<li><a href=\"http:\/\/sextoenlaweb.blogspot.com\/\" target=\"_blank\" rel=\"noreferrer noopener\" data-type=\"URL\" data-id=\"http:\/\/sextoenlaweb.blogspot.com\/\">Sexto en la Web<\/a><\/li>\r\n<li><a href=\"https:\/\/lagallinaparlante.blogspot.com\/\" target=\"_blank\" rel=\"noreferrer noopener\" data-type=\"URL\" data-id=\"https:\/\/lagallinaparlante.blogspot.com\/\">Blog de Kevin<\/a><\/li>\r\n<li><a href=\"http:\/\/cuentoshistoriascuriosidades.blogspot.com\/feeds\/posts\/default\" target=\"_blank\" rel=\"noreferrer noopener\">Dario<\/a><\/li>\r\n<li><a href=\"http:\/\/somoslaschulillas.blogspot.com\/\" target=\"_blank\" rel=\"noreferrer noopener\">M\u00aa Jos\u00e9 y Estela<\/a><\/li>\r\n<li><a href=\"http:\/\/retra-risas.blogspot.com\/\" target=\"_blank\" rel=\"noreferrer noopener\">Antonio Lorenzo<\/a><\/li>\r\n<li><a href=\"http:\/\/pitbulladrador.blogspot.com\/\" target=\"_blank\" rel=\"noreferrer noopener\">Adri\u00e1n<\/a><\/li>\r\n<li><a href=\"http:\/\/losperrosandantes.blogspot.com\/\" target=\"_blank\" rel=\"noreferrer noopener\">Andr\u00e9s Moreno<\/a><\/li>\r\n<li><a href=\"http:\/\/xdenlaweb.blogspot.com\/\" target=\"_blank\" rel=\"noreferrer noopener\">Lorena y Javier Barbero<\/a><\/li>\r\n<li><a href=\"http:\/\/elconejohablador0.blogspot.com\/\" target=\"_blank\" rel=\"noreferrer noopener\">Fran J.Reyes<\/a><\/li>\r\n<li><a href=\"http:\/\/elenganchado1.blogspot.com\/\" target=\"_blank\" rel=\"noreferrer noopener\">Daniel Maldonado<\/a><\/li>\r\n<li><a href=\"http:\/\/rosiyraquel6b.blogspot.com\/\" target=\"_blank\" rel=\"noreferrer noopener\">Rosi y Raquel<\/a><\/li>\r\n<li><a href=\"http:\/\/invesoe.blogspot.com\/\" target=\"_blank\" rel=\"noreferrer noopener\">Jos\u00e9 M\u00aa y Fran<\/a><\/li>\r\n<li><a href=\"http:\/\/loscompiss.blogspot.com\/\" target=\"_blank\" rel=\"noreferrer noopener\">M\u00aa del Mar y Luc\u00eda<\/a><\/li>\r\n<li><a href=\"http:\/\/danielenelimalalla.blogspot.com\/\" target=\"_blank\" rel=\"noreferrer noopener\">Daniel Lupi\u00f3n<\/a><\/li>\r\n<li><a href=\"http:\/\/andreayrebeca.blogspot.com\/\" target=\"_blank\" rel=\"noreferrer noopener\">Andrea y Rebeca<\/a><\/li>\r\n<li><a href=\"http:\/\/josemartinburgos.blogspot.com\/\" target=\"_blank\" rel=\"noreferrer noopener\">Jos\u00e9 A. Martin<\/a><\/li>\r\n<li><a href=\"http:\/\/blogdejuanmanuelsegovia.blogspot.com\/\" target=\"_blank\" rel=\"noreferrer noopener\">Juan Manuel<\/a><\/li>\r\n<li><a href=\"http:\/\/marcos-travis.blogspot.com\/\" target=\"_blank\" rel=\"noreferrer noopener\">Marcos Galdeano<\/a><\/li>\r\n<li><a href=\"http:\/\/sextoenlaweb.blogspot.com\/\" target=\"_blank\" rel=\"noreferrer noopener\">Blog de clase<\/a><\/li>\r\n<li><a href=\"http:\/\/elbarcodemiabuelo.blogspot.com\/\" target=\"_blank\" rel=\"noreferrer noopener\">Carlos Blanco<\/a><\/li>\r\n<li><a href=\"https:\/\/www.slideshare.net\/pfelipe96a\/presentations\" target=\"_blank\" rel=\"noreferrer noopener\" data-type=\"URL\" data-id=\"https:\/\/www.slideshare.net\/pfelipe96a\/presentations\">Presentaciones en Slideshare<\/a><\/li>\r\n<\/ul>\r\n\r\n\r\n\r\n<p>&nbsp;<\/p>\r\n\r\n\r\n\r\n<p>&nbsp;<\/p>\r\n","protected":false},"excerpt":{"rendered":"<p>El centro es Centro TIC y DIg desde el curso 2005\/2006. En aquel momento fueron dotados los cursos 3\u00ba, 4\u00ba, 5\u00ba y 6\u00ba de 13 ordenadores por aula junto a la infraestructura cableada e inal\u00e1mbrica. Las dependencias administrativas as\u00ed como biblioteca, sala de profesorado y tutor\u00edas fueron dotadas con ordenadores, impresoras y esc\u00e1neres. Pod\u00e9is echar [&hellip;]<\/p>\n","protected":false},"author":19076,"featured_media":0,"parent":0,"menu_order":0,"comment_status":"closed","ping_status":"closed","template":"","meta":{"_et_pb_use_builder":"","_et_pb_old_content":"","_et_gb_content_width":"","ngg_post_thumbnail":0,"footnotes":""},"aioseo_notices":[],"_links":{"self":[{"href":"https:\/\/blogsaverroes.juntadeandalucia.es\/ceipprincipefelipemotril\/wp-json\/wp\/v2\/pages\/156"}],"collection":[{"href":"https:\/\/blogsaverroes.juntadeandalucia.es\/ceipprincipefelipemotril\/wp-json\/wp\/v2\/pages"}],"about":[{"href":"https:\/\/blogsaverroes.juntadeandalucia.es\/ceipprincipefelipemotril\/wp-json\/wp\/v2\/types\/page"}],"author":[{"embeddable":true,"href":"https:\/\/blogsaverroes.juntadeandalucia.es\/ceipprincipefelipemotril\/wp-json\/wp\/v2\/users\/19076"}],"replies":[{"embeddable":true,"href":"https:\/\/blogsaverroes.juntadeandalucia.es\/ceipprincipefelipemotril\/wp-json\/wp\/v2\/comments?post=156"}],"version-history":[{"count":2,"href":"https:\/\/blogsaverroes.juntadeandalucia.es\/ceipprincipefelipemotril\/wp-json\/wp\/v2\/pages\/156\/revisions"}],"predecessor-version":[{"id":1465,"href":"https:\/\/blogsaverroes.juntadeandalucia.es\/ceipprincipefelipemotril\/wp-json\/wp\/v2\/pages\/156\/revisions\/1465"}],"wp:attachment":[{"href":"https:\/\/blogsaverroes.juntadeandalucia.es\/ceipprincipefelipemotril\/wp-json\/wp\/v2\/media?parent=156"}],"curies":[{"name":"wp","href":"https:\/\/api.w.org\/{rel}","templated":true}]}}