{"id":19,"date":"2020-03-14T17:41:39","date_gmt":"2020-03-14T16:41:39","guid":{"rendered":"https:\/\/ceipprincipefelipe.net\/portal\/?page_id=19"},"modified":"2024-01-31T19:55:12","modified_gmt":"2024-01-31T18:55:12","slug":"enclave","status":"publish","type":"page","link":"https:\/\/blogsaverroes.juntadeandalucia.es\/ceipprincipefelipemotril\/enclave\/","title":{"rendered":"Enclave"},"content":{"rendered":"\r\n\r\n\r\n\r\n\r\n<p><img loading=\"lazy\" decoding=\"async\" class=\"size-medium wp-image-1593 aligncenter\" src=\"https:\/\/blogsaverroes.juntadeandalucia.es\/ceipprincipefelipemotril\/files\/2024\/01\/enclave-300x120.png\" alt=\"\" width=\"300\" height=\"120\"><\/p>\r\n<p>Nuestro colegio se encuentra situado en la localidad costera de Motril, centro de la Costa Granadina.<\/p>\r\n\r\n\r\n\r\n<div class=\"wp-block-image\">\r\n<figure class=\"aligncenter is-resized\"><img loading=\"lazy\" decoding=\"async\" class=\"wp-image-20 aligncenter\" src=\"https:\/\/blogsaverroes.juntadeandalucia.es\/ceipprincipefelipemotril\/files\/2020\/03\/comgra.gif\" alt=\"\" width=\"333\" height=\"257\"><\/figure>\r\n<\/div>\r\n\r\n\r\n\r\n<p>Apenas 45 minutos separan a Motril de Granada, por la carretera N-323. De la ciudad de M\u00e1laga y Almer\u00eda nos separan 100 kil\u00f3metros. Sevilla est\u00e1 a dos horas y media de la Costa Tropical.<\/p>\r\n\r\n\r\n\r\n<div class=\"wp-block-image\">\r\n<figure class=\"aligncenter size-large\"><img decoding=\"async\" class=\"wp-image-22 aligncenter\" src=\"https:\/\/blogsaverroes.juntadeandalucia.es\/ceipprincipefelipemotril\/files\/2020\/03\/costa.gif\" alt=\"\"><\/figure>\r\n<\/div>\r\n\r\n\r\n\r\n<p>El municipio de Motril tiene 109,70 Km2 y como veis, est\u00e1 formado por varias poblaciones. El n\u00facleo urbano se localiza a 36\u00ba 44&#8242; de Latitud Norte y 3\u00ba 31&#8242; de Longitud Oeste a 40 metros de altitud sobre el nivel del mar.&nbsp; Tambi\u00e9n encontramos peque\u00f1as localidades como los Tablones, La Garnatilla, Puntal\u00f3n, Las Ventillas, El Varadero; y otros de mayor poblaci\u00f3n como Torrenueva, Carchuna y Calahonda<\/p>\r\n\r\n\r\n\r\n<div class=\"wp-block-image\">\r\n<figure class=\"aligncenter size-large\"><img loading=\"lazy\" decoding=\"async\" width=\"355\" height=\"313\" class=\"wp-image-23 aligncenter\" src=\"https:\/\/blogsaverroes.juntadeandalucia.es\/ceipprincipefelipemotril\/files\/2020\/03\/motril.gif\" alt=\"\"><\/figure>\r\n<\/div>\r\n\r\n\r\n\r\n<p>En el plano pod\u00e9is observar la carretera nacional N-340 que pasa po nuestro municipio. Destaca el r\u00edo Guadalfeo que se encuentra al oeste y la rambla de Puntal\u00f3n que viene desde el norte y este. Las monta\u00f1as que tenemos al norte, noreste y este conforman la Sierra de L\u00fajar. Indicadas con un asterisco est\u00e1n se\u00f1aladas las puntas o salientes de tierra. De entre ellas destaca el cabo Sacratif, con su faro. Por \u00faltimo, junto a la localidad del Varadero, est\u00e1 el Puerto comercial, pesquero y deportivo.<\/p>\r\n\r\n\r\n\r\n<div class=\"wp-block-image\">\r\n<figure class=\"aligncenter size-large\"><img loading=\"lazy\" decoding=\"async\" width=\"250\" height=\"190\" class=\"wp-image-25 aligncenter\" src=\"https:\/\/blogsaverroes.juntadeandalucia.es\/ceipprincipefelipemotril\/files\/2020\/03\/planom.jpg\" alt=\"\"><\/figure>\r\n<\/div>\r\n\r\n\r\n\r\n<p>Somos un centro perif\u00e9rico, ubicado en la zona noreste de esta ciudad, junto a la llamada Rambla de los \u00c1lamos. En el plano de la derecha pod\u00e9is observar la situaci\u00f3n del centro, junto con las v\u00edas m\u00e1s importantes de la poblaci\u00f3n, en amarillo. Nuestra situaci\u00f3n en el extrarradio ha hecho que hayamos estado aislados de la aglomeraci\u00f3n urbana y por consiguiente soportando una deficiencia de servicios m\u00ednimos: falta de accesos, de urbanizaci\u00f3n&#8230;<\/p>\r\n<p>&nbsp;<\/p>\r\n\r\n<p><iframe loading=\"lazy\" src=\"https:\/\/www.google.com\/maps\/embed?pb=!1m17!1m12!1m3!1d3105.7705933957886!2d-3.5081706927296326!3d36.751933127986504!2m3!1f0!2f0!3f0!3m2!1i1024!2i768!4f13.1!3m2!1m1!2zMzbCsDQ1JzA4LjQiTiAzwrAzMCczMS4wIlc!5e0!3m2!1ses!2ses!4v1706727049123!5m2!1ses!2ses\" width=\"400\" height=\"300\" align=\"middle\"><span style=\"width: 0px;overflow: hidden;line-height: 0\" data-mce-type=\"bookmark\" class=\"mce_SELRES_start\">\ufeff<\/span><\/iframe><\/p>","protected":false},"excerpt":{"rendered":"<p>Nuestro colegio se encuentra situado en la localidad costera de Motril, centro de la Costa Granadina. Apenas 45 minutos separan a Motril de Granada, por la carretera N-323. De la ciudad de M\u00e1laga y Almer\u00eda nos separan 100 kil\u00f3metros. Sevilla est\u00e1 a dos horas y media de la Costa Tropical. El municipio de Motril tiene [&hellip;]<\/p>\n","protected":false},"author":19076,"featured_media":0,"parent":0,"menu_order":0,"comment_status":"closed","ping_status":"closed","template":"","meta":{"_et_pb_use_builder":"","_et_pb_old_content":"","_et_gb_content_width":"","ngg_post_thumbnail":0,"footnotes":""},"aioseo_notices":[],"_links":{"self":[{"href":"https:\/\/blogsaverroes.juntadeandalucia.es\/ceipprincipefelipemotril\/wp-json\/wp\/v2\/pages\/19"}],"collection":[{"href":"https:\/\/blogsaverroes.juntadeandalucia.es\/ceipprincipefelipemotril\/wp-json\/wp\/v2\/pages"}],"about":[{"href":"https:\/\/blogsaverroes.juntadeandalucia.es\/ceipprincipefelipemotril\/wp-json\/wp\/v2\/types\/page"}],"author":[{"embeddable":true,"href":"https:\/\/blogsaverroes.juntadeandalucia.es\/ceipprincipefelipemotril\/wp-json\/wp\/v2\/users\/19076"}],"replies":[{"embeddable":true,"href":"https:\/\/blogsaverroes.juntadeandalucia.es\/ceipprincipefelipemotril\/wp-json\/wp\/v2\/comments?post=19"}],"version-history":[{"count":5,"href":"https:\/\/blogsaverroes.juntadeandalucia.es\/ceipprincipefelipemotril\/wp-json\/wp\/v2\/pages\/19\/revisions"}],"predecessor-version":[{"id":1596,"href":"https:\/\/blogsaverroes.juntadeandalucia.es\/ceipprincipefelipemotril\/wp-json\/wp\/v2\/pages\/19\/revisions\/1596"}],"wp:attachment":[{"href":"https:\/\/blogsaverroes.juntadeandalucia.es\/ceipprincipefelipemotril\/wp-json\/wp\/v2\/media?parent=19"}],"curies":[{"name":"wp","href":"https:\/\/api.w.org\/{rel}","templated":true}]}}