{"id":85,"date":"2020-03-15T10:52:11","date_gmt":"2020-03-15T09:52:11","guid":{"rendered":"https:\/\/ceipprincipefelipe.net\/portal\/?page_id=85"},"modified":"2024-01-28T20:20:59","modified_gmt":"2024-01-28T19:20:59","slug":"mequedoencasa","status":"publish","type":"page","link":"https:\/\/blogsaverroes.juntadeandalucia.es\/ceipprincipefelipemotril\/mequedoencasa\/","title":{"rendered":"#mequedoencasa"},"content":{"rendered":"\r\n<p class=\"has-medium-font-size\">Os dejamos una serie de enlaces para que se pueda trabajar desde casa.<\/p>\r\n\r\n\r\n<div style=\"width: 100%\">\n<div style=\"padding-bottom: 56.25%;padding-top: 0;height: 0\"><iframe loading=\"lazy\" src=\"https:\/\/view.genial.ly\/5e6745c475ef8e0fc1752122\" width=\"1200\" height=\"675\" frameborder=\"0\" scrolling=\"yes\"><\/iframe><\/div>\n<\/div>\n\r\n\r\n<hr class=\"wp-block-separator\">\r\n\r\n<div style=\"width: 100%\">\n<div style=\"padding-bottom: 56.25%;padding-top: 0;height: 0\"><iframe loading=\"lazy\" src=\"https:\/\/view.genial.ly\/5e6d1219cab1370fbb7c42fb\" width=\"1200\" height=\"675\" frameborder=\"0\" scrolling=\"yes\"><\/iframe><\/div>\n<\/div>\n\r\n\r\n<hr class=\"wp-block-separator\">\r\n\r\n\r\n<h4 class=\"wp-block-heading\"><a href=\"https:\/\/aprendoencasa.educacion.es\/\" target=\"_blank\" rel=\"noreferrer noopener\" aria-label=\"Aprendo en casa. Programa del MEC (se abre en una nueva pesta\u00f1a)\">Aprendo en casa. Programa del MEC<\/a><\/h4>\r\n\r\n\r\n\r\n<h4 class=\"wp-block-heading\"><a href=\"https:\/\/es.ixl.com\/\" target=\"_blank\" rel=\"noreferrer noopener\" aria-label=\"Aprendizaje inmersivo y adaptable (se abre en una nueva pesta\u00f1a)\">Aprendizaje inmersivo y adaptable<\/a><\/h4>\r\n\r\n\r\n\r\n<h4 class=\"wp-block-heading\"><a href=\"https:\/\/t.co\/KYkKnx8D4T?amp=1\" target=\"_blank\" rel=\"noreferrer noopener\" aria-label=\" (se abre en una nueva pesta\u00f1a)\">806 recursos y actividades TIC. <\/a><\/h4>\r\n\r\n\r\n\r\n<h4 class=\"wp-block-heading\"><a href=\"https:\/\/teachfromhome.google\/intl\/es\/?utm_medium=paidsocial&amp;utm_source=twitter&amp;utm_campaign=2020Q1_EMEA_TFH&amp;dclid=CJbKqqP06ugCFWkC0wodpJ8Prg\">Ense\u00f1a desde casa. Google<\/a><\/h4>\r\n\r\n\r\n\r\n<p class=\"has-medium-font-size\"><a href=\"https:\/\/t.co\/xnWWE6ouEs?amp=1\" target=\"_blank\" rel=\"noreferrer noopener\" aria-label=\" (se abre en una nueva pesta\u00f1a)\"> Los mejores generadores de material educativo. <\/a><\/p>\r\n\r\n\r\n\r\n<p class=\"has-medium-font-size\"><a href=\"https:\/\/t.co\/yXL4KChwVz?amp=1\" target=\"_blank\" rel=\"noreferrer noopener\" aria-label=\" (se abre en una nueva pesta\u00f1a)\"> Herramientas para crear actividades educativas interactivas. <\/a><\/p>\r\n\r\n\r\n\r\n<p class=\"has-medium-font-size\"><a href=\"https:\/\/t.co\/sxQLAB7jLA?amp=1\" target=\"_blank\" rel=\"noreferrer noopener\" aria-label=\" (se abre en una nueva pesta\u00f1a)\"> 10 recursos para el \u00e1rea de Matem\u00e1ticas. <\/a><\/p>\r\n\r\n\r\n\r\n<p class=\"has-medium-font-size\"><a href=\"https:\/\/t.co\/WiF6VJnG7Z?amp=1\" target=\"_blank\" rel=\"noreferrer noopener\" aria-label=\" (se abre en una nueva pesta\u00f1a)\">M\u00e1s de 100 juegos y recursos para matem\u00e1ticas<\/a><\/p>\r\n\r\n\r\n\r\n<p class=\"has-medium-font-size\"><a href=\"https:\/\/t.co\/KnPfI5cYqc?amp=1\" target=\"_blank\" rel=\"noreferrer noopener\" aria-label=\" (se abre en una nueva pesta\u00f1a)\">10 herramientas para el cambio metodol\u00f3gico<\/a><\/p>\r\n\r\n\r\n\r\n<p class=\"has-medium-font-size\"><a href=\"https:\/\/t.co\/0YoUDxehV6?amp=1\" target=\"_blank\" rel=\"noreferrer noopener\" aria-label=\" (se abre en una nueva pesta\u00f1a)\">10 museos para visitar desde casa<\/a><\/p>\r\n\r\n\r\n\r\n<p class=\"has-medium-font-size\"><a href=\"http:\/\/roble.pntic.mec.es\/arum0010\/\" target=\"_blank\" rel=\"noreferrer noopener\" aria-label=\"Jueduland (se abre en una nueva pesta\u00f1a)\">Jueduland<\/a><\/p>\r\n","protected":false},"excerpt":{"rendered":"<p>Os dejamos una serie de enlaces para que se pueda trabajar desde casa. Aprendo en casa. Programa del MEC Aprendizaje inmersivo y adaptable 806 recursos y actividades TIC. Ense\u00f1a desde casa. Google Los mejores generadores de material educativo. Herramientas para crear actividades educativas interactivas. 10 recursos para el \u00e1rea de Matem\u00e1ticas. M\u00e1s de 100 juegos [&hellip;]<\/p>\n","protected":false},"author":19076,"featured_media":0,"parent":0,"menu_order":0,"comment_status":"closed","ping_status":"closed","template":"","meta":{"_et_pb_use_builder":"","_et_pb_old_content":"","_et_gb_content_width":"","ngg_post_thumbnail":0,"footnotes":""},"aioseo_notices":[],"_links":{"self":[{"href":"https:\/\/blogsaverroes.juntadeandalucia.es\/ceipprincipefelipemotril\/wp-json\/wp\/v2\/pages\/85"}],"collection":[{"href":"https:\/\/blogsaverroes.juntadeandalucia.es\/ceipprincipefelipemotril\/wp-json\/wp\/v2\/pages"}],"about":[{"href":"https:\/\/blogsaverroes.juntadeandalucia.es\/ceipprincipefelipemotril\/wp-json\/wp\/v2\/types\/page"}],"author":[{"embeddable":true,"href":"https:\/\/blogsaverroes.juntadeandalucia.es\/ceipprincipefelipemotril\/wp-json\/wp\/v2\/users\/19076"}],"replies":[{"embeddable":true,"href":"https:\/\/blogsaverroes.juntadeandalucia.es\/ceipprincipefelipemotril\/wp-json\/wp\/v2\/comments?post=85"}],"version-history":[{"count":1,"href":"https:\/\/blogsaverroes.juntadeandalucia.es\/ceipprincipefelipemotril\/wp-json\/wp\/v2\/pages\/85\/revisions"}],"predecessor-version":[{"id":1491,"href":"https:\/\/blogsaverroes.juntadeandalucia.es\/ceipprincipefelipemotril\/wp-json\/wp\/v2\/pages\/85\/revisions\/1491"}],"wp:attachment":[{"href":"https:\/\/blogsaverroes.juntadeandalucia.es\/ceipprincipefelipemotril\/wp-json\/wp\/v2\/media?parent=85"}],"curies":[{"name":"wp","href":"https:\/\/api.w.org\/{rel}","templated":true}]}}