{"id":250,"date":"2019-02-24T20:51:19","date_gmt":"2019-02-24T19:51:19","guid":{"rendered":"https:\/\/blogsaverroes.juntadeandalucia.es\/ceipprofesorgalvez\/?page_id=250"},"modified":"2024-10-14T22:44:33","modified_gmt":"2024-10-14T21:44:33","slug":"equipo-docente","status":"publish","type":"page","link":"https:\/\/blogsaverroes.juntadeandalucia.es\/ceipprofesorgalvez\/equipo-docente\/","title":{"rendered":"Equipo Docente"},"content":{"rendered":"<p style=\"text-align: left\"><span style=\"text-decoration: underline\">CURSO 2024 &#8211; 2025<\/span><\/p>\n<p style=\"padding-left: 40px\"><em>Equipo directivo:&#8230;&#8230;&#8230;&#8230;&#8230;&#8230;&#8230;&#8230;<strong>Abelardo G\u00f3mez Ben\u00edtez.<\/strong><\/em><\/p>\n<p style=\"padding-left: 40px\"><em>Tutora de Infantil:&#8230;&#8230;&#8230;&#8230;&#8230;&#8230;&#8230;.<strong>Gloria Aythami Chac\u00f3n Rojas.<\/strong><\/em><\/p>\n<p style=\"padding-left: 40px\"><em>Tutora de P1 (1\u00ba, 2\u00ba y 3\u00ba):&#8230;&#8230;&#8230;. <strong>Bel\u00e9n L\u00f3pez Arenas.<\/strong><\/em><\/p>\n<p style=\"padding-left: 40px\"><em>Tutora de P2 (4\u00ba, 5\u00ba y 6\u00ba):&#8230;&#8230;&#8230;. <strong>Ana Mar\u00eda Di\u00e1nez Ram\u00edrez.<\/strong><\/em><\/p>\n<p style=\"padding-left: 40px\"><em>Franc\u00e9s y desdobles:&#8230;&#8230;&#8230;&#8230;&#8230;&#8230;<strong>Sergio Fern\u00e1ndez Ruiz.<\/strong>&nbsp;<\/em><\/p>\n<p style=\"padding-left: 40px\"><em>Educaci\u00f3n F\u00edsica:&#8230;&#8230;&#8230;&#8230;&#8230;&#8230;&#8230;. <strong>Abelardo G\u00f3mez Ben\u00edtez.<\/strong><\/em><\/p>\n<p style=\"padding-left: 40px\"><em>Ingl\u00e9s:&#8230;&#8230;&#8230;&#8230;&#8230;&#8230;&#8230;&#8230;&#8230;&#8230;&#8230;&#8230;&#8230;.<strong>Ana Mar\u00eda Di\u00e1nez Ram\u00edrez.<\/strong><\/em><\/p>\n<p style=\"padding-left: 40px\"><em>Religi\u00f3n:&#8230;&#8230;&#8230;&#8230;&#8230;&#8230;&#8230;&#8230;&#8230;&#8230;&#8230;&#8230;.<strong>M\u00aa Cruz Barriga S\u00e1nchez.<\/strong><\/em><\/p>\n<p style=\"padding-left: 40px\"><em>Pedagog\u00eda Terap\u00e9utica:&#8230;&#8230;&#8230;&#8230;. <strong>Natalia Carbonero D\u00edaz.<\/strong><\/em><\/p>\n<p style=\"padding-left: 40px\"><em>Audici\u00f3n y Lenguaje:&#8230;&#8230;&#8230;&#8230;&#8230;.. <strong>Elena Gonz\u00e1lez R\u00edos.<\/strong><\/em><\/p>\n<p style=\"padding-left: 40px\"><em>Orientadora:&#8230;&#8230;&#8230;&#8230;&#8230;&#8230;&#8230;&#8230;&#8230;&#8230; <strong>Inmaculada Santos Canto.<\/strong><\/em><\/p>\n<p>&nbsp;<\/p>\n<p>&nbsp;<\/p>\n","protected":false},"excerpt":{"rendered":"<p>CURSO 2024 &#8211; 2025 Equipo directivo:&#8230;&#8230;&#8230;&#8230;&#8230;&#8230;&#8230;&#8230;Abelardo G\u00f3mez Ben\u00edtez. Tutora de Infantil:&#8230;&#8230;&#8230;&#8230;&#8230;&#8230;&#8230;.Gloria Aythami Chac\u00f3n Rojas. Tutora de P1 (1\u00ba, 2\u00ba y 3\u00ba):&#8230;&#8230;&#8230;. Bel\u00e9n L\u00f3pez Arenas. Tutora de P2 (4\u00ba, 5\u00ba y 6\u00ba):&#8230;&#8230;&#8230;. Ana Mar\u00eda Di\u00e1nez&#46;&#46;&#46;<\/p>\n","protected":false},"author":6911,"featured_media":0,"parent":0,"menu_order":22,"comment_status":"closed","ping_status":"closed","template":"","meta":{"ngg_post_thumbnail":0,"footnotes":""},"aioseo_notices":[],"_links":{"self":[{"href":"https:\/\/blogsaverroes.juntadeandalucia.es\/ceipprofesorgalvez\/wp-json\/wp\/v2\/pages\/250"}],"collection":[{"href":"https:\/\/blogsaverroes.juntadeandalucia.es\/ceipprofesorgalvez\/wp-json\/wp\/v2\/pages"}],"about":[{"href":"https:\/\/blogsaverroes.juntadeandalucia.es\/ceipprofesorgalvez\/wp-json\/wp\/v2\/types\/page"}],"author":[{"embeddable":true,"href":"https:\/\/blogsaverroes.juntadeandalucia.es\/ceipprofesorgalvez\/wp-json\/wp\/v2\/users\/6911"}],"replies":[{"embeddable":true,"href":"https:\/\/blogsaverroes.juntadeandalucia.es\/ceipprofesorgalvez\/wp-json\/wp\/v2\/comments?post=250"}],"version-history":[{"count":13,"href":"https:\/\/blogsaverroes.juntadeandalucia.es\/ceipprofesorgalvez\/wp-json\/wp\/v2\/pages\/250\/revisions"}],"predecessor-version":[{"id":3176,"href":"https:\/\/blogsaverroes.juntadeandalucia.es\/ceipprofesorgalvez\/wp-json\/wp\/v2\/pages\/250\/revisions\/3176"}],"wp:attachment":[{"href":"https:\/\/blogsaverroes.juntadeandalucia.es\/ceipprofesorgalvez\/wp-json\/wp\/v2\/media?parent=250"}],"curies":[{"name":"wp","href":"https:\/\/api.w.org\/{rel}","templated":true}]}}