{"id":320,"date":"2019-02-25T09:52:40","date_gmt":"2019-02-25T08:52:40","guid":{"rendered":"https:\/\/blogsaverroes.juntadeandalucia.es\/ceipprofesorgalvez\/?page_id=320"},"modified":"2024-10-14T23:04:43","modified_gmt":"2024-10-14T22:04:43","slug":"contacto","status":"publish","type":"page","link":"https:\/\/blogsaverroes.juntadeandalucia.es\/ceipprofesorgalvez\/contacto\/","title":{"rendered":"Contacto"},"content":{"rendered":"<table width=\"551\">\n<tbody>\n<tr>\n<td width=\"551\"><strong>Colegio P\u00fablico de Educaci\u00f3n Infantil y Primaria<\/strong><\/p>\n<p><strong>Profesor G\u00e1lvez<\/strong><\/td>\n<\/tr>\n<tr>\n<td width=\"551\">\n<table width=\"537\">\n<tbody>\n<tr>\n<td width=\"184\">DIRECCI\u00d3N POSTAL:<\/td>\n<td width=\"333\">Calle Obispo P\u00e9rez Gonz\u00e1lez, 3<br \/>\n11611 Villaluenga del Rosario<br \/>\nC\u00c1DIZ (ESPA\u00d1A)<\/td>\n<\/tr>\n<tr>\n<td width=\"184\">TEL\u00c9FONOS:<\/td>\n<td width=\"333\">660 78 64 48 \u2014 956 128 662<\/p>\n<p>Fax: 956 128 663<\/td>\n<\/tr>\n<tr>\n<td width=\"184\">C\u00d3DIGO DE CENTRO&nbsp;<\/td>\n<td width=\"333\">11006255<\/td>\n<\/tr>\n<tr>\n<td width=\"184\">CORREO ELECTR\u00d3NICO<\/td>\n<td width=\"333\">11006255.edu@juntadeandalucia.es<\/td>\n<\/tr>\n<\/tbody>\n<\/table>\n<\/td>\n<\/tr>\n<\/tbody>\n<\/table>\n","protected":false},"excerpt":{"rendered":"<p>Colegio P\u00fablico de Educaci\u00f3n Infantil y Primaria Profesor G\u00e1lvez DIRECCI\u00d3N POSTAL: Calle Obispo P\u00e9rez Gonz\u00e1lez, 3 11611 Villaluenga del Rosario C\u00c1DIZ (ESPA\u00d1A) TEL\u00c9FONOS: 660 78 64 48 \u2014 956 128 662 Fax: 956 128&#46;&#46;&#46;<\/p>\n","protected":false},"author":6911,"featured_media":0,"parent":0,"menu_order":40,"comment_status":"closed","ping_status":"closed","template":"","meta":{"ngg_post_thumbnail":0,"footnotes":""},"aioseo_notices":[],"_links":{"self":[{"href":"https:\/\/blogsaverroes.juntadeandalucia.es\/ceipprofesorgalvez\/wp-json\/wp\/v2\/pages\/320"}],"collection":[{"href":"https:\/\/blogsaverroes.juntadeandalucia.es\/ceipprofesorgalvez\/wp-json\/wp\/v2\/pages"}],"about":[{"href":"https:\/\/blogsaverroes.juntadeandalucia.es\/ceipprofesorgalvez\/wp-json\/wp\/v2\/types\/page"}],"author":[{"embeddable":true,"href":"https:\/\/blogsaverroes.juntadeandalucia.es\/ceipprofesorgalvez\/wp-json\/wp\/v2\/users\/6911"}],"replies":[{"embeddable":true,"href":"https:\/\/blogsaverroes.juntadeandalucia.es\/ceipprofesorgalvez\/wp-json\/wp\/v2\/comments?post=320"}],"version-history":[{"count":8,"href":"https:\/\/blogsaverroes.juntadeandalucia.es\/ceipprofesorgalvez\/wp-json\/wp\/v2\/pages\/320\/revisions"}],"predecessor-version":[{"id":3177,"href":"https:\/\/blogsaverroes.juntadeandalucia.es\/ceipprofesorgalvez\/wp-json\/wp\/v2\/pages\/320\/revisions\/3177"}],"wp:attachment":[{"href":"https:\/\/blogsaverroes.juntadeandalucia.es\/ceipprofesorgalvez\/wp-json\/wp\/v2\/media?parent=320"}],"curies":[{"name":"wp","href":"https:\/\/api.w.org\/{rel}","templated":true}]}}