{"id":655,"date":"2019-03-12T01:17:06","date_gmt":"2019-03-12T00:17:06","guid":{"rendered":"https:\/\/blogsaverroes.juntadeandalucia.es\/ceipprofesorgalvez\/?page_id=655"},"modified":"2021-10-16T12:45:44","modified_gmt":"2021-10-16T11:45:44","slug":"documentacion","status":"publish","type":"page","link":"https:\/\/blogsaverroes.juntadeandalucia.es\/ceipprofesorgalvez\/documentacion\/","title":{"rendered":"Documentaci\u00f3n"},"content":{"rendered":"<p><a href=\"https:\/\/blogsaverroes.juntadeandalucia.es\/ceipprofesorgalvez\/elecciones-consejo-escolar-2021-2\/convocatoria-de-elecciones-de-madres-y-padres-del-alumnado\/\" rel=\"attachment wp-att-2614\">Convocatoria de elecciones de madres y padres del alumnado<\/a><\/p>\n<p><a href=\"https:\/\/blogsaverroes.juntadeandalucia.es\/ceipprofesorgalvez\/elecciones-consejo-escolar-2021-2\/solicitud-admision-como-candidato-a-elecciones-consejo-escolar-2021\/\" rel=\"attachment wp-att-2627\">Solicitud admisi\u00f3n como Candidato a elecciones Consejo Escolar 2021<\/a><\/p>\n<p><a href=\"https:\/\/blogsaverroes.juntadeandalucia.es\/ceipprofesorgalvez\/censo-electoral\/censo-electoral-padres-madres-tut\/\" rel=\"attachment wp-att-2608\">Censo Electoral Padres-Madres-Tut 2021<\/a><\/p>\n<p><a href=\"https:\/\/blogsaverroes.juntadeandalucia.es\/ceipprofesorgalvez\/documentacion\/resolucion-convocatoria-elecciones-consejos-escolares\/\" rel=\"attachment wp-att-2590\">Resoluci\u00f3n convocatoria elecciones Consejos Escolares 2021<\/a><\/p>\n<p><a href=\"https:\/\/blogsaverroes.juntadeandalucia.es\/ceipprofesorgalvez\/documentacion\/protocolo-actuacion-covid-19-actualizacion-sepriembre-2021\/\" rel=\"attachment wp-att-2586\">PROTOCOLO ACTUACI\u00d3N COVID-19 Actualizaci\u00f3n septiembre 2021<\/a><\/p>\n<p><span style=\"text-decoration: underline\"><a href=\"https:\/\/drive.google.com\/file\/d\/1yvVf6n9M21f9oBim-n1MeGKzaGzUSQJF\/view?usp=sharing\">PROTOCOLO ACTUACI\u00d3N COVID-19<\/a><\/span><\/p>\n<p>&nbsp;<\/p>\n","protected":false},"excerpt":{"rendered":"<p>Convocatoria de elecciones de madres y padres del alumnado Solicitud admisi\u00f3n como Candidato a elecciones Consejo Escolar 2021 Censo Electoral Padres-Madres-Tut 2021 Resoluci\u00f3n convocatoria elecciones Consejos Escolares 2021 PROTOCOLO ACTUACI\u00d3N COVID-19 Actualizaci\u00f3n septiembre 2021&#46;&#46;&#46;<\/p>\n","protected":false},"author":6911,"featured_media":0,"parent":0,"menu_order":30,"comment_status":"closed","ping_status":"closed","template":"","meta":{"ngg_post_thumbnail":0,"footnotes":""},"aioseo_notices":[],"_links":{"self":[{"href":"https:\/\/blogsaverroes.juntadeandalucia.es\/ceipprofesorgalvez\/wp-json\/wp\/v2\/pages\/655"}],"collection":[{"href":"https:\/\/blogsaverroes.juntadeandalucia.es\/ceipprofesorgalvez\/wp-json\/wp\/v2\/pages"}],"about":[{"href":"https:\/\/blogsaverroes.juntadeandalucia.es\/ceipprofesorgalvez\/wp-json\/wp\/v2\/types\/page"}],"author":[{"embeddable":true,"href":"https:\/\/blogsaverroes.juntadeandalucia.es\/ceipprofesorgalvez\/wp-json\/wp\/v2\/users\/6911"}],"replies":[{"embeddable":true,"href":"https:\/\/blogsaverroes.juntadeandalucia.es\/ceipprofesorgalvez\/wp-json\/wp\/v2\/comments?post=655"}],"version-history":[{"count":17,"href":"https:\/\/blogsaverroes.juntadeandalucia.es\/ceipprofesorgalvez\/wp-json\/wp\/v2\/pages\/655\/revisions"}],"predecessor-version":[{"id":2629,"href":"https:\/\/blogsaverroes.juntadeandalucia.es\/ceipprofesorgalvez\/wp-json\/wp\/v2\/pages\/655\/revisions\/2629"}],"wp:attachment":[{"href":"https:\/\/blogsaverroes.juntadeandalucia.es\/ceipprofesorgalvez\/wp-json\/wp\/v2\/media?parent=655"}],"curies":[{"name":"wp","href":"https:\/\/api.w.org\/{rel}","templated":true}]}}