{"id":91,"date":"2019-02-24T09:32:01","date_gmt":"2019-02-24T08:32:01","guid":{"rendered":"https:\/\/blogsaverroes.juntadeandalucia.es\/ceipprofesorgalvez\/?page_id=91"},"modified":"2020-10-26T23:52:28","modified_gmt":"2020-10-26T22:52:28","slug":"inicio","status":"publish","type":"page","link":"https:\/\/blogsaverroes.juntadeandalucia.es\/ceipprofesorgalvez\/inicio\/","title":{"rendered":"Inicio"},"content":{"rendered":"<p><img loading=\"lazy\" decoding=\"async\" class=\"alignnone wp-image-479 size-full\" src=\"https:\/\/blogsaverroes.juntadeandalucia.es\/ceipprofesorgalvez\/files\/2019\/02\/cropped-cropped-Villaluenga-del-Rosario-1-1-1.jpg\" alt=\"\" width=\"855\" height=\"300\" srcset=\"https:\/\/blogsaverroes.juntadeandalucia.es\/ceipprofesorgalvez\/files\/2019\/02\/cropped-cropped-Villaluenga-del-Rosario-1-1-1.jpg 855w, https:\/\/blogsaverroes.juntadeandalucia.es\/ceipprofesorgalvez\/files\/2019\/02\/cropped-cropped-Villaluenga-del-Rosario-1-1-1-300x105.jpg 300w, https:\/\/blogsaverroes.juntadeandalucia.es\/ceipprofesorgalvez\/files\/2019\/02\/cropped-cropped-Villaluenga-del-Rosario-1-1-1-768x269.jpg 768w, https:\/\/blogsaverroes.juntadeandalucia.es\/ceipprofesorgalvez\/files\/2019\/02\/cropped-cropped-Villaluenga-del-Rosario-1-1-1-24x8.jpg 24w, https:\/\/blogsaverroes.juntadeandalucia.es\/ceipprofesorgalvez\/files\/2019\/02\/cropped-cropped-Villaluenga-del-Rosario-1-1-1-36x13.jpg 36w, https:\/\/blogsaverroes.juntadeandalucia.es\/ceipprofesorgalvez\/files\/2019\/02\/cropped-cropped-Villaluenga-del-Rosario-1-1-1-48x17.jpg 48w\" sizes=\"(max-width: 855px) 100vw, 855px\" \/><\/p>\n<p>&nbsp;&nbsp; Nuestro centro se sit\u00faa en un peque\u00f1o y hermoso pueblo de la sierra de C\u00e1diz, conocido, entre otras muchas cosas, por sus magnificos quesos de cabra payoya, aut\u00f3ctona de la zona. Es el pueblo m\u00e1s peque\u00f1o de la provincia, con poco m\u00e1s de 400 habitantes, y a&nbsp; su vez el que se encuentra a mayor altitud, cerca de los 900 metros.<\/p>\n","protected":false},"excerpt":{"rendered":"<p>&nbsp;&nbsp; Nuestro centro se sit\u00faa en un peque\u00f1o y hermoso pueblo de la sierra de C\u00e1diz, conocido, entre otras muchas cosas, por sus magnificos quesos de cabra payoya, aut\u00f3ctona de la zona. Es el&#46;&#46;&#46;<\/p>\n","protected":false},"author":6911,"featured_media":0,"parent":0,"menu_order":10,"comment_status":"closed","ping_status":"closed","template":"","meta":{"ngg_post_thumbnail":0,"footnotes":""},"aioseo_notices":[],"_links":{"self":[{"href":"https:\/\/blogsaverroes.juntadeandalucia.es\/ceipprofesorgalvez\/wp-json\/wp\/v2\/pages\/91"}],"collection":[{"href":"https:\/\/blogsaverroes.juntadeandalucia.es\/ceipprofesorgalvez\/wp-json\/wp\/v2\/pages"}],"about":[{"href":"https:\/\/blogsaverroes.juntadeandalucia.es\/ceipprofesorgalvez\/wp-json\/wp\/v2\/types\/page"}],"author":[{"embeddable":true,"href":"https:\/\/blogsaverroes.juntadeandalucia.es\/ceipprofesorgalvez\/wp-json\/wp\/v2\/users\/6911"}],"replies":[{"embeddable":true,"href":"https:\/\/blogsaverroes.juntadeandalucia.es\/ceipprofesorgalvez\/wp-json\/wp\/v2\/comments?post=91"}],"version-history":[{"count":4,"href":"https:\/\/blogsaverroes.juntadeandalucia.es\/ceipprofesorgalvez\/wp-json\/wp\/v2\/pages\/91\/revisions"}],"predecessor-version":[{"id":2025,"href":"https:\/\/blogsaverroes.juntadeandalucia.es\/ceipprofesorgalvez\/wp-json\/wp\/v2\/pages\/91\/revisions\/2025"}],"wp:attachment":[{"href":"https:\/\/blogsaverroes.juntadeandalucia.es\/ceipprofesorgalvez\/wp-json\/wp\/v2\/media?parent=91"}],"curies":[{"name":"wp","href":"https:\/\/api.w.org\/{rel}","templated":true}]}}