{"id":35,"date":"2015-03-13T08:21:43","date_gmt":"2015-03-13T08:21:43","guid":{"rendered":"http:\/\/blogsaverroes.juntadeandalucia.es\/pre\/ceip\/?page_id=35"},"modified":"2022-05-13T18:54:47","modified_gmt":"2022-05-13T18:54:47","slug":"el-centro-2","status":"publish","type":"page","link":"https:\/\/blogsaverroes.juntadeandalucia.es\/ceipptiernogalvangr\/el-centro-2\/","title":{"rendered":"DATOS DEL CENTRO"},"content":{"rendered":"<p>[googlemaps https:\/\/www.google.com\/maps\/embed?pb=!1m18!1m12!1m3!1d3179.3611343860416!2d-3.6022404848577962!3d37.16788777987447!2m3!1f0!2f0!3f0!3m2!1i1024!2i768!4f13.1!3m3!1m2!1s0xd71fcbd34e8ed47%3A0x510a67275eb21473!2sCalle+Agustina+de+Arag%C3%B3n%2C+2%2C+18005+Granada!5e0!3m2!1ses!2ses!4v1531217773809&amp;w=600&amp;h=450]<\/p>\n<p>&nbsp;<\/p>\n<h2 style=\"text-align: center\"><span style=\"color: #000080\">DATOS DE CONTACTO<\/span><\/h2>\n<h4>&nbsp; &nbsp; &nbsp;Consejer\u00eda de Educaci\u00f3n. Servicio de Innovaci\u00f3n Educativa<\/h4>\n<h3><strong>Direcci\u00f3n:<\/strong>&nbsp;&nbsp;Calle Agustina de Arag\u00f3n, 2, 18005 Granada<\/h3>\n<h3><strong>Tel\u00e9fono:&nbsp;958893124 (171124)-Direcci\u00f3n &#8211; 671537266 -Secretar\u00eda<\/strong><\/h3>\n<h3><strong> FAX:&nbsp;958893126 (171126)<\/strong><\/h3>\n<h3><strong>Email:&nbsp;18003703.edu@juntadeandalucia.es<\/strong><\/h3>\n<h4>&nbsp; &nbsp; &nbsp;Nuestro centro est\u00e1 abierto desde las <span style=\"color: #000080\">7:30 horas hasta las 18:00 horas de lunes a jueves<\/span>, y desde las <span style=\"color: #000080\">7:30 horas hasta las 16:00 horas los viernes<\/span>.<\/h4>\n<h4>&nbsp; &nbsp; &nbsp;Ofrecemos los siguientes servicios:<\/h4>\n<h4>&nbsp; &nbsp; &nbsp;<span style=\"color: #000080\">AULA MATINAL<\/span>, de lunes a viernes de 7:30 h. hasta las 9:00 horas.<\/h4>\n<h4>&nbsp; &nbsp; &nbsp;<span style=\"color: #000080\">ACTIVIDAD LECTIVA<\/span>, de lunes a viernes de 9:00 h. hasta las 14:00 horas.<\/h4>\n<h4>&nbsp; &nbsp; &nbsp;<span style=\"color: #000080\">COMEDOR<\/span>, de lunes a viernes de 14:00 h. hasta las&nbsp; 16:00 horas.<\/h4>\n<h4>&nbsp; &nbsp; &nbsp;<span style=\"color: #000080\">ACTIVIDADES EXTRAESCOLARES<\/span>, de lunes a jueves de 16:00 h. hasta las 18:00 horas.<\/h4>\n<h4>&nbsp; &nbsp; &nbsp;<span style=\"color: #000080\">PLAN DE ACOMPA\u00d1AMIENTO ESCOLAR (PROA y PALI)<\/span>, de lunes a jueves de 16:00 h. hasta las 18:00 horas. (Cofinanciados con fondos europeos)<\/h4>\n<h4>&nbsp; &nbsp;<span style=\"color: #000080\"> &nbsp;AUXILIAR DE CONVERSACI\u00d3N <\/span>(Cofinanciado con fondos europeos)<\/h4>\n<p style=\"text-align: center\">[googleapps domain=\u00bbdrive\u00bb dir=\u00bbfile\/d\/1AfYTy6hNR5sjpAVGspP5WfM_-4iBEOvY\/preview\u00bb query=\u00bb\u00bb width=\u00bb640&#8243; height=\u00bb480&#8243; \/]<\/p>\n<p>&nbsp; &nbsp;<\/p>\n<h2 style=\"text-align: center\"><span style=\"color: #000080\"><strong>OFERTA EDUCATIVA<\/strong><\/span><\/h2>\n<h3>&nbsp; &nbsp; &nbsp;El centro ofrece las ENSE\u00d1ANZAS DE INFANTIL Y PRIMARIA.<\/h3>\n<h3>&nbsp; &nbsp; &nbsp;Les invitamos a conocernos m\u00e1s a trav\u00e9s de nuestro Proyecto Educativo.<\/h3>\n<p>&nbsp; &nbsp;<\/p>\n<h2 style=\"text-align: center\"><span style=\"color: #000080\">INSTALACIONES<\/span><\/h2>\nngg_shortcode_0_placeholder\n","protected":false},"excerpt":{"rendered":"<p>[googlemaps https:\/\/www.google.com\/maps\/embed?pb=!1m18!1m12!1m3!1d3179.3611343860416!2d-3.6022404848577962!3d37.16788777987447!2m3!1f0!2f0!3f0!3m2!1i1024!2i768!4f13.1!3m3!1m2!1s0xd71fcbd34e8ed47%3A0x510a67275eb21473!2sCalle+Agustina+de+Arag%C3%B3n%2C+2%2C+18005+Granada!5e0!3m2!1ses!2ses!4v1531217773809&amp;w=600&amp;h=450] &nbsp; DATOS DE CONTACTO &nbsp; &nbsp; &nbsp;Consejer\u00eda de Educaci\u00f3n. Servicio de Innovaci\u00f3n Educativa Direcci\u00f3n:&nbsp;&nbsp;Calle Agustina de Arag\u00f3n, 2, 18005 Granada Tel\u00e9fono:&nbsp;958893124 (171124)-Direcci\u00f3n &#8211; 671537266 -Secretar\u00eda FAX:&nbsp;958893126 (171126) Email:&nbsp;18003703.edu@juntadeandalucia.es &nbsp; &nbsp; &nbsp;Nuestro centro&#46;&#46;&#46;<\/p>\n","protected":false},"author":1,"featured_media":0,"parent":0,"menu_order":0,"comment_status":"open","ping_status":"open","template":"","meta":{"ngg_post_thumbnail":0,"footnotes":"","_mc_calendar":[]},"aioseo_notices":[],"_links":{"self":[{"href":"https:\/\/blogsaverroes.juntadeandalucia.es\/ceipptiernogalvangr\/wp-json\/wp\/v2\/pages\/35"}],"collection":[{"href":"https:\/\/blogsaverroes.juntadeandalucia.es\/ceipptiernogalvangr\/wp-json\/wp\/v2\/pages"}],"about":[{"href":"https:\/\/blogsaverroes.juntadeandalucia.es\/ceipptiernogalvangr\/wp-json\/wp\/v2\/types\/page"}],"author":[{"embeddable":true,"href":"https:\/\/blogsaverroes.juntadeandalucia.es\/ceipptiernogalvangr\/wp-json\/wp\/v2\/users\/1"}],"replies":[{"embeddable":true,"href":"https:\/\/blogsaverroes.juntadeandalucia.es\/ceipptiernogalvangr\/wp-json\/wp\/v2\/comments?post=35"}],"version-history":[{"count":30,"href":"https:\/\/blogsaverroes.juntadeandalucia.es\/ceipptiernogalvangr\/wp-json\/wp\/v2\/pages\/35\/revisions"}],"predecessor-version":[{"id":3923,"href":"https:\/\/blogsaverroes.juntadeandalucia.es\/ceipptiernogalvangr\/wp-json\/wp\/v2\/pages\/35\/revisions\/3923"}],"wp:attachment":[{"href":"https:\/\/blogsaverroes.juntadeandalucia.es\/ceipptiernogalvangr\/wp-json\/wp\/v2\/media?parent=35"}],"curies":[{"name":"wp","href":"https:\/\/api.w.org\/{rel}","templated":true}]}}