{"id":44,"date":"2015-03-13T08:42:15","date_gmt":"2015-03-13T08:42:15","guid":{"rendered":"http:\/\/blogsaverroes.juntadeandalucia.es\/pre\/ceip\/?page_id=44"},"modified":"2020-11-24T17:59:48","modified_gmt":"2020-11-24T17:59:48","slug":"planes-y-proyectos","status":"publish","type":"page","link":"https:\/\/blogsaverroes.juntadeandalucia.es\/ceipptiernogalvangr\/planes-y-proyectos\/","title":{"rendered":"PLANES Y PROGRAMAS"},"content":{"rendered":"<p><img loading=\"lazy\" decoding=\"async\" class=\"alignnone size-medium wp-image-1667\" src=\"http:\/\/blogsaverroes.juntadeandalucia.es\/temahueman\/files\/2015\/03\/planes-300x150.png\" alt=\"planes\" width=\"300\" height=\"150\" srcset=\"https:\/\/blogsaverroes.juntadeandalucia.es\/ceipptiernogalvangr\/files\/2015\/03\/planes-300x150.png 300w, https:\/\/blogsaverroes.juntadeandalucia.es\/ceipptiernogalvangr\/files\/2015\/03\/planes.png 640w\" sizes=\"(max-width: 300px) 100vw, 300px\" \/><\/p>\n<p>&nbsp; &nbsp; &nbsp;Cada centro personaliza y adapta su Proyecto Educativo poniendo en pr\u00e1ctica diferentes <em><span style=\"color: #ff0000\"><strong>PLANES Y PROGRAMAS<\/strong><\/span><\/em>&nbsp;promovidos desde la Consejer\u00eda de Educaci\u00f3n, Cultura y Deporte.<\/p>\n<p>&nbsp; &nbsp; &nbsp; La descripci\u00f3n, finalidades, actividades, coordinador\/a, etc. de estos Planes y Programas desarrollados en el centro se difundir\u00e1 entre toda la Comunidad Educativa. A continuaci\u00f3n se muestran algunos de ellos.&nbsp;<\/p>\n<ul>\n<li><strong>PLAN DE COEDUCACI\u00d3N E IGUALDAD .<\/strong><\/li>\n<li><strong>PLAN DE APERTURA.<\/strong><\/li>\n<li><strong>PROYECTO BILING\u00dcE.<\/strong><\/li>\n<li><strong>ESCUELA ESPACIO DE PAZ<\/strong><\/li>\n<li><a title=\"PROGRAMA CRECIENDO EN SALUD\" href=\"https:\/\/drive.google.com\/file\/d\/1YFQSHpMvpp3By00ll7LW3sDZhYSfvskE\/view?usp=sharing\" target=\"_blank\" rel=\"noopener noreferrer\"><strong>PROGRAMA CRECIENDO EN SALUD<\/strong><\/a><\/li>\n<li><strong>PLAN DE BIBLIOTECAS.<\/strong><\/li>\n<li><strong>PROGRAMAS EUROPEOS ERASMUS+.<\/strong><\/li>\n<li><a title=\"PROGRAMA DE REFUERZO PROA\" href=\"https:\/\/drive.google.com\/file\/d\/137M9BX5snVkj2XGQ3D05inXUnFB4bj_G\/view?usp=sharing\" target=\"_blank\" rel=\"noopener noreferrer\"><strong>PLAN DE REFUERZO EDUCATIVO PROA.<\/strong><\/a><\/li>\n<li><strong><a title=\"PROGRAMA DE REFUERZO LING\u00dc\u00cdSTICO PALI\" href=\"https:\/\/drive.google.com\/file\/d\/1elNdocIBwIFSmORjmqRD_fj335uAil_z\/view?usp=sharing\" target=\"_blank\" rel=\"noopener noreferrer\">PLAN DE REFUERZO ATENCI\u00d3N LING\u00dc\u00cdSTICA PALI<\/a>.<\/strong><\/li>\n<li><strong>PR\u00c1CTICUM<\/strong><\/li>\n<li><a title=\"PROGRAMA DE PREVENCI\u00d3N VIOLENCIA DE G\u00c9NERO 19-20\" href=\"https:\/\/drive.google.com\/file\/d\/1yvEENa8ov9_mAaU4p-AYDNI1gmiBK1Jk\/view?usp=sharing\" target=\"_blank\" rel=\"noopener noreferrer\"><strong>PROGRAMA DE PREVENCI\u00d3N DE VIOLENCIA DE G\u00c9NERO 19-20<\/strong><\/a><\/li>\n<li><a title=\"MEMORIA PREVENCI\u00d3N VIOLENCIA DE G\u00c9NERO 19-20\" href=\"https:\/\/drive.google.com\/file\/d\/1_t33NtCpPLGm7KZzpVzBUBfyl-PbJWao\/view?usp=sharing\" target=\"_blank\" rel=\"noopener noreferrer\"><strong>MEMORIA PREVENCI\u00d3N VIOLENCIA DE G\u00c9NERO 19-20<\/strong><\/a><\/li>\n<li><a title=\"PROGRAMA DE PREVENCI\u00d3N VIOLENCIA DE G\u00c9NERO 20-21\" href=\"https:\/\/drive.google.com\/file\/d\/1uCPBw2SJF236iisaOpGPRBNCKGzBy5xC\/view?usp=sharing\" target=\"_blank\" rel=\"noopener noreferrer\"><strong>PROGRAMA DE PREVENCI\u00d3N DE VIOLENCIA DE G\u00c9NERO CURSO 20-21<\/strong><\/a><\/li>\n<li>&#8230;&#8230;&#8230;&#8230;.<\/li>\n<\/ul>\n<p>&nbsp;<\/p>\n","protected":false},"excerpt":{"rendered":"<p>&nbsp; &nbsp; &nbsp;Cada centro personaliza y adapta su Proyecto Educativo poniendo en pr\u00e1ctica diferentes PLANES Y PROGRAMAS&nbsp;promovidos desde la Consejer\u00eda de Educaci\u00f3n, Cultura y Deporte. &nbsp; &nbsp; &nbsp; La descripci\u00f3n, finalidades, actividades, coordinador\/a, etc.&#46;&#46;&#46;<\/p>\n","protected":false},"author":1,"featured_media":0,"parent":0,"menu_order":0,"comment_status":"open","ping_status":"closed","template":"page-templates\/child-menu.php","meta":{"ngg_post_thumbnail":0,"footnotes":"","_mc_calendar":[]},"aioseo_notices":[],"_links":{"self":[{"href":"https:\/\/blogsaverroes.juntadeandalucia.es\/ceipptiernogalvangr\/wp-json\/wp\/v2\/pages\/44"}],"collection":[{"href":"https:\/\/blogsaverroes.juntadeandalucia.es\/ceipptiernogalvangr\/wp-json\/wp\/v2\/pages"}],"about":[{"href":"https:\/\/blogsaverroes.juntadeandalucia.es\/ceipptiernogalvangr\/wp-json\/wp\/v2\/types\/page"}],"author":[{"embeddable":true,"href":"https:\/\/blogsaverroes.juntadeandalucia.es\/ceipptiernogalvangr\/wp-json\/wp\/v2\/users\/1"}],"replies":[{"embeddable":true,"href":"https:\/\/blogsaverroes.juntadeandalucia.es\/ceipptiernogalvangr\/wp-json\/wp\/v2\/comments?post=44"}],"version-history":[{"count":10,"href":"https:\/\/blogsaverroes.juntadeandalucia.es\/ceipptiernogalvangr\/wp-json\/wp\/v2\/pages\/44\/revisions"}],"predecessor-version":[{"id":2829,"href":"https:\/\/blogsaverroes.juntadeandalucia.es\/ceipptiernogalvangr\/wp-json\/wp\/v2\/pages\/44\/revisions\/2829"}],"wp:attachment":[{"href":"https:\/\/blogsaverroes.juntadeandalucia.es\/ceipptiernogalvangr\/wp-json\/wp\/v2\/media?parent=44"}],"curies":[{"name":"wp","href":"https:\/\/api.w.org\/{rel}","templated":true}]}}