{"id":49,"date":"2015-03-13T08:47:05","date_gmt":"2015-03-13T08:47:05","guid":{"rendered":"http:\/\/blogsaverroes.juntadeandalucia.es\/pre\/ceip\/?page_id=49"},"modified":"2026-01-13T10:30:11","modified_gmt":"2026-01-13T10:30:11","slug":"proyecto-educativo","status":"publish","type":"page","link":"https:\/\/blogsaverroes.juntadeandalucia.es\/ceipptiernogalvangr\/proyecto-educativo\/","title":{"rendered":"PLAN DE CENTRO"},"content":{"rendered":"<p>&nbsp;<\/p>\n<p style=\"text-align: left\">Un centro se define en gran medida por su <strong>PLAN DE CENTRO<\/strong>. En \u00e9l se plasma el modelo educativo y la concreci\u00f3n de la normativa que un centro realiza respecto a las ense\u00f1anzas que imparte y a la forma de organizarse. Aspectos tales como las finales educativas, objetivos, atenci\u00f3n a la diversidad, normas de funcionamiento, convivencia,&nbsp; etc.<\/p>\n<p style=\"text-align: left\">El Plan de Centro, est\u00e1 formado por <strong>tres documentos <\/strong>fundamentales: <strong>PROYECTO CURRICULA<\/strong><strong>REGLAMENTO DE ORGANIZACI\u00d3N Y FUNCIONAMIENTO<\/strong> (ROF) y <strong>PROYECTO DE GESTI\u00d3N<\/strong>, que junto con los diferentes <strong>PLANES Y PROYECTOS<\/strong> constituyen nuestra identidad.<\/p>\n<p style=\"text-align: left\">Que la web de un centro informe de su PLAN DE CENTRO es una apuesta clara por la <strong>transparencia.<\/strong><!--more--><\/p>\n<p>Este espacio puede mostrar tanto los aspectos esenciales del PLAN DE CENTRO como enlazar a otros documentos o secciones con informaci\u00f3n m\u00e1s detallada.<\/p>\n<p>&nbsp;<\/p>\n<ul>\n<li><a title=\"PROYECTO EDUCATIVO curso 22-23\" href=\"https:\/\/drive.google.com\/file\/d\/1S5pgEaL8CpynJT18ChgGl9YG9Z2kgGst\/view?usp=sharing\" target=\"_blank\" rel=\"noopener noreferrer\">PROYECTO EDUCATIVO, modificado CURSO 25-26<\/a><\/li>\n<li><a title=\"ROF 21-22\" href=\"https:\/\/drive.google.com\/file\/d\/1trZNlmuban9tv6EElrYj5uwyScetvsp_\/view?usp=sharing\">REGLAMENTO DE ORGANIZACI\u00d3N Y FUNCIONAMIENTO (ROF) Modificado el curso 25-26<\/a><\/li>\n<li><a title=\"PROYECTO DE GESTI\u00d3N\" href=\"https:\/\/drive.google.com\/file\/d\/1Wj_jzJhEDVAJo9Iy_6nmx-Z1-6T57A1c\/view?usp=sharing\" target=\"_blank\" rel=\"noopener noreferrer\">PROYECTO DE GESTI\u00d3N, Modificado el curso 25-26<\/a><\/li>\n<li><a href=\"https:\/\/drive.google.com\/file\/d\/1AsaImJQchnNSfZTz-bR8w9o6AurLScNG\/view?usp=sharing\" target=\"_blank\" rel=\"noopener noreferrer\">ACTIVIDADES COMPLEMENTARIAS, CURSO 19-20<\/a><\/li>\n<li><a title=\"ACTIVIDADES COMPLEMENTARIAS CURSO 20-21\" href=\"https:\/\/drive.google.com\/file\/d\/1DYzJfseI88mxF9SXauj83xqYkHvct_bl\/view?usp=sharing\" target=\"_blank\" rel=\"noopener noreferrer\">ACTIVIDADES COMPLEMENTARIAS CURSO 20-21<\/a><\/li>\n<li><a title=\"ACTIVIDADES COMPLEMENTARIAS CURSO 21-22\" href=\"https:\/\/drive.google.com\/file\/d\/1-N0A7hxjoiZRTFx81-Hkb66ye8YfNv8P\/view?usp=sharing\" target=\"_blank\" rel=\"noopener noreferrer\">ACTIVIDADES COMPLEMENTARIAS CURSO 21-22<\/a><\/li>\n<li><a title=\"ACTIVIDADES COMPLEMENTARIAS CURSO 22-23\" href=\"https:\/\/drive.google.com\/file\/d\/1wQoIe6wZsEbtoZBAqPZHsnS95QWj3GrV\/view?usp=sharing\" target=\"_blank\" rel=\"noopener noreferrer\">ACTIVIDADES COMPLEMENTARIAS CURSO 22-23<\/a><\/li>\n<li><a href=\"https:\/\/drive.google.com\/file\/d\/11Wi_oM0FjpcRiSZAgW-RfO1TxAUtznID\/view?usp=sharing\" target=\"_blank\" rel=\"noopener noreferrer\">PLAN DE CONVIVENCIA DE EDUCACI\u00d3N PRIMARIA<\/a><\/li>\n<li><a href=\"https:\/\/drive.google.com\/file\/d\/11U3j06ecrlgASGFfvyyRx5EgJC2_ai5P\/view?usp=drive_link\">PLAN DE CONVIVENCIA DE EDUCACI\u00d3N INFANTIL<\/a><\/li>\n<li><a title=\"PLAN DE ATENCI\u00d3N A LA DIVERSIDAD Y REFUERZO EDUCATIVO\" href=\"https:\/\/drive.google.com\/file\/d\/1BiYY1Sc8sg8vLXB0D58q_xHpzcJIKe3H\/view?usp=sharing\" target=\"_blank\" rel=\"noopener noreferrer\">PLAN DE ATENCI\u00d3N A LA DIVERSIDAD&nbsp;<\/a><\/li>\n<li><a href=\"https:\/\/drive.google.com\/file\/d\/15Soo9EgJlVjcYjztrZftOlC3GPt-EgyG\/view?usp=sharing\" target=\"_blank\" rel=\"noopener noreferrer\">PLAN DE ACCI\u00d3N TUTORIAL&nbsp;<\/a><\/li>\n<li><a title=\"PLAN DE FORMACI\u00d3N DEL PROFESORADO\" href=\"https:\/\/drive.google.com\/file\/d\/1FWU1goeK5PEfhAgfrY1XYAEw4RVJDUfM\/view?usp=sharing\" target=\"_blank\" rel=\"noopener noreferrer\">PLAN DE FORMACI\u00d3N DEL PROFESORADO (INICIADO CURSO 19-20)<\/a><\/li>\n<li><a href=\"https:\/\/drive.google.com\/file\/d\/1mW_KD8pElmIuSSONt9xfPe5HWUJPleWN\/view?usp=drive_link\" target=\"_blank\" rel=\"noopener noreferrer\">PROYECTO EDUCATIVO INFANTIL<\/a><\/li>\n<li><a title=\"PLAN DE EMERGENCIA Y AUTOPROTECCI\u00d3N\" href=\"https:\/\/drive.google.com\/file\/d\/1HvNK_DgPVJkFPnPs4opn0seATL5A3af7\/view?usp=sharing\" target=\"_blank\" rel=\"noopener noreferrer\">PLAN EMERGENCIA Y AUTOPROTECCI\u00d3N&nbsp;<\/a><\/li>\n<li><a title=\"PROTOCOLO ACTUACI\u00d3N COVID-19\" href=\"https:\/\/drive.google.com\/file\/d\/1rZxIRgtMcIrtyQVdzWJs3h3urnsTrmIT\/view?usp=sharing\" target=\"_blank\" rel=\"noopener noreferrer\">PROTOCOLO ACTUACI\u00d3N COVID-19 (CURSO 20-21)<\/a><\/li>\n<li><a title=\"PROTOCOLO ACTUACI\u00d3N 2\u00ba TRIMESTRE COVID-19\" href=\"https:\/\/drive.google.com\/file\/d\/1ebkG8dDjTNrmtVNla1Q0yR45w_dEQijs\/view?usp=sharing\" target=\"_blank\" rel=\"noopener noreferrer\">PROTOCOLO DE ACTUACI\u00d3N COVID-19 ACTUALIZACI\u00d3N 2\u00ba TRIMESTRE (CURSO 20-21)<\/a><\/li>\n<li><a title=\"PROTOCOLO DE ACTUACI\u00d3N COVID-19\" href=\"https:\/\/drive.google.com\/file\/d\/1p_Ra9tzzfJZlr7DkflZ7iQf-xPr7HaPY\/view?usp=sharing\" target=\"_blank\" rel=\"noopener noreferrer\">PROTOCOLO DE ACTUACI\u00d3N COVID-19 CURSO 21-22<\/a><\/li>\n<li><a title=\"SEGUIMIENTO PROTOCOLO COVID 1\u00ba TRIMESTRE 21-22\" href=\"https:\/\/drive.google.com\/file\/d\/1hhnKY2QluyvCj-u5goBJuUsx9W0FMgwh\/view?usp=sharing\" target=\"_blank\" rel=\"noopener noreferrer\">SEGUIMIENTO PROTOCOLO COVID 1\u00ba TRIMESTRE 21-22<\/a><\/li>\n<li><a title=\"SEGUIMIENTO PROTOCOLO COVID 2\u00ba TRIMESTRE 21-22\" href=\"https:\/\/drive.google.com\/file\/d\/13lJQ1PjTVGbY1Vt5iwne5olp4xtqKtQm\/view?usp=sharing\" target=\"_blank\" rel=\"noopener noreferrer\">SEGUIMIENTO PROTOCOLO COVID 2\u00ba TRIMESTRE 21-22<\/a><\/li>\n<li><a title=\"PLAN DE ACTUALIZACI\u00d3N DIGITAL\" href=\"https:\/\/drive.google.com\/file\/d\/1aXcEFAL_jAESJVtSvzWfCERYMJ3TzdBF\/view?usp=sharing\" target=\"_blank\" rel=\"noopener noreferrer\">PLAN DE ACTUALIZACI\u00d3N DIGITALCURSO 21-22<\/a><\/li>\n<li><a title=\"PLAN DE ACTUALIZACI\u00d3N DIGITAL CURSO 21-22\" href=\"https:\/\/drive.google.com\/file\/d\/1x_zHjM9RrmmlNUq2Jrr9uExZkNyaTEBz\/view?usp=sharing\">PLAN DE ACTUALIZACI\u00d3N DIGITAL CURSO 21-22<\/a><\/li>\n<li><a title=\"PROTOCOLO COVID 22-23\" href=\"https:\/\/drive.google.com\/file\/d\/1FEQ4D3-yqanJZGdcFOFcUY9gN3x037Vb\/view?usp=sharing\" target=\"_blank\" rel=\"noopener noreferrer\">PROTOCOLO DE ACTUACI\u00d3N COVID CURSO 22-23<\/a><\/li>\n<li><a title=\"PROTOCOLO DE ALTAS TEMPERATURAS\" href=\"https:\/\/drive.google.com\/file\/d\/1zp1Ny9O-OFffLPJQoOgPdBgelcVLzrKu\/view?usp=sharing\" target=\"_blank\" rel=\"noopener noreferrer\">PROTOCOLO DE ALTAS TEMPERATURAS CURSO 22-23<\/a><\/li>\n<li><a title=\"PROGRAMACIONES LOMLOE CURSO 22-23\" href=\"https:\/\/drive.google.com\/file\/d\/1kYavvZibFAiJx3ASm6_PfB69RFcAUcUc\/view?usp=sharing\" target=\"_blank\" rel=\"noopener noreferrer\">PROGRAMACIONES LOMLOE CURSO 23-24<\/a><\/li>\n<li><a title=\"CRITERIOS DE EVALUACI\u00d3N DE MATEM\u00c1TICAS CURSO 23-24\" href=\"https:\/\/drive.google.com\/file\/d\/1xFPTcxbTRt-e49xMXLg74Kr-KoI46rYb\/view?usp=sharing\" target=\"_blank\" rel=\"noopener noreferrer\">CRITERIOS DE EVALUACI\u00d3N DE MATEM\u00c1TICAS CURSO 23-24<\/a><\/li>\n<li>&nbsp;<\/li>\n<\/ul>\n","protected":false},"excerpt":{"rendered":"<p>&nbsp; Un centro se define en gran medida por su PLAN DE CENTRO. En \u00e9l se plasma el modelo educativo y la concreci\u00f3n de la normativa que un centro realiza respecto a las ense\u00f1anzas&#46;&#46;&#46;<\/p>\n","protected":false},"author":1,"featured_media":2270,"parent":0,"menu_order":0,"comment_status":"open","ping_status":"open","template":"page-templates\/child-menu.php","meta":{"ngg_post_thumbnail":0,"footnotes":"","_mc_calendar":[]},"aioseo_notices":[],"_links":{"self":[{"href":"https:\/\/blogsaverroes.juntadeandalucia.es\/ceipptiernogalvangr\/wp-json\/wp\/v2\/pages\/49"}],"collection":[{"href":"https:\/\/blogsaverroes.juntadeandalucia.es\/ceipptiernogalvangr\/wp-json\/wp\/v2\/pages"}],"about":[{"href":"https:\/\/blogsaverroes.juntadeandalucia.es\/ceipptiernogalvangr\/wp-json\/wp\/v2\/types\/page"}],"author":[{"embeddable":true,"href":"https:\/\/blogsaverroes.juntadeandalucia.es\/ceipptiernogalvangr\/wp-json\/wp\/v2\/users\/1"}],"replies":[{"embeddable":true,"href":"https:\/\/blogsaverroes.juntadeandalucia.es\/ceipptiernogalvangr\/wp-json\/wp\/v2\/comments?post=49"}],"version-history":[{"count":46,"href":"https:\/\/blogsaverroes.juntadeandalucia.es\/ceipptiernogalvangr\/wp-json\/wp\/v2\/pages\/49\/revisions"}],"predecessor-version":[{"id":4906,"href":"https:\/\/blogsaverroes.juntadeandalucia.es\/ceipptiernogalvangr\/wp-json\/wp\/v2\/pages\/49\/revisions\/4906"}],"wp:featuredmedia":[{"embeddable":true,"href":"https:\/\/blogsaverroes.juntadeandalucia.es\/ceipptiernogalvangr\/wp-json\/wp\/v2\/media\/2270"}],"wp:attachment":[{"href":"https:\/\/blogsaverroes.juntadeandalucia.es\/ceipptiernogalvangr\/wp-json\/wp\/v2\/media?parent=49"}],"curies":[{"name":"wp","href":"https:\/\/api.w.org\/{rel}","templated":true}]}}