{"id":870,"date":"2015-03-16T07:24:27","date_gmt":"2015-03-16T07:24:27","guid":{"rendered":"http:\/\/blogsaverroes.juntadeandalucia.es\/pre\/ceip\/?page_id=103"},"modified":"2020-11-17T20:03:55","modified_gmt":"2020-11-17T20:03:55","slug":"aula-matinal","status":"publish","type":"page","link":"https:\/\/blogsaverroes.juntadeandalucia.es\/ceipptiernogalvangr\/aula-matinal\/","title":{"rendered":"AULA MATINAL"},"content":{"rendered":"<h1><span style=\"color: #ff0000\">SERVICIO DE AULA MATINAL<\/span><\/h1>\n<p>La Orden de 17 de abril de 2017 es la que regula la organizaci\u00f3n y funcionamiento de los servicios complementarios de aula matinal, comedor escolar y actividades extraescolares, as\u00ed como el uso de las instalaciones de los centros docentes p\u00fablicos de la Comunidad Aut\u00f3noma de Andaluc\u00eda.<\/p>\n<p>La admisi\u00f3n en los servicios complementarios deber\u00e1 solicitarse durante los plazos de matriculaci\u00f3n. Para las solicitudes a lo largo del curso fuera de esos plazos, se habilitar\u00e1 un tr\u00e1mite a tal efecto.<\/p>\n<p style=\"text-align: left\"><img loading=\"lazy\" decoding=\"async\" class=\"size-medium wp-image-2792 alignleft\" src=\"https:\/\/blogsaverroes.juntadeandalucia.es\/ceipptiernogalvangr\/files\/2020\/11\/AULA-MATINAL-1-300x259.jpg\" alt=\"\" width=\"300\" height=\"259\" srcset=\"https:\/\/blogsaverroes.juntadeandalucia.es\/ceipptiernogalvangr\/files\/2020\/11\/AULA-MATINAL-1-300x259.jpg 300w, https:\/\/blogsaverroes.juntadeandalucia.es\/ceipptiernogalvangr\/files\/2020\/11\/AULA-MATINAL-1-24x21.jpg 24w, https:\/\/blogsaverroes.juntadeandalucia.es\/ceipptiernogalvangr\/files\/2020\/11\/AULA-MATINAL-1-36x31.jpg 36w, https:\/\/blogsaverroes.juntadeandalucia.es\/ceipptiernogalvangr\/files\/2020\/11\/AULA-MATINAL-1-48x41.jpg 48w, https:\/\/blogsaverroes.juntadeandalucia.es\/ceipptiernogalvangr\/files\/2020\/11\/AULA-MATINAL-1.jpg 750w\" sizes=\"(max-width: 300px) 100vw, 300px\" \/>El <strong>Aula Matinal<\/strong> abre a las 7.30 horas&nbsp; de lunes a viernes, ofreciendo actividades diversas hasta el comienzo del horario lectivo (9:00 horas) para aquellos alumnos y alumnas cuyas familias realicen una actividad laboral remunerada y su jornada de trabajo les impide atenderlos hasta ese momento.<\/p>\n<p>Puede&nbsp;utilizarse&nbsp;cualquier d\u00eda previa inscripci\u00f3n y domicializaci\u00f3n bancaria.<\/p>\n<p>Desc\u00e1rgate <a title=\"SOLICITUD SERVICIOS COMPLEMENTARIOS\" href=\"https:\/\/drive.google.com\/file\/d\/1NF6XNG8uw25GqeDfGdemiF2lzVrEsCek\/view?usp=sharing\" target=\"_blank\" rel=\"noopener noreferrer\">aqu\u00ed el formulario<\/a>, rell\u00e9nalo y envi\u00e1noslo por email a cptiernogalv\u00e1n@gmail.com o entr\u00e9galo en la secretar\u00eda del Colegio.<\/p>\n<p>&nbsp;<\/p>\n","protected":false},"excerpt":{"rendered":"<p>SERVICIO DE AULA MATINAL La Orden de 17 de abril de 2017 es la que regula la organizaci\u00f3n y funcionamiento de los servicios complementarios de aula matinal, comedor escolar y actividades extraescolares, as\u00ed como&#46;&#46;&#46;<\/p>\n","protected":false},"author":1,"featured_media":0,"parent":0,"menu_order":0,"comment_status":"open","ping_status":"open","template":"page-templates\/child-menu.php","meta":{"ngg_post_thumbnail":0,"footnotes":"","_mc_calendar":[]},"aioseo_notices":[],"_links":{"self":[{"href":"https:\/\/blogsaverroes.juntadeandalucia.es\/ceipptiernogalvangr\/wp-json\/wp\/v2\/pages\/870"}],"collection":[{"href":"https:\/\/blogsaverroes.juntadeandalucia.es\/ceipptiernogalvangr\/wp-json\/wp\/v2\/pages"}],"about":[{"href":"https:\/\/blogsaverroes.juntadeandalucia.es\/ceipptiernogalvangr\/wp-json\/wp\/v2\/types\/page"}],"author":[{"embeddable":true,"href":"https:\/\/blogsaverroes.juntadeandalucia.es\/ceipptiernogalvangr\/wp-json\/wp\/v2\/users\/1"}],"replies":[{"embeddable":true,"href":"https:\/\/blogsaverroes.juntadeandalucia.es\/ceipptiernogalvangr\/wp-json\/wp\/v2\/comments?post=870"}],"version-history":[{"count":7,"href":"https:\/\/blogsaverroes.juntadeandalucia.es\/ceipptiernogalvangr\/wp-json\/wp\/v2\/pages\/870\/revisions"}],"predecessor-version":[{"id":2789,"href":"https:\/\/blogsaverroes.juntadeandalucia.es\/ceipptiernogalvangr\/wp-json\/wp\/v2\/pages\/870\/revisions\/2789"}],"wp:attachment":[{"href":"https:\/\/blogsaverroes.juntadeandalucia.es\/ceipptiernogalvangr\/wp-json\/wp\/v2\/media?parent=870"}],"curies":[{"name":"wp","href":"https:\/\/api.w.org\/{rel}","templated":true}]}}