{"id":3193,"date":"2021-08-28T17:27:50","date_gmt":"2021-08-28T15:27:50","guid":{"rendered":"https:\/\/blogsaverroes.juntadeandalucia.es\/ceippuertadealcala\/?page_id=3193"},"modified":"2021-09-09T20:47:44","modified_gmt":"2021-09-09T18:47:44","slug":"oferta-educativa","status":"publish","type":"page","link":"https:\/\/blogsaverroes.juntadeandalucia.es\/ceippuertadealcala\/oferta-educativa\/","title":{"rendered":"Oferta Educativa"},"content":{"rendered":"<div class=\"module module-text tb_k1hl931 repeat\">\n<div class=\"tb_text_wrap\">\n<h1>Oferta Educativa<\/h1>\n<\/div>\n<\/div>\n<div class=\"module module-text tb_owke931 repeat\">\n<div class=\"tb_text_wrap\">\n<p>Nuestro Centro imparte los niveles de Educaci\u00f3n Infantil, desde los 3 a los 5 a\u00f1os y Educaci\u00f3n Primaria de 1\u00ba a 6\u00ba, desde los 6 a los 12 a\u00f1os. As\u00ed mismo, tenemos una unidad de Apoyo a la Integraci\u00f3n en la modalidad de Pedagog\u00eda Terap\u00e9utica y una profesora de Audici\u00f3n y Lenguaje compartida con otro centro de la localidad.<\/p>\n<p>El C.E.I.P. Puerta de Alcal\u00e1 tiene 1 l\u00ednea en Infantil y 2 l\u00edneas en Primaria.&nbsp; Nuestro alumnado cursa una segunda lengua extranjera, franc\u00e9s.<\/p>\n<p>&nbsp;<\/p>\n<\/div>\n<\/div>\n","protected":false},"excerpt":{"rendered":"<p>Oferta Educativa Nuestro Centro imparte los niveles de Educaci\u00f3n Infantil, desde los 3 a los 5 a\u00f1os y Educaci\u00f3n Primaria de 1\u00ba a 6\u00ba, desde los 6 a los 12 a\u00f1os. As\u00ed mismo, tenemos una unidad de Apoyo a la Integraci\u00f3n en la modalidad de Pedagog\u00eda Terap\u00e9utica y una profesora de Audici\u00f3n y Lenguaje compartida &hellip; <\/p>\n<p class=\"link-more\"><a href=\"https:\/\/blogsaverroes.juntadeandalucia.es\/ceippuertadealcala\/oferta-educativa\/\" class=\"more-link\">Continuar leyendo<span class=\"screen-reader-text\"> \u00abOferta Educativa\u00bb<\/span><\/a><\/p>\n","protected":false},"author":10628,"featured_media":2893,"parent":0,"menu_order":0,"comment_status":"closed","ping_status":"closed","template":"","meta":{"ngg_post_thumbnail":0,"footnotes":"","_mc_calendar":[]},"aioseo_notices":[],"_links":{"self":[{"href":"https:\/\/blogsaverroes.juntadeandalucia.es\/ceippuertadealcala\/wp-json\/wp\/v2\/pages\/3193"}],"collection":[{"href":"https:\/\/blogsaverroes.juntadeandalucia.es\/ceippuertadealcala\/wp-json\/wp\/v2\/pages"}],"about":[{"href":"https:\/\/blogsaverroes.juntadeandalucia.es\/ceippuertadealcala\/wp-json\/wp\/v2\/types\/page"}],"author":[{"embeddable":true,"href":"https:\/\/blogsaverroes.juntadeandalucia.es\/ceippuertadealcala\/wp-json\/wp\/v2\/users\/10628"}],"replies":[{"embeddable":true,"href":"https:\/\/blogsaverroes.juntadeandalucia.es\/ceippuertadealcala\/wp-json\/wp\/v2\/comments?post=3193"}],"version-history":[{"count":4,"href":"https:\/\/blogsaverroes.juntadeandalucia.es\/ceippuertadealcala\/wp-json\/wp\/v2\/pages\/3193\/revisions"}],"predecessor-version":[{"id":3250,"href":"https:\/\/blogsaverroes.juntadeandalucia.es\/ceippuertadealcala\/wp-json\/wp\/v2\/pages\/3193\/revisions\/3250"}],"wp:featuredmedia":[{"embeddable":true,"href":"https:\/\/blogsaverroes.juntadeandalucia.es\/ceippuertadealcala\/wp-json\/wp\/v2\/media\/2893"}],"wp:attachment":[{"href":"https:\/\/blogsaverroes.juntadeandalucia.es\/ceippuertadealcala\/wp-json\/wp\/v2\/media?parent=3193"}],"curies":[{"name":"wp","href":"https:\/\/api.w.org\/{rel}","templated":true}]}}