{"id":3218,"date":"2021-09-09T15:26:58","date_gmt":"2021-09-09T13:26:58","guid":{"rendered":"https:\/\/blogsaverroes.juntadeandalucia.es\/ceippuertadealcala\/?page_id=3218"},"modified":"2021-09-09T15:26:58","modified_gmt":"2021-09-09T13:26:58","slug":"plan-de-apertura","status":"publish","type":"page","link":"https:\/\/blogsaverroes.juntadeandalucia.es\/ceippuertadealcala\/plan-de-apertura\/","title":{"rendered":"PLAN DE APERTURA"},"content":{"rendered":"<p>Nuestro centro ofrece servicios escolares complementarios: AULA MATINAL, COMEDOR ESCOLAR Y AULA DE MEDIOD\u00cdA.&nbsp;<\/p>\n<p>Dentro del Plan de Apoyo a las Familias Andaluzas, la Consejer\u00eda de Educaci\u00f3n persigue que los centros docentes, m\u00e1s all\u00e1 de la jornada lectiva tradicional, sean capaces de ofrecer al alumnado y sus familias una oferta de jornada escolar completa, de forma que encuentren en sus centros las actividades que necesitan para completar su formaci\u00f3n y para utilizar de una manera educativa su tiempo libre.<\/p>\n<p>En esta secci\u00f3n iremos informando de todo lo referido a los diferentes servicios as\u00ed como de las solicitudes que deben presentar en secretaria. De igual manera, os iremos informando sobre las bonificaciones y la manera de solicitarlas.<\/p>\n","protected":false},"excerpt":{"rendered":"<p>Nuestro centro ofrece servicios escolares complementarios: AULA MATINAL, COMEDOR ESCOLAR Y AULA DE MEDIOD\u00cdA.&nbsp; Dentro del Plan de Apoyo a las Familias Andaluzas, la Consejer\u00eda de Educaci\u00f3n persigue que los centros docentes, m\u00e1s all\u00e1 de la jornada lectiva tradicional, sean capaces de ofrecer al alumnado y sus familias una oferta de jornada escolar completa, de &hellip; <\/p>\n<p class=\"link-more\"><a href=\"https:\/\/blogsaverroes.juntadeandalucia.es\/ceippuertadealcala\/plan-de-apertura\/\" class=\"more-link\">Continuar leyendo<span class=\"screen-reader-text\"> \u00abPLAN DE APERTURA\u00bb<\/span><\/a><\/p>\n","protected":false},"author":10628,"featured_media":0,"parent":0,"menu_order":0,"comment_status":"closed","ping_status":"closed","template":"","meta":{"ngg_post_thumbnail":0,"footnotes":"","_mc_calendar":[]},"aioseo_notices":[],"_links":{"self":[{"href":"https:\/\/blogsaverroes.juntadeandalucia.es\/ceippuertadealcala\/wp-json\/wp\/v2\/pages\/3218"}],"collection":[{"href":"https:\/\/blogsaverroes.juntadeandalucia.es\/ceippuertadealcala\/wp-json\/wp\/v2\/pages"}],"about":[{"href":"https:\/\/blogsaverroes.juntadeandalucia.es\/ceippuertadealcala\/wp-json\/wp\/v2\/types\/page"}],"author":[{"embeddable":true,"href":"https:\/\/blogsaverroes.juntadeandalucia.es\/ceippuertadealcala\/wp-json\/wp\/v2\/users\/10628"}],"replies":[{"embeddable":true,"href":"https:\/\/blogsaverroes.juntadeandalucia.es\/ceippuertadealcala\/wp-json\/wp\/v2\/comments?post=3218"}],"version-history":[{"count":1,"href":"https:\/\/blogsaverroes.juntadeandalucia.es\/ceippuertadealcala\/wp-json\/wp\/v2\/pages\/3218\/revisions"}],"predecessor-version":[{"id":3219,"href":"https:\/\/blogsaverroes.juntadeandalucia.es\/ceippuertadealcala\/wp-json\/wp\/v2\/pages\/3218\/revisions\/3219"}],"wp:attachment":[{"href":"https:\/\/blogsaverroes.juntadeandalucia.es\/ceippuertadealcala\/wp-json\/wp\/v2\/media?parent=3218"}],"curies":[{"name":"wp","href":"https:\/\/api.w.org\/{rel}","templated":true}]}}