{"id":3221,"date":"2021-09-09T16:22:17","date_gmt":"2021-09-09T14:22:17","guid":{"rendered":"https:\/\/blogsaverroes.juntadeandalucia.es\/ceippuertadealcala\/?page_id=3221"},"modified":"2026-04-15T13:22:31","modified_gmt":"2026-04-15T11:22:31","slug":"comedor-escolar-c-e-i-p-puerta-de-alcala","status":"publish","type":"page","link":"https:\/\/blogsaverroes.juntadeandalucia.es\/ceippuertadealcala\/comedor-escolar-c-e-i-p-puerta-de-alcala\/","title":{"rendered":"COMEDOR ESCOLAR C.E.I.P. PUERTA DE ALCAL\u00c1"},"content":{"rendered":"<p>El servicio de comedor escolar ofrece comida diaria (dos platos, pan,&nbsp; agua y postre) servida por Mediterr\u00e1nea Cate, contratado por la Junta de Andaluc\u00eda.<\/p>\n<p>Los costes diarios de comedor son los siguientes:<\/p>\n<table class=\"normal\" border=\"0\" width=\"737\" cellspacing=\"1\" cellpadding=\"5\">\n<tbody>\n<tr>\n<td bgcolor=\"#F3E283\" width=\"73%\">Sin Subvenci\u00f3n<\/td>\n<td bgcolor=\"#F3E283\" width=\"27%\">\n<div align=\"right\"><strong>5,54 \u20ac<\/strong><\/div>\n<\/td>\n<\/tr>\n<tr>\n<td colspan=\"2\" bgcolor=\"#F3E283\">Subvenciones del 10 %, 18 %, 26 %, 34 %, 42 % y 50 % (seg\u00fan Acuerdo de 7 de julio de 2009, BOJA n\u00ba 138).<\/td>\n<\/tr>\n<\/tbody>\n<\/table>\n<h3 style=\"text-align: center\"><span style=\"color: #ff9900\">Haz clic en la imagen para ver el men\u00fa de este mes<\/span><\/h3>\n<p><a href=\"https:\/\/blogsaverroes.juntadeandalucia.es\/ceippuertadealcala\/files\/2021\/09\/lindo-nino-chef-dibujos-animados-ninos-menu_18591-22212.jpg\"><br \/>\n<\/a><a href=\"https:\/\/drive.google.com\/file\/d\/1SznfaHqtm4XXZoqgV1izHsrJ2gyYHWOl\/view?usp=sharing\"><img fetchpriority=\"high\" decoding=\"async\" class=\"aligncenter wp-image-3222\" src=\"https:\/\/blogsaverroes.juntadeandalucia.es\/ceippuertadealcala\/files\/2021\/09\/lindo-nino-chef-dibujos-animados-ninos-menu_18591-22212.jpg\" alt=\"\" width=\"283\" height=\"283\" srcset=\"https:\/\/blogsaverroes.juntadeandalucia.es\/ceippuertadealcala\/files\/2021\/09\/lindo-nino-chef-dibujos-animados-ninos-menu_18591-22212.jpg 626w, https:\/\/blogsaverroes.juntadeandalucia.es\/ceippuertadealcala\/files\/2021\/09\/lindo-nino-chef-dibujos-animados-ninos-menu_18591-22212-300x300.jpg 300w, https:\/\/blogsaverroes.juntadeandalucia.es\/ceippuertadealcala\/files\/2021\/09\/lindo-nino-chef-dibujos-animados-ninos-menu_18591-22212-150x150.jpg 150w\" sizes=\"(max-width: 283px) 100vw, 283px\" \/><\/a><\/p>\n<p>El servicio se ofrece de lunes a viernes de 14 h. a 16 h. Los ni\u00f1os podr\u00e1n recogerse del servicio de comedor a las 15&#8217;00h, a las 15&#8217;30 h. y a las 16&#8217;00 h.<\/p>\n<h3 style=\"text-align: center\"><strong><span style=\"color: #99cc00\">Haz clic en los siguientes enlaces para acceder a los documentos correspondientes<\/span><\/strong><\/h3>\n<p><span style=\"color: #3366ff\">Normativa Web Consejer\u00eda Educaci\u00f3n:<\/span> <a href=\"https:\/\/www.juntadeandalucia.es\/educacion\/portals\/web\/ced\/comedor-escolar\">https:\/\/www.juntadeandalucia.es\/educacion\/portals\/web\/ced\/comedor-escolar<\/a><\/p>\n<p><a href=\"https:\/\/blogsaverroes.juntadeandalucia.es\/ceippuertadealcala\/files\/2021\/09\/ANEXO-II-SERVICIO-COMEDOR-AULA-MATINAL-Y-ACTIVIDADES-EXTRAESCOLARES.pdf\">ANEXO II SERVICIO COMEDOR, AULA MATINAL Y ACTIVIDADES EXTRAESCOLARES<\/a><\/p>\n<p><a href=\"https:\/\/blogsaverroes.juntadeandalucia.es\/ceippuertadealcala\/files\/2021\/09\/SOLICITUD-BAJA-SERVICIOS-COMPLEMENTARIOS.pdf\">SOLICITUD BAJA SERVICIOS COMPLEMENTARIOS<\/a><\/p>\n<p>&nbsp;<\/p>\n<p>&nbsp;<\/p>\n","protected":false},"excerpt":{"rendered":"<p>El servicio de comedor escolar ofrece comida diaria (dos platos, pan,&nbsp; agua y postre) servida por Mediterr\u00e1nea Cate, contratado por la Junta de Andaluc\u00eda. Los costes diarios de comedor son los siguientes: Sin Subvenci\u00f3n 5,54 \u20ac Subvenciones del 10 %, 18 %, 26 %, 34 %, 42 % y 50 % (seg\u00fan Acuerdo de 7 &hellip; <\/p>\n<p class=\"link-more\"><a href=\"https:\/\/blogsaverroes.juntadeandalucia.es\/ceippuertadealcala\/comedor-escolar-c-e-i-p-puerta-de-alcala\/\" class=\"more-link\">Continuar leyendo<span class=\"screen-reader-text\"> \u00abCOMEDOR ESCOLAR C.E.I.P. PUERTA DE ALCAL\u00c1\u00bb<\/span><\/a><\/p>\n","protected":false},"author":10628,"featured_media":0,"parent":0,"menu_order":0,"comment_status":"closed","ping_status":"closed","template":"","meta":{"ngg_post_thumbnail":0,"footnotes":"","_mc_calendar":[]},"aioseo_notices":[],"_links":{"self":[{"href":"https:\/\/blogsaverroes.juntadeandalucia.es\/ceippuertadealcala\/wp-json\/wp\/v2\/pages\/3221"}],"collection":[{"href":"https:\/\/blogsaverroes.juntadeandalucia.es\/ceippuertadealcala\/wp-json\/wp\/v2\/pages"}],"about":[{"href":"https:\/\/blogsaverroes.juntadeandalucia.es\/ceippuertadealcala\/wp-json\/wp\/v2\/types\/page"}],"author":[{"embeddable":true,"href":"https:\/\/blogsaverroes.juntadeandalucia.es\/ceippuertadealcala\/wp-json\/wp\/v2\/users\/10628"}],"replies":[{"embeddable":true,"href":"https:\/\/blogsaverroes.juntadeandalucia.es\/ceippuertadealcala\/wp-json\/wp\/v2\/comments?post=3221"}],"version-history":[{"count":39,"href":"https:\/\/blogsaverroes.juntadeandalucia.es\/ceippuertadealcala\/wp-json\/wp\/v2\/pages\/3221\/revisions"}],"predecessor-version":[{"id":4409,"href":"https:\/\/blogsaverroes.juntadeandalucia.es\/ceippuertadealcala\/wp-json\/wp\/v2\/pages\/3221\/revisions\/4409"}],"wp:attachment":[{"href":"https:\/\/blogsaverroes.juntadeandalucia.es\/ceippuertadealcala\/wp-json\/wp\/v2\/media?parent=3221"}],"curies":[{"name":"wp","href":"https:\/\/api.w.org\/{rel}","templated":true}]}}