{"id":1053,"date":"2024-01-30T10:14:36","date_gmt":"2024-01-30T09:14:36","guid":{"rendered":"https:\/\/blogsaverroes.juntadeandalucia.es\/ceippurisimaconcepcion\/?page_id=1053"},"modified":"2024-02-19T12:19:09","modified_gmt":"2024-02-19T11:19:09","slug":"equipo-docente-2023-24","status":"publish","type":"page","link":"https:\/\/blogsaverroes.juntadeandalucia.es\/ceippurisimaconcepcion\/equipo-docente-2023-24\/","title":{"rendered":"Equipo docente 2023\/24"},"content":{"rendered":"<p><strong>INFANTIL:<\/strong><br \/>\nVer\u00f3nica Caballero Borja<br \/>\nRosa M\u00aa Garc\u00eda \u00c1vila<br \/>\n\u00c1ngela M\u00aa Palma Murillo<br \/>\nM\u00f3nica Pizarro Garc\u00eda<br \/>\nEsperanza M\u00aa Real Fern\u00e1ndez<\/p>\n<p><strong>PRIMARIA:<\/strong><br \/>\n<strong><em>1\u00ba ciclo:<\/em><\/strong><br \/>\nEncarnaci\u00f3n Arjona S\u00e1nchez<br \/>\nMarta Prieto Torrado<br \/>\nJose Antonio de la Asunci\u00f3n Serrano<br \/>\nLuisa M\u00aa Carranza Torres<br \/>\n<em><strong>2\u00ba ciclo:<\/strong><\/em><br \/>\nSergio Fraile Rom\u00e1n<br \/>\nMacarena P\u00e9rez Molina<br \/>\nLaura \u00c1lvarez \u00c1lvarez<br \/>\nJos\u00e9 Bautista Lamillar<br \/>\nM\u00aa Guadalupe Abril Abril<br \/>\nYolanda Mayo Romero<br \/>\nRosa M\u00aa Rodr\u00edguez Alonso<br \/>\nCynthia Ruz L\u00f3pez Escobar<br \/>\n<em><strong>3\u00ba ciclo:<\/strong><\/em><br \/>\nAna Bel\u00e9n Cruz Moreno<br \/>\nTania Vargas Romero<br \/>\nPedro Jos\u00e9 Barrado Romero<br \/>\nTatiana Ortega Dur\u00e1n<br \/>\nMar\u00eda Ben\u00edtez-Cano Herrera<\/p>\n<p><strong>ESPECIALISTAS:<\/strong><br \/>\nJose Manuel Blanco Mesta<br \/>\nRaquel Cano Bazaga<br \/>\nCarmen Fern\u00e1ndez Pav\u00f3n<br \/>\nDolores Fuentes Cabez\u00f3n<br \/>\nDesire\u00e9 Garc\u00eda P\u00e9rez<br \/>\nJos\u00e9 Miranda Dom\u00ednguez<br \/>\nAna Marie Racoare<br \/>\nM\u00aa Soledad Ramos Farf\u00e1n<br \/>\nRoc\u00edo Reyes Garc\u00eda<\/p>\n","protected":false},"excerpt":{"rendered":"<p>INFANTIL: Ver\u00f3nica Caballero Borja Rosa M\u00aa Garc\u00eda \u00c1vila \u00c1ngela M\u00aa Palma Murillo M\u00f3nica Pizarro Garc\u00eda Esperanza M\u00aa Real Fern\u00e1ndez PRIMARIA: 1\u00ba ciclo: Encarnaci\u00f3n Arjona S\u00e1nchez Marta Prieto Torrado Jose Antonio de la Asunci\u00f3n Serrano Luisa M\u00aa Carranza Torres 2\u00ba ciclo: Sergio Fraile Rom\u00e1n Macarena P\u00e9rez Molina Laura \u00c1lvarez \u00c1lvarez Jos\u00e9 Bautista Lamillar M\u00aa Guadalupe Abril [&hellip;]<\/p>\n","protected":false},"author":8435,"featured_media":0,"parent":0,"menu_order":0,"comment_status":"closed","ping_status":"closed","template":"","meta":{"_et_pb_use_builder":"","_et_pb_old_content":"","_et_gb_content_width":"","footnotes":""},"aioseo_notices":[],"_links":{"self":[{"href":"https:\/\/blogsaverroes.juntadeandalucia.es\/ceippurisimaconcepcion\/wp-json\/wp\/v2\/pages\/1053"}],"collection":[{"href":"https:\/\/blogsaverroes.juntadeandalucia.es\/ceippurisimaconcepcion\/wp-json\/wp\/v2\/pages"}],"about":[{"href":"https:\/\/blogsaverroes.juntadeandalucia.es\/ceippurisimaconcepcion\/wp-json\/wp\/v2\/types\/page"}],"author":[{"embeddable":true,"href":"https:\/\/blogsaverroes.juntadeandalucia.es\/ceippurisimaconcepcion\/wp-json\/wp\/v2\/users\/8435"}],"replies":[{"embeddable":true,"href":"https:\/\/blogsaverroes.juntadeandalucia.es\/ceippurisimaconcepcion\/wp-json\/wp\/v2\/comments?post=1053"}],"version-history":[{"count":2,"href":"https:\/\/blogsaverroes.juntadeandalucia.es\/ceippurisimaconcepcion\/wp-json\/wp\/v2\/pages\/1053\/revisions"}],"predecessor-version":[{"id":1210,"href":"https:\/\/blogsaverroes.juntadeandalucia.es\/ceippurisimaconcepcion\/wp-json\/wp\/v2\/pages\/1053\/revisions\/1210"}],"wp:attachment":[{"href":"https:\/\/blogsaverroes.juntadeandalucia.es\/ceippurisimaconcepcion\/wp-json\/wp\/v2\/media?parent=1053"}],"curies":[{"name":"wp","href":"https:\/\/api.w.org\/{rel}","templated":true}]}}