{"id":1241,"date":"2024-04-02T10:23:33","date_gmt":"2024-04-02T09:23:33","guid":{"rendered":"https:\/\/blogsaverroes.juntadeandalucia.es\/ceippurisimaconcepcion\/?page_id=1241"},"modified":"2024-04-02T10:23:33","modified_gmt":"2024-04-02T09:23:33","slug":"planes-y-proyectos-educativos","status":"publish","type":"page","link":"https:\/\/blogsaverroes.juntadeandalucia.es\/ceippurisimaconcepcion\/planes-y-proyectos-educativos\/","title":{"rendered":"Planes y proyectos educativos"},"content":{"rendered":"<p style=\"text-align: center\"><span style=\"color: #339966;font-size: 18pt\"><strong>PLANES Y PROYECTOS EDUCATIVOS<\/strong><\/span><\/p>\n<p><strong><span style=\"color: #333399\">TRANSFORMACI\u00d3N DIGITAL EDUCATIVA<\/span><\/strong><\/p>\n<p><span style=\"color: #333399\">El programa de Transformaci\u00f3n Digital Educativa (TDE) de la Consejer\u00eda&nbsp;<\/span><span style=\"color: #333399\">&nbsp;de Educaci\u00f3n y Deporte tiene como objetivo la transformaci\u00f3n de los centros<\/span><\/p>\n<p><span style=\"color: #333399\">en organizaciones digitalmente competentes con tres l\u00edneas de actuaci\u00f3n: <\/span><span style=\"color: #333399\">organizativa, pedag\u00f3gica y de comunicaci\u00f3n.<\/span><\/p>\n<p><span style=\"color: #333399\">&nbsp;Coordinadora: D\u00aa Rosa M\u00aa Rodr\u00edguez Alonso<\/span><\/p>\n<p style=\"text-align: center\"><span style=\"color: #333399\"> <img loading=\"lazy\" decoding=\"async\" class=\"alignnone size-medium wp-image-1242\" src=\"https:\/\/blogsaverroes.juntadeandalucia.es\/ceippurisimaconcepcion\/files\/2024\/04\/TDE-300x300.png\" alt=\"\" width=\"300\" height=\"300\" srcset=\"https:\/\/blogsaverroes.juntadeandalucia.es\/ceippurisimaconcepcion\/files\/2024\/04\/TDE.png 300w, https:\/\/blogsaverroes.juntadeandalucia.es\/ceippurisimaconcepcion\/files\/2024\/04\/TDE-150x150.png 150w\" sizes=\"(max-width: 300px) 100vw, 300px\" \/>&nbsp;<\/span><br \/>\n<span style=\"color: #333399\">&nbsp;<\/span><\/p>\n<p style=\"text-align: left\"><strong><span style=\"color: #333399\">APRENDIZAJE-SERVICIO<\/span><\/strong><\/p>\n<p><span style=\"color: #333399\">El Aprendizaje-Servicio es una metodolog\u00eda educativa que combina el curr\u00edculo acad\u00e9mico con el servicio comunitario, frecuentemente juvenil. Como metodolog\u00eda pedag\u00f3gica entra dentro de la filosof\u00eda de la educaci\u00f3n experiencial; m\u00e1s espec\u00edficamente integra el servicio comunitario con la educaci\u00f3n y el autoconocimiento como v\u00eda para enriquecer la experiencia educativa, ense\u00f1ar civismo, animar a una implicaci\u00f3n social durante toda la vida, y fortalecer el bien com\u00fan de las comunidades. Se suelen abreviar con las siglas ApS (aprendizaje-servicio) o AySS (aprendizaje y servicio solidario).<\/span><\/p>\n<p><span style=\"color: #333399\">Coordinadora: D\u00aa Ver\u00f3nica Caballero Borja<\/span><\/p>\n<p><img loading=\"lazy\" decoding=\"async\" class=\"alignnone size-full wp-image-1200 aligncenter\" src=\"https:\/\/blogsaverroes.juntadeandalucia.es\/ceippurisimaconcepcion\/files\/2024\/02\/Red-Andaluza-Aprendizaje.png\" alt=\"\" width=\"250\" height=\"250\" srcset=\"https:\/\/blogsaverroes.juntadeandalucia.es\/ceippurisimaconcepcion\/files\/2024\/02\/Red-Andaluza-Aprendizaje.png 250w, https:\/\/blogsaverroes.juntadeandalucia.es\/ceippurisimaconcepcion\/files\/2024\/02\/Red-Andaluza-Aprendizaje-150x150.png 150w\" sizes=\"(max-width: 250px) 100vw, 250px\" \/><strong><span style=\"color: #333399\">PROGRAMA CIMA<\/span><\/strong><\/p>\n<p><span style=\"color: #333399\">Se trata de una herramienta pedag\u00f3gica para impulsar la innovaci\u00f3n y transformaci\u00f3n del proyecto educativo del centro desde el an\u00e1lisis, reflexi\u00f3n y evaluaci\u00f3n participativa garantizando la mejora continua y la personalizaci\u00f3n de los procesos seg\u00fan los centros de inter\u00e9s y necesidades del centro.<\/span><\/p>\n<p><span style=\"color: #333399\">El Programa CIMA surge con la misi\u00f3n de promover:<\/span><\/p>\n<p><span style=\"color: #333399\">\u00b7&nbsp;&nbsp;&nbsp;&nbsp;&nbsp;&nbsp;&nbsp; El fomento y la coordinaci\u00f3n de la innovaci\u00f3n educativa a trav\u00e9s de proyectos integrales de transformaci\u00f3n y mejora de los aprendizajes.<\/span><\/p>\n<p><span style=\"color: #333399\">\u00b7&nbsp;&nbsp;&nbsp;&nbsp;&nbsp;&nbsp;&nbsp; La gesti\u00f3n, coordinaci\u00f3n e integraci\u00f3n de las actuaciones y estrategias relativas a la innovaci\u00f3n educativa.<\/span><\/p>\n<p><span style=\"color: #333399\">\u00b7&nbsp;&nbsp;&nbsp;&nbsp;&nbsp;&nbsp;&nbsp; La colaboraci\u00f3n y coordinaci\u00f3n con las instituciones competentes a nivel auton\u00f3mico, nacional e internacional en las tem\u00e1ticas relacionadas con los diferentes \u00e1mbitos de conocimiento y actuaci\u00f3n.<\/span><\/p>\n<p><span style=\"color: #333399\">\u00b7&nbsp;&nbsp;&nbsp;&nbsp;&nbsp;&nbsp;&nbsp; La selecci\u00f3n, el reconocimiento y la difusi\u00f3n de pr\u00e1cticas educativas innovadoras.<\/span><\/p>\n<p><span style=\"color: #333399\">Coordinadora: D\u00aa Rosa M\u00aa Garc\u00eda \u00c1vila<\/span><\/p>\n<p><img loading=\"lazy\" decoding=\"async\" class=\"alignnone size-full wp-image-1243 aligncenter\" src=\"https:\/\/blogsaverroes.juntadeandalucia.es\/ceippurisimaconcepcion\/files\/2024\/04\/CIMA.png\" alt=\"\" width=\"300\" height=\"139\"><\/p>\n<p><span style=\"color: #333399\">&nbsp;<\/span><\/p>\n<p><strong><span style=\"color: #333399\">RED ANDALUZA ESCUELA ESPACIO DE PAZ<\/span><\/strong><\/p>\n<p><span style=\"color: #333399\">Este plan se&nbsp; suma a las iniciativas de Naciones Unidas en el marco del Decenio de Cultura de Paz y No Violencia. Nuestro Centro desarrolla el Proyecto \u201cSomos diferentes, no indiferentes\u201d enfocado a prevenir el acoso escolar&nbsp; mediante acciones globales dirigidas a todos los alumnos. Se pretende influir en el grupo para que ellos mismos no fomenten estas situaciones y las corrijan en caso de producirse.<\/span><\/p>\n<p><span style=\"color: #333399\">Coordinadora: D\u00aa Dolores Fuentes Cabez\u00f3n<\/span><\/p>\n<p><img loading=\"lazy\" decoding=\"async\" class=\"alignnone size-full wp-image-1199 aligncenter\" src=\"https:\/\/blogsaverroes.juntadeandalucia.es\/ceippurisimaconcepcion\/files\/2024\/02\/Red-Andaluza.png\" alt=\"\" width=\"250\" height=\"250\" srcset=\"https:\/\/blogsaverroes.juntadeandalucia.es\/ceippurisimaconcepcion\/files\/2024\/02\/Red-Andaluza.png 250w, https:\/\/blogsaverroes.juntadeandalucia.es\/ceippurisimaconcepcion\/files\/2024\/02\/Red-Andaluza-150x150.png 150w\" sizes=\"(max-width: 250px) 100vw, 250px\" \/><strong><span style=\"color: #333399\">PLAN DE SALUD LABORAL Y PREVENCI\u00d3N DE RIESGOS LABORALES<\/span><\/strong><\/p>\n<p><span style=\"color: #333399\">EI I Plan Andaluz de Salud Laboral y Prevenci\u00f3n de Riesgos Laborales del personal docente de los Centros P\u00fablicos dependientes de la Consejer\u00eda de Educaci\u00f3n es un instrumento de planificaci\u00f3n de la actividad preventiva en los centros y se fundamenta en objetivos tales como: &nbsp;Implantar una cultura preventiva en la sociedad andaluza, actualizar y revisar la normativa vigente, impulsar el tratamiento de las materias preventivas en los diferentes niveles educativos y formativos, profundizar en la mejora de la coordinaci\u00f3n administrativa sobre la salud laboral y la prevenci\u00f3n de riesgos laborales, desarrollar la participaci\u00f3n\/compromiso de los agentes sociales, desarrollar programas preventivos espec\u00edficos e impulsar acciones preventivas en la Administraci\u00f3n educativa de la Junta de Andaluc\u00eda.<\/span><\/p>\n<p><span style=\"color: #333399\">Coordinadora: D\u00aa Laura \u00c1lvarez \u00c1lvarez<\/span><\/p>\n<p><img loading=\"lazy\" decoding=\"async\" class=\"alignnone size-medium wp-image-1244 aligncenter\" src=\"https:\/\/blogsaverroes.juntadeandalucia.es\/ceippurisimaconcepcion\/files\/2024\/04\/LABORAL-300x300.jpg\" alt=\"\" width=\"300\" height=\"300\" srcset=\"https:\/\/blogsaverroes.juntadeandalucia.es\/ceippurisimaconcepcion\/files\/2024\/04\/LABORAL-300x300.jpg 300w, https:\/\/blogsaverroes.juntadeandalucia.es\/ceippurisimaconcepcion\/files\/2024\/04\/LABORAL-150x150.jpg 150w, https:\/\/blogsaverroes.juntadeandalucia.es\/ceippurisimaconcepcion\/files\/2024\/04\/LABORAL.jpg 400w\" sizes=\"(max-width: 300px) 100vw, 300px\" \/><\/p>\n<p><strong><span style=\"color: #333399\">&nbsp;<\/span><span style=\"color: #333399\">PLAN DE LECTURA Y BIBLIOTECA<\/span><\/strong><\/p>\n<p><span style=\"color: #333399\">La finalidad de este plan es crear y fomentar el h\u00e1bito de la lectura y el gusto de leer y aprender a utilizar las bibliotecas.<\/span><\/p>\n<p><span style=\"color: #333399\">Coordinadora: \u00c1ngela M\u00aa Palma Murillo<\/span><\/p>\n<p><img loading=\"lazy\" decoding=\"async\" class=\"alignnone size-full wp-image-1245 aligncenter\" src=\"https:\/\/blogsaverroes.juntadeandalucia.es\/ceippurisimaconcepcion\/files\/2024\/04\/LECTOR.jpg\" alt=\"\" width=\"225\" height=\"224\" srcset=\"https:\/\/blogsaverroes.juntadeandalucia.es\/ceippurisimaconcepcion\/files\/2024\/04\/LECTOR.jpg 225w, https:\/\/blogsaverroes.juntadeandalucia.es\/ceippurisimaconcepcion\/files\/2024\/04\/LECTOR-150x150.jpg 150w\" sizes=\"(max-width: 225px) 100vw, 225px\" \/><\/p>\n<p><span style=\"color: #333399\">&nbsp;<\/span><\/p>\n<p><strong><span style=\"color: #333399\">M\u00c1S DEPORTE<\/span><\/strong><\/p>\n<p><span style=\"color: #333399\">Programa que se proyecta como veh\u00edculo de iniciaci\u00f3n y promoci\u00f3n deportiva. La finalidad principal es realizar una oferta multideportiva, en horario no lectivo, con la intenci\u00f3n de fomentar el deporte en edad escolar, promocionando la educaci\u00f3n en valores y el desarrollo pleno e integral de la personalidad del&nbsp;alumnado<\/span><\/p>\n<p><span style=\"color: #333399\">Coordinadora: D\u00aa Ver\u00f3nica Caballero Borja<\/span><\/p>\n<p><img loading=\"lazy\" decoding=\"async\" class=\"alignnone size-full wp-image-1246 aligncenter\" src=\"https:\/\/blogsaverroes.juntadeandalucia.es\/ceippurisimaconcepcion\/files\/2024\/04\/DEPORTE.png\" alt=\"\" width=\"259\" height=\"195\"><\/p>\n<p><span style=\"color: #333399\">&nbsp;<\/span><strong><span style=\"color: #333399\">PRACTICUM GRADO MAESTRO<\/span><\/strong><\/p>\n<p><span style=\"color: #333399\">Participaci\u00f3n en el Practicum Universitario tutorizando a alumnado de la titulaci\u00f3n de Grado de Maestro de Educaci\u00f3n Primaria y Educaci\u00f3n Infantil.<\/span><\/p>\n<p><span style=\"color: #333399\">Coordinadora: D\u00aa Raquel Cano Bazaga<\/span><\/p>\n<p><img loading=\"lazy\" decoding=\"async\" class=\"alignnone size-full wp-image-1201 aligncenter\" src=\"https:\/\/blogsaverroes.juntadeandalucia.es\/ceippurisimaconcepcion\/files\/2024\/02\/Universidad-Sevilla.png\" alt=\"\" width=\"250\" height=\"250\" srcset=\"https:\/\/blogsaverroes.juntadeandalucia.es\/ceippurisimaconcepcion\/files\/2024\/02\/Universidad-Sevilla.png 250w, https:\/\/blogsaverroes.juntadeandalucia.es\/ceippurisimaconcepcion\/files\/2024\/02\/Universidad-Sevilla-150x150.png 150w\" sizes=\"(max-width: 250px) 100vw, 250px\" \/><strong><span style=\"color: #333399\">PREVENCI\u00d3N VIOLENCIA DE G\u00c9NERO<\/span><\/strong><br \/>\n<span style=\"color: #333399\">El Proyecto de&nbsp;\u201cPrevenci\u00f3n de la Violencia de G\u00e9nero\u201d,&nbsp;dentro del Pacto de Estado,&nbsp;desarrolla&nbsp;actuaciones y medidas preventivas en materia de violencia de g\u00e9nero y &nbsp;su relaci\u00f3n con las competencias clave. Se desarrollar\u00e1 durante cada curso escolar en los que se publique la convocatoria.&nbsp;<\/span><\/p>\n<p><span style=\"color: #333399\">Coordinadora: D\u00aa Yolanda Mayo Romero<\/span><\/p>\n<p><strong><img loading=\"lazy\" decoding=\"async\" class=\"alignnone size-full wp-image-1198 aligncenter\" src=\"https:\/\/blogsaverroes.juntadeandalucia.es\/ceippurisimaconcepcion\/files\/2024\/02\/Pacto-Estado.png\" alt=\"\" width=\"250\" height=\"250\" srcset=\"https:\/\/blogsaverroes.juntadeandalucia.es\/ceippurisimaconcepcion\/files\/2024\/02\/Pacto-Estado.png 250w, https:\/\/blogsaverroes.juntadeandalucia.es\/ceippurisimaconcepcion\/files\/2024\/02\/Pacto-Estado-150x150.png 150w\" sizes=\"(max-width: 250px) 100vw, 250px\" \/><span style=\"color: #333399\">PLAN DE IGUALDAD<\/span><\/strong><br \/>\n<span style=\"color: #333399\">El&nbsp;I Plan de Igualdad entre Hombres y Mujeres en Educaci\u00f3n&nbsp;tiene como objetivo crear, impulsar y coordinar medidas y actuaciones de diversa \u00edndole que favorezcan el establecimiento en los contextos educativos de las condiciones necesarias para que la igualdad entre hombres y mujeres sea una realidad.<\/span><\/p>\n<p><span style=\"color: #333399\">Coordinadora: D\u00aa Yolanda Mayo Romero<\/span><\/p>\n<p><img loading=\"lazy\" decoding=\"async\" class=\"alignnone size-medium wp-image-1247 aligncenter\" src=\"https:\/\/blogsaverroes.juntadeandalucia.es\/ceippurisimaconcepcion\/files\/2024\/04\/igualdad-236x300.jpg\" alt=\"\" width=\"236\" height=\"300\" srcset=\"https:\/\/blogsaverroes.juntadeandalucia.es\/ceippurisimaconcepcion\/files\/2024\/04\/igualdad-236x300.jpg 236w, https:\/\/blogsaverroes.juntadeandalucia.es\/ceippurisimaconcepcion\/files\/2024\/04\/igualdad.jpg 290w\" sizes=\"(max-width: 236px) 100vw, 236px\" \/><\/p>\n<p style=\"text-align: left\"><strong><span style=\"color: #333399\">RECURSO CONRED ANDALUC\u00cdA<\/span><\/strong><br \/>\n<span style=\"color: #333399\">El recurso ConRed Andaluc\u00eda de prevenci\u00f3n del acoso escolar y ciberacoso tiene un enfoque esencialmente preventivo y de promoci\u00f3n de la convivenciapositiva, para contribuir a la mejora del clima de convivencia en los centros educativos y favorecer el desarrollo personal y social del alumnado.<\/span><\/p>\n<p><span style=\"color: #333399\">Coordinadora: D\u00aa Ver\u00f3nica Caballero Borja<\/span><\/p>\n<p><img loading=\"lazy\" decoding=\"async\" class=\"alignnone size-full wp-image-1248 aligncenter\" src=\"https:\/\/blogsaverroes.juntadeandalucia.es\/ceippurisimaconcepcion\/files\/2024\/04\/CONRED.png\" alt=\"\" width=\"300\" height=\"164\"><\/p>\n<p><strong><span style=\"color: #333399\">LA BANDA EN TU COLE<\/span><\/strong><br \/>\n<span style=\"color: #333399\">Para la Consejer\u00eda de Desarrollo Educativo y Formaci\u00f3n Profesional esta oportunidad de aportar materiales audiovisuales a La Banda en tu Cole es un excepcional instrumento para dar difusi\u00f3n y presentar buenas pr\u00e1cticas que se est\u00e1n desarrollando en los centros educativos andaluces, espec\u00edficamente las l\u00edneas de actuaci\u00f3n vinculadas con el Programa para la Innovaci\u00f3n y la Mejora del Aprendizaje, Programa CIMA, siempre adapt\u00e1ndolas necesariamente al formato y concepto de este espacio televisivo.<\/span><\/p>\n<p><span style=\"color: #333399\">El proyecto es, especialmente, una excelente herramienta para desarrollar en los centros andaluces estrategias de alfabetizaci\u00f3n medi\u00e1tica y audiovisual, reforzando a su vez los contenidos del curr\u00edculo gracias a su marcado car\u00e1cter transversal.<\/span><\/p>\n<p><span style=\"color: #333399\">Por \u00faltimo, el proyecto La Banda en tu Cole es una ventana a la innovaci\u00f3n educativa por la infinidad de posibilidades que ofrece para trabajar las competencias de forma diferente.<\/span><\/p>\n<p><strong><img loading=\"lazy\" decoding=\"async\" class=\"alignnone size-full wp-image-1249 aligncenter\" src=\"https:\/\/blogsaverroes.juntadeandalucia.es\/ceippurisimaconcepcion\/files\/2024\/04\/BANDA.jpg\" alt=\"\" width=\"297\" height=\"300\"><span style=\"color: #333399\">PLAN DE APERTURA DE LOS CENTROS DOCENTES<\/span><\/strong><br \/>\n<span style=\"color: #333399\">Ofrecer medidas de apoyo a las familias a trav\u00e9s de la oferta de los servicios complementarios de aula matinal, comedor y actividades extraescolares que les permita conciliar la vida laboral y familiar y a la vez contribuir a la formaci\u00f3n integral del alumnado.&nbsp;<\/span><\/p>\n<p><span style=\"color: #333399\">Coordinadora:&nbsp;D\u00aa&nbsp;Ver\u00f3nica Caballero Borja<\/span><\/p>\n<p><img loading=\"lazy\" decoding=\"async\" class=\"alignnone size-full wp-image-1250 aligncenter\" src=\"https:\/\/blogsaverroes.juntadeandalucia.es\/ceippurisimaconcepcion\/files\/2024\/04\/APERTURA.jpg\" alt=\"\" width=\"225\" height=\"225\" srcset=\"https:\/\/blogsaverroes.juntadeandalucia.es\/ceippurisimaconcepcion\/files\/2024\/04\/APERTURA.jpg 225w, https:\/\/blogsaverroes.juntadeandalucia.es\/ceippurisimaconcepcion\/files\/2024\/04\/APERTURA-150x150.jpg 150w\" sizes=\"(max-width: 225px) 100vw, 225px\" \/><\/p>\n<p><span style=\"color: #333399\">&nbsp;<\/span><br \/>\n<span style=\"color: #333399\">&nbsp;<\/span><\/p>\n","protected":false},"excerpt":{"rendered":"<p>PLANES Y PROYECTOS EDUCATIVOS TRANSFORMACI\u00d3N DIGITAL EDUCATIVA El programa de Transformaci\u00f3n Digital Educativa (TDE) de la Consejer\u00eda&nbsp;&nbsp;de Educaci\u00f3n y Deporte tiene como objetivo la transformaci\u00f3n de los centros en organizaciones digitalmente competentes con tres l\u00edneas de actuaci\u00f3n: organizativa, pedag\u00f3gica y de comunicaci\u00f3n. &nbsp;Coordinadora: D\u00aa Rosa M\u00aa Rodr\u00edguez Alonso &nbsp; &nbsp; APRENDIZAJE-SERVICIO El Aprendizaje-Servicio es una [&hellip;]<\/p>\n","protected":false},"author":8435,"featured_media":0,"parent":0,"menu_order":0,"comment_status":"closed","ping_status":"closed","template":"","meta":{"_et_pb_use_builder":"","_et_pb_old_content":"","_et_gb_content_width":"","footnotes":""},"aioseo_notices":[],"_links":{"self":[{"href":"https:\/\/blogsaverroes.juntadeandalucia.es\/ceippurisimaconcepcion\/wp-json\/wp\/v2\/pages\/1241"}],"collection":[{"href":"https:\/\/blogsaverroes.juntadeandalucia.es\/ceippurisimaconcepcion\/wp-json\/wp\/v2\/pages"}],"about":[{"href":"https:\/\/blogsaverroes.juntadeandalucia.es\/ceippurisimaconcepcion\/wp-json\/wp\/v2\/types\/page"}],"author":[{"embeddable":true,"href":"https:\/\/blogsaverroes.juntadeandalucia.es\/ceippurisimaconcepcion\/wp-json\/wp\/v2\/users\/8435"}],"replies":[{"embeddable":true,"href":"https:\/\/blogsaverroes.juntadeandalucia.es\/ceippurisimaconcepcion\/wp-json\/wp\/v2\/comments?post=1241"}],"version-history":[{"count":1,"href":"https:\/\/blogsaverroes.juntadeandalucia.es\/ceippurisimaconcepcion\/wp-json\/wp\/v2\/pages\/1241\/revisions"}],"predecessor-version":[{"id":1251,"href":"https:\/\/blogsaverroes.juntadeandalucia.es\/ceippurisimaconcepcion\/wp-json\/wp\/v2\/pages\/1241\/revisions\/1251"}],"wp:attachment":[{"href":"https:\/\/blogsaverroes.juntadeandalucia.es\/ceippurisimaconcepcion\/wp-json\/wp\/v2\/media?parent=1241"}],"curies":[{"name":"wp","href":"https:\/\/api.w.org\/{rel}","templated":true}]}}