{"id":40,"date":"2020-01-10T09:33:33","date_gmt":"2020-01-10T08:33:33","guid":{"rendered":"http:\/\/blogsaverroes.juntadeandalucia.es\/pre\/nuevoies2v2\/?page_id=40"},"modified":"2026-03-04T10:46:50","modified_gmt":"2026-03-04T09:46:50","slug":"comedor-escolar","status":"publish","type":"page","link":"https:\/\/blogsaverroes.juntadeandalucia.es\/ceipquintocentenario\/comedor-escolar\/","title":{"rendered":"Comedor escolar"},"content":{"rendered":"<p><a href=\"https:\/\/blogsaverroes.juntadeandalucia.es\/ceipquintocentenario\/files\/2026\/01\/BASAL_CCS-COMERTEL-enero.pdf\">Men\u00fa enero 2026.<\/a><\/p>\n<p><a href=\"https:\/\/blogsaverroes.juntadeandalucia.es\/ceipquintocentenario\/files\/2026\/02\/FEBRERO_BASAL_COMPLETO-COMERTEL.pdf\">Men\u00fa febrero 2026.<\/a><\/p>\n<p><a href=\"https:\/\/blogsaverroes.juntadeandalucia.es\/ceipquintocentenario\/files\/2026\/03\/BASAL_MARZO-COMERTEL.pdf\">Men\u00fa marzo 2026.<\/a><\/p>\n<p>Para m\u00e1 informaci\u00f3n sobre el servicio de Comedor pod\u00e9is visitar <a href=\"http:\/\/elgustodecrecer.comertel.es\">elgustodecrecer.comertel.es<\/a><\/p>\n<p>Para contactar con la empresa COMERTEL existe el siguiente correo electr\u00f3nico: andaluciafacturacion@aramark.es<\/p>\n","protected":false},"excerpt":{"rendered":"<p>Men\u00fa enero 2026. Men\u00fa febrero 2026. Men\u00fa marzo 2026. Para m\u00e1 informaci\u00f3n sobre el servicio de Comedor pod\u00e9is visitar elgustodecrecer.comertel.es Para contactar con la empresa COMERTEL existe el siguiente correo electr\u00f3nico: andaluciafacturacion@aramark.es<\/p>\n","protected":false},"author":7051,"featured_media":0,"parent":0,"menu_order":0,"comment_status":"closed","ping_status":"closed","template":"","meta":{"_et_pb_use_builder":"off","_et_pb_old_content":"","_et_gb_content_width":"","ngg_post_thumbnail":0,"footnotes":""},"aioseo_notices":[],"_links":{"self":[{"href":"https:\/\/blogsaverroes.juntadeandalucia.es\/ceipquintocentenario\/wp-json\/wp\/v2\/pages\/40"}],"collection":[{"href":"https:\/\/blogsaverroes.juntadeandalucia.es\/ceipquintocentenario\/wp-json\/wp\/v2\/pages"}],"about":[{"href":"https:\/\/blogsaverroes.juntadeandalucia.es\/ceipquintocentenario\/wp-json\/wp\/v2\/types\/page"}],"author":[{"embeddable":true,"href":"https:\/\/blogsaverroes.juntadeandalucia.es\/ceipquintocentenario\/wp-json\/wp\/v2\/users\/7051"}],"replies":[{"embeddable":true,"href":"https:\/\/blogsaverroes.juntadeandalucia.es\/ceipquintocentenario\/wp-json\/wp\/v2\/comments?post=40"}],"version-history":[{"count":15,"href":"https:\/\/blogsaverroes.juntadeandalucia.es\/ceipquintocentenario\/wp-json\/wp\/v2\/pages\/40\/revisions"}],"predecessor-version":[{"id":910,"href":"https:\/\/blogsaverroes.juntadeandalucia.es\/ceipquintocentenario\/wp-json\/wp\/v2\/pages\/40\/revisions\/910"}],"wp:attachment":[{"href":"https:\/\/blogsaverroes.juntadeandalucia.es\/ceipquintocentenario\/wp-json\/wp\/v2\/media?parent=40"}],"curies":[{"name":"wp","href":"https:\/\/api.w.org\/{rel}","templated":true}]}}