{"id":574,"date":"2025-02-05T12:25:21","date_gmt":"2025-02-05T11:25:21","guid":{"rendered":"https:\/\/blogsaverroes.juntadeandalucia.es\/ceipquintocentenario\/?page_id=574"},"modified":"2025-10-17T10:05:10","modified_gmt":"2025-10-17T09:05:10","slug":"organos-de-gobierno","status":"publish","type":"page","link":"https:\/\/blogsaverroes.juntadeandalucia.es\/ceipquintocentenario\/organos-de-gobierno\/","title":{"rendered":"\u00d3rganos de Gobierno"},"content":{"rendered":"<p><strong>CONSEJO ESCOLAR.<\/strong><\/p>\n<p>Equipo Directivo:<\/p>\n<ul>\n<li>Directora: Catalina M\u00e1rquez Rodr\u00edguez.<\/li>\n<li>Jefa de Estudios: M\u00aa del Mar Fern\u00e1ndez Mart\u00edn.<\/li>\n<li>Secretario: Claudio Acosta Ferrero.<\/li>\n<\/ul>\n<p>&nbsp;<\/p>\n<p>Profesorado:<\/p>\n<ul>\n<li>Noelia Cort\u00e9s Romero.<\/li>\n<li>Jos\u00e9 Manuel Medina Monsalves.<\/li>\n<li>Miguel \u00c1ngel Mora Ram\u00edrez.<\/li>\n<li>Mar\u00eda Roc\u00edo P\u00e9rez P\u00e9rez.<\/li>\n<li>Juana Ram\u00edrez Gonz\u00e1lez.<\/li>\n<li>Dolores S\u00e1nchez Moreno.<\/li>\n<\/ul>\n<p>&nbsp;<\/p>\n<p>Padres\/madres:<\/p>\n<ul>\n<li>M\u00aa Sandra Albacete Carranza.<\/li>\n<li>Eva Bravo Fern\u00e1ndez.<\/li>\n<li>Virginia Ciria Rodr\u00edguez.<\/li>\n<li>Glenda Patricia Irias S\u00e1nchez<\/li>\n<li>Almudena Manota Mateo.<\/li>\n<li>M\u00edriam Y\u00e1nez Cort\u00e9s.<\/li>\n<\/ul>\n<p>&nbsp;<\/p>\n<p>Ayuntamiento:<\/p>\n<ul>\n<li>Rosa M\u00aa Pousada P\u00e9rez.<\/li>\n<\/ul>\n<p>&nbsp;<\/p>\n<p><strong>CLAUSTRO DE PROFESORADO.<\/strong><\/p>\n<p>Educaci\u00f3n Infantil:<\/p>\n<ul>\n<li>I3: Susana Andivia M\u00e9rida<\/li>\n<li>I4:Raquel Rodr\u00edguez Marcelino.<\/li>\n<li>I5: Yolanda M\u00e1rquez Garc\u00eda.<\/li>\n<\/ul>\n<p>&nbsp;<\/p>\n<p>Educaci\u00f3n Primaria:<\/p>\n<ul>\n<li>Primero: Noelia Cort\u00e9s Romero.<\/li>\n<li>Segundo: Mar\u00eda Gonz\u00e1lez Rivas.<\/li>\n<li>Tercero: Sebasti\u00e1n Gonz\u00e1lez Rodr\u00edguez.<\/li>\n<li>Cuarto: M\u00aa Dolores Lozano \u00c1rias.<\/li>\n<li>Quinto: Miguel \u00c1ngel Mora Ram\u00edrez.<\/li>\n<li>Sexto: M\u00aa Roc\u00edo P\u00e9rez P\u00e9rez.<\/li>\n<\/ul>\n<p>&nbsp;<\/p>\n<p>Especialistas:<\/p>\n<ul>\n<li>Ingl\u00e9s: Alba V\u00e1zquez Solbes.<\/li>\n<li>Franc\u00e9s: Miguel \u00c1ngel Mora Ram\u00edrez.<\/li>\n<li>E. F\u00edsica: Jos\u00e9 Manuel Medina Monsalves.<\/li>\n<li>M\u00fasica: Claudio Acosta Ferrero.<\/li>\n<li>Transformaci\u00f3n social: Guadalupe del Roc\u00edo G\u00f3mez Dom\u00ednguez.<\/li>\n<li>Orientadora ZTS: M\u00aa Dolores Rodr\u00edguez P\u00e9rez.<\/li>\n<li>Religi\u00f3n Cat\u00f3lica: Gemma de la Hoz V\u00e1zquez.<\/li>\n<li>REL Infantil: Manuel L. Padilla Gordillo.<\/li>\n<li>Religi\u00f3n Evang\u00e9lica: Esther Puga Romero.<\/li>\n<\/ul>\n<p>&nbsp;<\/p>\n<p>PT y AL:<\/p>\n<ul>\n<li>Unidad Espec\u00edfica: Sara Gal\u00e1n R\u00edos \/ Manuela Garc\u00eda Mart\u00edn.<\/li>\n<li>Dolores S\u00e1nchez Moreno.<\/li>\n<li>M\u00aa del Rosario Jim\u00e9nez S\u00e1nchez.<\/li>\n<li>Catalina M\u00e1rquez Rodr\u00edguez \/ Macarena Gonz\u00e1lez Castelo.<\/li>\n<li>Mar\u00eda Carmen Ortega G\u00f3mez.<\/li>\n<li>Juana Ram\u00edrez Gonz\u00e1lez.<\/li>\n<li>Esperanza V\u00e1zquez Toscano.<\/li>\n<\/ul>\n<p>&nbsp;<\/p>\n","protected":false},"excerpt":{"rendered":"<p>CONSEJO ESCOLAR. Equipo Directivo: Directora: Catalina M\u00e1rquez Rodr\u00edguez. Jefa de Estudios: M\u00aa del Mar Fern\u00e1ndez Mart\u00edn. Secretario: Claudio Acosta Ferrero. &nbsp; Profesorado: Noelia Cort\u00e9s Romero. Jos\u00e9 Manuel Medina Monsalves. Miguel \u00c1ngel Mora Ram\u00edrez. Mar\u00eda Roc\u00edo P\u00e9rez P\u00e9rez. Juana Ram\u00edrez Gonz\u00e1lez. Dolores S\u00e1nchez Moreno. &nbsp; Padres\/madres: M\u00aa Sandra Albacete Carranza. Eva Bravo Fern\u00e1ndez. Virginia Ciria Rodr\u00edguez. [&hellip;]<\/p>\n","protected":false},"author":20579,"featured_media":0,"parent":0,"menu_order":0,"comment_status":"closed","ping_status":"closed","template":"","meta":{"_et_pb_use_builder":"","_et_pb_old_content":"","_et_gb_content_width":"","ngg_post_thumbnail":0,"footnotes":""},"aioseo_notices":[],"_links":{"self":[{"href":"https:\/\/blogsaverroes.juntadeandalucia.es\/ceipquintocentenario\/wp-json\/wp\/v2\/pages\/574"}],"collection":[{"href":"https:\/\/blogsaverroes.juntadeandalucia.es\/ceipquintocentenario\/wp-json\/wp\/v2\/pages"}],"about":[{"href":"https:\/\/blogsaverroes.juntadeandalucia.es\/ceipquintocentenario\/wp-json\/wp\/v2\/types\/page"}],"author":[{"embeddable":true,"href":"https:\/\/blogsaverroes.juntadeandalucia.es\/ceipquintocentenario\/wp-json\/wp\/v2\/users\/20579"}],"replies":[{"embeddable":true,"href":"https:\/\/blogsaverroes.juntadeandalucia.es\/ceipquintocentenario\/wp-json\/wp\/v2\/comments?post=574"}],"version-history":[{"count":9,"href":"https:\/\/blogsaverroes.juntadeandalucia.es\/ceipquintocentenario\/wp-json\/wp\/v2\/pages\/574\/revisions"}],"predecessor-version":[{"id":865,"href":"https:\/\/blogsaverroes.juntadeandalucia.es\/ceipquintocentenario\/wp-json\/wp\/v2\/pages\/574\/revisions\/865"}],"wp:attachment":[{"href":"https:\/\/blogsaverroes.juntadeandalucia.es\/ceipquintocentenario\/wp-json\/wp\/v2\/media?parent=574"}],"curies":[{"name":"wp","href":"https:\/\/api.w.org\/{rel}","templated":true}]}}