{"id":2320,"date":"2019-02-23T11:33:48","date_gmt":"2019-02-23T11:33:48","guid":{"rendered":"https:\/\/blogsaverroes.juntadeandalucia.es\/ceiprafaelalbertidh\/?page_id=2320"},"modified":"2025-10-22T09:02:26","modified_gmt":"2025-10-22T07:02:26","slug":"personal-del-centro","status":"publish","type":"page","link":"https:\/\/blogsaverroes.juntadeandalucia.es\/ceiprafaelalbertidh\/personal-del-centro\/","title":{"rendered":"Personal del Centro"},"content":{"rendered":"<h1 style=\"text-align: center\"><strong>PROFESORADO Y P.A.S.<\/strong><\/h1>\n<h5>&nbsp;<\/h5>\n<h5><strong>TUTOR\u00cdAS DE EDUCACI\u00d3N INFANTIL<\/strong><\/h5>\n<h5><strong>Infantil 3 a\u00f1os A:<\/strong><strong> D\u00aa Claudia <\/strong><strong>Garc\u00eda Jim\u00e9nez<\/strong><\/h5>\n<h5><strong>Infantil 3 a\u00f1os B:&nbsp;<\/strong>D\u00aa Vanesa Caballero Cruz<\/h5>\n<h5><strong>Infantil 4 a\u00f1os A: <\/strong>D\u00aa Mar\u00eda Dolores Brenes Rojas<\/h5>\n<h5><strong>Infantil 4 a\u00f1os B:<\/strong> D. Francisco, Guadix L\u00f3pez<\/h5>\n<h5><strong>Infantil 5 a\u00f1os A:<\/strong> D\u00aa M\u00aa del Carmen Trujillo Fern\u00e1ndez.<\/h5>\n<h5><strong>Infantil 5 a\u00f1os B:<\/strong> D\u00aa M\u00aa del Carmen D\u00edaz Mu\u00f1oz.<\/h5>\n<h5>&nbsp;<\/h5>\n<h5><strong>Apoyo infantil:<\/strong> Eva Amelia Ram\u00edrez Ruiz y D. Santiago J. Capit\u00e1n P\u00e9rez<\/h5>\n<h5>&nbsp;<\/h5>\n<h5><strong>TUTOR\u00cdAS DE PRIMARIA<\/strong><\/h5>\n<h5><strong>1\u00ba A:<\/strong> D\u00aa M\u00aa Luisa Honrubia Moriano<\/h5>\n<h5><strong>2\u00ba A:<\/strong> D\u00aa Sigrid Gonz\u00e1lez Mesa&nbsp;<\/h5>\n<h5><strong>2\u00ba B:<\/strong> D\u00aa Silvia Barrio Reyes<\/h5>\n<h5><strong>2\u00ba C:<\/strong> D\u00aa Consolaci\u00f3n Amaya Cabrera<\/h5>\n<h5><strong>3\u00ba A:<\/strong> D\u00aa M\u00aa del Mar Villar Castillo<\/h5>\n<h5><strong>3\u00ba B:<\/strong> D\u00aa Macarena Gil Rueda<\/h5>\n<h5><strong>4\u00ba A:<\/strong> D\u00aa Silvia Gonz\u00e1lez Cosano<\/h5>\n<h5><strong>4\u00ba B: <\/strong>D\u00aa Alicia Ruiz Mateo<\/h5>\n<h5><strong>4\u00ba C:<\/strong> D\u00aa M\u00aa del Mar Rodr\u00edguez Mej\u00edas<\/h5>\n<h5><strong>5\u00ba A: <\/strong>D\u00aa Ver\u00f3nica Gallego Magari\u00f1o<\/h5>\n<h5><strong>5\u00ba B: <\/strong>D\u00aa \u00c1ngela T. P\u00e9rez Gonz\u00e1lez<\/h5>\n<h5><strong>6\u00ba A:<\/strong> D\u00aa Raquel Le\u00f3n D\u00edaz<\/h5>\n<h5><strong>6\u00ba B:<\/strong> D\u00aa Ana Trabazos Haurie<\/h5>\n<h5>&nbsp;<\/h5>\n<h5><strong>Aula espec\u00edfica:<\/strong> D\u00aa Carmen Carmona L\u00f3pez.<\/h5>\n<h5><strong>P.T.:<\/strong> D\u00aa&nbsp;Honoria&nbsp;Pe\u00f1as Due\u00f1as y D\u00aa Rosario Tocado Esquinas<\/h5>\n<h5><strong>A.L.:<\/strong> D\u00aa Marta Gilabert G\u00f3mez<\/h5>\n<h5><strong>CAR:<\/strong> D\u00aa Macarena Gil Rueda y D\u00aa M\u00aa del Mar Rodr\u00edguez Mej\u00edas<\/h5>\n<h5><strong>Orientador\/a EOE:<\/strong> D\u00aa M\u00aa Rosario Reyeros Lanzarote,<\/h5>\n<h5>&nbsp;<\/h5>\n<h5><strong>OTROS ESPECIALISTAS<\/strong><\/h5>\n<h5><strong>Biling\u00fce:<\/strong> D\u00aa Silvia Gonz\u00e1lez Cosano<\/h5>\n<h5><strong>Art\u00edstica:<\/strong> D\u00aa M\u00aa Valme Cira Chac\u00f3n y D\u00aa Macarena Gil Rueda<\/h5>\n<h5><strong>Educaci\u00f3n F\u00edsica:<\/strong> D\u00aa Elisa Abril Pery y D. Jos\u00e9 Manuel Bellido Cedr\u00f3n<\/h5>\n<h5><strong>Ingl\u00e9s:<\/strong> D\u00aa Silvia Barrio Reyes, D\u00aa Ver\u00f3nica Gallego Magari\u00f1o, D\u00aa Sigrid Gonz\u00e1lez Mesa&nbsp;<\/h5>\n<h5><strong>Religi\u00f3n:<\/strong> D\u00aa Irene Lozano Jim\u00e9nez y D\u00aa Silvia Gil Medrano<\/h5>\n<h5><strong>Auxiliares de conversaci\u00f3n (Ingl\u00e9s):<\/strong> &nbsp;<\/h5>\n<h5>&nbsp;<\/h5>\n<h5><strong>EQUIPO DIRECTIVO<\/strong><\/h5>\n<h5><strong>Direcci\u00f3n:<\/strong> Don Santiago Jos\u00e9 Capit\u00e1n P\u00e9rez<\/h5>\n<h5><strong>Jefatura de Estudios:<\/strong> Do\u00f1a M\u00aa Dolores Brenes Rojas<\/h5>\n<h5><strong>Secretar\u00eda:<\/strong> Do\u00f1a M\u00aa Valme Cira Chac\u00f3n<\/h5>\n<h5>&nbsp;<\/h5>\n<h5><strong>PERSONAL DE ADMINISTRACI\u00d3N Y SERVICIOS<\/strong><\/h5>\n<h5><strong>Monitora Escolar:<\/strong> D\u00aa M\u00aa Luisa Linares Paguillo&nbsp;<\/h5>\n<h5><strong>Personal T\u00e9cnico de Integraci\u00f3n Social:<\/strong> D\u00aa Esperanza Suero Maestre, D\u00aa Lidia P\u00e9rez Arboledas y D. Carlos Javier Rodr\u00edguez Moreno<\/h5>\n<h5><strong>Personal del Ayuntamiento de ma\u00f1ana:<\/strong> D\u00aa M\u00aa del Carmen Meg\u00eda Bay\u00f3n&nbsp;<\/h5>\n","protected":false},"excerpt":{"rendered":"<p>PROFESORADO Y P.A.S. &nbsp; TUTOR\u00cdAS DE EDUCACI\u00d3N INFANTIL Infantil 3 a\u00f1os A: D\u00aa Claudia Garc\u00eda Jim\u00e9nez Infantil 3 a\u00f1os B:&nbsp;D\u00aa Vanesa Caballero Cruz Infantil 4 a\u00f1os A: D\u00aa Mar\u00eda Dolores Brenes Rojas Infantil 4 a\u00f1os B: D. Francisco, Guadix L\u00f3pez Infantil 5 a\u00f1os A: D\u00aa M\u00aa del Carmen Trujillo Fern\u00e1ndez. Infantil 5 a\u00f1os B: D\u00aa &hellip; <\/p>\n<p><a class=\"more-link btn\" href=\"https:\/\/blogsaverroes.juntadeandalucia.es\/ceiprafaelalbertidh\/personal-del-centro\/\">Seguir leyendo<\/a><\/p>\n","protected":false},"author":6883,"featured_media":0,"parent":0,"menu_order":0,"comment_status":"closed","ping_status":"closed","template":"","meta":{"ngg_post_thumbnail":0,"footnotes":"","_mc_calendar":[]},"aioseo_notices":[],"_links":{"self":[{"href":"https:\/\/blogsaverroes.juntadeandalucia.es\/ceiprafaelalbertidh\/wp-json\/wp\/v2\/pages\/2320"}],"collection":[{"href":"https:\/\/blogsaverroes.juntadeandalucia.es\/ceiprafaelalbertidh\/wp-json\/wp\/v2\/pages"}],"about":[{"href":"https:\/\/blogsaverroes.juntadeandalucia.es\/ceiprafaelalbertidh\/wp-json\/wp\/v2\/types\/page"}],"author":[{"embeddable":true,"href":"https:\/\/blogsaverroes.juntadeandalucia.es\/ceiprafaelalbertidh\/wp-json\/wp\/v2\/users\/6883"}],"replies":[{"embeddable":true,"href":"https:\/\/blogsaverroes.juntadeandalucia.es\/ceiprafaelalbertidh\/wp-json\/wp\/v2\/comments?post=2320"}],"version-history":[{"count":29,"href":"https:\/\/blogsaverroes.juntadeandalucia.es\/ceiprafaelalbertidh\/wp-json\/wp\/v2\/pages\/2320\/revisions"}],"predecessor-version":[{"id":6167,"href":"https:\/\/blogsaverroes.juntadeandalucia.es\/ceiprafaelalbertidh\/wp-json\/wp\/v2\/pages\/2320\/revisions\/6167"}],"wp:attachment":[{"href":"https:\/\/blogsaverroes.juntadeandalucia.es\/ceiprafaelalbertidh\/wp-json\/wp\/v2\/media?parent=2320"}],"curies":[{"name":"wp","href":"https:\/\/api.w.org\/{rel}","templated":true}]}}