{"id":2323,"date":"2019-02-23T12:28:34","date_gmt":"2019-02-23T12:28:34","guid":{"rendered":"https:\/\/blogsaverroes.juntadeandalucia.es\/ceiprafaelalbertidh\/?page_id=2323"},"modified":"2025-10-24T08:25:18","modified_gmt":"2025-10-24T06:25:18","slug":"horarios-2","status":"publish","type":"page","link":"https:\/\/blogsaverroes.juntadeandalucia.es\/ceiprafaelalbertidh\/horarios-2\/","title":{"rendered":"Horarios"},"content":{"rendered":"<h5>El centro permanece abierto de <strong>lunes a jueves<\/strong> desde las 7:30h hasta las 18.00h y los <strong>viernes<\/strong> de 7:30h a 16:00h.<\/h5>\n<h5><strong>Horario lectivo<\/strong> del alumnado de 9:00h a 14:00h.<\/h5>\n<ul>\n<li>\n<h5>El alumnado que por causas justificadas quiera entrar o salir del centro ser\u00e1 a las 10:00h y las 12:10h acompa\u00f1ado de un adulto y con el correspondiente justificante m\u00e9dico&nbsp; o por causa debidamente justificada.&nbsp;<\/h5>\n<\/li>\n<\/ul>\n<h5><strong>Horario de administraci\u00f3n (cita previa)<\/strong>: lunes, martes, mi\u00e9rcoles, jueves y viernes de 10:00h a 11:30 h.<\/h5>\n<ul>\n<li>\n<h5>Procedimiento cita previa: llamada telef\u00f3nica al centro (95 562 49 18) o solicitud al email secretaria.ceiprafaelalbertidh@gmail.com<\/h5>\n<\/li>\n<\/ul>\n<h5><strong>Tutor\u00eda con maestros\/as (previa cita)<\/strong>: lunes de 16:00h a 1700h.<\/h5>\n<h5><strong>Equipo Directivo<\/strong> (previa cita en administraci\u00f3n):<\/h5>\n<ul>\n<li>\n<h5><strong>Direcci\u00f3n<\/strong>&nbsp;<\/h5>\n<\/li>\n<li>\n<h5><strong>Jefatura de Estudios<\/strong>&nbsp;<\/h5>\n<\/li>\n<li>\n<h5><strong>Secretar\u00eda<\/strong>&nbsp;<\/h5>\n<\/li>\n<\/ul>\n<h5><strong>Servicios del centro<\/strong><\/h5>\n<ul>\n<li>\n<h5><strong>Aula matinal<\/strong>: 7:30h a 9:00h.<\/h5>\n<\/li>\n<li>\n<h5><strong>Periodo lectivo<\/strong>: 9:00h a 14:00h.<\/h5>\n<\/li>\n<li>\n<h5><strong>Comedor<\/strong>: 14:00h a 16:00h.<\/h5>\n<\/li>\n<li>\n<h5><strong>Actividades Extraescolares: <\/strong>de lunes a jueves de 16:00h a 18:00h.<\/h5>\n<\/li>\n<\/ul>\n","protected":false},"excerpt":{"rendered":"<p>El centro permanece abierto de lunes a jueves desde las 7:30h hasta las 18.00h y los viernes de 7:30h a 16:00h. Horario lectivo del alumnado de 9:00h a 14:00h. El alumnado que por causas justificadas quiera entrar o salir del centro ser\u00e1 a las 10:00h y las 12:10h acompa\u00f1ado de un adulto y con el &hellip; <\/p>\n<p><a class=\"more-link btn\" href=\"https:\/\/blogsaverroes.juntadeandalucia.es\/ceiprafaelalbertidh\/horarios-2\/\">Seguir leyendo<\/a><\/p>\n","protected":false},"author":6883,"featured_media":0,"parent":0,"menu_order":0,"comment_status":"closed","ping_status":"closed","template":"","meta":{"ngg_post_thumbnail":0,"footnotes":"","_mc_calendar":[]},"aioseo_notices":[],"_links":{"self":[{"href":"https:\/\/blogsaverroes.juntadeandalucia.es\/ceiprafaelalbertidh\/wp-json\/wp\/v2\/pages\/2323"}],"collection":[{"href":"https:\/\/blogsaverroes.juntadeandalucia.es\/ceiprafaelalbertidh\/wp-json\/wp\/v2\/pages"}],"about":[{"href":"https:\/\/blogsaverroes.juntadeandalucia.es\/ceiprafaelalbertidh\/wp-json\/wp\/v2\/types\/page"}],"author":[{"embeddable":true,"href":"https:\/\/blogsaverroes.juntadeandalucia.es\/ceiprafaelalbertidh\/wp-json\/wp\/v2\/users\/6883"}],"replies":[{"embeddable":true,"href":"https:\/\/blogsaverroes.juntadeandalucia.es\/ceiprafaelalbertidh\/wp-json\/wp\/v2\/comments?post=2323"}],"version-history":[{"count":15,"href":"https:\/\/blogsaverroes.juntadeandalucia.es\/ceiprafaelalbertidh\/wp-json\/wp\/v2\/pages\/2323\/revisions"}],"predecessor-version":[{"id":6168,"href":"https:\/\/blogsaverroes.juntadeandalucia.es\/ceiprafaelalbertidh\/wp-json\/wp\/v2\/pages\/2323\/revisions\/6168"}],"wp:attachment":[{"href":"https:\/\/blogsaverroes.juntadeandalucia.es\/ceiprafaelalbertidh\/wp-json\/wp\/v2\/media?parent=2323"}],"curies":[{"name":"wp","href":"https:\/\/api.w.org\/{rel}","templated":true}]}}