{"id":2512,"date":"2019-12-01T19:08:44","date_gmt":"2019-12-01T19:08:44","guid":{"rendered":"https:\/\/blogsaverroes.juntadeandalucia.es\/ceiprafaelalbertidh\/?page_id=2512"},"modified":"2025-12-17T08:55:05","modified_gmt":"2025-12-17T07:55:05","slug":"secretaria-virtual","status":"publish","type":"page","link":"https:\/\/blogsaverroes.juntadeandalucia.es\/ceiprafaelalbertidh\/secretaria-virtual\/","title":{"rendered":"Secretar\u00eda virtual"},"content":{"rendered":"<h5><a href=\"https:\/\/www.juntadeandalucia.es\/educacion\/secretariavirtual\/accesoTramite\/543\/\" target=\"_blank\" rel=\"noopener noreferrer\"><img loading=\"lazy\" decoding=\"async\" class=\"aligncenter wp-image-3626 size-full\" src=\"https:\/\/blogsaverroes.juntadeandalucia.es\/ceiprafaelalbertidh\/files\/2021\/03\/SOLICITUD-DE-ADMISI\u00d3N.jpg\" alt=\"\" width=\"790\" height=\"185\" srcset=\"https:\/\/blogsaverroes.juntadeandalucia.es\/ceiprafaelalbertidh\/files\/2021\/03\/SOLICITUD-DE-ADMISI\u00d3N.jpg 790w, https:\/\/blogsaverroes.juntadeandalucia.es\/ceiprafaelalbertidh\/files\/2021\/03\/SOLICITUD-DE-ADMISI\u00d3N-300x70.jpg 300w, https:\/\/blogsaverroes.juntadeandalucia.es\/ceiprafaelalbertidh\/files\/2021\/03\/SOLICITUD-DE-ADMISI\u00d3N-768x180.jpg 768w, https:\/\/blogsaverroes.juntadeandalucia.es\/ceiprafaelalbertidh\/files\/2021\/03\/SOLICITUD-DE-ADMISI\u00d3N-700x164.jpg 700w\" sizes=\"(max-width: 790px) 100vw, 790px\" \/><\/a><\/h5>\n<h5><a href=\"https:\/\/www.juntadeandalucia.es\/educacion\/secretariavirtual\/\" target=\"_blank\" rel=\"noopener noreferrer\"><strong>SECRETAR\u00cdA VIRTUAL CONSEJER\u00cdA DE EDUCACI\u00d3N<\/strong><\/a><\/h5>\n<p><a href=\"https:\/\/www.juntadeandalucia.es\/educacion\/secretariavirtual\/\" target=\"_blank\" rel=\"noopener noreferrer\"><img loading=\"lazy\" decoding=\"async\" class=\"aligncenter size-full wp-image-3079\" src=\"https:\/\/blogsaverroes.juntadeandalucia.es\/ceiprafaelalbertidh\/files\/2020\/06\/secretaria-virtual.png\" alt=\"\" width=\"428\" height=\"119\" srcset=\"https:\/\/blogsaverroes.juntadeandalucia.es\/ceiprafaelalbertidh\/files\/2020\/06\/secretaria-virtual.png 428w, https:\/\/blogsaverroes.juntadeandalucia.es\/ceiprafaelalbertidh\/files\/2020\/06\/secretaria-virtual-300x83.png 300w, https:\/\/blogsaverroes.juntadeandalucia.es\/ceiprafaelalbertidh\/files\/2020\/06\/secretaria-virtual-24x7.png 24w, https:\/\/blogsaverroes.juntadeandalucia.es\/ceiprafaelalbertidh\/files\/2020\/06\/secretaria-virtual-36x10.png 36w, https:\/\/blogsaverroes.juntadeandalucia.es\/ceiprafaelalbertidh\/files\/2020\/06\/secretaria-virtual-48x13.png 48w\" sizes=\"(max-width: 428px) 100vw, 428px\" \/><\/a><\/p>\n<h5><strong>Secretar\u00eda del centro (cita previa)<\/strong>: lunes, martes, mi\u00e9rcoles y viernes de 10:00h a 11:30 h.<\/h5>\n<ul>\n<li>\n<h5>Procedimiento cita previa: llamada telef\u00f3nica al centro (95 562 49 18) o solicitud al email secretaria.ceiprafaelalbertidh@gmail.com<\/h5>\n<\/li>\n<li>\n<h5><strong>Correo electr\u00f3nico<\/strong>: secretaria.ceiprafaelalbertidh@gmail.com<\/h5>\n<\/li>\n<\/ul>\n<h5><strong>INCIDENCIAS IPASEN<\/strong><\/h5>\n<p><a href=\"https:\/\/www.juntadeandalucia.es\/educacion\/portals\/web\/ced\/contacto\/seneca\" target=\"_blank\" rel=\"noopener noreferrer\"><img loading=\"lazy\" decoding=\"async\" class=\"aligncenter size-full wp-image-4634\" src=\"https:\/\/blogsaverroes.juntadeandalucia.es\/ceiprafaelalbertidh\/files\/2022\/12\/CAU.png\" alt=\"\" width=\"381\" height=\"132\" srcset=\"https:\/\/blogsaverroes.juntadeandalucia.es\/ceiprafaelalbertidh\/files\/2022\/12\/CAU.png 381w, https:\/\/blogsaverroes.juntadeandalucia.es\/ceiprafaelalbertidh\/files\/2022\/12\/CAU-300x104.png 300w\" sizes=\"(max-width: 381px) 100vw, 381px\" \/><\/a><\/p>\n<h5>&nbsp;<\/h5>\n<h5><strong>IMPRESOS DE MATRICULACI\u00d3N.&nbsp;<\/strong><\/h5>\n<ul>\n<li>\n<h5><a href=\"https:\/\/blogsaverroes.juntadeandalucia.es\/ceiprafaelalbertidh\/files\/2024\/05\/MATRICULA-INF.pdf\" target=\"_blank\" rel=\"noopener\">ANEXO IV &#8211; Matr\u00edcula en segundo ciclo de Educaci\u00f3n Infantil<\/a><\/h5>\n<\/li>\n<li>\n<h5><a href=\"https:\/\/blogsaverroes.juntadeandalucia.es\/ceiprafaelalbertidh\/files\/2024\/05\/MATRICULA-PRIM.pdf\" target=\"_blank\" rel=\"noopener\">ANEXO V &#8211; Matr\u00edcula en Educaci\u00f3n Primaria<\/a><\/h5>\n<\/li>\n<li>\n<h5><a href=\"https:\/\/blogsaverroes.juntadeandalucia.es\/ceiprafaelalbertidh\/files\/2024\/05\/MATRICULA-A.E.pdf\" target=\"_blank\" rel=\"noopener\">ANEXO VI &#8211; Matr\u00edcula en Educaci\u00f3n Especial: Aula espec\u00edfica<\/a><\/h5>\n<\/li>\n<li>\n<h5><a href=\"https:\/\/blogsaverroes.juntadeandalucia.es\/ceiprafaelalbertidh\/files\/2025\/10\/anexo-religion-autorellenable-en-blanco.pdf\" target=\"_blank\" rel=\"noopener\">ANEXO \u2013 RELIGI\u00d3N. Solicitud para cursar la ense\u00f1anza de religi\u00f3n<\/a><\/h5>\n<\/li>\n<li>\n<h5><a href=\"https:\/\/blogsaverroes.juntadeandalucia.es\/ceiprafaelalbertidh\/files\/2020\/06\/TransporteEscolar2012_13_ANEXO_III-1.pdf\" target=\"_blank\" rel=\"noopener noreferrer\">Servicio complementario de Transporte Escolar.<\/a><\/h5>\n<\/li>\n<li>\n<h5><a href=\"https:\/\/blogsaverroes.juntadeandalucia.es\/ceiprafaelalbertidh\/files\/2024\/05\/CUESTIONARIO-FONDOS-EUROPEOS.pdf\" target=\"_blank\" rel=\"noopener\">Cuestionario F.S.E.<\/a><\/h5>\n<\/li>\n<li>\n<h5><a href=\"https:\/\/blogsaverroes.juntadeandalucia.es\/ceiprafaelalbertidh\/files\/2024\/05\/AUTORIZACION-IMAGENES.pdf\" target=\"_blank\" rel=\"noopener\">Consentimiento tratamiento de im\u00e1genes<\/a><\/h5>\n<\/li>\n<\/ul>\n<h5>&nbsp;<\/h5>\n<h5><strong>ESCOLARIZACI\u00d3N &#8211; PROCEDIMIENTO EXTRAORDINARIO DE ADMISI\u00d3N&nbsp;<\/strong><\/h5>\n<ul>\n<li>\n<h5><a href=\"https:\/\/blogsaverroes.juntadeandalucia.es\/ceiprafaelalbertidh\/files\/2024\/02\/ANEXO-IX-1.pdf\" target=\"_blank\" rel=\"noopener noreferrer\">Anexo IX &#8211; PROCEDIMIENTO EXTRAORDINARIO DE ADMISI\u00d3N<\/a><\/h5>\n<\/li>\n<li>\n<h5><a href=\"https:\/\/blogsaverroes.juntadeandalucia.es\/ceiprafaelalbertidh\/files\/2025\/02\/3_Anexo-III_002535_5-25-26.pdf\" target=\"_blank\" rel=\"noopener\">Anexo III (impreso de admisi\u00f3n) 2025\/26<\/a><\/h5>\n<\/li>\n<li><a href=\"https:\/\/blogsaverroes.juntadeandalucia.es\/ceiprafaelalbertidh\/files\/2024\/11\/Solicitud_Reagrupacion_Hermanos-AUTORRELLENABLE.pdf\" target=\"_blank\" rel=\"noopener\">SOLICITUD REAGRUPACI\u00d3N DE HERMANOS 24-25<\/a> ( del 20 de junio al 10 de septiembre)<\/li>\n<\/ul>\n<h5>&nbsp;<\/h5>\n<h5><a href=\"http:\/\/portals.ced.junta-andalucia.es\/educacion\/portals\/web\/ced\/servicios-complementarios\" target=\"_blank\" rel=\"noopener noreferrer\"><strong>PLAN DE APERTURA<\/strong><\/a><\/h5>\n<ul>\n<li>\n<h5><a href=\"https:\/\/blogsaverroes.juntadeandalucia.es\/ceiprafaelalbertidh\/files\/2025\/10\/ANEXO-II-corregido.pdf\" target=\"_blank\" rel=\"noopener\">Impreso de solicitud de servicios<\/a><\/h5>\n<\/li>\n<li>\n<h5><a href=\"https:\/\/blogsaverroes.juntadeandalucia.es\/ceiprafaelalbertidh\/files\/2025\/10\/02052024_ANEXO_V.pdf\" target=\"_blank\" rel=\"noopener\">Impreso de Bonificaci\u00f3n de Servicios<\/a><\/h5>\n<\/li>\n<li>\n<h5><a href=\"https:\/\/blogsaverroes.juntadeandalucia.es\/ceiprafaelalbertidh\/files\/2024\/11\/BAJA-SERVICIOS-COMPLEMENTARIOS-AUTORELLENABLE.pdf\" target=\"_blank\" rel=\"noopener\">Impreso de Baja de Servicios<\/a><\/h5>\n<\/li>\n<\/ul>\n<h5>&nbsp;<\/h5>\n<h5><strong>DOCUMENTOS EQUIPO DE ORIENTACI\u00d3N (E.O.E.)<\/strong><\/h5>\n<ul>\n<li>\n<h5><a href=\"https:\/\/blogsaverroes.juntadeandalucia.es\/ceiprafaelalbertidh\/files\/2024\/11\/11_SOLICITUD-COPIA-IEP-Y-O-DICTAMEN-RELLENABLE.pdf\" target=\"_blank\" rel=\"noopener\">Impreso de SOLICITUD DE COPIA DEL INFORME EVALUACI\u00d3N PSICOPEDAG\u00d3GICA<\/a><br \/>\nY\/O DICTAMEN DE ESCOLARIZACI\u00d3N<\/h5>\n<\/li>\n<li>\n<h5><a href=\"https:\/\/blogsaverroes.juntadeandalucia.es\/ceiprafaelalbertidh\/files\/2023\/11\/3_REGISTRO-DE-ENTREGA-DE-DOCUMENTACI\u00d3N-POR-LA-FAMILIA_RELLENABLE.pdf\" target=\"_blank\" rel=\"noopener noreferrer\">Impreso de REGISTRO DE ENTREGA DE DOCUMENTACI\u00d3N POR EL PADRE, LA MADRE O LOS<\/a><br \/>\nREPRESENTANTES LEGALES DEL ALUMNO\/A<\/h5>\n<\/li>\n<li>\n<h5><a href=\"https:\/\/blogsaverroes.juntadeandalucia.es\/ceiprafaelalbertidh\/files\/2024\/11\/15_INFORMACION-Y-CONSENTIMIENTO-MEDICACION-AUTORELLENABLE.pdf\" target=\"_blank\" rel=\"noopener\">Impreso de DOCUMENTO DE INFORMACI\u00d3N Y CONSENTIMIENTO ADMINISTRACI\u00d3N DE MEDICACI\u00d3N<\/a><\/h5>\n<\/li>\n<li>\n<h5><a href=\"https:\/\/blogsaverroes.juntadeandalucia.es\/ceiprafaelalbertidh\/files\/2024\/11\/16_ENTREGA-DE-MEDICACION-EN-CENTRO-AUTORELLENABLE.pdf\" target=\"_blank\" rel=\"noopener\">Impreso de DOCUMENTO DE ENTREGA DE MEDICACI\u00d3N EN AULA<\/a><\/h5>\n<\/li>\n<li>\n<h5><a href=\"https:\/\/blogsaverroes.juntadeandalucia.es\/ceiprafaelalbertidh\/files\/2024\/11\/14_AUTORIZACION-PARA-USO-ASCENSOR-AUTORELLENABLE.pdf\" target=\"_blank\" rel=\"noopener\">Impreso de AUTORIZACI\u00d3N PARA HACER USO DEL ASCENSOR<\/a><\/h5>\n<\/li>\n<li>\n<h5><a href=\"https:\/\/blogsaverroes.juntadeandalucia.es\/ceiprafaelalbertidh\/files\/2024\/11\/EXPONE-SOLICITA-AUTORELLENABLE.pdf\" target=\"_blank\" rel=\"noopener\">Impreso EXPONE &#8211; SOLICITA<\/a><\/h5>\n<\/li>\n<\/ul>\n<h5 class=\"title style-scope ytd-video-primary-info-renderer\"><a href=\"https:\/\/www.youtube.com\/watch?v=3z6eWjQWnuc&amp;feature=youtu.be\" target=\"_blank\" rel=\"noopener noreferrer\">PASEN \u00bfC\u00f3mo hacer el autologin? Nombre de usuario y contrase\u00f1a<\/a><\/h5>\n<div class=\"embed-container\"><iframe loading=\"lazy\" title=\"PASEN. \u00bfC\u00f3mo hacer el autologin?\" width=\"1140\" height=\"641\" src=\"https:\/\/www.youtube.com\/embed\/3z6eWjQWnuc?feature=oembed\" frameborder=\"0\" allow=\"accelerometer; autoplay; clipboard-write; encrypted-media; gyroscope; picture-in-picture; web-share\" referrerpolicy=\"strict-origin-when-cross-origin\" allowfullscreen><\/iframe><\/div>\n<h5><a href=\"https:\/\/www.youtube.com\/watch?v=p8bqMdBsLd4\" target=\"_blank\" rel=\"noopener noreferrer\">VIDEO Tutorial CLAVE IANDE<\/a><\/h5>\n<div class=\"embed-container\"><iframe loading=\"lazy\" title=\"Acceso a la Secretar\u00eda Virtual con iANDe\" width=\"1140\" height=\"641\" src=\"https:\/\/www.youtube.com\/embed\/p8bqMdBsLd4?feature=oembed\" frameborder=\"0\" allow=\"accelerometer; autoplay; clipboard-write; encrypted-media; gyroscope; picture-in-picture; web-share\" referrerpolicy=\"strict-origin-when-cross-origin\" allowfullscreen><\/iframe><\/div>\n","protected":false},"excerpt":{"rendered":"<p>SECRETAR\u00cdA VIRTUAL CONSEJER\u00cdA DE EDUCACI\u00d3N Secretar\u00eda del centro (cita previa): lunes, martes, mi\u00e9rcoles y viernes de 10:00h a 11:30 h. Procedimiento cita previa: llamada telef\u00f3nica al centro (95 562 49 18) o solicitud al email secretaria.ceiprafaelalbertidh@gmail.com Correo electr\u00f3nico: secretaria.ceiprafaelalbertidh@gmail.com INCIDENCIAS IPASEN &nbsp; IMPRESOS DE MATRICULACI\u00d3N.&nbsp; ANEXO IV &#8211; Matr\u00edcula en segundo ciclo de Educaci\u00f3n Infantil &hellip; <\/p>\n<p><a class=\"more-link btn\" href=\"https:\/\/blogsaverroes.juntadeandalucia.es\/ceiprafaelalbertidh\/secretaria-virtual\/\">Seguir leyendo<\/a><\/p>\n","protected":false},"author":6883,"featured_media":0,"parent":0,"menu_order":0,"comment_status":"closed","ping_status":"closed","template":"","meta":{"ngg_post_thumbnail":0,"footnotes":"","_mc_calendar":[]},"aioseo_notices":[],"_links":{"self":[{"href":"https:\/\/blogsaverroes.juntadeandalucia.es\/ceiprafaelalbertidh\/wp-json\/wp\/v2\/pages\/2512"}],"collection":[{"href":"https:\/\/blogsaverroes.juntadeandalucia.es\/ceiprafaelalbertidh\/wp-json\/wp\/v2\/pages"}],"about":[{"href":"https:\/\/blogsaverroes.juntadeandalucia.es\/ceiprafaelalbertidh\/wp-json\/wp\/v2\/types\/page"}],"author":[{"embeddable":true,"href":"https:\/\/blogsaverroes.juntadeandalucia.es\/ceiprafaelalbertidh\/wp-json\/wp\/v2\/users\/6883"}],"replies":[{"embeddable":true,"href":"https:\/\/blogsaverroes.juntadeandalucia.es\/ceiprafaelalbertidh\/wp-json\/wp\/v2\/comments?post=2512"}],"version-history":[{"count":47,"href":"https:\/\/blogsaverroes.juntadeandalucia.es\/ceiprafaelalbertidh\/wp-json\/wp\/v2\/pages\/2512\/revisions"}],"predecessor-version":[{"id":6194,"href":"https:\/\/blogsaverroes.juntadeandalucia.es\/ceiprafaelalbertidh\/wp-json\/wp\/v2\/pages\/2512\/revisions\/6194"}],"wp:attachment":[{"href":"https:\/\/blogsaverroes.juntadeandalucia.es\/ceiprafaelalbertidh\/wp-json\/wp\/v2\/media?parent=2512"}],"curies":[{"name":"wp","href":"https:\/\/api.w.org\/{rel}","templated":true}]}}