{"id":2534,"date":"2019-12-01T19:38:22","date_gmt":"2019-12-01T19:38:22","guid":{"rendered":"https:\/\/blogsaverroes.juntadeandalucia.es\/ceiprafaelalbertidh\/?page_id=2534"},"modified":"2024-01-19T12:15:02","modified_gmt":"2024-01-19T11:15:02","slug":"prensa","status":"publish","type":"page","link":"https:\/\/blogsaverroes.juntadeandalucia.es\/ceiprafaelalbertidh\/prensa\/","title":{"rendered":"PRENSA"},"content":{"rendered":"<h5><a href=\"https:\/\/blogsaverroes.juntadeandalucia.es\/ceiprafaelalbertidh\/files\/2022\/12\/PRENSA.jpg\"><img loading=\"lazy\" decoding=\"async\" class=\"aligncenter size-full wp-image-4662\" src=\"https:\/\/blogsaverroes.juntadeandalucia.es\/ceiprafaelalbertidh\/files\/2022\/12\/PRENSA.jpg\" alt=\"\" width=\"515\" height=\"283\" srcset=\"https:\/\/blogsaverroes.juntadeandalucia.es\/ceiprafaelalbertidh\/files\/2022\/12\/PRENSA.jpg 515w, https:\/\/blogsaverroes.juntadeandalucia.es\/ceiprafaelalbertidh\/files\/2022\/12\/PRENSA-300x165.jpg 300w\" sizes=\"(max-width: 515px) 100vw, 515px\" \/><\/a><\/h5>\n<h5 style=\"text-align: center\">Pulsando en los siguientes enlaces encontraremos todos los art\u00edculos de prensa publicados, que hacen menci\u00f3n a nuestro Centro<\/h5>\n<p>&nbsp;<\/p>\n<h5><a href=\"https:\/\/blogsaverroes.juntadeandalucia.es\/ceiprafaelalbertidh\/articulos-de-prensa-2023-2024\/\" target=\"_blank\" rel=\"noopener noreferrer\"><strong>ART\u00cdCULOS DE PRENSA 2023-2024<\/strong><\/a><\/h5>\n<h5><a href=\"https:\/\/blogsaverroes.juntadeandalucia.es\/ceiprafaelalbertidh\/articulos-de-prensa-2022-2023\/\" target=\"_blank\" rel=\"noopener noreferrer\"><strong>ART\u00cdCULOS DE PRENSA 2022-2023<\/strong><\/a><\/h5>\n<h5><a href=\"https:\/\/blogsaverroes.juntadeandalucia.es\/ceiprafaelalbertidh\/articulos-de-prensa-2021-2022\/\" target=\"_blank\" rel=\"noopener noreferrer\"><strong>ART\u00cdCULOS DE PRENSA 2021-2022<\/strong><\/a><\/h5>\n<h5><a href=\"https:\/\/blogsaverroes.juntadeandalucia.es\/ceiprafaelalbertidh\/articulos-de-prensa-2020-2021\/\" target=\"_blank\" rel=\"noopener noreferrer\"><strong>ART\u00cdCULOS DE PRENSA 2020-2021<\/strong><\/a><\/h5>\n<h5><a href=\"https:\/\/blogsaverroes.juntadeandalucia.es\/ceiprafaelalbertidh\/articulos-de-prensa-2019\/\" target=\"_blank\" rel=\"noopener noreferrer\"><strong>ART\u00cdCULOS DE PRENSA 2019-2020<\/strong><\/a><\/h5>\n<h5><a href=\"https:\/\/blogsaverroes.juntadeandalucia.es\/ceiprafaelalbertidh\/articulos-de-prensa-2018\/\" target=\"_blank\" rel=\"noopener noreferrer\"><strong>ART\u00cdCULOS DE PRENSA 2018-2019<\/strong><\/a><\/h5>\n<p>&nbsp;<\/p>\n<p>&nbsp;<\/p>\n","protected":false},"excerpt":{"rendered":"<p>Pulsando en los siguientes enlaces encontraremos todos los art\u00edculos de prensa publicados, que hacen menci\u00f3n a nuestro Centro &nbsp; ART\u00cdCULOS DE PRENSA 2023-2024 ART\u00cdCULOS DE PRENSA 2022-2023 ART\u00cdCULOS DE PRENSA 2021-2022 ART\u00cdCULOS DE PRENSA 2020-2021 ART\u00cdCULOS DE PRENSA 2019-2020 ART\u00cdCULOS DE PRENSA 2018-2019 &nbsp; &nbsp;<\/p>\n","protected":false},"author":6883,"featured_media":0,"parent":0,"menu_order":0,"comment_status":"closed","ping_status":"closed","template":"","meta":{"ngg_post_thumbnail":0,"footnotes":"","_mc_calendar":[]},"aioseo_notices":[],"_links":{"self":[{"href":"https:\/\/blogsaverroes.juntadeandalucia.es\/ceiprafaelalbertidh\/wp-json\/wp\/v2\/pages\/2534"}],"collection":[{"href":"https:\/\/blogsaverroes.juntadeandalucia.es\/ceiprafaelalbertidh\/wp-json\/wp\/v2\/pages"}],"about":[{"href":"https:\/\/blogsaverroes.juntadeandalucia.es\/ceiprafaelalbertidh\/wp-json\/wp\/v2\/types\/page"}],"author":[{"embeddable":true,"href":"https:\/\/blogsaverroes.juntadeandalucia.es\/ceiprafaelalbertidh\/wp-json\/wp\/v2\/users\/6883"}],"replies":[{"embeddable":true,"href":"https:\/\/blogsaverroes.juntadeandalucia.es\/ceiprafaelalbertidh\/wp-json\/wp\/v2\/comments?post=2534"}],"version-history":[{"count":17,"href":"https:\/\/blogsaverroes.juntadeandalucia.es\/ceiprafaelalbertidh\/wp-json\/wp\/v2\/pages\/2534\/revisions"}],"predecessor-version":[{"id":5231,"href":"https:\/\/blogsaverroes.juntadeandalucia.es\/ceiprafaelalbertidh\/wp-json\/wp\/v2\/pages\/2534\/revisions\/5231"}],"wp:attachment":[{"href":"https:\/\/blogsaverroes.juntadeandalucia.es\/ceiprafaelalbertidh\/wp-json\/wp\/v2\/media?parent=2534"}],"curies":[{"name":"wp","href":"https:\/\/api.w.org\/{rel}","templated":true}]}}