{"id":2546,"date":"2019-12-01T19:54:32","date_gmt":"2019-12-01T19:54:32","guid":{"rendered":"https:\/\/blogsaverroes.juntadeandalucia.es\/ceiprafaelalbertidh\/?page_id=2546"},"modified":"2022-12-13T12:29:57","modified_gmt":"2022-12-13T11:29:57","slug":"curso-2019-2020","status":"publish","type":"page","link":"https:\/\/blogsaverroes.juntadeandalucia.es\/ceiprafaelalbertidh\/curso-2019-2020\/","title":{"rendered":"ACTIVIDADES Curso 2019-2020"},"content":{"rendered":"<h5><a href=\"https:\/\/blogsaverroes.juntadeandalucia.es\/ceiprafaelalbertidh\/files\/2021\/02\/Actividades-6.jpg\"><img loading=\"lazy\" decoding=\"async\" class=\"aligncenter wp-image-3589\" src=\"https:\/\/blogsaverroes.juntadeandalucia.es\/ceiprafaelalbertidh\/files\/2021\/02\/Actividades-6.jpg\" alt=\"\" width=\"414\" height=\"313\"><\/a><\/h5>\n<h5><strong>D\u00cdA DE ANDALUC\u00cdA 2020 ( 1 de marzo de 2020 )<\/strong><\/h5>\n<p><iframe loading=\"lazy\" src=\"\/\/www.youtube.com\/embed\/2BP2NuV1P_I\" width=\"560\" height=\"314\"><\/iframe><\/p>\n<h5><strong>JOSU\u00c9 BRACHI VISITA EL C.E.I.P. RAFAEL ALBERTI ( 23 de enero de 2020 )<\/strong><\/h5>\n<p><iframe loading=\"lazy\" src=\"\/\/www.youtube.com\/embed\/jLtpqy7VFk4\" width=\"560\" height=\"314\"><\/iframe><\/p>\n<h5><strong>D\u00cdA DE LA PAZ 2020 ( 14 de febrero de 2020 )<\/strong><\/h5>\n<p><iframe loading=\"lazy\" src=\"\/\/www.youtube.com\/embed\/so1-Ez5JRr8\" width=\"560\" height=\"314\"><\/iframe><\/p>\n<h5><strong>MUESTRA DE VILLANCICOS ( 14 de diciembre de 2019 )<\/strong><\/h5>\n<p><iframe loading=\"lazy\" src=\"\/\/www.youtube.com\/embed\/CCatlD5ilf0\" width=\"560\" height=\"314\"><\/iframe><\/p>\n<h5><strong>CELEBRANDO NUESTROS JUEGOS OL\u00cdMPICOS ( 3 de diciembre de 2019 )<\/strong><\/h5>\n<p><iframe loading=\"lazy\" src=\"\/\/www.youtube.com\/embed\/6b5BFe4_t_c\" width=\"560\" height=\"314\"><\/iframe><\/p>\n<h5><strong>FIESTA DEL AJEDREZ ( 23 de noviembre de 2019 )<\/strong><\/h5>\n<p><iframe loading=\"lazy\" src=\"\/\/www.youtube.com\/embed\/8auMQABlWlY\" width=\"560\" height=\"314\"><\/iframe><\/p>\n<h5><strong>CELEBRACI\u00d3N DEL FLAMENCO ( 17 de noviembre de 2019 )<\/strong><\/h5>\n<p><iframe loading=\"lazy\" src=\"\/\/www.youtube.com\/embed\/ziZPBcHznPE\" width=\"560\" height=\"314\"><\/iframe><\/p>\n<h5><strong>SEMANA DE HALLOWEEN ( 31 de octubre de 2019 )<\/strong><\/h5>\n<h5><iframe loading=\"lazy\" src=\"\/\/www.youtube.com\/embed\/0MfHUg2liow\" width=\"560\" height=\"314\"><\/iframe><\/h5>\n<h5><strong>ACTIVIDAD PRESENTACI\u00d3N PROYECTO ( 31 de octubre de 2019)<\/strong><\/h5>\n<h5><iframe loading=\"lazy\" src=\"\/\/www.youtube.com\/embed\/8M8S-uCLgKY\" width=\"560\" height=\"314\"><\/iframe><\/h5>\n<h5><strong>VISITA VIRTUAL LA VUELTA AL MUNDO CEIP RAFAEL ALBERTI ( 10 de octubre de 2019 )<\/strong><\/h5>\n<h5><iframe loading=\"lazy\" src=\"\/\/www.youtube.com\/embed\/3PJffEzeCkQ\" width=\"560\" height=\"314\"><\/iframe><\/h5>\n","protected":false},"excerpt":{"rendered":"<p>D\u00cdA DE ANDALUC\u00cdA 2020 ( 1 de marzo de 2020 ) JOSU\u00c9 BRACHI VISITA EL C.E.I.P. RAFAEL ALBERTI ( 23 de enero de 2020 ) D\u00cdA DE LA PAZ 2020 ( 14 de febrero de 2020 ) MUESTRA DE VILLANCICOS ( 14 de diciembre de 2019 ) CELEBRANDO NUESTROS JUEGOS OL\u00cdMPICOS ( 3 de diciembre &hellip; <\/p>\n<p><a class=\"more-link btn\" href=\"https:\/\/blogsaverroes.juntadeandalucia.es\/ceiprafaelalbertidh\/curso-2019-2020\/\">Seguir leyendo<\/a><\/p>\n","protected":false},"author":6883,"featured_media":0,"parent":0,"menu_order":0,"comment_status":"closed","ping_status":"closed","template":"","meta":{"ngg_post_thumbnail":0,"footnotes":"","_mc_calendar":[]},"aioseo_notices":[],"_links":{"self":[{"href":"https:\/\/blogsaverroes.juntadeandalucia.es\/ceiprafaelalbertidh\/wp-json\/wp\/v2\/pages\/2546"}],"collection":[{"href":"https:\/\/blogsaverroes.juntadeandalucia.es\/ceiprafaelalbertidh\/wp-json\/wp\/v2\/pages"}],"about":[{"href":"https:\/\/blogsaverroes.juntadeandalucia.es\/ceiprafaelalbertidh\/wp-json\/wp\/v2\/types\/page"}],"author":[{"embeddable":true,"href":"https:\/\/blogsaverroes.juntadeandalucia.es\/ceiprafaelalbertidh\/wp-json\/wp\/v2\/users\/6883"}],"replies":[{"embeddable":true,"href":"https:\/\/blogsaverroes.juntadeandalucia.es\/ceiprafaelalbertidh\/wp-json\/wp\/v2\/comments?post=2546"}],"version-history":[{"count":26,"href":"https:\/\/blogsaverroes.juntadeandalucia.es\/ceiprafaelalbertidh\/wp-json\/wp\/v2\/pages\/2546\/revisions"}],"predecessor-version":[{"id":4647,"href":"https:\/\/blogsaverroes.juntadeandalucia.es\/ceiprafaelalbertidh\/wp-json\/wp\/v2\/pages\/2546\/revisions\/4647"}],"wp:attachment":[{"href":"https:\/\/blogsaverroes.juntadeandalucia.es\/ceiprafaelalbertidh\/wp-json\/wp\/v2\/media?parent=2546"}],"curies":[{"name":"wp","href":"https:\/\/api.w.org\/{rel}","templated":true}]}}