{"id":3290,"date":"2020-11-25T21:14:24","date_gmt":"2020-11-25T20:14:24","guid":{"rendered":"https:\/\/blogsaverroes.juntadeandalucia.es\/ceiprafaelalbertidh\/?page_id=3290"},"modified":"2026-01-26T13:18:11","modified_gmt":"2026-01-26T12:18:11","slug":"proyecto-educativo","status":"publish","type":"page","link":"https:\/\/blogsaverroes.juntadeandalucia.es\/ceiprafaelalbertidh\/proyecto-educativo\/","title":{"rendered":"Proyecto Educativo"},"content":{"rendered":"<h5>El Proyecto Educativo es el documento que da identidad propia a nuestro centro, junto al Reglamento de Organizaci\u00f3n y Funcionamiento y Proyecto de Gesti\u00f3n forman el PLAN DE DENTRO.<\/h5>\n<h5>El Plan de Centro expresa nuestros principios pedag\u00f3gicos, siendo el documento referente de aplicaci\u00f3n en el CEIP Rafael Alberti. Tiene car\u00e1cter sist\u00e9mico e integrador y le otorga autonom\u00eda pedag\u00f3gica, de organizaci\u00f3n y de gesti\u00f3n al centro.<\/h5>\n<p>&nbsp;<\/p>\n<div style=\"width: 100%\"><a href=\"https:\/\/blogsaverroes.juntadeandalucia.es\/ceiprafaelalbertidh\/files\/2026\/01\/PE-PLAN-DE-CENTRO-25-26.pdf\" target=\"_blank\" rel=\"noopener\"><img loading=\"lazy\" decoding=\"async\" class=\"aligncenter wp-image-6260 size-full\" src=\"https:\/\/blogsaverroes.juntadeandalucia.es\/ceiprafaelalbertidh\/files\/2026\/01\/PE-25-26.png\" alt=\"\" width=\"452\" height=\"637\" srcset=\"https:\/\/blogsaverroes.juntadeandalucia.es\/ceiprafaelalbertidh\/files\/2026\/01\/PE-25-26.png 452w, https:\/\/blogsaverroes.juntadeandalucia.es\/ceiprafaelalbertidh\/files\/2026\/01\/PE-25-26-213x300.png 213w\" sizes=\"(max-width: 452px) 100vw, 452px\" \/><\/a><\/div>\n<h5>&nbsp;<\/h5>\n<h5 style=\"text-align: center\"><a href=\"https:\/\/blogsaverroes.juntadeandalucia.es\/ceiprafaelalbertidh\/files\/2026\/01\/ANEXO-PROGRAMA-MARCO-25-26.pdf\" target=\"_blank\" rel=\"noopener\">ANEXO: PROGRAMAS MARCO<\/a><\/h5>\n<p>&nbsp;<\/p>\n<p style=\"text-align: center\"><a href=\"https:\/\/blogsaverroes.juntadeandalucia.es\/ceiprafaelalbertidh\/files\/2026\/01\/ROF-PLAN-DE-CENTRO-25-26.pdf\" target=\"_blank\" rel=\"noopener\"><img loading=\"lazy\" decoding=\"async\" class=\"aligncenter wp-image-6262 size-full\" src=\"https:\/\/blogsaverroes.juntadeandalucia.es\/ceiprafaelalbertidh\/files\/2026\/01\/ROF-25-26.png\" alt=\"\" width=\"448\" height=\"641\" srcset=\"https:\/\/blogsaverroes.juntadeandalucia.es\/ceiprafaelalbertidh\/files\/2026\/01\/ROF-25-26.png 448w, https:\/\/blogsaverroes.juntadeandalucia.es\/ceiprafaelalbertidh\/files\/2026\/01\/ROF-25-26-210x300.png 210w\" sizes=\"(max-width: 448px) 100vw, 448px\" \/><\/a><\/p>\n<p>&nbsp;<\/p>\n<p><a href=\"https:\/\/blogsaverroes.juntadeandalucia.es\/ceiprafaelalbertidh\/files\/2026\/01\/PROYECTO-DE-GESTION-25-26.pdf\" target=\"_blank\" rel=\"noopener\"><img loading=\"lazy\" decoding=\"async\" class=\"aligncenter wp-image-6261 size-full\" src=\"https:\/\/blogsaverroes.juntadeandalucia.es\/ceiprafaelalbertidh\/files\/2026\/01\/PG-25-26.png\" alt=\"\" width=\"452\" height=\"641\" srcset=\"https:\/\/blogsaverroes.juntadeandalucia.es\/ceiprafaelalbertidh\/files\/2026\/01\/PG-25-26.png 452w, https:\/\/blogsaverroes.juntadeandalucia.es\/ceiprafaelalbertidh\/files\/2026\/01\/PG-25-26-212x300.png 212w\" sizes=\"(max-width: 452px) 100vw, 452px\" \/><\/a><\/p>\n<p>&nbsp;<\/p>\n<p>&nbsp;<\/p>\n","protected":false},"excerpt":{"rendered":"<p>El Proyecto Educativo es el documento que da identidad propia a nuestro centro, junto al Reglamento de Organizaci\u00f3n y Funcionamiento y Proyecto de Gesti\u00f3n forman el PLAN DE DENTRO. El Plan de Centro expresa nuestros principios pedag\u00f3gicos, siendo el documento referente de aplicaci\u00f3n en el CEIP Rafael Alberti. Tiene car\u00e1cter sist\u00e9mico e integrador y le &hellip; <\/p>\n<p><a class=\"more-link btn\" href=\"https:\/\/blogsaverroes.juntadeandalucia.es\/ceiprafaelalbertidh\/proyecto-educativo\/\">Seguir leyendo<\/a><\/p>\n","protected":false},"author":6883,"featured_media":0,"parent":0,"menu_order":0,"comment_status":"closed","ping_status":"closed","template":"","meta":{"ngg_post_thumbnail":0,"footnotes":"","_mc_calendar":[]},"aioseo_notices":[],"_links":{"self":[{"href":"https:\/\/blogsaverroes.juntadeandalucia.es\/ceiprafaelalbertidh\/wp-json\/wp\/v2\/pages\/3290"}],"collection":[{"href":"https:\/\/blogsaverroes.juntadeandalucia.es\/ceiprafaelalbertidh\/wp-json\/wp\/v2\/pages"}],"about":[{"href":"https:\/\/blogsaverroes.juntadeandalucia.es\/ceiprafaelalbertidh\/wp-json\/wp\/v2\/types\/page"}],"author":[{"embeddable":true,"href":"https:\/\/blogsaverroes.juntadeandalucia.es\/ceiprafaelalbertidh\/wp-json\/wp\/v2\/users\/6883"}],"replies":[{"embeddable":true,"href":"https:\/\/blogsaverroes.juntadeandalucia.es\/ceiprafaelalbertidh\/wp-json\/wp\/v2\/comments?post=3290"}],"version-history":[{"count":24,"href":"https:\/\/blogsaverroes.juntadeandalucia.es\/ceiprafaelalbertidh\/wp-json\/wp\/v2\/pages\/3290\/revisions"}],"predecessor-version":[{"id":6267,"href":"https:\/\/blogsaverroes.juntadeandalucia.es\/ceiprafaelalbertidh\/wp-json\/wp\/v2\/pages\/3290\/revisions\/6267"}],"wp:attachment":[{"href":"https:\/\/blogsaverroes.juntadeandalucia.es\/ceiprafaelalbertidh\/wp-json\/wp\/v2\/media?parent=3290"}],"curies":[{"name":"wp","href":"https:\/\/api.w.org\/{rel}","templated":true}]}}