{"id":35,"date":"2015-03-13T08:21:43","date_gmt":"2015-03-13T08:21:43","guid":{"rendered":"http:\/\/blogsaverroes.juntadeandalucia.es\/pre\/ceip\/?page_id=35"},"modified":"2026-01-15T10:45:37","modified_gmt":"2026-01-15T09:45:37","slug":"el-centro-2","status":"publish","type":"page","link":"https:\/\/blogsaverroes.juntadeandalucia.es\/ceiprafaelalbertidh\/el-centro-2\/","title":{"rendered":"Datos del centro"},"content":{"rendered":"<h5 style=\"text-align: justify\">&nbsp; &nbsp; El CEIP Rafael Alberti es un colegio biling\u00fce de dos l\u00edneas de Educaci\u00f3n Infantil y Primaria, desde los inicios en el curso 1977\/1978 el centro se situaba en la calle San Jos\u00e9 de Calasanz. En el curso 2012\/2013 se inaugur\u00f3 el actual edificio situado en la calle Graciano s\/n y en el curso 2014\/2015 se instaur\u00f3 la ense\u00f1anza biling\u00fce.<\/h5>\n<h5><strong>Direcci\u00f3n<\/strong>: C\/ Graciano s\/n C.P. 41089 Dos Hermanas (Sevilla)<\/h5>\n<h5><strong>Tel\u00e9fono<\/strong>: 95 562 49 18<\/h5>\n<h5><strong>Fax<\/strong>: 95 562 35 12<\/h5>\n<h5><strong>Correo electr\u00f3nico (secretar\u00eda)<\/strong>: <a href=\"mailto:secretaria.ceiprafaelalbertidh@gmail.com\" target=\"_blank\" rel=\"noopener\">secretaria.ceiprafaelalbertidh@gmail.com<\/a><\/h5>\n<h5><strong>Correo electr\u00f3nico<\/strong>: <a href=\"mailto:41010150.edu@juntadeandalucia.es\">41010150.edu@juntadeandalucia.es<\/a><\/h5>\n<h3><strong>REDES SOCIALES<\/strong><\/h3>\n<table style=\"border-collapse: collapse;width: 100%\">\n<tbody>\n<tr>\n<td style=\"width: 25%\"><a href=\"https:\/\/www.instagram.com\/ceiprafaelalbertidh\/\" target=\"_blank\" rel=\"noopener noreferrer\"><img loading=\"lazy\" decoding=\"async\" class=\"size-full wp-image-5241 aligncenter\" src=\"https:\/\/blogsaverroes.juntadeandalucia.es\/ceiprafaelalbertidh\/files\/2024\/01\/images-INSTAGRAM.jpg\" alt=\"\" width=\"62\" height=\"62\"><\/a><\/td>\n<td style=\"width: 25%\"><a href=\"https:\/\/twitter.com\/ceipalbertidh\" target=\"_blank\" rel=\"noopener noreferrer\"><img loading=\"lazy\" decoding=\"async\" class=\"wp-image-5242 aligncenter\" src=\"https:\/\/blogsaverroes.juntadeandalucia.es\/ceiprafaelalbertidh\/files\/2024\/01\/descarga-TWITER.png\" alt=\"\" width=\"70\" height=\"59\"><\/a><\/td>\n<td style=\"width: 25%\"><a href=\"https:\/\/es-es.facebook.com\/pages\/category\/Education\/Ceip-Rafael-Alberti-Dos-hermanas-780138092160941\/\" target=\"_blank\" rel=\"noopener noreferrer\"><img loading=\"lazy\" decoding=\"async\" class=\"wp-image-5243 aligncenter\" src=\"https:\/\/blogsaverroes.juntadeandalucia.es\/ceiprafaelalbertidh\/files\/2024\/01\/descarga-FACEBOOK.png\" alt=\"\" width=\"60\" height=\"60\"><\/a><\/td>\n<td style=\"width: 25%\"><a href=\"https:\/\/www.youtube.com\/channel\/UCU8y9qHCoiM9B01ECz-sBTQ\" target=\"_blank\" rel=\"noopener noreferrer\"><img loading=\"lazy\" decoding=\"async\" class=\"wp-image-5247 aligncenter\" src=\"https:\/\/blogsaverroes.juntadeandalucia.es\/ceiprafaelalbertidh\/files\/2024\/01\/descarga-YOUTUBE-1.jpg\" alt=\"\" width=\"83\" height=\"76\"><\/a><\/td>\n<\/tr>\n<\/tbody>\n<\/table>\n<h5>&nbsp;<\/h5>\n<h5><strong>PROYECTO EDUCATIVO<\/strong><\/h5>\n<div class=\"embed-container\"><iframe loading=\"lazy\" title=\"Proyecto Educativo\" width=\"1140\" height=\"641\" src=\"https:\/\/www.youtube.com\/embed\/ebDnUibzuMo?feature=oembed\" frameborder=\"0\" allow=\"accelerometer; autoplay; clipboard-write; encrypted-media; gyroscope; picture-in-picture; web-share\" referrerpolicy=\"strict-origin-when-cross-origin\" allowfullscreen><\/iframe><\/div>\n<p>&nbsp;<\/p>\n<h5><strong>L\u00cdNEA EDUCATIVA<\/strong><\/h5>\n<div class=\"embed-container\"><iframe loading=\"lazy\" title=\"CEIP Rafael Alberti, Montequinto, Dos Hermanas\" width=\"1140\" height=\"641\" src=\"https:\/\/www.youtube.com\/embed\/Ts6U2gEA0KA?feature=oembed\" frameborder=\"0\" allow=\"accelerometer; autoplay; clipboard-write; encrypted-media; gyroscope; picture-in-picture; web-share\" referrerpolicy=\"strict-origin-when-cross-origin\" allowfullscreen><\/iframe><\/div>\n<p>&nbsp;<\/p>\n<h5><strong>INSTALACIONES Y RECURSOS EDUCATIVOS<\/strong><\/h5>\n<p><iframe loading=\"lazy\" src=\"\/\/www.youtube.com\/embed\/mQeZzc57hV0?si=ZNLxd4x5umDDzv1q\" width=\"560\" height=\"314\"><\/iframe><\/p>\n<p>&nbsp;<\/p>\n<p>&nbsp;<\/p>\n<p><iframe loading=\"lazy\" src=\"https:\/\/www.google.com\/maps\/embed?pb=!1m14!1m8!1m3!1d12689.031547362882!2d-5.9368631!3d37.3364029!3m2!1i1024!2i768!4f13.1!3m3!1m2!1s0x0%3A0xb442a9a98f61d795!2sColegio%20P%C3%BAblico%20Rafael%20Alberti!5e0!3m2!1ses!2ses!4v1666601217529!5m2!1ses!2ses\" width=\"600\" height=\"450\"><\/iframe><\/p>\n<table>\n<tbody>\n<tr>\n<td><a href=\"https:\/\/blogsaverroes.juntadeandalucia.es\/ceiprafaelalbertidh\/files\/2019\/02\/PORTADA.jpg\"><img loading=\"lazy\" decoding=\"async\" class=\"alignnone size-medium wp-image-2352\" src=\"https:\/\/blogsaverroes.juntadeandalucia.es\/ceiprafaelalbertidh\/files\/2019\/02\/PORTADA-300x124.jpg\" alt=\"\" width=\"300\" height=\"124\" srcset=\"https:\/\/blogsaverroes.juntadeandalucia.es\/ceiprafaelalbertidh\/files\/2019\/02\/PORTADA-300x124.jpg 300w, https:\/\/blogsaverroes.juntadeandalucia.es\/ceiprafaelalbertidh\/files\/2019\/02\/PORTADA-768x318.jpg 768w, https:\/\/blogsaverroes.juntadeandalucia.es\/ceiprafaelalbertidh\/files\/2019\/02\/PORTADA-1024x425.jpg 1024w, https:\/\/blogsaverroes.juntadeandalucia.es\/ceiprafaelalbertidh\/files\/2019\/02\/PORTADA-700x290.jpg 700w, https:\/\/blogsaverroes.juntadeandalucia.es\/ceiprafaelalbertidh\/files\/2019\/02\/PORTADA-24x10.jpg 24w, https:\/\/blogsaverroes.juntadeandalucia.es\/ceiprafaelalbertidh\/files\/2019\/02\/PORTADA-36x15.jpg 36w, https:\/\/blogsaverroes.juntadeandalucia.es\/ceiprafaelalbertidh\/files\/2019\/02\/PORTADA-48x20.jpg 48w, https:\/\/blogsaverroes.juntadeandalucia.es\/ceiprafaelalbertidh\/files\/2019\/02\/PORTADA.jpg 1582w\" sizes=\"(max-width: 300px) 100vw, 300px\" \/><\/a><\/td>\n<td><a href=\"https:\/\/blogsaverroes.juntadeandalucia.es\/ceiprafaelalbertidh\/files\/2019\/02\/7898_11.jpg\"><img loading=\"lazy\" decoding=\"async\" class=\"alignnone size-medium wp-image-2349\" src=\"https:\/\/blogsaverroes.juntadeandalucia.es\/ceiprafaelalbertidh\/files\/2019\/02\/7898_11-300x159.jpg\" alt=\"\" width=\"300\" height=\"159\" srcset=\"https:\/\/blogsaverroes.juntadeandalucia.es\/ceiprafaelalbertidh\/files\/2019\/02\/7898_11-300x159.jpg 300w, https:\/\/blogsaverroes.juntadeandalucia.es\/ceiprafaelalbertidh\/files\/2019\/02\/7898_11-768x407.jpg 768w, https:\/\/blogsaverroes.juntadeandalucia.es\/ceiprafaelalbertidh\/files\/2019\/02\/7898_11-1024x543.jpg 1024w, https:\/\/blogsaverroes.juntadeandalucia.es\/ceiprafaelalbertidh\/files\/2019\/02\/7898_11-700x371.jpg 700w, https:\/\/blogsaverroes.juntadeandalucia.es\/ceiprafaelalbertidh\/files\/2019\/02\/7898_11-24x13.jpg 24w, https:\/\/blogsaverroes.juntadeandalucia.es\/ceiprafaelalbertidh\/files\/2019\/02\/7898_11-36x19.jpg 36w, https:\/\/blogsaverroes.juntadeandalucia.es\/ceiprafaelalbertidh\/files\/2019\/02\/7898_11-48x25.jpg 48w, https:\/\/blogsaverroes.juntadeandalucia.es\/ceiprafaelalbertidh\/files\/2019\/02\/7898_11.jpg 1582w\" sizes=\"(max-width: 300px) 100vw, 300px\" \/><\/a><\/td>\n<td><a href=\"https:\/\/blogsaverroes.juntadeandalucia.es\/ceiprafaelalbertidh\/files\/2019\/02\/7898_09.jpg\"><img loading=\"lazy\" decoding=\"async\" class=\"alignnone size-medium wp-image-2347\" src=\"https:\/\/blogsaverroes.juntadeandalucia.es\/ceiprafaelalbertidh\/files\/2019\/02\/7898_09-300x171.jpg\" alt=\"\" width=\"300\" height=\"171\" srcset=\"https:\/\/blogsaverroes.juntadeandalucia.es\/ceiprafaelalbertidh\/files\/2019\/02\/7898_09-300x171.jpg 300w, https:\/\/blogsaverroes.juntadeandalucia.es\/ceiprafaelalbertidh\/files\/2019\/02\/7898_09-768x437.jpg 768w, https:\/\/blogsaverroes.juntadeandalucia.es\/ceiprafaelalbertidh\/files\/2019\/02\/7898_09-1024x583.jpg 1024w, https:\/\/blogsaverroes.juntadeandalucia.es\/ceiprafaelalbertidh\/files\/2019\/02\/7898_09-700x398.jpg 700w, https:\/\/blogsaverroes.juntadeandalucia.es\/ceiprafaelalbertidh\/files\/2019\/02\/7898_09-24x14.jpg 24w, https:\/\/blogsaverroes.juntadeandalucia.es\/ceiprafaelalbertidh\/files\/2019\/02\/7898_09-36x20.jpg 36w, https:\/\/blogsaverroes.juntadeandalucia.es\/ceiprafaelalbertidh\/files\/2019\/02\/7898_09-48x27.jpg 48w, https:\/\/blogsaverroes.juntadeandalucia.es\/ceiprafaelalbertidh\/files\/2019\/02\/7898_09.jpg 1582w\" sizes=\"(max-width: 300px) 100vw, 300px\" \/><\/a><\/td>\n<td><a href=\"https:\/\/blogsaverroes.juntadeandalucia.es\/ceiprafaelalbertidh\/files\/2019\/02\/7898_03.jpg\"><img loading=\"lazy\" decoding=\"async\" class=\"alignnone size-medium wp-image-2345\" src=\"https:\/\/blogsaverroes.juntadeandalucia.es\/ceiprafaelalbertidh\/files\/2019\/02\/7898_03-300x188.jpg\" alt=\"\" width=\"300\" height=\"188\" srcset=\"https:\/\/blogsaverroes.juntadeandalucia.es\/ceiprafaelalbertidh\/files\/2019\/02\/7898_03-300x188.jpg 300w, https:\/\/blogsaverroes.juntadeandalucia.es\/ceiprafaelalbertidh\/files\/2019\/02\/7898_03-768x482.jpg 768w, https:\/\/blogsaverroes.juntadeandalucia.es\/ceiprafaelalbertidh\/files\/2019\/02\/7898_03-1024x642.jpg 1024w, https:\/\/blogsaverroes.juntadeandalucia.es\/ceiprafaelalbertidh\/files\/2019\/02\/7898_03-700x439.jpg 700w, https:\/\/blogsaverroes.juntadeandalucia.es\/ceiprafaelalbertidh\/files\/2019\/02\/7898_03-24x15.jpg 24w, https:\/\/blogsaverroes.juntadeandalucia.es\/ceiprafaelalbertidh\/files\/2019\/02\/7898_03-36x23.jpg 36w, https:\/\/blogsaverroes.juntadeandalucia.es\/ceiprafaelalbertidh\/files\/2019\/02\/7898_03-48x30.jpg 48w, https:\/\/blogsaverroes.juntadeandalucia.es\/ceiprafaelalbertidh\/files\/2019\/02\/7898_03.jpg 1582w\" sizes=\"(max-width: 300px) 100vw, 300px\" \/><\/a><\/td>\n<\/tr>\n<\/tbody>\n<\/table>\n","protected":false},"excerpt":{"rendered":"<p>&nbsp; &nbsp; El CEIP Rafael Alberti es un colegio biling\u00fce de dos l\u00edneas de Educaci\u00f3n Infantil y Primaria, desde los inicios en el curso 1977\/1978 el centro se situaba en la calle San Jos\u00e9 de Calasanz. En el curso 2012\/2013 se inaugur\u00f3 el actual edificio situado en la calle Graciano s\/n y en el curso &hellip; <\/p>\n<p><a class=\"more-link btn\" href=\"https:\/\/blogsaverroes.juntadeandalucia.es\/ceiprafaelalbertidh\/el-centro-2\/\">Seguir leyendo<\/a><\/p>\n","protected":false},"author":1,"featured_media":0,"parent":0,"menu_order":0,"comment_status":"closed","ping_status":"open","template":"","meta":{"ngg_post_thumbnail":0,"footnotes":"","_mc_calendar":[]},"aioseo_notices":[],"_links":{"self":[{"href":"https:\/\/blogsaverroes.juntadeandalucia.es\/ceiprafaelalbertidh\/wp-json\/wp\/v2\/pages\/35"}],"collection":[{"href":"https:\/\/blogsaverroes.juntadeandalucia.es\/ceiprafaelalbertidh\/wp-json\/wp\/v2\/pages"}],"about":[{"href":"https:\/\/blogsaverroes.juntadeandalucia.es\/ceiprafaelalbertidh\/wp-json\/wp\/v2\/types\/page"}],"author":[{"embeddable":true,"href":"https:\/\/blogsaverroes.juntadeandalucia.es\/ceiprafaelalbertidh\/wp-json\/wp\/v2\/users\/1"}],"replies":[{"embeddable":true,"href":"https:\/\/blogsaverroes.juntadeandalucia.es\/ceiprafaelalbertidh\/wp-json\/wp\/v2\/comments?post=35"}],"version-history":[{"count":25,"href":"https:\/\/blogsaverroes.juntadeandalucia.es\/ceiprafaelalbertidh\/wp-json\/wp\/v2\/pages\/35\/revisions"}],"predecessor-version":[{"id":6223,"href":"https:\/\/blogsaverroes.juntadeandalucia.es\/ceiprafaelalbertidh\/wp-json\/wp\/v2\/pages\/35\/revisions\/6223"}],"wp:attachment":[{"href":"https:\/\/blogsaverroes.juntadeandalucia.es\/ceiprafaelalbertidh\/wp-json\/wp\/v2\/media?parent=35"}],"curies":[{"name":"wp","href":"https:\/\/api.w.org\/{rel}","templated":true}]}}