{"id":4210,"date":"2022-03-22T10:40:22","date_gmt":"2022-03-22T09:40:22","guid":{"rendered":"https:\/\/blogsaverroes.juntadeandalucia.es\/ceiprafaelalbertidh\/?page_id=4210"},"modified":"2022-10-14T11:01:45","modified_gmt":"2022-10-14T09:01:45","slug":"plan-de-orientacion-y-accion-tutorial","status":"publish","type":"page","link":"https:\/\/blogsaverroes.juntadeandalucia.es\/ceiprafaelalbertidh\/plan-de-orientacion-y-accion-tutorial\/","title":{"rendered":"PLAN DE ORIENTACI\u00d3N Y ACCI\u00d3N TUTORIAL"},"content":{"rendered":"<h5 style=\"text-align: left\">El Plan de Orientaci\u00f3n y Acci\u00f3n Tutorial (POAT) es el instrumento pedag\u00f3gico-did\u00e1ctico que articula a medio y largo plazo el conjunto de actuaciones, de los equipos docentes y del centro educativo en su conjunto, relacionados con la orientaci\u00f3n y la acci\u00f3n tutorial.<\/h5>\n<h5 style=\"text-align: left\">La Orientaci\u00f3n y la Acci\u00f3n Tutorial forma parte de la funci\u00f3n docente, la respuesta educativa no puede reducirse a la transmisi\u00f3n de contenidos, debe responder a una visi\u00f3n de la educaci\u00f3n centrada en los apoyos que necesita el alumnado en el proceso de construcci\u00f3n de su personalidad. Para ello, se tendr\u00e1n en cuenta las variables que inciden favorablemente o dificultan los logros de aprendizaje del alumnado: contexto escolar, sociocultural&#8230; y las expectativas de los miembros de su comunidad educativa.<\/h5>\n<h5 style=\"text-align: left\">Dentro de POAT desarrollamos los siguientes proyectos:&nbsp;<\/h5>\n<ul>\n<li>\n<h5><a title=\"EDUCAR DESDE LA EMOCI\u00d3N\" href=\"https:\/\/blogsaverroes.juntadeandalucia.es\/ceiprafaelalbertidh\/educar-desde-la-emocion\/\">EDUCAR DESDE LA EMOCI\u00d3N<\/a><\/h5>\n<\/li>\n<li>\n<h5><a title=\"TR\u00c1NSITO\" href=\"https:\/\/blogsaverroes.juntadeandalucia.es\/ceiprafaelalbertidh\/transito\/\">TR\u00c1NSITO<\/a><\/h5>\n<\/li>\n<li>\n<h5><a title=\"CRECIENDO EN SALUD\" href=\"https:\/\/blogsaverroes.juntadeandalucia.es\/ceiprafaelalbertidh\/creciendo-en-salud\/\">CRECIENDO EN SALUD<\/a><\/h5>\n<\/li>\n<\/ul>\n","protected":false},"excerpt":{"rendered":"<p>El Plan de Orientaci\u00f3n y Acci\u00f3n Tutorial (POAT) es el instrumento pedag\u00f3gico-did\u00e1ctico que articula a medio y largo plazo el conjunto de actuaciones, de los equipos docentes y del centro educativo en su conjunto, relacionados con la orientaci\u00f3n y la acci\u00f3n tutorial. La Orientaci\u00f3n y la Acci\u00f3n Tutorial forma parte de la funci\u00f3n docente, la &hellip; <\/p>\n<p><a class=\"more-link btn\" href=\"https:\/\/blogsaverroes.juntadeandalucia.es\/ceiprafaelalbertidh\/plan-de-orientacion-y-accion-tutorial\/\">Seguir leyendo<\/a><\/p>\n","protected":false},"author":6883,"featured_media":0,"parent":0,"menu_order":0,"comment_status":"closed","ping_status":"closed","template":"","meta":{"ngg_post_thumbnail":0,"footnotes":"","_mc_calendar":[]},"aioseo_notices":[],"_links":{"self":[{"href":"https:\/\/blogsaverroes.juntadeandalucia.es\/ceiprafaelalbertidh\/wp-json\/wp\/v2\/pages\/4210"}],"collection":[{"href":"https:\/\/blogsaverroes.juntadeandalucia.es\/ceiprafaelalbertidh\/wp-json\/wp\/v2\/pages"}],"about":[{"href":"https:\/\/blogsaverroes.juntadeandalucia.es\/ceiprafaelalbertidh\/wp-json\/wp\/v2\/types\/page"}],"author":[{"embeddable":true,"href":"https:\/\/blogsaverroes.juntadeandalucia.es\/ceiprafaelalbertidh\/wp-json\/wp\/v2\/users\/6883"}],"replies":[{"embeddable":true,"href":"https:\/\/blogsaverroes.juntadeandalucia.es\/ceiprafaelalbertidh\/wp-json\/wp\/v2\/comments?post=4210"}],"version-history":[{"count":9,"href":"https:\/\/blogsaverroes.juntadeandalucia.es\/ceiprafaelalbertidh\/wp-json\/wp\/v2\/pages\/4210\/revisions"}],"predecessor-version":[{"id":4535,"href":"https:\/\/blogsaverroes.juntadeandalucia.es\/ceiprafaelalbertidh\/wp-json\/wp\/v2\/pages\/4210\/revisions\/4535"}],"wp:attachment":[{"href":"https:\/\/blogsaverroes.juntadeandalucia.es\/ceiprafaelalbertidh\/wp-json\/wp\/v2\/media?parent=4210"}],"curies":[{"name":"wp","href":"https:\/\/api.w.org\/{rel}","templated":true}]}}