{"id":4222,"date":"2022-03-22T10:44:19","date_gmt":"2022-03-22T09:44:19","guid":{"rendered":"https:\/\/blogsaverroes.juntadeandalucia.es\/ceiprafaelalbertidh\/?page_id=4222"},"modified":"2022-10-14T13:06:07","modified_gmt":"2022-10-14T11:06:07","slug":"plan-de-convivencia-escolar","status":"publish","type":"page","link":"https:\/\/blogsaverroes.juntadeandalucia.es\/ceiprafaelalbertidh\/plan-de-convivencia-escolar\/","title":{"rendered":"PLAN DE CONVIVENCIA ESCOLAR"},"content":{"rendered":"<h5>En el CEIP Rafael Alberti fomentamos un plan de convivencia din\u00e1mico, actualizado, consensuado por todos los sectores de la Comunidad Educativa, teniendo como eje principal la Inteligencia Emocional, con rutinas, din\u00e1micas, momentos de relajaci\u00f3n a trav\u00e9s del mindfulness o yoga y el proyecto de mediaci\u00f3n escolar a trav\u00e9s de los patrulleros de paz.<\/h5>\n<h5>Incentivamos el conocimiento de las normas con juegos, talleres, carteler\u00edas y videos, para que los ni\u00f1os y ni\u00f1as sepan resolver los conflictos de forma pac\u00edfica utilizando el di\u00e1logo, aprendiendo a escuchar, a gestionar de forma adecuada las emociones, a entenderlas y ponerles nombre para que sepan lo que les pasa y puedan tomar las decisiones acertadas.<\/h5>\n<h5>Contamos con un protocolo de seguimiento de la convivencia firme, se trabaja de forma sistem\u00e1tica y que busca prevenir conductas disruptivas haciendo consciente a toda la Comunidad Educativa de la responsabilidad de cada uno de ellos en sus actos y reconduciendo aquellas conductas contrarias.<\/h5>\n<h5>La convivencia en nuestro centro es mucho m\u00e1s, son actividades cooperativas entre todo el alumnado, actividades solidarias, jornadas de puertas abiertas, talleres y jornadas culturales donde damos a conocer nuestro proyecto de centro.<\/h5>\n<h5>Todo esto supone cada a\u00f1o una nueva aventura, retos que compartir entre familia y escuela, personajes c\u00e9lebres que conocer, proyectos que nos motiven, que entusiasmen al alumnado y que disfruten las familias porque estamos convencidos de que el buen clima en el centro repercute en felicidad para todas y todos y en \u00e9xito escolar.<\/h5>\n<h5>Para ver m\u00e1s informaci\u00f3n acerca de los proyectos que incluye el Plan de Convivencia pinche aqu\u00ed:&nbsp;<\/h5>\n<ul>\n<li><a title=\"RECREOS EN PAZ\" href=\"https:\/\/blogsaverroes.juntadeandalucia.es\/ceiprafaelalbertidh\/recreos-en-paz\/\">RECREOS EN PAZ<\/a><\/li>\n<li><a title=\"PLAN DE IGUALDAD\" href=\"https:\/\/blogsaverroes.juntadeandalucia.es\/ceiprafaelalbertidh\/plan-de-igualdad\/\">PLAN DE IGUALDAD<\/a><\/li>\n<\/ul>\n<h3 style=\"text-align: center\"><a style=\"width: 100%\">&nbsp;<\/a><strong><a href=\"https:\/\/blogsaverroes.juntadeandalucia.es\/ceiprafaelalbertidh\/files\/2022\/03\/PRESENTACI\u00d3N-CONVIVENCIA.pdf\" target=\"_blank\" rel=\"noopener noreferrer\">INFOGRAF\u00cdA PLAN DE CONVIVENCIA<\/a><\/strong><\/h3>\n<div style=\"padding-bottom: 56.25%;padding-top: 0px;height: 0px;text-align: center\"><iframe loading=\"lazy\" src=\"https:\/\/view.genial.ly\/623053a86203b60018d5b73e\" width=\"1000\" height=\"475\" frameborder=\"0\" scrolling=\"yes\"><\/iframe><\/div>\n<div>&nbsp;<\/div>\n<div>&nbsp;<\/div>\n<div>&nbsp;<\/div>\n<p><a href=\"https:\/\/blogsaverroes.juntadeandalucia.es\/ceiprafaelalbertidh\/files\/2022\/03\/PRESENTACI\u00d3N-CONVIVENCIA.pdf\" target=\"_blank\" rel=\"noopener noreferrer\"><img loading=\"lazy\" decoding=\"async\" class=\"aligncenter wp-image-4165 size-full\" src=\"https:\/\/blogsaverroes.juntadeandalucia.es\/ceiprafaelalbertidh\/files\/2022\/03\/convivencia-positiva.jpg\" alt=\"\" width=\"940\" height=\"788\" srcset=\"https:\/\/blogsaverroes.juntadeandalucia.es\/ceiprafaelalbertidh\/files\/2022\/03\/convivencia-positiva.jpg 940w, https:\/\/blogsaverroes.juntadeandalucia.es\/ceiprafaelalbertidh\/files\/2022\/03\/convivencia-positiva-300x251.jpg 300w, https:\/\/blogsaverroes.juntadeandalucia.es\/ceiprafaelalbertidh\/files\/2022\/03\/convivencia-positiva-768x644.jpg 768w, https:\/\/blogsaverroes.juntadeandalucia.es\/ceiprafaelalbertidh\/files\/2022\/03\/convivencia-positiva-700x587.jpg 700w\" sizes=\"(max-width: 940px) 100vw, 940px\" \/><\/a><\/p>\n<p>&nbsp;<\/p>\n","protected":false},"excerpt":{"rendered":"<p>En el CEIP Rafael Alberti fomentamos un plan de convivencia din\u00e1mico, actualizado, consensuado por todos los sectores de la Comunidad Educativa, teniendo como eje principal la Inteligencia Emocional, con rutinas, din\u00e1micas, momentos de relajaci\u00f3n a trav\u00e9s del mindfulness o yoga y el proyecto de mediaci\u00f3n escolar a trav\u00e9s de los patrulleros de paz. Incentivamos el &hellip; <\/p>\n<p><a class=\"more-link btn\" href=\"https:\/\/blogsaverroes.juntadeandalucia.es\/ceiprafaelalbertidh\/plan-de-convivencia-escolar\/\">Seguir leyendo<\/a><\/p>\n","protected":false},"author":6883,"featured_media":0,"parent":0,"menu_order":0,"comment_status":"closed","ping_status":"closed","template":"","meta":{"ngg_post_thumbnail":0,"footnotes":"","_mc_calendar":[]},"aioseo_notices":[],"_links":{"self":[{"href":"https:\/\/blogsaverroes.juntadeandalucia.es\/ceiprafaelalbertidh\/wp-json\/wp\/v2\/pages\/4222"}],"collection":[{"href":"https:\/\/blogsaverroes.juntadeandalucia.es\/ceiprafaelalbertidh\/wp-json\/wp\/v2\/pages"}],"about":[{"href":"https:\/\/blogsaverroes.juntadeandalucia.es\/ceiprafaelalbertidh\/wp-json\/wp\/v2\/types\/page"}],"author":[{"embeddable":true,"href":"https:\/\/blogsaverroes.juntadeandalucia.es\/ceiprafaelalbertidh\/wp-json\/wp\/v2\/users\/6883"}],"replies":[{"embeddable":true,"href":"https:\/\/blogsaverroes.juntadeandalucia.es\/ceiprafaelalbertidh\/wp-json\/wp\/v2\/comments?post=4222"}],"version-history":[{"count":13,"href":"https:\/\/blogsaverroes.juntadeandalucia.es\/ceiprafaelalbertidh\/wp-json\/wp\/v2\/pages\/4222\/revisions"}],"predecessor-version":[{"id":4545,"href":"https:\/\/blogsaverroes.juntadeandalucia.es\/ceiprafaelalbertidh\/wp-json\/wp\/v2\/pages\/4222\/revisions\/4545"}],"wp:attachment":[{"href":"https:\/\/blogsaverroes.juntadeandalucia.es\/ceiprafaelalbertidh\/wp-json\/wp\/v2\/media?parent=4222"}],"curies":[{"name":"wp","href":"https:\/\/api.w.org\/{rel}","templated":true}]}}