{"id":4738,"date":"2023-02-01T10:59:50","date_gmt":"2023-02-01T09:59:50","guid":{"rendered":"https:\/\/blogsaverroes.juntadeandalucia.es\/ceiprafaelalbertidh\/?page_id=4738"},"modified":"2023-05-26T11:27:12","modified_gmt":"2023-05-26T09:27:12","slug":"escolarizacion-curso-2023-2024","status":"publish","type":"page","link":"https:\/\/blogsaverroes.juntadeandalucia.es\/ceiprafaelalbertidh\/escolarizacion-curso-2023-2024\/","title":{"rendered":"Escolarizaci\u00f3n Curso 2023-2024"},"content":{"rendered":"<h3><a href=\"https:\/\/www.juntadeandalucia.es\/educacion\/secretariavirtual\/accesoConsultas\/1477\/\" target=\"_blank\" rel=\"noopener noreferrer\"><span style=\"color: #ff0000\">ACCESO A CONSULTA ADJUDICACI\u00d3N DE PLAZA ESCOLAR AL ALUMNADO NO ADMITIDO<\/span><\/a><\/h3>\n<h3><a href=\"https:\/\/www.juntadeandalucia.es\/educacion\/secretariavirtual\/accesoConsultas\/1476\/\" target=\"_blank\" rel=\"noopener noreferrer\"><span style=\"color: #ff0000\">ACCESO A CONSULTA DE ADJUDICACI\u00d3N DEL PROCESO DE ADMISI\u00d3N<\/span><\/a><\/h3>\n<h3><a href=\"https:\/\/www.juntadeandalucia.es\/educacion\/secretariavirtual\/accesoConsultas\/1460\/\" target=\"_blank\" rel=\"noopener noreferrer\"><span style=\"color: #ff0000\">ACCESO A CONSULTA DEL BAREMO DEL PROCESO DE ADMISI\u00d3N<\/span><\/a><\/h3>\n<h3><a href=\"https:\/\/www.juntadeandalucia.es\/educacion\/secretariavirtual\/accesoTramite\/544\/\" target=\"_blank\" rel=\"noopener noreferrer\"><span style=\"color: #ff0000\">ACCESO A ALEGACIONES<\/span><\/a><\/h3>\n<p>&nbsp;<\/p>\n<h3><strong><span style=\"color: #000000\">CALENDARIO ESCOLARIZACI\u00d3N<\/span><\/strong><\/h3>\n<ul>\n<li>\n<h5>Del 01 marzo 2023 al 31 marzo 2023: Presentaci\u00f3n de solicitudes<\/h5>\n<\/li>\n<li>\n<h5>18 abril 2023: Relaci\u00f3n baremada del alumnado solicitante<\/h5>\n<\/li>\n<li>\n<h5>19 abril 2023: Tr\u00e1mite de audiencia. 10 d\u00edas lectivos<\/h5>\n<\/li>\n<li>\n<h5>15 mayo 2023: Sorteo p\u00fablico para dirimir empates<\/h5>\n<\/li>\n<li>\n<h5>16 mayo 2023: Publicaci\u00f3n de la Resoluci\u00f3n del procedimiento de admisi\u00f3n<\/h5>\n<\/li>\n<li>\n<h5>26 mayo 2023: Publicaci\u00f3n de la Resoluci\u00f3n de adjudicaci\u00f3n de plaza del alumnado no admitido en el centro docente elegido como prioritario (reubicaci\u00f3n)<\/h5>\n<\/li>\n<li>\n<h5>Del 27 mayo 2023 al 26 junio 2023: Reclamaciones\/recursos de alzada<\/h5>\n<\/li>\n<li>\n<h5>Del 01 junio 2023 al 08 junio 2023: Plazo de matriculaci\u00f3n (segundo ciclo de educaci\u00f3n infantil, educaci\u00f3n primaria y educaci\u00f3n especial)<\/h5>\n<\/li>\n<\/ul>\n<h3>&nbsp;<\/h3>\n<h3><a href=\"https:\/\/www.juntadeandalucia.es\/educacion\/secretariavirtual\/accesoTramite\/543\/\" target=\"_blank\" rel=\"noopener noreferrer\"><span style=\"color: #ff0000\">SOLICITUD DE ADMISI\u00d3N EN CENTROS DOCENTES<\/span>&nbsp;<\/a><strong>(DEL 1 AL 31 DE MARZO)<\/strong><\/h3>\n<h3>JORNADAS DE PUERTAS ABIERTAS<\/h3>\n<h5><strong>PUEDEN INSCRIBIRSE HACIENDO CLICK en la fecha que le interese:<\/strong><\/h5>\n<ul>\n<li class=\"_04xlpA direction-ltr align-start para-style-body\">\n<h5><del><a href=\"https:\/\/docs.google.com\/forms\/d\/1YYZcVIeRBOJXOh-pdTuQt2ihl7VusIgKQRf76YKn0Ck\" target=\"_blank\" rel=\"noopener noreferrer\"><span class=\"JsGRdQ\">Lunes 20 de febrero (17:00h) &#8211; PRESENCIAL<\/span><\/a> &#8211; CELEBRADA<\/del><\/h5>\n<\/li>\n<li class=\"_04xlpA direction-ltr align-start para-style-body\">\n<h5><del><a href=\"https:\/\/docs.google.com\/forms\/d\/1YYZcVIeRBOJXOh-pdTuQt2ihl7VusIgKQRf76YKn0Ck\" target=\"_blank\" rel=\"noopener noreferrer\">Lunes 6 de marzo (17:00h) &#8211; PRESENCIAL <\/a>CELEBRADA<\/del><\/h5>\n<\/li>\n<li class=\"_04xlpA direction-ltr align-start para-style-body\">\n<h5><del><a href=\"https:\/\/docs.google.com\/forms\/d\/1YYZcVIeRBOJXOh-pdTuQt2ihl7VusIgKQRf76YKn0Ck\" target=\"_blank\" rel=\"noopener noreferrer\">Mi\u00e9rcoles 15 de marzo (12:30h) &#8211; PRESENCIAL <\/a>CELEBRADA<\/del><\/h5>\n<\/li>\n<li>\n<h5><del><a href=\"https:\/\/docs.google.com\/forms\/d\/1YYZcVIeRBOJXOh-pdTuQt2ihl7VusIgKQRf76YKn0Ck\" target=\"_blank\" rel=\"noopener noreferrer\">Lunes 20 de marzo (17:00h) &#8211; PRESENCIAL <\/a>CELEBRADA<\/del><\/h5>\n<h5>&nbsp;<\/h5>\n<\/li>\n<\/ul>\n<h5>&nbsp;<\/h5>\n<h5 class=\"_04xlpA direction-ltr align-start para-style-body\"><strong>El aforo a las jornadas ser\u00e1 limitado<\/strong>, debe solicitarla previamente y le daremos toda la informaci\u00f3n.<\/h5>\n<h5>Para cualquier consulta o aclaraci\u00f3n puede contactar con nosotros en el n\u00famero 95 562 49 18 y por correo electr\u00f3nico en: secretaria.ceiprafaelalbertidh@gmail.com<\/h5>\n<h3>&nbsp;<\/h3>\n<h3><a href=\"https:\/\/www.juntadeandalucia.es\/educacion\/secretariavirtual\/accesoTramite\/543\/\" target=\"_blank\" rel=\"noopener noreferrer\"><span style=\"color: #ff0000\">SOLICITUD DE ADMISI\u00d3N EN CENTROS DOCENTES<\/span>&nbsp;<\/a><\/h3>\n<h3><strong>( DEL 1 AL 31 DE MARZO)<\/strong><\/h3>\n<h3>&nbsp;<\/h3>\n<h5><a href=\"https:\/\/www.juntadeandalucia.es\/educacion\/secretariavirtual\/accesoTramite\/543\/\" target=\"_blank\" rel=\"noopener noreferrer\">Para cumplimentar la solicitud telem\u00e1tica es necesario el certificado digital reconocido, la CL@VE-PIN o CL@AVE-PERMANENTE.<\/a><\/h5>\n<p>Tambi\u00e9n se puede hacer con la clave iANDE, si el\/la alumno\/a se encuentra matriculado\/a en un centro educativo (tambi\u00e9n guarder\u00eda) la puede encontrar en la app iPasen, en un mensaje anclado en la bandeja de entrada. Este mensaje permanece fijo. Cuando entre en iPASEN, busque su clave iANDE (Identificador Andaluz Educativo) en Comunicaciones &gt; Recibidos.<\/p>\n<p>Para cualquier duda o aclaraci\u00f3n general sobre el proceso de admisi\u00f3n, les atenderemos en el centro durante el mes de marzo de lunes a viernes de 9:00 h a 13:30 h llamando al n\u00famero 95 562 49 18. Tambi\u00e9n podemos atenderles por correo electr\u00f3nico en:&nbsp;<a href=\"mailto:secretaria.ceiprafaelalbertidh@gmail.com\">secretaria.ceiprafaelalbertidh@gmail.com<\/a><\/p>\n<p>&nbsp;<\/p>\n<p><a href=\"https:\/\/blogsaverroes.juntadeandalucia.es\/ceiprafaelalbertidh\/files\/2023\/02\/Cartel-Escolarizaci\u00f3n-23-24-1-1.png\"><img loading=\"lazy\" decoding=\"async\" class=\"aligncenter wp-image-4781 size-large\" src=\"https:\/\/blogsaverroes.juntadeandalucia.es\/ceiprafaelalbertidh\/files\/2023\/02\/Cartel-Escolarizaci\u00f3n-23-24-1-1-724x1024.png\" alt=\"\" width=\"660\" height=\"933\" srcset=\"https:\/\/blogsaverroes.juntadeandalucia.es\/ceiprafaelalbertidh\/files\/2023\/02\/Cartel-Escolarizaci\u00f3n-23-24-1-1-724x1024.png 724w, https:\/\/blogsaverroes.juntadeandalucia.es\/ceiprafaelalbertidh\/files\/2023\/02\/Cartel-Escolarizaci\u00f3n-23-24-1-1-212x300.png 212w, https:\/\/blogsaverroes.juntadeandalucia.es\/ceiprafaelalbertidh\/files\/2023\/02\/Cartel-Escolarizaci\u00f3n-23-24-1-1-768x1086.png 768w, https:\/\/blogsaverroes.juntadeandalucia.es\/ceiprafaelalbertidh\/files\/2023\/02\/Cartel-Escolarizaci\u00f3n-23-24-1-1-1086x1536.png 1086w, https:\/\/blogsaverroes.juntadeandalucia.es\/ceiprafaelalbertidh\/files\/2023\/02\/Cartel-Escolarizaci\u00f3n-23-24-1-1-1448x2048.png 1448w, https:\/\/blogsaverroes.juntadeandalucia.es\/ceiprafaelalbertidh\/files\/2023\/02\/Cartel-Escolarizaci\u00f3n-23-24-1-1-700x990.png 700w, https:\/\/blogsaverroes.juntadeandalucia.es\/ceiprafaelalbertidh\/files\/2023\/02\/Cartel-Escolarizaci\u00f3n-23-24-1-1.png 1131w\" sizes=\"(max-width: 660px) 100vw, 660px\" \/><\/a><\/p>\n<h3>PROYECTO EDUCATIVO<\/h3>\n<div class=\"embed-container\"><iframe loading=\"lazy\" title=\"Proyecto Educativo\" width=\"1140\" height=\"641\" src=\"https:\/\/www.youtube.com\/embed\/ebDnUibzuMo?feature=oembed\" frameborder=\"0\" allow=\"accelerometer; autoplay; clipboard-write; encrypted-media; gyroscope; picture-in-picture; web-share\" referrerpolicy=\"strict-origin-when-cross-origin\" allowfullscreen><\/iframe><\/div>\n<p>&nbsp;<\/p>\n<h3>L\u00cdNEA EDUCATIVA<\/h3>\n<div class=\"embed-container\"><iframe loading=\"lazy\" title=\"CEIP Rafael Alberti, Montequinto, Dos Hermanas\" width=\"1140\" height=\"641\" src=\"https:\/\/www.youtube.com\/embed\/Ts6U2gEA0KA?feature=oembed\" frameborder=\"0\" allow=\"accelerometer; autoplay; clipboard-write; encrypted-media; gyroscope; picture-in-picture; web-share\" referrerpolicy=\"strict-origin-when-cross-origin\" allowfullscreen><\/iframe><\/div>\n<p>&nbsp;<\/p>\n<h3>INSTALACIONES Y RECURSOS EDUCATIVOS<\/h3>\n<div class=\"embed-container\"><iframe loading=\"lazy\" title=\"Instalaciones\" width=\"1140\" height=\"641\" src=\"https:\/\/www.youtube.com\/embed\/6rw6QNsU2rQ?feature=oembed\" frameborder=\"0\" allow=\"accelerometer; autoplay; clipboard-write; encrypted-media; gyroscope; picture-in-picture; web-share\" referrerpolicy=\"strict-origin-when-cross-origin\" allowfullscreen><\/iframe><\/div>\n<p>&nbsp;<\/p>\n<p>&nbsp;<\/p>\n<h3>&nbsp;<\/h3>\n<h3>&nbsp;<\/h3>\n<h3><a href=\"https:\/\/studio.youtube.com\/video\/aWXH1Qpt0NA\/edit\" target=\"_blank\" rel=\"noopener noreferrer\">JORNADAS CULTURALES CURSO 2021\/2022<\/a><\/h3>\n<p><iframe loading=\"lazy\" src=\"\/\/www.youtube.com\/embed\/aWXH1Qpt0NA\" width=\"560\" height=\"314\"><\/iframe><\/p>\n<h3>&nbsp;<\/h3>\n<h3><a href=\"https:\/\/blogsaverroes.juntadeandalucia.es\/ceiprafaelalbertidh\/un-cole-con-arte\/\" target=\"_blank\" rel=\"noopener noreferrer\">JORNADAS CULTURALES CURSO 2020\/2021<\/a><\/h3>\n<p><a href=\"https:\/\/blogsaverroes.juntadeandalucia.es\/ceiprafaelalbertidh\/un-cole-con-arte\/\"><img loading=\"lazy\" decoding=\"async\" class=\"aligncenter wp-image-3884 size-full\" src=\"https:\/\/blogsaverroes.juntadeandalucia.es\/ceiprafaelalbertidh\/files\/2021\/07\/01.jpg\" alt=\"\" width=\"1233\" height=\"267\" srcset=\"https:\/\/blogsaverroes.juntadeandalucia.es\/ceiprafaelalbertidh\/files\/2021\/07\/01.jpg 1233w, https:\/\/blogsaverroes.juntadeandalucia.es\/ceiprafaelalbertidh\/files\/2021\/07\/01-300x65.jpg 300w, https:\/\/blogsaverroes.juntadeandalucia.es\/ceiprafaelalbertidh\/files\/2021\/07\/01-1024x222.jpg 1024w, https:\/\/blogsaverroes.juntadeandalucia.es\/ceiprafaelalbertidh\/files\/2021\/07\/01-768x166.jpg 768w, https:\/\/blogsaverroes.juntadeandalucia.es\/ceiprafaelalbertidh\/files\/2021\/07\/01-700x152.jpg 700w\" sizes=\"(max-width: 1233px) 100vw, 1233px\" \/><\/a><\/p>\n<h3>&nbsp;<\/h3>\n<h3><a href=\"https:\/\/www.youtube.com\/watch?time_continue=1&amp;v=3PJffEzeCkQ&amp;feature=emb_logo\" target=\"_blank\" rel=\"noopener noreferrer\">JORNADAS CULTURALES CURSO 2018\/2019<\/a><\/h3>\n<div class=\"embed-container\"><iframe loading=\"lazy\" title=\"visita virtual la vuelta al mundo CEIP Rafael Alberti\" width=\"1140\" height=\"641\" src=\"https:\/\/www.youtube.com\/embed\/3PJffEzeCkQ?start=1&#038;feature=oembed\" frameborder=\"0\" allow=\"accelerometer; autoplay; clipboard-write; encrypted-media; gyroscope; picture-in-picture; web-share\" referrerpolicy=\"strict-origin-when-cross-origin\" allowfullscreen><\/iframe><\/div>\n<p>&nbsp;<\/p>\n<h3>REDES SOCIALES<\/h3>\n<p style=\"text-align: center\"><a href=\"https:\/\/www.instagram.com\/ceiprafaelalbertidh\/\" target=\"_blank\" rel=\"noopener noreferrer\">INTSGRAM<\/a><\/p>\n<p style=\"text-align: center\"><a href=\"https:\/\/es-es.facebook.com\/pages\/category\/Education\/Ceip-Rafael-Alberti-Dos-hermanas-780138092160941\/\" target=\"_blank\" rel=\"noopener noreferrer\">FACEBOOK<\/a><\/p>\n<p style=\"text-align: center\"><a href=\"https:\/\/twitter.com\/ceipalbertidh\" target=\"_blank\" rel=\"noopener noreferrer\">TWITTER<\/a><\/p>\n<p style=\"text-align: center\"><a href=\"https:\/\/www.youtube.com\/channel\/UCU8y9qHCoiM9B01ECz-sBTQ\" target=\"_blank\" rel=\"noopener noreferrer\">YOUTUBE<\/a><\/p>\n<p>&nbsp;<\/p>\n<p>&nbsp;<\/p>\n","protected":false},"excerpt":{"rendered":"<p>ACCESO A CONSULTA ADJUDICACI\u00d3N DE PLAZA ESCOLAR AL ALUMNADO NO ADMITIDO ACCESO A CONSULTA DE ADJUDICACI\u00d3N DEL PROCESO DE ADMISI\u00d3N ACCESO A CONSULTA DEL BAREMO DEL PROCESO DE ADMISI\u00d3N ACCESO A ALEGACIONES &nbsp; CALENDARIO ESCOLARIZACI\u00d3N Del 01 marzo 2023 al 31 marzo 2023: Presentaci\u00f3n de solicitudes 18 abril 2023: Relaci\u00f3n baremada del alumnado solicitante 19 &hellip; <\/p>\n<p><a class=\"more-link btn\" href=\"https:\/\/blogsaverroes.juntadeandalucia.es\/ceiprafaelalbertidh\/escolarizacion-curso-2023-2024\/\">Seguir leyendo<\/a><\/p>\n","protected":false},"author":6883,"featured_media":0,"parent":0,"menu_order":0,"comment_status":"closed","ping_status":"closed","template":"","meta":{"ngg_post_thumbnail":0,"footnotes":"","_mc_calendar":[]},"aioseo_notices":[],"_links":{"self":[{"href":"https:\/\/blogsaverroes.juntadeandalucia.es\/ceiprafaelalbertidh\/wp-json\/wp\/v2\/pages\/4738"}],"collection":[{"href":"https:\/\/blogsaverroes.juntadeandalucia.es\/ceiprafaelalbertidh\/wp-json\/wp\/v2\/pages"}],"about":[{"href":"https:\/\/blogsaverroes.juntadeandalucia.es\/ceiprafaelalbertidh\/wp-json\/wp\/v2\/types\/page"}],"author":[{"embeddable":true,"href":"https:\/\/blogsaverroes.juntadeandalucia.es\/ceiprafaelalbertidh\/wp-json\/wp\/v2\/users\/6883"}],"replies":[{"embeddable":true,"href":"https:\/\/blogsaverroes.juntadeandalucia.es\/ceiprafaelalbertidh\/wp-json\/wp\/v2\/comments?post=4738"}],"version-history":[{"count":21,"href":"https:\/\/blogsaverroes.juntadeandalucia.es\/ceiprafaelalbertidh\/wp-json\/wp\/v2\/pages\/4738\/revisions"}],"predecessor-version":[{"id":4854,"href":"https:\/\/blogsaverroes.juntadeandalucia.es\/ceiprafaelalbertidh\/wp-json\/wp\/v2\/pages\/4738\/revisions\/4854"}],"wp:attachment":[{"href":"https:\/\/blogsaverroes.juntadeandalucia.es\/ceiprafaelalbertidh\/wp-json\/wp\/v2\/media?parent=4738"}],"curies":[{"name":"wp","href":"https:\/\/api.w.org\/{rel}","templated":true}]}}