{"id":5082,"date":"2023-12-11T11:40:41","date_gmt":"2023-12-11T10:40:41","guid":{"rendered":"https:\/\/blogsaverroes.juntadeandalucia.es\/ceiprafaelalbertidh\/?page_id=5082"},"modified":"2025-03-26T07:49:51","modified_gmt":"2025-03-26T06:49:51","slug":"actividades-2023-2024","status":"publish","type":"page","link":"https:\/\/blogsaverroes.juntadeandalucia.es\/ceiprafaelalbertidh\/actividades-2023-2024\/","title":{"rendered":"Actividades curso 2023-2024"},"content":{"rendered":"<h5><a href=\"https:\/\/blogsaverroes.juntadeandalucia.es\/ceiprafaelalbertidh\/files\/2023\/12\/grupo-de-salto-diverso-de-los-ni\u00f1os-37447102-1.jpg\"><img loading=\"lazy\" decoding=\"async\" class=\"aligncenter wp-image-5088 \" src=\"https:\/\/blogsaverroes.juntadeandalucia.es\/ceiprafaelalbertidh\/files\/2023\/12\/grupo-de-salto-diverso-de-los-ni\u00f1os-37447102-1-1024x525.jpg\" alt=\"\" width=\"377\" height=\"197\"><\/a><\/h5>\n<h5>&nbsp;<\/h5>\n<h5><strong>CineCuento Alberti (23 de abril de 2024)<\/strong><\/h5>\n<p><iframe loading=\"lazy\" src=\"\/\/www.youtube.com\/embed\/WdLnJq1z-wQ?si=WVOIdaY9cDJkSfVw\" width=\"560\" height=\"314\"><\/iframe><\/p>\n<p>&nbsp;<\/p>\n<h5><strong>Visita Virtual VI Jornadas Culturales \u201cEl Agua\u201d (11 de marzo 2024)<\/strong><\/h5>\n<h5><iframe loading=\"lazy\" src=\"\/\/www.youtube.com\/embed\/2Ra1Qc-2RfU?si=0m1PyBoL_IpFVzoV\" width=\"560\" height=\"314\"><\/iframe><\/h5>\n<h5>&nbsp;<\/h5>\n<h5><strong>D\u00eda de Andaluc\u00eda (23 de febrero de 2024)<\/strong><\/h5>\n<h5><iframe loading=\"lazy\" src=\"\/\/www.youtube.com\/embed\/aymEIS3jbq8?si=q7r-Z633vIIsqf9w\" width=\"560\" height=\"314\"><\/iframe><\/h5>\n<h5>&nbsp;<\/h5>\n<h5><strong>D\u00eda de la Paz: LIP-DUB \u201cLa Aventura\u201d Anto\u00f1ito Molina (30 de enero de 2024)<\/strong><\/h5>\n<p><iframe loading=\"lazy\" src=\"\/\/www.youtube.com\/embed\/pMqGMhkvWf4?si=KPL_C8JgTGGHBUZ6\" width=\"560\" height=\"314\"><\/iframe><\/p>\n<p>&nbsp;<\/p>\n<h5><strong>Navidad 2023\/2024 (22 de diciembre de 2023)<\/strong><\/h5>\n<div class=\"embed-container\"><iframe loading=\"lazy\" title=\"Navidad 2023-2024 (22 de diciembre de 2023)\" width=\"1140\" height=\"641\" src=\"https:\/\/www.youtube.com\/embed\/Owmg6elqcuo?feature=oembed\" frameborder=\"0\" allow=\"accelerometer; autoplay; clipboard-write; encrypted-media; gyroscope; picture-in-picture; web-share\" referrerpolicy=\"strict-origin-when-cross-origin\" allowfullscreen><\/iframe><\/div>\n<h5>&nbsp;<\/h5>\n<h5><strong>Visita RRMM (22 de diciembre de 2023)<\/strong><\/h5>\n<div class=\"embed-container\"><iframe loading=\"lazy\" title=\"Visita RRMM (22 de diciembre de 2023)\" width=\"1140\" height=\"641\" src=\"https:\/\/www.youtube.com\/embed\/tvPvoOURIPM?feature=oembed\" frameborder=\"0\" allow=\"accelerometer; autoplay; clipboard-write; encrypted-media; gyroscope; picture-in-picture; web-share\" referrerpolicy=\"strict-origin-when-cross-origin\" allowfullscreen><\/iframe><\/div>\n<p>&nbsp;<\/p>\n<h5><strong>Recital Villancicos Alumnado (21 de diciembre de 2023)<\/strong><\/h5>\n<div class=\"embed-container\"><iframe loading=\"lazy\" title=\"Recital Villancicos Alumnado (21 de diciembre de 2023)\" width=\"1140\" height=\"641\" src=\"https:\/\/www.youtube.com\/embed\/TBTrGx9AunM?feature=oembed\" frameborder=\"0\" allow=\"accelerometer; autoplay; clipboard-write; encrypted-media; gyroscope; picture-in-picture; web-share\" referrerpolicy=\"strict-origin-when-cross-origin\" allowfullscreen><\/iframe><\/div>\n<h5>&nbsp;<\/h5>\n<h5><strong>Portal de Bel\u00e9n (11 de diciembre de 2023)<\/strong><\/h5>\n<div class=\"embed-container\"><iframe loading=\"lazy\" title=\"Portal de Bel\u00e9n (11 de diciembre de 2023)\" width=\"1140\" height=\"641\" src=\"https:\/\/www.youtube.com\/embed\/OFDWs5JbUxo?feature=oembed\" frameborder=\"0\" allow=\"accelerometer; autoplay; clipboard-write; encrypted-media; gyroscope; picture-in-picture; web-share\" referrerpolicy=\"strict-origin-when-cross-origin\" allowfullscreen><\/iframe><\/div>\n<p>&nbsp;<\/p>\n<h5><strong>D\u00eda Internacional de las personas con discapacidad (1 de diciembre de 2023)<\/strong><\/h5>\n<p><video controls=\"controls\" width=\"300\" height=\"150\"><br \/>\n<\/video><\/p>\n<p>&nbsp;<\/p>\n<h5><strong>D\u00eda Internacional Contra la Violencia de G\u00e9nero (24 de noviembre de 2023)<\/strong><\/h5>\n<p><a href=\"https:\/\/youtube.com\/shorts\/NADUgsztc1g?si=MRu_JvQSgrk0rjCz\" target=\"_blank\" rel=\"noopener noreferrer\"><video controls=\"controls\" width=\"300\" height=\"150\"><br \/>\n<\/video><\/a><\/p>\n<h5>&nbsp;<\/h5>\n<h5><strong>Flamenco 2023 (16 de noviembre de 2023)<\/strong><\/h5>\n<div class=\"embed-container\"><iframe loading=\"lazy\" title=\"Flamenco 2023 (16 de noviembre de 2023)\" width=\"1140\" height=\"641\" src=\"https:\/\/www.youtube.com\/embed\/3yEnf4NPLaA?feature=oembed\" frameborder=\"0\" allow=\"accelerometer; autoplay; clipboard-write; encrypted-media; gyroscope; picture-in-picture; web-share\" referrerpolicy=\"strict-origin-when-cross-origin\" allowfullscreen><\/iframe><\/div>\n<h5>&nbsp;<\/h5>\n<h5><strong>Experimento con maquetas de volcanes (noviembre 2023)<\/strong><\/h5>\n<div class=\"embed-container\"><iframe loading=\"lazy\" title=\"Experimento con maquetas de volcanes (noviembre 2023)\" width=\"1140\" height=\"641\" src=\"https:\/\/www.youtube.com\/embed\/BNyoZ1l2YBU?feature=oembed\" frameborder=\"0\" allow=\"accelerometer; autoplay; clipboard-write; encrypted-media; gyroscope; picture-in-picture; web-share\" referrerpolicy=\"strict-origin-when-cross-origin\" allowfullscreen><\/iframe><\/div>\n<h5>&nbsp;<\/h5>\n<h5><strong>Halloweem (31 de octubre de 2023)<\/strong><\/h5>\n<div class=\"embed-container\"><iframe loading=\"lazy\" title=\"Halloweem (31 de octubre de 2023)\" width=\"1140\" height=\"641\" src=\"https:\/\/www.youtube.com\/embed\/IeQ6I6B6KfU?feature=oembed\" frameborder=\"0\" allow=\"accelerometer; autoplay; clipboard-write; encrypted-media; gyroscope; picture-in-picture; web-share\" referrerpolicy=\"strict-origin-when-cross-origin\" allowfullscreen><\/iframe><\/div>\n<p>&nbsp;<\/p>\n<h5><strong>Actuaci\u00f3n Coro inauguraci\u00f3n Curso Escolar 2023\/2024 en el AYTO. de DOS HERMANAS (28 de septiembre de 2023)<\/strong><\/h5>\n<div class=\"embed-container\"><iframe loading=\"lazy\" title=\"Actuaci\u00f3n Coro Inauguraci\u00f3n Excelent\u00edsimo Ayuntamiento de Dos Hermanas curso 2023-2024\" width=\"1140\" height=\"641\" src=\"https:\/\/www.youtube.com\/embed\/TDWz5xoM4Z4?feature=oembed\" frameborder=\"0\" allow=\"accelerometer; autoplay; clipboard-write; encrypted-media; gyroscope; picture-in-picture; web-share\" referrerpolicy=\"strict-origin-when-cross-origin\" allowfullscreen><\/iframe><\/div>\n","protected":false},"excerpt":{"rendered":"<p>&nbsp; CineCuento Alberti (23 de abril de 2024) &nbsp; Visita Virtual VI Jornadas Culturales \u201cEl Agua\u201d (11 de marzo 2024) &nbsp; D\u00eda de Andaluc\u00eda (23 de febrero de 2024) &nbsp; D\u00eda de la Paz: LIP-DUB \u201cLa Aventura\u201d Anto\u00f1ito Molina (30 de enero de 2024) &nbsp; Navidad 2023\/2024 (22 de diciembre de 2023) &nbsp; Visita RRMM &hellip; <\/p>\n<p><a class=\"more-link btn\" href=\"https:\/\/blogsaverroes.juntadeandalucia.es\/ceiprafaelalbertidh\/actividades-2023-2024\/\">Seguir leyendo<\/a><\/p>\n","protected":false},"author":6883,"featured_media":0,"parent":0,"menu_order":0,"comment_status":"closed","ping_status":"closed","template":"","meta":{"ngg_post_thumbnail":0,"footnotes":"","_mc_calendar":[]},"aioseo_notices":[],"_links":{"self":[{"href":"https:\/\/blogsaverroes.juntadeandalucia.es\/ceiprafaelalbertidh\/wp-json\/wp\/v2\/pages\/5082"}],"collection":[{"href":"https:\/\/blogsaverroes.juntadeandalucia.es\/ceiprafaelalbertidh\/wp-json\/wp\/v2\/pages"}],"about":[{"href":"https:\/\/blogsaverroes.juntadeandalucia.es\/ceiprafaelalbertidh\/wp-json\/wp\/v2\/types\/page"}],"author":[{"embeddable":true,"href":"https:\/\/blogsaverroes.juntadeandalucia.es\/ceiprafaelalbertidh\/wp-json\/wp\/v2\/users\/6883"}],"replies":[{"embeddable":true,"href":"https:\/\/blogsaverroes.juntadeandalucia.es\/ceiprafaelalbertidh\/wp-json\/wp\/v2\/comments?post=5082"}],"version-history":[{"count":33,"href":"https:\/\/blogsaverroes.juntadeandalucia.es\/ceiprafaelalbertidh\/wp-json\/wp\/v2\/pages\/5082\/revisions"}],"predecessor-version":[{"id":5904,"href":"https:\/\/blogsaverroes.juntadeandalucia.es\/ceiprafaelalbertidh\/wp-json\/wp\/v2\/pages\/5082\/revisions\/5904"}],"wp:attachment":[{"href":"https:\/\/blogsaverroes.juntadeandalucia.es\/ceiprafaelalbertidh\/wp-json\/wp\/v2\/media?parent=5082"}],"curies":[{"name":"wp","href":"https:\/\/api.w.org\/{rel}","templated":true}]}}