{"id":5273,"date":"2024-02-06T10:00:15","date_gmt":"2024-02-06T09:00:15","guid":{"rendered":"https:\/\/blogsaverroes.juntadeandalucia.es\/ceiprafaelalbertidh\/?page_id=5273"},"modified":"2024-02-06T10:00:15","modified_gmt":"2024-02-06T09:00:15","slug":"arte-en-el-cole","status":"publish","type":"page","link":"https:\/\/blogsaverroes.juntadeandalucia.es\/ceiprafaelalbertidh\/arte-en-el-cole\/","title":{"rendered":"ARTE EN EL COLE"},"content":{"rendered":"<h2 style=\"text-align: center\">Sala de Artes Pl\u00e1sticas<\/h2>\n<p>&nbsp;<\/p>\n<table style=\"border-collapse: collapse;width: 100%\">\n<tbody>\n<tr>\n<td style=\"width: 20%\">\n<div id=\"attachment_5271\" style=\"width: 150px\" class=\"wp-caption aligncenter\"><a href=\"https:\/\/blogsaverroes.juntadeandalucia.es\/ceiprafaelalbertidh\/files\/2024\/02\/POP-ART.png\"><img loading=\"lazy\" decoding=\"async\" aria-describedby=\"caption-attachment-5271\" class=\"wp-image-5271 size-thumbnail\" src=\"https:\/\/blogsaverroes.juntadeandalucia.es\/ceiprafaelalbertidh\/files\/2024\/02\/POP-ART-150x150.png\" alt=\"\" width=\"150\" height=\"150\" srcset=\"https:\/\/blogsaverroes.juntadeandalucia.es\/ceiprafaelalbertidh\/files\/2024\/02\/POP-ART-150x150.png 150w, https:\/\/blogsaverroes.juntadeandalucia.es\/ceiprafaelalbertidh\/files\/2024\/02\/POP-ART-268x268.png 268w\" sizes=\"(max-width: 150px) 100vw, 150px\" \/><\/a><p id=\"caption-attachment-5271\" class=\"wp-caption-text\">Pop Art (Aula Espec\u00edfica, E.I. 5 a\u00f1os y 4\u00ba B de E.P)<\/p><\/div><\/td>\n<td style=\"width: 20%\">\n<div id=\"attachment_5270\" style=\"width: 150px\" class=\"wp-caption aligncenter\"><a href=\"https:\/\/blogsaverroes.juntadeandalucia.es\/ceiprafaelalbertidh\/files\/2024\/02\/GRANJA.png\"><img loading=\"lazy\" decoding=\"async\" aria-describedby=\"caption-attachment-5270\" class=\"wp-image-5270 size-thumbnail\" src=\"https:\/\/blogsaverroes.juntadeandalucia.es\/ceiprafaelalbertidh\/files\/2024\/02\/GRANJA-150x150.png\" alt=\"\" width=\"150\" height=\"150\" srcset=\"https:\/\/blogsaverroes.juntadeandalucia.es\/ceiprafaelalbertidh\/files\/2024\/02\/GRANJA-150x150.png 150w, https:\/\/blogsaverroes.juntadeandalucia.es\/ceiprafaelalbertidh\/files\/2024\/02\/GRANJA-432x432.png 432w, https:\/\/blogsaverroes.juntadeandalucia.es\/ceiprafaelalbertidh\/files\/2024\/02\/GRANJA-268x268.png 268w\" sizes=\"(max-width: 150px) 100vw, 150px\" \/><\/a><p id=\"caption-attachment-5270\" class=\"wp-caption-text\">Peque\u00f1os grandes artistas: producciones pl\u00e1sticas (E.I. 3 a\u00f1os)<\/p><\/div><\/td>\n<td style=\"width: 20%\">\n<div id=\"attachment_5276\" style=\"width: 150px\" class=\"wp-caption aligncenter\"><a href=\"https:\/\/blogsaverroes.juntadeandalucia.es\/ceiprafaelalbertidh\/files\/2024\/02\/VANGOGH.png\"><img loading=\"lazy\" decoding=\"async\" aria-describedby=\"caption-attachment-5276\" class=\"wp-image-5276 size-thumbnail\" src=\"https:\/\/blogsaverroes.juntadeandalucia.es\/ceiprafaelalbertidh\/files\/2024\/02\/VANGOGH-150x150.png\" alt=\"\" width=\"150\" height=\"150\" srcset=\"https:\/\/blogsaverroes.juntadeandalucia.es\/ceiprafaelalbertidh\/files\/2024\/02\/VANGOGH-150x150.png 150w, https:\/\/blogsaverroes.juntadeandalucia.es\/ceiprafaelalbertidh\/files\/2024\/02\/VANGOGH-268x268.png 268w\" sizes=\"(max-width: 150px) 100vw, 150px\" \/><\/a><p id=\"caption-attachment-5276\" class=\"wp-caption-text\">Impresionismo y Posimpresionismo: Van Gogh (2\u00baB de E.P.) Paul C\u00e8zane (4\u00ba de E.P.)<\/p><\/div><\/td>\n<td style=\"width: 20%\">\n<div id=\"attachment_5275\" style=\"width: 150px\" class=\"wp-caption aligncenter\"><a href=\"https:\/\/blogsaverroes.juntadeandalucia.es\/ceiprafaelalbertidh\/files\/2024\/02\/CEZANE.png\"><img loading=\"lazy\" decoding=\"async\" aria-describedby=\"caption-attachment-5275\" class=\"wp-image-5275 size-thumbnail\" src=\"https:\/\/blogsaverroes.juntadeandalucia.es\/ceiprafaelalbertidh\/files\/2024\/02\/CEZANE-150x150.png\" alt=\"\" width=\"150\" height=\"150\" srcset=\"https:\/\/blogsaverroes.juntadeandalucia.es\/ceiprafaelalbertidh\/files\/2024\/02\/CEZANE-150x150.png 150w, https:\/\/blogsaverroes.juntadeandalucia.es\/ceiprafaelalbertidh\/files\/2024\/02\/CEZANE-268x268.png 268w\" sizes=\"(max-width: 150px) 100vw, 150px\" \/><\/a><p id=\"caption-attachment-5275\" class=\"wp-caption-text\">CEZANE<\/p><\/div><\/td>\n<td style=\"width: 20%\">\n<div id=\"attachment_5279\" style=\"width: 150px\" class=\"wp-caption aligncenter\"><a href=\"https:\/\/blogsaverroes.juntadeandalucia.es\/ceiprafaelalbertidh\/files\/2024\/02\/KANDINSKY.png\"><img loading=\"lazy\" decoding=\"async\" aria-describedby=\"caption-attachment-5279\" class=\"wp-image-5279 size-thumbnail\" src=\"https:\/\/blogsaverroes.juntadeandalucia.es\/ceiprafaelalbertidh\/files\/2024\/02\/KANDINSKY-150x150.png\" alt=\"\" width=\"150\" height=\"150\" srcset=\"https:\/\/blogsaverroes.juntadeandalucia.es\/ceiprafaelalbertidh\/files\/2024\/02\/KANDINSKY-150x150.png 150w, https:\/\/blogsaverroes.juntadeandalucia.es\/ceiprafaelalbertidh\/files\/2024\/02\/KANDINSKY-432x432.png 432w, https:\/\/blogsaverroes.juntadeandalucia.es\/ceiprafaelalbertidh\/files\/2024\/02\/KANDINSKY-268x268.png 268w\" sizes=\"(max-width: 150px) 100vw, 150px\" \/><\/a><p id=\"caption-attachment-5279\" class=\"wp-caption-text\">Arte abstracto: Kandisky (2\u00baA de E.P.)<\/p><\/div><\/td>\n<\/tr>\n<tr>\n<td style=\"width: 20%\">\n<div id=\"attachment_5278\" style=\"width: 150px\" class=\"wp-caption aligncenter\"><a href=\"https:\/\/blogsaverroes.juntadeandalucia.es\/ceiprafaelalbertidh\/files\/2024\/02\/PICASSO.png\"><img loading=\"lazy\" decoding=\"async\" aria-describedby=\"caption-attachment-5278\" class=\"wp-image-5278 size-thumbnail\" src=\"https:\/\/blogsaverroes.juntadeandalucia.es\/ceiprafaelalbertidh\/files\/2024\/02\/PICASSO-150x150.png\" alt=\"\" width=\"150\" height=\"150\"><\/a><p id=\"caption-attachment-5278\" class=\"wp-caption-text\">Picasso (3\u00ba de E.P.) Cubismo (1\u00baB de E.P.) y Realismo (1\u00baA de E.P.)<\/p><\/div><\/td>\n<td style=\"width: 20%\">\n<div id=\"attachment_5280\" style=\"width: 150px\" class=\"wp-caption aligncenter\"><a href=\"https:\/\/blogsaverroes.juntadeandalucia.es\/ceiprafaelalbertidh\/files\/2024\/02\/61Y38jyEk3L._SY550_.jpg\"><img loading=\"lazy\" decoding=\"async\" aria-describedby=\"caption-attachment-5280\" class=\"wp-image-5280 size-thumbnail\" src=\"https:\/\/blogsaverroes.juntadeandalucia.es\/ceiprafaelalbertidh\/files\/2024\/02\/61Y38jyEk3L._SY550_-150x150.jpg\" alt=\"\" width=\"150\" height=\"150\"><\/a><p id=\"caption-attachment-5280\" class=\"wp-caption-text\">CUBISMO (1\u00baB)<\/p><\/div><\/td>\n<td style=\"width: 20%\">\n<div id=\"attachment_5281\" style=\"width: 150px\" class=\"wp-caption aligncenter\"><a href=\"https:\/\/blogsaverroes.juntadeandalucia.es\/ceiprafaelalbertidh\/files\/2024\/02\/maxresdefault.jpg\"><img loading=\"lazy\" decoding=\"async\" aria-describedby=\"caption-attachment-5281\" class=\"wp-image-5281 size-thumbnail\" src=\"https:\/\/blogsaverroes.juntadeandalucia.es\/ceiprafaelalbertidh\/files\/2024\/02\/maxresdefault-150x150.jpg\" alt=\"\" width=\"150\" height=\"150\" srcset=\"https:\/\/blogsaverroes.juntadeandalucia.es\/ceiprafaelalbertidh\/files\/2024\/02\/maxresdefault-150x150.jpg 150w, https:\/\/blogsaverroes.juntadeandalucia.es\/ceiprafaelalbertidh\/files\/2024\/02\/maxresdefault-432x432.jpg 432w, https:\/\/blogsaverroes.juntadeandalucia.es\/ceiprafaelalbertidh\/files\/2024\/02\/maxresdefault-268x268.jpg 268w\" sizes=\"(max-width: 150px) 100vw, 150px\" \/><\/a><p id=\"caption-attachment-5281\" class=\"wp-caption-text\">REALISMO&nbsp;<\/p><\/div><\/td>\n<td style=\"width: 20%\">\n<div id=\"attachment_5284\" style=\"width: 150px\" class=\"wp-caption aligncenter\"><a href=\"https:\/\/blogsaverroes.juntadeandalucia.es\/ceiprafaelalbertidh\/files\/2024\/02\/GIUSSEPPE.png\"><img loading=\"lazy\" decoding=\"async\" aria-describedby=\"caption-attachment-5284\" class=\"wp-image-5284 size-thumbnail\" src=\"https:\/\/blogsaverroes.juntadeandalucia.es\/ceiprafaelalbertidh\/files\/2024\/02\/GIUSSEPPE-150x150.png\" alt=\"\" width=\"150\" height=\"150\" srcset=\"https:\/\/blogsaverroes.juntadeandalucia.es\/ceiprafaelalbertidh\/files\/2024\/02\/GIUSSEPPE-150x150.png 150w, https:\/\/blogsaverroes.juntadeandalucia.es\/ceiprafaelalbertidh\/files\/2024\/02\/GIUSSEPPE-432x432.png 432w, https:\/\/blogsaverroes.juntadeandalucia.es\/ceiprafaelalbertidh\/files\/2024\/02\/GIUSSEPPE-268x268.png 268w\" sizes=\"(max-width: 150px) 100vw, 150px\" \/><\/a><p id=\"caption-attachment-5284\" class=\"wp-caption-text\">Representaci\u00f3n manierista: Giuseppe Arcimboldo. (3\u00ba de E.P.)<\/p><\/div><\/td>\n<td style=\"width: 20%\">\n<div id=\"attachment_5283\" style=\"width: 150px\" class=\"wp-caption aligncenter\"><a href=\"https:\/\/blogsaverroes.juntadeandalucia.es\/ceiprafaelalbertidh\/files\/2024\/02\/MIR\u00d3.png\"><img loading=\"lazy\" decoding=\"async\" aria-describedby=\"caption-attachment-5283\" class=\"wp-image-5283 size-thumbnail\" src=\"https:\/\/blogsaverroes.juntadeandalucia.es\/ceiprafaelalbertidh\/files\/2024\/02\/MIR\u00d3-150x150.png\" alt=\"\" width=\"150\" height=\"150\" srcset=\"https:\/\/blogsaverroes.juntadeandalucia.es\/ceiprafaelalbertidh\/files\/2024\/02\/MIR\u00d3-150x150.png 150w, https:\/\/blogsaverroes.juntadeandalucia.es\/ceiprafaelalbertidh\/files\/2024\/02\/MIR\u00d3-268x268.png 268w\" sizes=\"(max-width: 150px) 100vw, 150px\" \/><\/a><p id=\"caption-attachment-5283\" class=\"wp-caption-text\">Surrealismo: Joan Mir\u00f3 (4\u00ba de E.P.)<\/p><\/div><\/td>\n<\/tr>\n<\/tbody>\n<\/table>\n<table style=\"border-collapse: collapse;width: 100%\">\n<tbody>\n<tr>\n<td style=\"width: 25%\">\n<div id=\"attachment_5288\" style=\"width: 150px\" class=\"wp-caption aligncenter\"><a href=\"https:\/\/view.genial.ly\/60a5138ce34eac0da5d95116\/interactive-content-rosario-weiss-3o\" target=\"_blank\" rel=\"noopener noreferrer\"><img loading=\"lazy\" decoding=\"async\" aria-describedby=\"caption-attachment-5288\" class=\"wp-image-5288 size-thumbnail\" src=\"https:\/\/blogsaverroes.juntadeandalucia.es\/ceiprafaelalbertidh\/files\/2024\/02\/ROSARIO-150x150.png\" alt=\"\" width=\"150\" height=\"150\" srcset=\"https:\/\/blogsaverroes.juntadeandalucia.es\/ceiprafaelalbertidh\/files\/2024\/02\/ROSARIO-150x150.png 150w, https:\/\/blogsaverroes.juntadeandalucia.es\/ceiprafaelalbertidh\/files\/2024\/02\/ROSARIO-268x268.png 268w\" sizes=\"(max-width: 150px) 100vw, 150px\" \/><\/a><p id=\"caption-attachment-5288\" class=\"wp-caption-text\">Siglo XIX: ROSARIO WEISS (3\u00baB de E.P.)<\/p><\/div><\/td>\n<td style=\"width: 25%\">\n<div id=\"attachment_5287\" style=\"width: 150px\" class=\"wp-caption aligncenter\"><a href=\"https:\/\/view.genial.ly\/60a3ec07c2c9160dae264fbc\/presentation-origami-3o\" target=\"_blank\" rel=\"noopener noreferrer\"><img loading=\"lazy\" decoding=\"async\" aria-describedby=\"caption-attachment-5287\" class=\"wp-image-5287 size-thumbnail\" src=\"https:\/\/blogsaverroes.juntadeandalucia.es\/ceiprafaelalbertidh\/files\/2024\/02\/ORIGAMI-150x150.png\" alt=\"\" width=\"150\" height=\"150\" srcset=\"https:\/\/blogsaverroes.juntadeandalucia.es\/ceiprafaelalbertidh\/files\/2024\/02\/ORIGAMI-150x150.png 150w, https:\/\/blogsaverroes.juntadeandalucia.es\/ceiprafaelalbertidh\/files\/2024\/02\/ORIGAMI-268x268.png 268w\" sizes=\"(max-width: 150px) 100vw, 150px\" \/><\/a><p id=\"caption-attachment-5287\" class=\"wp-caption-text\">Origami: Yoshizawa (3\u00baB de E.P.)<\/p><\/div><\/td>\n<td style=\"width: 25%\">\n<div id=\"attachment_5289\" style=\"width: 150px\" class=\"wp-caption aligncenter\"><a href=\"https:\/\/view.genial.ly\/60b1ec1141638c0d2947ad68\/presentation-sala-virtual-arte-solidario\" target=\"_blank\" rel=\"noopener noreferrer\"><img loading=\"lazy\" decoding=\"async\" aria-describedby=\"caption-attachment-5289\" class=\"wp-image-5289 size-thumbnail\" src=\"https:\/\/blogsaverroes.juntadeandalucia.es\/ceiprafaelalbertidh\/files\/2024\/02\/fundacin_aladina_logo-150x150.jpg\" alt=\"\" width=\"150\" height=\"150\" srcset=\"https:\/\/blogsaverroes.juntadeandalucia.es\/ceiprafaelalbertidh\/files\/2024\/02\/fundacin_aladina_logo-150x150.jpg 150w, https:\/\/blogsaverroes.juntadeandalucia.es\/ceiprafaelalbertidh\/files\/2024\/02\/fundacin_aladina_logo.jpg 200w\" sizes=\"(max-width: 150px) 100vw, 150px\" \/><\/a><p id=\"caption-attachment-5289\" class=\"wp-caption-text\">Arte solidario (Alumnado del CEIP Rafael Alberti)<\/p><\/div><\/td>\n<td style=\"width: 25%\">\n<div id=\"attachment_5290\" style=\"width: 150px\" class=\"wp-caption aligncenter\"><a href=\"https:\/\/youtu.be\/tc8dd7Cs2ok?si=t8A5PnYLzAYQwwVU\" target=\"_blank\" rel=\"noopener noreferrer\"><img loading=\"lazy\" decoding=\"async\" aria-describedby=\"caption-attachment-5290\" class=\"wp-image-5290 size-thumbnail\" src=\"https:\/\/blogsaverroes.juntadeandalucia.es\/ceiprafaelalbertidh\/files\/2024\/02\/RENOIR-1-150x150.png\" alt=\"\" width=\"150\" height=\"150\" srcset=\"https:\/\/blogsaverroes.juntadeandalucia.es\/ceiprafaelalbertidh\/files\/2024\/02\/RENOIR-1-150x150.png 150w, https:\/\/blogsaverroes.juntadeandalucia.es\/ceiprafaelalbertidh\/files\/2024\/02\/RENOIR-1-268x268.png 268w\" sizes=\"(max-width: 150px) 100vw, 150px\" \/><\/a><p id=\"caption-attachment-5290\" class=\"wp-caption-text\">Impresionismo: El baile de Moulin de la Galete de Renoir (Claustro del CEIP Rafael Alberti<\/p><\/div><\/td>\n<\/tr>\n<\/tbody>\n<\/table>\n<p>&nbsp;<\/p>\n<h2 style=\"text-align: center\">Sala de Literatura<\/h2>\n<p>&nbsp;<\/p>\n<table style=\"border-collapse: collapse;width: 100%\">\n<tbody>\n<tr>\n<td style=\"width: 25%\">\n<div id=\"attachment_5296\" style=\"width: 150px\" class=\"wp-caption aligncenter\"><a href=\"https:\/\/view.genial.ly\/60aa80c662e5860d87aec9c7\/presentation-comics-y-caligramas\" target=\"_blank\" rel=\"noopener noreferrer\"><img loading=\"lazy\" decoding=\"async\" aria-describedby=\"caption-attachment-5296\" class=\"wp-image-5296 size-thumbnail\" src=\"https:\/\/blogsaverroes.juntadeandalucia.es\/ceiprafaelalbertidh\/files\/2024\/02\/COMIC-150x150.png\" alt=\"\" width=\"150\" height=\"150\" srcset=\"https:\/\/blogsaverroes.juntadeandalucia.es\/ceiprafaelalbertidh\/files\/2024\/02\/COMIC-150x150.png 150w, https:\/\/blogsaverroes.juntadeandalucia.es\/ceiprafaelalbertidh\/files\/2024\/02\/COMIC-432x432.png 432w, https:\/\/blogsaverroes.juntadeandalucia.es\/ceiprafaelalbertidh\/files\/2024\/02\/COMIC-268x268.png 268w\" sizes=\"(max-width: 150px) 100vw, 150px\" \/><\/a><p id=\"caption-attachment-5296\" class=\"wp-caption-text\">El c\u00f3mic (3\u00ba de E.P.) de los superh\u00e9roes (E.I. 4 a\u00f1os) y Caligramas (4\u00ba de E.P.)<\/p><\/div><\/td>\n<td style=\"width: 25%\">\n<div id=\"attachment_5295\" style=\"width: 150px\" class=\"wp-caption aligncenter\"><a href=\"https:\/\/youtu.be\/9AIEQZ4dxMY?si=hrlVn5pdNNxuQLsz\" target=\"_blank\" rel=\"noopener noreferrer\"><img loading=\"lazy\" decoding=\"async\" aria-describedby=\"caption-attachment-5295\" class=\"wp-image-5295 size-thumbnail\" src=\"https:\/\/blogsaverroes.juntadeandalucia.es\/ceiprafaelalbertidh\/files\/2024\/02\/POESIA-150x150.png\" alt=\"\" width=\"150\" height=\"150\" srcset=\"https:\/\/blogsaverroes.juntadeandalucia.es\/ceiprafaelalbertidh\/files\/2024\/02\/POESIA-150x150.png 150w, https:\/\/blogsaverroes.juntadeandalucia.es\/ceiprafaelalbertidh\/files\/2024\/02\/POESIA-268x268.png 268w\" sizes=\"(max-width: 150px) 100vw, 150px\" \/><\/a><p id=\"caption-attachment-5295\" class=\"wp-caption-text\">La poes\u00eda (5\u00baA)<\/p><\/div><\/td>\n<td style=\"width: 25%\">\n<div id=\"attachment_5294\" style=\"width: 150px\" class=\"wp-caption aligncenter\"><a href=\"https:\/\/youtu.be\/aiDy1AxvuMg?si=bHV0x4YYoPeRSuJO\" target=\"_blank\" rel=\"noopener noreferrer\"><img loading=\"lazy\" decoding=\"async\" aria-describedby=\"caption-attachment-5294\" class=\"wp-image-5294 size-thumbnail\" src=\"https:\/\/blogsaverroes.juntadeandalucia.es\/ceiprafaelalbertidh\/files\/2024\/02\/poesia-1-638x353-1-150x150.jpg\" alt=\"\" width=\"150\" height=\"150\" srcset=\"https:\/\/blogsaverroes.juntadeandalucia.es\/ceiprafaelalbertidh\/files\/2024\/02\/poesia-1-638x353-1-150x150.jpg 150w, https:\/\/blogsaverroes.juntadeandalucia.es\/ceiprafaelalbertidh\/files\/2024\/02\/poesia-1-638x353-1-268x268.jpg 268w\" sizes=\"(max-width: 150px) 100vw, 150px\" \/><\/a><p id=\"caption-attachment-5294\" class=\"wp-caption-text\">La poes\u00eda (5\u00baB)<\/p><\/div><\/td>\n<td style=\"width: 25%\">\n<div id=\"attachment_5298\" style=\"width: 150px\" class=\"wp-caption aligncenter\"><a href=\"https:\/\/youtu.be\/hB7UyRqVBvA?si=pJjkXnrod3nUTGu-\" target=\"_blank\" rel=\"noopener noreferrer\"><img loading=\"lazy\" decoding=\"async\" aria-describedby=\"caption-attachment-5298\" class=\"wp-image-5298 size-thumbnail\" src=\"https:\/\/blogsaverroes.juntadeandalucia.es\/ceiprafaelalbertidh\/files\/2024\/02\/videopoemas-150x150.jpg\" alt=\"\" width=\"150\" height=\"150\" srcset=\"https:\/\/blogsaverroes.juntadeandalucia.es\/ceiprafaelalbertidh\/files\/2024\/02\/videopoemas-150x150.jpg 150w, https:\/\/blogsaverroes.juntadeandalucia.es\/ceiprafaelalbertidh\/files\/2024\/02\/videopoemas-300x300.jpg 300w, https:\/\/blogsaverroes.juntadeandalucia.es\/ceiprafaelalbertidh\/files\/2024\/02\/videopoemas-768x768.jpg 768w, https:\/\/blogsaverroes.juntadeandalucia.es\/ceiprafaelalbertidh\/files\/2024\/02\/videopoemas-432x432.jpg 432w, https:\/\/blogsaverroes.juntadeandalucia.es\/ceiprafaelalbertidh\/files\/2024\/02\/videopoemas-268x268.jpg 268w, https:\/\/blogsaverroes.juntadeandalucia.es\/ceiprafaelalbertidh\/files\/2024\/02\/videopoemas-700x700.jpg 700w, https:\/\/blogsaverroes.juntadeandalucia.es\/ceiprafaelalbertidh\/files\/2024\/02\/videopoemas.jpg 800w\" sizes=\"(max-width: 150px) 100vw, 150px\" \/><\/a><p id=\"caption-attachment-5298\" class=\"wp-caption-text\">La poes\u00eda (5\u00baC)<\/p><\/div><\/td>\n<\/tr>\n<\/tbody>\n<\/table>\n<p>&nbsp;<\/p>\n<h2 style=\"text-align: center\">Sala de M\u00fasica<\/h2>\n<p>&nbsp;<\/p>\n<table style=\"border-collapse: collapse;width: 100%\">\n<tbody>\n<tr>\n<td style=\"width: 33.3333%\">\n<div id=\"attachment_5293\" style=\"width: 150px\" class=\"wp-caption aligncenter\"><a href=\"https:\/\/youtu.be\/TOirJsVNMcM?si=Co2-LLmXajDV9OXK\" target=\"_blank\" rel=\"noopener noreferrer\"><img loading=\"lazy\" decoding=\"async\" aria-describedby=\"caption-attachment-5293\" class=\"wp-image-5293 size-thumbnail\" src=\"https:\/\/blogsaverroes.juntadeandalucia.es\/ceiprafaelalbertidh\/files\/2024\/02\/ORQUESTA-150x150.png\" alt=\"\" width=\"150\" height=\"150\" srcset=\"https:\/\/blogsaverroes.juntadeandalucia.es\/ceiprafaelalbertidh\/files\/2024\/02\/ORQUESTA-150x150.png 150w, https:\/\/blogsaverroes.juntadeandalucia.es\/ceiprafaelalbertidh\/files\/2024\/02\/ORQUESTA-268x268.png 268w\" sizes=\"(max-width: 150px) 100vw, 150px\" \/><\/a><p id=\"caption-attachment-5293\" class=\"wp-caption-text\">M\u00fasica: la orquesta (4\u00ba de E.P.)<\/p><\/div><\/td>\n<td style=\"width: 33.3333%\">\n<div id=\"attachment_5292\" style=\"width: 150px\" class=\"wp-caption aligncenter\"><a href=\"https:\/\/youtu.be\/igeZBDMoivI?si=9ugh7d12uM71wawQ\" target=\"_blank\" rel=\"noopener noreferrer\"><img loading=\"lazy\" decoding=\"async\" aria-describedby=\"caption-attachment-5292\" class=\"wp-image-5292 size-thumbnail\" src=\"https:\/\/blogsaverroes.juntadeandalucia.es\/ceiprafaelalbertidh\/files\/2024\/02\/NOTAS-150x150.png\" alt=\"\" width=\"150\" height=\"150\" srcset=\"https:\/\/blogsaverroes.juntadeandalucia.es\/ceiprafaelalbertidh\/files\/2024\/02\/NOTAS-150x150.png 150w, https:\/\/blogsaverroes.juntadeandalucia.es\/ceiprafaelalbertidh\/files\/2024\/02\/NOTAS-268x268.png 268w\" sizes=\"(max-width: 150px) 100vw, 150px\" \/><\/a><p id=\"caption-attachment-5292\" class=\"wp-caption-text\">Creaciones musicales (6\u00baA)<\/p><\/div><\/td>\n<td style=\"width: 33.3333%\">\n<div id=\"attachment_5297\" style=\"width: 150px\" class=\"wp-caption aligncenter\"><a href=\"https:\/\/youtu.be\/CQlbGoGo9yI?si=-T04LBdJp5CtUzNO\" target=\"_blank\" rel=\"noopener noreferrer\"><img loading=\"lazy\" decoding=\"async\" aria-describedby=\"caption-attachment-5297\" class=\"wp-image-5297 size-thumbnail\" src=\"https:\/\/blogsaverroes.juntadeandalucia.es\/ceiprafaelalbertidh\/files\/2024\/02\/clases-de-musica-150x150.png\" alt=\"\" width=\"150\" height=\"150\" srcset=\"https:\/\/blogsaverroes.juntadeandalucia.es\/ceiprafaelalbertidh\/files\/2024\/02\/clases-de-musica-150x150.png 150w, https:\/\/blogsaverroes.juntadeandalucia.es\/ceiprafaelalbertidh\/files\/2024\/02\/clases-de-musica-300x300.png 300w, https:\/\/blogsaverroes.juntadeandalucia.es\/ceiprafaelalbertidh\/files\/2024\/02\/clases-de-musica.png 1024w, https:\/\/blogsaverroes.juntadeandalucia.es\/ceiprafaelalbertidh\/files\/2024\/02\/clases-de-musica-768x768.png 768w, https:\/\/blogsaverroes.juntadeandalucia.es\/ceiprafaelalbertidh\/files\/2024\/02\/clases-de-musica-432x432.png 432w, https:\/\/blogsaverroes.juntadeandalucia.es\/ceiprafaelalbertidh\/files\/2024\/02\/clases-de-musica-268x268.png 268w, https:\/\/blogsaverroes.juntadeandalucia.es\/ceiprafaelalbertidh\/files\/2024\/02\/clases-de-musica-700x700.png 700w\" sizes=\"(max-width: 150px) 100vw, 150px\" \/><\/a><p id=\"caption-attachment-5297\" class=\"wp-caption-text\">Creaciones musicales (6\u00baB)<\/p><\/div><\/td>\n<\/tr>\n<\/tbody>\n<\/table>\n","protected":false},"excerpt":{"rendered":"<p>Sala de Artes Pl\u00e1sticas &nbsp; &nbsp; Sala de Literatura &nbsp; &nbsp; Sala de M\u00fasica &nbsp;<\/p>\n","protected":false},"author":6883,"featured_media":0,"parent":0,"menu_order":0,"comment_status":"closed","ping_status":"closed","template":"","meta":{"ngg_post_thumbnail":0,"footnotes":"","_mc_calendar":[]},"aioseo_notices":[],"_links":{"self":[{"href":"https:\/\/blogsaverroes.juntadeandalucia.es\/ceiprafaelalbertidh\/wp-json\/wp\/v2\/pages\/5273"}],"collection":[{"href":"https:\/\/blogsaverroes.juntadeandalucia.es\/ceiprafaelalbertidh\/wp-json\/wp\/v2\/pages"}],"about":[{"href":"https:\/\/blogsaverroes.juntadeandalucia.es\/ceiprafaelalbertidh\/wp-json\/wp\/v2\/types\/page"}],"author":[{"embeddable":true,"href":"https:\/\/blogsaverroes.juntadeandalucia.es\/ceiprafaelalbertidh\/wp-json\/wp\/v2\/users\/6883"}],"replies":[{"embeddable":true,"href":"https:\/\/blogsaverroes.juntadeandalucia.es\/ceiprafaelalbertidh\/wp-json\/wp\/v2\/comments?post=5273"}],"version-history":[{"count":16,"href":"https:\/\/blogsaverroes.juntadeandalucia.es\/ceiprafaelalbertidh\/wp-json\/wp\/v2\/pages\/5273\/revisions"}],"predecessor-version":[{"id":5311,"href":"https:\/\/blogsaverroes.juntadeandalucia.es\/ceiprafaelalbertidh\/wp-json\/wp\/v2\/pages\/5273\/revisions\/5311"}],"wp:attachment":[{"href":"https:\/\/blogsaverroes.juntadeandalucia.es\/ceiprafaelalbertidh\/wp-json\/wp\/v2\/media?parent=5273"}],"curies":[{"name":"wp","href":"https:\/\/api.w.org\/{rel}","templated":true}]}}