{"id":871,"date":"2015-03-16T07:25:46","date_gmt":"2015-03-16T07:25:46","guid":{"rendered":"http:\/\/blogsaverroes.juntadeandalucia.es\/pre\/ceip\/?page_id=106"},"modified":"2025-11-21T09:58:01","modified_gmt":"2025-11-21T08:58:01","slug":"actividades-extraescolares","status":"publish","type":"page","link":"https:\/\/blogsaverroes.juntadeandalucia.es\/ceiprafaelalbertidh\/actividades-extraescolares\/","title":{"rendered":"Actividades extraescolares"},"content":{"rendered":"<h1><a href=\"https:\/\/blogsaverroes.juntadeandalucia.es\/ceiprafaelalbertidh\/files\/2025\/11\/11-CORREO-PASEN-recordatorio-autorizacion-salida-PAC-3-de-octubre-de-2025-ADJ.pdf\" target=\"_blank\" rel=\"noopener\">AUTORIZACI\u00d3N RECOGIDA ALUMNADO<\/a><\/h1>\n<h5 style=\"text-align: justify\">El horario de los diferentes talleres comprenden entre las<strong> 16\u201900 a 18\u201900 horas <\/strong>de lunes a jueves. El precio es de <strong>17\u201951 \u20ac<\/strong> por actividad.<\/h5>\n<h5 style=\"text-align: justify\">Para el curso <strong>2025-2026<\/strong> se ofertan las siguientes actividades:<\/h5>\n<h5><a href=\"https:\/\/blogsaverroes.juntadeandalucia.es\/ceiprafaelalbertidh\/files\/2025\/10\/09-CORREO-PASEN-Inicio-AA-EE-29-de-septiembre-de-2025-ADJ.jpg\" target=\"_blank\" rel=\"noopener\"><img loading=\"lazy\" decoding=\"async\" class=\"aligncenter size-full wp-image-6106\" src=\"https:\/\/blogsaverroes.juntadeandalucia.es\/ceiprafaelalbertidh\/files\/2025\/10\/09-CORREO-PASEN-Inicio-AA-EE-29-de-septiembre-de-2025-ADJ.jpg\" alt=\"\" width=\"1280\" height=\"827\" srcset=\"https:\/\/blogsaverroes.juntadeandalucia.es\/ceiprafaelalbertidh\/files\/2025\/10\/09-CORREO-PASEN-Inicio-AA-EE-29-de-septiembre-de-2025-ADJ.jpg 1280w, https:\/\/blogsaverroes.juntadeandalucia.es\/ceiprafaelalbertidh\/files\/2025\/10\/09-CORREO-PASEN-Inicio-AA-EE-29-de-septiembre-de-2025-ADJ-300x194.jpg 300w, https:\/\/blogsaverroes.juntadeandalucia.es\/ceiprafaelalbertidh\/files\/2025\/10\/09-CORREO-PASEN-Inicio-AA-EE-29-de-septiembre-de-2025-ADJ-1024x662.jpg 1024w, https:\/\/blogsaverroes.juntadeandalucia.es\/ceiprafaelalbertidh\/files\/2025\/10\/09-CORREO-PASEN-Inicio-AA-EE-29-de-septiembre-de-2025-ADJ-768x496.jpg 768w, https:\/\/blogsaverroes.juntadeandalucia.es\/ceiprafaelalbertidh\/files\/2025\/10\/09-CORREO-PASEN-Inicio-AA-EE-29-de-septiembre-de-2025-ADJ-1140x737.jpg 1140w\" sizes=\"(max-width: 1280px) 100vw, 1280px\" \/><\/a><\/h5>\n<h5>&nbsp;<\/h5>\n<h5 style=\"text-align: justify\"><strong>QUINTOEDUCA<\/strong><\/h5>\n<h5 style=\"text-align: justify\"><em><strong>Tel\u00e9fono:<\/strong><\/em> 635 538 008<\/h5>\n<h5 style=\"text-align: justify\"><em><strong>Correo electr\u00f3nico:<\/strong><\/em>&nbsp;<a href=\"mailto:quintoeduca@gmail.com\" target=\"_blank\" rel=\"noopener noreferrer\">quintoeduca@gmail.com<\/a><\/h5>\n<h5 style=\"text-align: justify\"><em><strong>P\u00e1gina Web:<\/strong><\/em>&nbsp;<a href=\"http:\/\/www.quintoeduca.com\/\" target=\"_blank\" rel=\"noopener noreferrer\">http:\/\/www.quintoeduca.com\/<\/a><\/h5>\n<h5>&nbsp;<\/h5>\n<h5 style=\"text-align: justify\"><strong>ESCUELA SEVILLANA DE AJEDREZ<\/strong><\/h5>\n<h5 style=\"text-align: justify\"><em><strong>Tel\u00e9fono:<\/strong><\/em> 955 71 28 28 &#8211; 660 394 908<\/h5>\n<h5 style=\"text-align: justify\"><em><strong>Correo electr\u00f3nico:<\/strong><\/em>&nbsp;<a href=\"mailto:info@escuelasevillanadeajedrez.es\" target=\"_blank\" rel=\"noopener noreferrer\">info@escuelasevillanadeajedrez.es<\/a><\/h5>\n<h5 style=\"text-align: justify\"><em><strong>P\u00e1gina Web:<\/strong><\/em>&nbsp; <a href=\"https:\/\/escuelasevillanadeajedrez.es\/\" target=\"_blank\" rel=\"noopener noreferrer\">https:\/\/escuelasevillanadeajedrez.es\/<\/a><\/h5>\n<h5 style=\"text-align: justify\">&nbsp;<\/h5>\n","protected":false},"excerpt":{"rendered":"<p>AUTORIZACI\u00d3N RECOGIDA ALUMNADO El horario de los diferentes talleres comprenden entre las 16\u201900 a 18\u201900 horas de lunes a jueves. El precio es de 17\u201951 \u20ac por actividad. Para el curso 2025-2026 se ofertan las siguientes actividades: &nbsp; QUINTOEDUCA Tel\u00e9fono: 635 538 008 Correo electr\u00f3nico:&nbsp;quintoeduca@gmail.com P\u00e1gina Web:&nbsp;http:\/\/www.quintoeduca.com\/ &nbsp; ESCUELA SEVILLANA DE AJEDREZ Tel\u00e9fono: 955 71 &hellip; <\/p>\n<p><a class=\"more-link btn\" href=\"https:\/\/blogsaverroes.juntadeandalucia.es\/ceiprafaelalbertidh\/actividades-extraescolares\/\">Seguir leyendo<\/a><\/p>\n","protected":false},"author":1,"featured_media":0,"parent":0,"menu_order":0,"comment_status":"closed","ping_status":"open","template":"","meta":{"ngg_post_thumbnail":0,"footnotes":"","_mc_calendar":[]},"aioseo_notices":[],"_links":{"self":[{"href":"https:\/\/blogsaverroes.juntadeandalucia.es\/ceiprafaelalbertidh\/wp-json\/wp\/v2\/pages\/871"}],"collection":[{"href":"https:\/\/blogsaverroes.juntadeandalucia.es\/ceiprafaelalbertidh\/wp-json\/wp\/v2\/pages"}],"about":[{"href":"https:\/\/blogsaverroes.juntadeandalucia.es\/ceiprafaelalbertidh\/wp-json\/wp\/v2\/types\/page"}],"author":[{"embeddable":true,"href":"https:\/\/blogsaverroes.juntadeandalucia.es\/ceiprafaelalbertidh\/wp-json\/wp\/v2\/users\/1"}],"replies":[{"embeddable":true,"href":"https:\/\/blogsaverroes.juntadeandalucia.es\/ceiprafaelalbertidh\/wp-json\/wp\/v2\/comments?post=871"}],"version-history":[{"count":29,"href":"https:\/\/blogsaverroes.juntadeandalucia.es\/ceiprafaelalbertidh\/wp-json\/wp\/v2\/pages\/871\/revisions"}],"predecessor-version":[{"id":6192,"href":"https:\/\/blogsaverroes.juntadeandalucia.es\/ceiprafaelalbertidh\/wp-json\/wp\/v2\/pages\/871\/revisions\/6192"}],"wp:attachment":[{"href":"https:\/\/blogsaverroes.juntadeandalucia.es\/ceiprafaelalbertidh\/wp-json\/wp\/v2\/media?parent=871"}],"curies":[{"name":"wp","href":"https:\/\/api.w.org\/{rel}","templated":true}]}}