{"id":1410,"date":"2015-11-05T11:19:31","date_gmt":"2015-11-05T11:19:31","guid":{"rendered":"http:\/\/blogsaverroes.juntadeandalucia.es\/ceipramoncrossa\/?page_id=1410"},"modified":"2025-08-26T11:40:42","modified_gmt":"2025-08-26T11:40:42","slug":"comienzo-curso-escolar-20152016","status":"publish","type":"page","link":"https:\/\/blogsaverroes.juntadeandalucia.es\/ceipramoncrossa\/comienzo-curso-escolar-20152016\/","title":{"rendered":"Comienzo curso escolar 2025\/2026"},"content":{"rendered":"<p>Comienza un nuevo curso. Para algunas familias ser\u00e1 el comienzo de la etapa escolar de su hijo\/a; para otros ser\u00e1 uno mas y para otros ser\u00e1 el \u00faltimo en el Centro. Para todos un curso lleno de expectativas e ilusiones, las mismas que tenemos nosotros como Equipo Directivo. Como siempre, en esta tarea de educar, familias, profesorado y toda la comunidad educativa hemos de aunar esfuerzos para conseguir las mejores metas.&nbsp;<\/p>\n<p>Desde este Equipo Directivo, repito, y en nombre de todo el Claustro os damos la bienvenida al nuevo curso, esperando que sea un c\u00famulo de experiencias positivas y enriquecedoras para todos los sectores de nuestra Comunidad Educativa.<\/p>\n<p>Con el esfuerzo de todos y todas podremos crear ese ambiente agradable y familiar tan especial en el que la labor educativa resulte atractiva y provechosa.<\/p>\n<p>Igualmente, queremos seguir manteniendo como se\u00f1as de identidad de este Centro la comunicaci\u00f3n, el buen talante y el respeto.<\/p>\n<p>Os deseamos un buen curso.<\/p>\n<p style=\"text-align: center\">Ubrique,&nbsp; septiembre de 2025.<\/p>\n<p>El Director:<\/p>\n<p>Jos\u00e9 Carlos Delgado Ord\u00f3\u00f1ez<\/p>\n","protected":false},"excerpt":{"rendered":"<p>Comienza un nuevo curso. Para algunas familias ser\u00e1 el comienzo de la etapa escolar de su hijo\/a; para otros ser\u00e1 uno mas y para otros ser\u00e1 el \u00faltimo en el Centro. Para todos un&#46;&#46;&#46;<\/p>\n","protected":false},"author":1801,"featured_media":0,"parent":0,"menu_order":0,"comment_status":"open","ping_status":"open","template":"","meta":{"ngg_post_thumbnail":0,"footnotes":"","_mc_calendar":[]},"aioseo_notices":[],"_links":{"self":[{"href":"https:\/\/blogsaverroes.juntadeandalucia.es\/ceipramoncrossa\/wp-json\/wp\/v2\/pages\/1410"}],"collection":[{"href":"https:\/\/blogsaverroes.juntadeandalucia.es\/ceipramoncrossa\/wp-json\/wp\/v2\/pages"}],"about":[{"href":"https:\/\/blogsaverroes.juntadeandalucia.es\/ceipramoncrossa\/wp-json\/wp\/v2\/types\/page"}],"author":[{"embeddable":true,"href":"https:\/\/blogsaverroes.juntadeandalucia.es\/ceipramoncrossa\/wp-json\/wp\/v2\/users\/1801"}],"replies":[{"embeddable":true,"href":"https:\/\/blogsaverroes.juntadeandalucia.es\/ceipramoncrossa\/wp-json\/wp\/v2\/comments?post=1410"}],"version-history":[{"count":9,"href":"https:\/\/blogsaverroes.juntadeandalucia.es\/ceipramoncrossa\/wp-json\/wp\/v2\/pages\/1410\/revisions"}],"predecessor-version":[{"id":5938,"href":"https:\/\/blogsaverroes.juntadeandalucia.es\/ceipramoncrossa\/wp-json\/wp\/v2\/pages\/1410\/revisions\/5938"}],"wp:attachment":[{"href":"https:\/\/blogsaverroes.juntadeandalucia.es\/ceipramoncrossa\/wp-json\/wp\/v2\/media?parent=1410"}],"curies":[{"name":"wp","href":"https:\/\/api.w.org\/{rel}","templated":true}]}}