{"id":290,"date":"2015-05-19T10:16:50","date_gmt":"2015-05-19T10:16:50","guid":{"rendered":"http:\/\/blogsaverroes.juntadeandalucia.es\/ceipramoncrossa\/?page_id=290"},"modified":"2015-06-15T07:25:57","modified_gmt":"2015-06-15T07:25:57","slug":"contactar","status":"publish","type":"page","link":"https:\/\/blogsaverroes.juntadeandalucia.es\/ceipramoncrossa\/contactar\/","title":{"rendered":"Contactar"},"content":{"rendered":"<h3>Direcci\u00f3n<\/h3>\n<p>Colegio Educaci\u00f3n Infantil Primaria Ram\u00f3n Crossa<br \/>\nLugar Barriada El Rinc\u00f3n S\/N<br \/>\n11600 Ubrique<\/p>\n<h4>C\u00f3digo del Centro<\/h4>\n<p><strong>11603075<\/strong><\/p>\n<h3>Tel\u00e9fono y Fax<\/h3>\n<ul>\n<li>Tlf <strong>956 12 89 00<\/strong><\/li>\n<li>Fax <b>956 12 89 02<\/b><\/li>\n<\/ul>\n<h3>Email<\/h3>\n<p>11603075.edu@juntadeandalucia.es<\/p>\n<h3>Formulario<\/h3>\n<form method=\"post\" id=\"cntctfrm_contact_form\" class=\"cntctfrm_contact_form cntctfrm_one_column cntctfrm_ltr cntctfrm_width_default\" action=\"\/ceipramoncrossa\/wp-json\/wp\/v2\/pages\/290#cntctfrm_contact_form\" enctype=\"multipart\/form-data\"><div id=\"cntctfrm_first_column\" class=\"cntctfrm_column\"><div class=\"cntctfrm_field_wrap cntctfrm_field_name_wrap\"namecontact><div class=\"cntctfrm_label cntctfrm_label_name\">\n\t\t\t\t\t\t\t\t\t<label for=\"cntctfrm_contact_name\">Nombre: <span class=\"required\">*<\/span><\/label><\/div><div class=\"cntctfrm_input cntctfrm_input_name\">\n\t\t\t\t\t\t\t\t\t<input namecontact class=\"text\" type=\"text\" size=\"40\" pattern=\"^[\\p{L}\\p{M}]{3,}(\\s\\p{M}*\\p{L}+)*\" title=\"Please enter only letters at least 3 characters, words seperated by spaces\" value=\"\" name=\"cntctfrm_contact_name\" id=\"cntctfrm_contact_name\" \/><\/div><\/div><div class=\"cntctfrm_field_wrap cntctfrm_field_email_wrap\"email><div class=\"cntctfrm_label cntctfrm_label_email\">\n\t\t\t\t\t\t\t\t\t<label for=\"cntctfrm_contact_email\">Direcci\u00f3n de correo electr\u00f3nico: <span class=\"required\">*<\/span><\/label>\n\t\t\t\t\t\t\t\t<\/div><div class=\"cntctfrm_input cntctfrm_input_email\">\n\t\t\t\t\t\t\t\t\t<input email class=\"text\" type=\"email\" size=\"40\" value=\"\" name=\"cntctfrm_contact_email\" id=\"cntctfrm_contact_email\" \/><\/div><\/div><div class=\"cntctfrm_field_wrap cntctfrm_field_subject_wrap\"subject><div class=\"cntctfrm_label cntctfrm_label_subject\">\n\t\t\t\t\t\t\t\t\t<label for=\"cntctfrm_contact_subject\">Asunto: <span class=\"required\">*<\/span><\/label>\n\t\t\t\t\t\t\t\t<\/div><div class=\"cntctfrm_input cntctfrm_input_subject\">\n\t\t\t\t\t\t\t\t<input subject pattern=\"^[\\p{M}\\p{L}]{3,}(\\s\\p{M}*\\p{L}+)*\" title=\"Please enter only letters at least 3 characters, words seperated by spaces\" class=\"text\" type=\"text\" size=\"40\" value=\"\" name=\"cntctfrm_contact_subject\" id=\"cntctfrm_contact_subject\" \/><\/div><\/div><div class=\"cntctfrm_field_wrap cntctfrm_field_message_wrap\"message><div class=\"cntctfrm_label cntctfrm_label_message\">\n\t\t\t\t\t\t\t\t<label for=\"cntctfrm_contact_message\">Mensaje: <span class=\"required\">*<\/span><\/label>\n\t\t\t\t\t\t\t<\/div><div class=\"cntctfrm_input cntctfrm_input_message\">\n\t\t\t\t\t\t\t\t<textarea message rows=\"5\" cols=\"30\"name=\"cntctfrm_contact_message\" id=\"cntctfrm_contact_message\"><\/textarea><\/div><\/div><\/div><div class=\"clear\"><\/div><div class=\"cntctfrm_submit_wrap\"><div id=\"cntctfrm_submit_first_column\" class=\"cntctfrm_column\"><div class=\"cntctfrm_input cntctfrm_input_submit\"><input type=\"hidden\" value=\"send\" name=\"cntctfrm_contact_action\">\n\t\t\t\t\t\t\t<input type=\"hidden\" value=\"default\" name=\"cntctfrm_language\">\n\t\t\t\t\t\t\t<input type=\"hidden\" value=\"1\" name=\"cntctfrm_form_submited\">\n\t\t\t\t\t\t\t<input type=\"hidden\" value=\"cntctfrm_options\" name=\"cntctfrm_options_name\">\n\t\t\t\t\t\t\t<input type=\"submit\" value=\"Enviar\" class=\"cntctfrm_contact_submit\" \/>\n\t\t\t\t\t\t<\/div><\/div><div id=\"cntctfrm_submit_second_column\" class=\"cntctfrm_column\"><\/div><div class=\"clear\"><\/div>\n\t\t\t<\/div>\n\t\t\t<\/form>\n","protected":false},"excerpt":{"rendered":"<p>Direcci\u00f3n Colegio Educaci\u00f3n Infantil Primaria Ram\u00f3n Crossa Lugar Barriada El Rinc\u00f3n S\/N 11600 Ubrique C\u00f3digo del Centro 11603075 Tel\u00e9fono y Fax Tlf 956 12 89 00 Fax 956 12 89 02 Email 11603075.edu@juntadeandalucia.es Formulario<\/p>\n","protected":false},"author":1722,"featured_media":0,"parent":0,"menu_order":0,"comment_status":"closed","ping_status":"closed","template":"","meta":{"ngg_post_thumbnail":0,"footnotes":"","_mc_calendar":[]},"aioseo_notices":[],"_links":{"self":[{"href":"https:\/\/blogsaverroes.juntadeandalucia.es\/ceipramoncrossa\/wp-json\/wp\/v2\/pages\/290"}],"collection":[{"href":"https:\/\/blogsaverroes.juntadeandalucia.es\/ceipramoncrossa\/wp-json\/wp\/v2\/pages"}],"about":[{"href":"https:\/\/blogsaverroes.juntadeandalucia.es\/ceipramoncrossa\/wp-json\/wp\/v2\/types\/page"}],"author":[{"embeddable":true,"href":"https:\/\/blogsaverroes.juntadeandalucia.es\/ceipramoncrossa\/wp-json\/wp\/v2\/users\/1722"}],"replies":[{"embeddable":true,"href":"https:\/\/blogsaverroes.juntadeandalucia.es\/ceipramoncrossa\/wp-json\/wp\/v2\/comments?post=290"}],"version-history":[{"count":8,"href":"https:\/\/blogsaverroes.juntadeandalucia.es\/ceipramoncrossa\/wp-json\/wp\/v2\/pages\/290\/revisions"}],"predecessor-version":[{"id":923,"href":"https:\/\/blogsaverroes.juntadeandalucia.es\/ceipramoncrossa\/wp-json\/wp\/v2\/pages\/290\/revisions\/923"}],"wp:attachment":[{"href":"https:\/\/blogsaverroes.juntadeandalucia.es\/ceipramoncrossa\/wp-json\/wp\/v2\/media?parent=290"}],"curies":[{"name":"wp","href":"https:\/\/api.w.org\/{rel}","templated":true}]}}