{"id":308,"date":"2015-05-19T11:55:51","date_gmt":"2015-05-19T11:55:51","guid":{"rendered":"http:\/\/blogsaverroes.juntadeandalucia.es\/ceipramoncrossa\/?page_id=308"},"modified":"2026-01-10T17:34:18","modified_gmt":"2026-01-10T17:34:18","slug":"profesorado","status":"publish","type":"page","link":"https:\/\/blogsaverroes.juntadeandalucia.es\/ceipramoncrossa\/nuestro-centro\/organigrama\/profesorado\/","title":{"rendered":"Tutores"},"content":{"rendered":"<p>&nbsp;<\/p>\n<table style=\"height: 696px;width: 100%\" width=\"462\">\n<tbody>\n<tr style=\"height: 24px\">\n<th style=\"text-align: left;height: 24px\" colspan=\"3\">INFANTIL<\/th>\n<\/tr>\n<tr style=\"height: 24px\">\n<th style=\"text-align: left;height: 24px\">TUTOR\/A<\/th>\n<th style=\"text-align: left;height: 24px\">GRUPO<\/th>\n<th style=\"text-align: left;height: 24px\">&nbsp;<\/th>\n<\/tr>\n<tr style=\"height: 24px\">\n<td style=\"text-align: left;height: 24px\">&nbsp;<\/td>\n<td style=\"text-align: left;height: 24px\">&nbsp;<\/td>\n<td style=\"text-align: left;height: 24px\">&nbsp;<\/td>\n<\/tr>\n<tr style=\"height: 24px\">\n<td style=\"text-align: left;height: 24px\">&nbsp;<\/td>\n<td style=\"text-align: left;height: 24px\">&nbsp;&nbsp;<\/td>\n<td style=\"text-align: left;height: 24px\">&nbsp;<\/td>\n<\/tr>\n<tr style=\"height: 24px\">\n<td style=\"text-align: left;height: 24px\">Crist\u00f3bal J. P\u00e9rez P\u00e9rez<\/td>\n<td style=\"text-align: left;height: 24px\">&nbsp;3 A\u00f1os<\/td>\n<td style=\"text-align: left;height: 24px\">&nbsp;<\/td>\n<\/tr>\n<tr style=\"height: 24px\">\n<td style=\"text-align: left;height: 24px\">Mar\u00eda Carmen Fern\u00e1ndez Santos.<\/td>\n<td style=\"text-align: left;height: 24px\">&nbsp;4 A\u00f1os A&nbsp;<\/td>\n<td style=\"text-align: left;height: 24px\">&nbsp;<\/td>\n<\/tr>\n<tr style=\"height: 24px\">\n<td style=\"text-align: left;height: 24px\">Rafi L\u00f3pez Guti\u00e9rrez.<\/td>\n<td style=\"text-align: left;height: 24px\">&nbsp;4 A\u00f1os B<\/td>\n<td style=\"text-align: left;height: 24px\">&nbsp;<\/td>\n<\/tr>\n<tr style=\"height: 24px\">\n<td style=\"text-align: left;height: 24px\">Mar\u00eda Jos\u00e9 Vilches R\u00edos.<\/td>\n<td style=\"text-align: left;height: 24px\">&nbsp;5 A\u00f1os<\/td>\n<td style=\"text-align: left;height: 24px\">&nbsp;<\/td>\n<\/tr>\n<tr style=\"height: 24px\">\n<td style=\"text-align: left;height: 24px\">Noelia Mena Chaves.<\/td>\n<td style=\"text-align: left;height: 24px\">APOYO INFANTIL<\/td>\n<td style=\"text-align: left;height: 24px\">&nbsp;<\/td>\n<\/tr>\n<tr style=\"height: 24px\">\n<th style=\"text-align: left;height: 24px\" colspan=\"3\">PRIMER CICLO de PRIMARIA<\/th>\n<\/tr>\n<tr style=\"height: 24px\">\n<th style=\"text-align: left;height: 24px\">TUTOR\/A<\/th>\n<th style=\"text-align: left;height: 24px\">GRUPO<\/th>\n<th style=\"text-align: left;height: 24px\">&nbsp;<\/th>\n<\/tr>\n<tr style=\"height: 24px\">\n<td style=\"text-align: left;height: 24px\">&nbsp;<\/td>\n<td style=\"text-align: left;height: 24px\">&nbsp;<\/td>\n<td style=\"text-align: left;height: 24px\">&nbsp;<\/td>\n<\/tr>\n<tr style=\"height: 24px\">\n<td style=\"text-align: left;height: 24px\">Patricia Gil S\u00e1nchez.<\/td>\n<td style=\"text-align: left;height: 24px\">&nbsp;1\u00baA<\/td>\n<td style=\"text-align: left;height: 24px\">&nbsp;<\/td>\n<\/tr>\n<tr style=\"height: 24px\">\n<td style=\"text-align: left;height: 24px\">Cristina V\u00e1zquez L\u00f3pez.<\/td>\n<td style=\"text-align: left;height: 24px\">&nbsp;1\u00baB<\/td>\n<td style=\"text-align: left;height: 24px\">&nbsp;<\/td>\n<\/tr>\n<tr style=\"height: 24px\">\n<td style=\"text-align: left;height: 24px\">Inmaculada Crossa R\u00edos.&nbsp;<\/td>\n<td style=\"text-align: left;height: 24px\">&nbsp;2\u00baA<\/td>\n<td style=\"text-align: left;height: 24px\">&nbsp;<\/td>\n<\/tr>\n<tr style=\"height: 24px\">\n<td style=\"text-align: left;height: 24px\">Ezequiel Montero Richarte.<\/td>\n<td style=\"text-align: left;height: 24px\">&nbsp;2\u00baB<\/td>\n<td style=\"text-align: left;height: 24px\">&nbsp;<\/td>\n<\/tr>\n<tr style=\"height: 24px\">\n<th style=\"text-align: left;height: 24px\" colspan=\"3\">SEGUNDO CICLO de PRIMARIA<\/th>\n<\/tr>\n<tr style=\"height: 24px\">\n<th style=\"text-align: left;height: 24px\">TUTOR\/A<\/th>\n<th style=\"text-align: left;height: 24px\">GRUPO<\/th>\n<th style=\"text-align: left;height: 24px\">&nbsp;<\/th>\n<\/tr>\n<tr style=\"height: 24px\">\n<td style=\"text-align: left;height: 24px\">M\u00aa Remedios Esteban Pan.<\/td>\n<td style=\"text-align: left;height: 24px\">&nbsp;3\u00baA<\/td>\n<td style=\"text-align: left;height: 24px\">&nbsp;<\/td>\n<\/tr>\n<tr style=\"height: 24px\">\n<td style=\"text-align: left;height: 24px\">M\u00aa Elena Gonz\u00e1lez Pajuelo.<\/td>\n<td style=\"text-align: left;height: 24px\">&nbsp;3\u00baB<\/td>\n<td style=\"text-align: left;height: 24px\">&nbsp;<\/td>\n<\/tr>\n<tr style=\"height: 24px\">\n<td style=\"text-align: left;height: 24px\">Francisco Javier S\u00e1nchez Mena.<\/td>\n<td style=\"text-align: left;height: 24px\">&nbsp;4\u00baA<\/td>\n<td style=\"text-align: left;height: 24px\">&nbsp;<\/td>\n<\/tr>\n<tr style=\"height: 24px\">\n<td style=\"text-align: left;height: 24px\">M\u00aa \u00c1ngeles Delgado Ram\u00edrez.<\/td>\n<td style=\"text-align: left;height: 24px\">&nbsp;4\u00baB<\/td>\n<td style=\"text-align: left;height: 24px\">&nbsp;<\/td>\n<\/tr>\n<tr style=\"height: 24px\">\n<th style=\"text-align: left;height: 24px\" colspan=\"3\">TERCER&nbsp;CICLO de PRIMARIA<\/th>\n<\/tr>\n<tr style=\"height: 24px\">\n<th style=\"text-align: left;height: 24px\">TUTOR\/A<\/th>\n<th style=\"text-align: left;height: 24px\">GRUPO<\/th>\n<th style=\"text-align: left;height: 24px\">&nbsp;<\/th>\n<\/tr>\n<tr style=\"height: 24px\">\n<td style=\"text-align: left;height: 24px\">Jos\u00e9 Antonio Orellana Santos.<\/td>\n<td style=\"text-align: left;height: 24px\">&nbsp;5\u00baA<\/td>\n<td style=\"text-align: left;height: 24px\">&nbsp;<\/td>\n<\/tr>\n<tr style=\"height: 24px\">\n<td style=\"text-align: left;height: 24px\">Germ\u00e1n Perales Ramet.<\/td>\n<td style=\"text-align: left;height: 24px\">&nbsp;5\u00baB<\/td>\n<td style=\"text-align: left;height: 24px\">&nbsp;<\/td>\n<\/tr>\n<tr style=\"height: 24px\">\n<td style=\"text-align: left;height: 24px\">Mariola Ben\u00edtez Su\u00e1rez.<\/td>\n<td style=\"text-align: left;height: 24px\">&nbsp;6\u00baA<\/td>\n<td style=\"text-align: left;height: 24px\">&nbsp;<\/td>\n<\/tr>\n<tr style=\"height: 24px\">\n<td style=\"text-align: left;height: 24px\">Juan Fco. Barea Torres.<\/td>\n<td style=\"text-align: left;height: 24px\">&nbsp;6\u00baB<\/td>\n<td style=\"text-align: left;height: 24px\">&nbsp;<\/td>\n<\/tr>\n<tr style=\"height: 24px\">\n<td style=\"text-align: left;height: 24px\">Rafael Hern\u00e1ndez Garc\u00eda.<\/td>\n<td style=\"text-align: left;height: 24px\"><strong>APOYO PRIMARIA<\/strong><\/td>\n<td style=\"text-align: left;height: 24px\">&nbsp;<\/td>\n<\/tr>\n<\/tbody>\n<\/table>\n<p>&nbsp;<\/p>\n","protected":false},"excerpt":{"rendered":"<p>&nbsp; INFANTIL TUTOR\/A GRUPO &nbsp; &nbsp; &nbsp; &nbsp; &nbsp; &nbsp;&nbsp; &nbsp; Crist\u00f3bal J. P\u00e9rez P\u00e9rez &nbsp;3 A\u00f1os &nbsp; Mar\u00eda Carmen Fern\u00e1ndez Santos. &nbsp;4 A\u00f1os A&nbsp; &nbsp; Rafi L\u00f3pez Guti\u00e9rrez. &nbsp;4 A\u00f1os B &nbsp; Mar\u00eda&#46;&#46;&#46;<\/p>\n","protected":false},"author":1722,"featured_media":0,"parent":33,"menu_order":0,"comment_status":"open","ping_status":"open","template":"","meta":{"ngg_post_thumbnail":0,"footnotes":"","_mc_calendar":[]},"aioseo_notices":[],"_links":{"self":[{"href":"https:\/\/blogsaverroes.juntadeandalucia.es\/ceipramoncrossa\/wp-json\/wp\/v2\/pages\/308"}],"collection":[{"href":"https:\/\/blogsaverroes.juntadeandalucia.es\/ceipramoncrossa\/wp-json\/wp\/v2\/pages"}],"about":[{"href":"https:\/\/blogsaverroes.juntadeandalucia.es\/ceipramoncrossa\/wp-json\/wp\/v2\/types\/page"}],"author":[{"embeddable":true,"href":"https:\/\/blogsaverroes.juntadeandalucia.es\/ceipramoncrossa\/wp-json\/wp\/v2\/users\/1722"}],"replies":[{"embeddable":true,"href":"https:\/\/blogsaverroes.juntadeandalucia.es\/ceipramoncrossa\/wp-json\/wp\/v2\/comments?post=308"}],"version-history":[{"count":31,"href":"https:\/\/blogsaverroes.juntadeandalucia.es\/ceipramoncrossa\/wp-json\/wp\/v2\/pages\/308\/revisions"}],"predecessor-version":[{"id":6109,"href":"https:\/\/blogsaverroes.juntadeandalucia.es\/ceipramoncrossa\/wp-json\/wp\/v2\/pages\/308\/revisions\/6109"}],"up":[{"embeddable":true,"href":"https:\/\/blogsaverroes.juntadeandalucia.es\/ceipramoncrossa\/wp-json\/wp\/v2\/pages\/33"}],"wp:attachment":[{"href":"https:\/\/blogsaverroes.juntadeandalucia.es\/ceipramoncrossa\/wp-json\/wp\/v2\/media?parent=308"}],"curies":[{"name":"wp","href":"https:\/\/api.w.org\/{rel}","templated":true}]}}