{"id":329,"date":"2015-05-20T07:21:48","date_gmt":"2015-05-20T07:21:48","guid":{"rendered":"http:\/\/blogsaverroes.juntadeandalucia.es\/ceipramoncrossa\/?page_id=329"},"modified":"2023-11-30T16:02:02","modified_gmt":"2023-11-30T16:02:02","slug":"otros-organos","status":"publish","type":"page","link":"https:\/\/blogsaverroes.juntadeandalucia.es\/ceipramoncrossa\/nuestro-centro\/organigrama\/otros-organos\/","title":{"rendered":"AMPA"},"content":{"rendered":"<table style=\"width: 100%\">\n<tbody>\n<tr>\n<th style=\"text-align: left;width: 63.181818%\">NOMBRE<\/th>\n<th style=\"text-align: left;width: 36.666667%\">CARGO<\/th>\n<\/tr>\n<tr>\n<td style=\"text-align: left;width: 63.181818%\">D\u00aa. Sandra Morales Caro.<\/td>\n<td style=\"text-align: left;width: 36.666667%\">Presidenta<\/td>\n<\/tr>\n<tr>\n<td style=\"text-align: left;width: 63.181818%\">Isabel Carrillo Gil.<\/td>\n<td style=\"text-align: left;width: 36.666667%\">Tesorero<\/td>\n<\/tr>\n<tr>\n<td style=\"text-align: left;width: 63.181818%\">Mercedes Garc\u00eda Troya.<\/td>\n<td style=\"text-align: left;width: 36.666667%\">Secretaria<\/td>\n<\/tr>\n<tr>\n<td style=\"text-align: left;width: 63.181818%\">Patricia Dom\u00ednguez Jim\u00e9nez .<\/p>\n<p>Ana Alvar Ram\u00edrez.<\/p>\n<p>VIrginia Rold\u00e1n Toro.<\/p>\n<p>Sergio Reina Montero.<\/p>\n<p>Lorena Ar\u00e1negas&nbsp;Rodr\u00edguez.<\/p>\n<p>Ines Barroso Lobo.<\/p>\n<p>Jennifer Trujillo Morales.<\/p>\n<p>Ana Cristina Olmedo le\u00f3n .<\/p>\n<p>Virginia Pizano P\u00e9rez.<\/p>\n<p>Silvia Chac\u00f3n Gonz\u00e1lez.<\/p>\n<p>&nbsp;<\/td>\n<td style=\"text-align: left;width: 36.666667%\">Vocales<\/td>\n<\/tr>\n<\/tbody>\n<\/table>\n","protected":false},"excerpt":{"rendered":"<p>NOMBRE CARGO D\u00aa. Sandra Morales Caro. Presidenta Isabel Carrillo Gil. Tesorero Mercedes Garc\u00eda Troya. Secretaria Patricia Dom\u00ednguez Jim\u00e9nez . Ana Alvar Ram\u00edrez. VIrginia Rold\u00e1n Toro. Sergio Reina Montero. Lorena Ar\u00e1negas&nbsp;Rodr\u00edguez. Ines Barroso Lobo. Jennifer&#46;&#46;&#46;<\/p>\n","protected":false},"author":1722,"featured_media":0,"parent":33,"menu_order":0,"comment_status":"open","ping_status":"open","template":"","meta":{"ngg_post_thumbnail":0,"footnotes":"","_mc_calendar":[]},"aioseo_notices":[],"_links":{"self":[{"href":"https:\/\/blogsaverroes.juntadeandalucia.es\/ceipramoncrossa\/wp-json\/wp\/v2\/pages\/329"}],"collection":[{"href":"https:\/\/blogsaverroes.juntadeandalucia.es\/ceipramoncrossa\/wp-json\/wp\/v2\/pages"}],"about":[{"href":"https:\/\/blogsaverroes.juntadeandalucia.es\/ceipramoncrossa\/wp-json\/wp\/v2\/types\/page"}],"author":[{"embeddable":true,"href":"https:\/\/blogsaverroes.juntadeandalucia.es\/ceipramoncrossa\/wp-json\/wp\/v2\/users\/1722"}],"replies":[{"embeddable":true,"href":"https:\/\/blogsaverroes.juntadeandalucia.es\/ceipramoncrossa\/wp-json\/wp\/v2\/comments?post=329"}],"version-history":[{"count":7,"href":"https:\/\/blogsaverroes.juntadeandalucia.es\/ceipramoncrossa\/wp-json\/wp\/v2\/pages\/329\/revisions"}],"predecessor-version":[{"id":3797,"href":"https:\/\/blogsaverroes.juntadeandalucia.es\/ceipramoncrossa\/wp-json\/wp\/v2\/pages\/329\/revisions\/3797"}],"up":[{"embeddable":true,"href":"https:\/\/blogsaverroes.juntadeandalucia.es\/ceipramoncrossa\/wp-json\/wp\/v2\/pages\/33"}],"wp:attachment":[{"href":"https:\/\/blogsaverroes.juntadeandalucia.es\/ceipramoncrossa\/wp-json\/wp\/v2\/media?parent=329"}],"curies":[{"name":"wp","href":"https:\/\/api.w.org\/{rel}","templated":true}]}}