{"id":348,"date":"2015-05-20T08:21:31","date_gmt":"2015-05-20T08:21:31","guid":{"rendered":"http:\/\/blogsaverroes.juntadeandalucia.es\/ceipramoncrossa\/?page_id=348"},"modified":"2024-10-07T19:40:27","modified_gmt":"2024-10-07T19:40:27","slug":"oferta-educativa","status":"publish","type":"page","link":"https:\/\/blogsaverroes.juntadeandalucia.es\/ceipramoncrossa\/oferta-educativa\/","title":{"rendered":"Oferta Educativa"},"content":{"rendered":"<table>\n<tbody>\n<tr>\n<th style=\"text-align: left\" colspan=\"2\">SEGUNDO&nbsp;CICLO EDUCACI\u00d3N INFANTIL (3 a 5 a\u00f1os)<\/th>\n<\/tr>\n<tr>\n<td style=\"text-align: left\">NIVEL<\/td>\n<td style=\"text-align: left\">L\u00cdNEAS<\/td>\n<\/tr>\n<tr>\n<td style=\"text-align: left\">Nivel 3 a\u00f1os<\/td>\n<td style=\"text-align: left\">&nbsp;2<\/td>\n<\/tr>\n<tr>\n<td style=\"text-align: left\">Nivel 4 a\u00f1os<\/td>\n<td style=\"text-align: left\">&nbsp;1<\/td>\n<\/tr>\n<tr>\n<td style=\"text-align: left\">Nivel 5 a\u00f1os<\/td>\n<td style=\"text-align: left\">&nbsp;2<\/td>\n<\/tr>\n<tr>\n<th style=\"text-align: left\" colspan=\"2\">PRIMER CICLO EDUCACI\u00d3N PRIMARIA (6 A 7 a\u00f1os)<\/th>\n<\/tr>\n<tr>\n<td style=\"text-align: left\">NIVEL<\/td>\n<td style=\"text-align: left\">L\u00cdNEAS<\/td>\n<\/tr>\n<tr>\n<td style=\"text-align: left\">Primero de Primaria &#8211; 6 a\u00f1os<\/td>\n<td style=\"text-align: left\">&nbsp;2<\/td>\n<\/tr>\n<tr>\n<td style=\"text-align: left\">Segundo Primaria &#8211; 7 a\u00f1os<\/td>\n<td style=\"text-align: left\">&nbsp;2<\/td>\n<\/tr>\n<tr>\n<th style=\"text-align: left\" colspan=\"2\">SEGUNDO CICLO EDUCACI\u00d3N PRIMARIA (8 a 9 a\u00f1os)<\/th>\n<\/tr>\n<tr>\n<td style=\"text-align: left\">NIVEL<\/td>\n<td style=\"text-align: left\">L\u00cdNEAS<\/td>\n<\/tr>\n<tr>\n<td style=\"text-align: left\">Tercero de Primaria &#8211; 8 a\u00f1os<\/td>\n<td style=\"text-align: left\">&nbsp;2<\/td>\n<\/tr>\n<tr>\n<td style=\"text-align: left\">Cuarto de Primaria &#8211; 9 a\u00f1os<\/td>\n<td style=\"text-align: left\">&nbsp;2<\/td>\n<\/tr>\n<tr>\n<th style=\"text-align: left\" colspan=\"2\">TERCER CICLO EDUCACI\u00d3N PRIMARIA (10 a 11 a\u00f1os)<\/th>\n<\/tr>\n<tr>\n<td style=\"text-align: left\">NIVEL<\/td>\n<td style=\"text-align: left\">L\u00cdNEAS<\/td>\n<\/tr>\n<tr>\n<td style=\"text-align: left\">Quinto de Primaria &#8211; 10 a\u00f1os<\/td>\n<td style=\"text-align: left\">&nbsp;2<\/td>\n<\/tr>\n<tr>\n<td style=\"text-align: left\">Sexto&nbsp;de Primaria &#8211; 11&nbsp;a\u00f1os<\/td>\n<td style=\"text-align: left\">&nbsp;2<\/td>\n<\/tr>\n<\/tbody>\n<\/table>\n","protected":false},"excerpt":{"rendered":"<p>SEGUNDO&nbsp;CICLO EDUCACI\u00d3N INFANTIL (3 a 5 a\u00f1os) NIVEL L\u00cdNEAS Nivel 3 a\u00f1os &nbsp;2 Nivel 4 a\u00f1os &nbsp;1 Nivel 5 a\u00f1os &nbsp;2 PRIMER CICLO EDUCACI\u00d3N PRIMARIA (6 A 7 a\u00f1os) NIVEL L\u00cdNEAS Primero de Primaria&#46;&#46;&#46;<\/p>\n","protected":false},"author":1722,"featured_media":0,"parent":0,"menu_order":0,"comment_status":"open","ping_status":"open","template":"","meta":{"ngg_post_thumbnail":0,"footnotes":"","_mc_calendar":[]},"aioseo_notices":[],"_links":{"self":[{"href":"https:\/\/blogsaverroes.juntadeandalucia.es\/ceipramoncrossa\/wp-json\/wp\/v2\/pages\/348"}],"collection":[{"href":"https:\/\/blogsaverroes.juntadeandalucia.es\/ceipramoncrossa\/wp-json\/wp\/v2\/pages"}],"about":[{"href":"https:\/\/blogsaverroes.juntadeandalucia.es\/ceipramoncrossa\/wp-json\/wp\/v2\/types\/page"}],"author":[{"embeddable":true,"href":"https:\/\/blogsaverroes.juntadeandalucia.es\/ceipramoncrossa\/wp-json\/wp\/v2\/users\/1722"}],"replies":[{"embeddable":true,"href":"https:\/\/blogsaverroes.juntadeandalucia.es\/ceipramoncrossa\/wp-json\/wp\/v2\/comments?post=348"}],"version-history":[{"count":7,"href":"https:\/\/blogsaverroes.juntadeandalucia.es\/ceipramoncrossa\/wp-json\/wp\/v2\/pages\/348\/revisions"}],"predecessor-version":[{"id":5065,"href":"https:\/\/blogsaverroes.juntadeandalucia.es\/ceipramoncrossa\/wp-json\/wp\/v2\/pages\/348\/revisions\/5065"}],"wp:attachment":[{"href":"https:\/\/blogsaverroes.juntadeandalucia.es\/ceipramoncrossa\/wp-json\/wp\/v2\/media?parent=348"}],"curies":[{"name":"wp","href":"https:\/\/api.w.org\/{rel}","templated":true}]}}