{"id":355,"date":"2015-05-20T08:32:26","date_gmt":"2015-05-20T08:32:26","guid":{"rendered":"http:\/\/blogsaverroes.juntadeandalucia.es\/ceipramoncrossa\/?page_id=355"},"modified":"2016-10-18T22:10:20","modified_gmt":"2016-10-18T22:10:20","slug":"educacion-primaria","status":"publish","type":"page","link":"https:\/\/blogsaverroes.juntadeandalucia.es\/ceipramoncrossa\/oferta-educativa\/educacion-primaria\/","title":{"rendered":"Educaci\u00f3n Primaria"},"content":{"rendered":"<table>\n<tbody>\n<tr>\n<th style=\"text-align: center\" colspan=\"2\">PRIMER CICLO EDUCACI\u00d3N PRIMARIA (6 a 7 a\u00f1os)<\/th>\n<\/tr>\n<tr>\n<th style=\"text-align: left\" colspan=\"2\">PRIMER CURSO &#8211; 6 A\u00d1OS<\/th>\n<\/tr>\n<tr>\n<td style=\"text-align: left\">CONTENIDOS<\/td>\n<td style=\"text-align: left\">TIPO<\/td>\n<\/tr>\n<tr>\n<td style=\"text-align: left\">Conocimiento del Medio Social y Cultural<\/td>\n<td style=\"text-align: left\">Obligatoria<\/td>\n<\/tr>\n<tr>\n<td style=\"text-align: left\">Lengua Castellana y Literatura<\/td>\n<td style=\"text-align: left\">Obligatoria<\/td>\n<\/tr>\n<tr>\n<td style=\"text-align: left\">Matem\u00e1ticas<\/td>\n<td style=\"text-align: left\">Obligatoria<\/td>\n<\/tr>\n<tr>\n<td style=\"text-align: left\">Ingl\u00e9s<\/td>\n<td style=\"text-align: left\">Obligatoria<\/td>\n<\/tr>\n<tr>\n<td style=\"text-align: left\">Educaci\u00f3n Art\u00edstica<\/td>\n<td style=\"text-align: left\">Obligatoria<\/td>\n<\/tr>\n<tr>\n<td style=\"text-align: left\">Educaci\u00f3n F\u00edsica<\/td>\n<td style=\"text-align: left\">Obligatoria<\/td>\n<\/tr>\n<tr>\n<td style=\"text-align: left\">Religi\u00f3n Moral y Cat\u00f3lica<\/td>\n<td style=\"text-align: left\">Optativa<\/td>\n<\/tr>\n<tr>\n<td style=\"text-align: left\">Atenci\u00f3n Educativa<\/td>\n<td style=\"text-align: left\">Optativa<\/td>\n<\/tr>\n<tr>\n<th style=\"text-align: left\" colspan=\"2\">SEGUNDO CURSO &#8211; 7 A\u00d1OS<\/th>\n<\/tr>\n<tr>\n<td style=\"text-align: left\">CONTENIDOS<\/td>\n<td style=\"text-align: left\">TIPO<\/td>\n<\/tr>\n<tr>\n<td style=\"text-align: left\">Conocimiento del Medio Social y Cultural<\/td>\n<td style=\"text-align: left\">Obligatoria<\/td>\n<\/tr>\n<tr>\n<td style=\"text-align: left\">Lengua Castellana y Literatura<\/td>\n<td style=\"text-align: left\">Obligatoria<\/td>\n<\/tr>\n<tr>\n<td style=\"text-align: left\">Matem\u00e1ticas<\/td>\n<td style=\"text-align: left\">Obligatoria<\/td>\n<\/tr>\n<tr>\n<td style=\"text-align: left\">Ingl\u00e9s<\/td>\n<td style=\"text-align: left\">Obligatoria<\/td>\n<\/tr>\n<tr>\n<td style=\"text-align: left\">Educaci\u00f3n Art\u00edstica<\/td>\n<td style=\"text-align: left\">Obligatoria<\/td>\n<\/tr>\n<tr>\n<td style=\"text-align: left\">Educaci\u00f3n F\u00edsica<\/td>\n<td style=\"text-align: left\">Obligatoria<\/td>\n<\/tr>\n<tr>\n<td style=\"text-align: left\">Religi\u00f3n Moral y Cat\u00f3lica<\/td>\n<td style=\"text-align: left\">Optativa<\/td>\n<\/tr>\n<tr>\n<td style=\"text-align: left\">Atenci\u00f3n Educativa<\/td>\n<td style=\"text-align: left\">Optativa<\/td>\n<\/tr>\n<tr>\n<th style=\"text-align: center\" colspan=\"2\">SEGUNDO\u00a0CICLO EDUCACI\u00d3N PRIMARIA (8 a 9 a\u00f1os)<\/th>\n<\/tr>\n<tr>\n<th style=\"text-align: left\" colspan=\"2\">TERCER\u00a0CURSO &#8211; 8 A\u00d1OS<\/th>\n<\/tr>\n<tr>\n<td style=\"text-align: left\">CONTENIDOS<\/td>\n<td style=\"text-align: left\">TIPO<\/td>\n<\/tr>\n<tr>\n<td style=\"text-align: left\">Conocimiento del Medio Social y Cultural<\/td>\n<td style=\"text-align: left\">Obligatoria<\/td>\n<\/tr>\n<tr>\n<td style=\"text-align: left\">Lengua Castellana y Literatura<\/td>\n<td style=\"text-align: left\">Obligatoria<\/td>\n<\/tr>\n<tr>\n<td style=\"text-align: left\">Matem\u00e1ticas<\/td>\n<td style=\"text-align: left\">Obligatoria<\/td>\n<\/tr>\n<tr>\n<td style=\"text-align: left\">Ingl\u00e9s<\/td>\n<td style=\"text-align: left\">Obligatoria<\/td>\n<\/tr>\n<tr>\n<td style=\"text-align: left\">Educaci\u00f3n Art\u00edstica<\/td>\n<td style=\"text-align: left\">Obligatoria<\/td>\n<\/tr>\n<tr>\n<td style=\"text-align: left\">Educaci\u00f3n F\u00edsica<\/td>\n<td style=\"text-align: left\">Obligatoria<\/td>\n<\/tr>\n<tr>\n<td style=\"text-align: left\">Religi\u00f3n Moral y Cat\u00f3lica<\/td>\n<td style=\"text-align: left\">Optativa<\/td>\n<\/tr>\n<tr>\n<td style=\"text-align: left\">Atenci\u00f3n Educativa<\/td>\n<td style=\"text-align: left\">Optativa<\/td>\n<\/tr>\n<tr>\n<td style=\"text-align: left\">Franc\u00e9s<\/td>\n<td style=\"text-align: left\">Obligatoria<\/td>\n<\/tr>\n<tr>\n<th style=\"text-align: left\" colspan=\"2\">CUARTO\u00a0CURSO &#8211; 9 A\u00d1OS<\/th>\n<\/tr>\n<tr>\n<td style=\"text-align: left\">CONTENIDOS<\/td>\n<td style=\"text-align: left\">TIPO<\/td>\n<\/tr>\n<tr>\n<td style=\"text-align: left\">Conocimiento del Medio Social y Cultural<\/td>\n<td style=\"text-align: left\">Obligatoria<\/td>\n<\/tr>\n<tr>\n<td style=\"text-align: left\">Lengua Castellana y Literatura<\/td>\n<td style=\"text-align: left\">Obligatoria<\/td>\n<\/tr>\n<tr>\n<td style=\"text-align: left\">Matem\u00e1ticas<\/td>\n<td style=\"text-align: left\">Obligatoria<\/td>\n<\/tr>\n<tr>\n<td style=\"text-align: left\">Ingl\u00e9s<\/td>\n<td style=\"text-align: left\">Obligatoria<\/td>\n<\/tr>\n<tr>\n<td style=\"text-align: left\">Educaci\u00f3n Art\u00edstica<\/td>\n<td style=\"text-align: left\">Obligatoria<\/td>\n<\/tr>\n<tr>\n<td style=\"text-align: left\">Educaci\u00f3n F\u00edsica<\/td>\n<td style=\"text-align: left\">Obligatoria<\/td>\n<\/tr>\n<tr>\n<td style=\"text-align: left\">Religi\u00f3n Moral y Cat\u00f3lica<\/td>\n<td style=\"text-align: left\">Optativa<\/td>\n<\/tr>\n<tr>\n<td style=\"text-align: left\">Atenci\u00f3n Educativa<\/td>\n<td style=\"text-align: left\">Optativa<\/td>\n<\/tr>\n<tr>\n<th style=\"text-align: center\" colspan=\"2\">TERCER CICLO EDUCACI\u00d3N PRIMARIA (10 a 11 a\u00f1os)<\/th>\n<\/tr>\n<tr>\n<th style=\"text-align: left\" colspan=\"2\">QUINTO\u00a0CURSO &#8211; 10 A\u00d1OS<\/th>\n<\/tr>\n<tr>\n<td style=\"text-align: left\">CONTENIDOS<\/td>\n<td style=\"text-align: left\">TIPO<\/td>\n<\/tr>\n<tr>\n<td style=\"text-align: left\">Conocimiento del Medio Social y Cultural<\/td>\n<td style=\"text-align: left\">Obligatoria<\/td>\n<\/tr>\n<tr>\n<td style=\"text-align: left\">Lengua Castellana y Literatura<\/td>\n<td style=\"text-align: left\">Obligatoria<\/td>\n<\/tr>\n<tr>\n<td style=\"text-align: left\">Matem\u00e1ticas<\/td>\n<td style=\"text-align: left\">Obligatoria<\/td>\n<\/tr>\n<tr>\n<td style=\"text-align: left\">Ingl\u00e9s<\/td>\n<td style=\"text-align: left\">Obligatoria<\/td>\n<\/tr>\n<tr>\n<td style=\"text-align: left\">Educaci\u00f3n Art\u00edstica<\/td>\n<td style=\"text-align: left\">Obligatoria<\/td>\n<\/tr>\n<tr>\n<td style=\"text-align: left\">Educaci\u00f3n F\u00edsica<\/td>\n<td style=\"text-align: left\">Obligatoria<\/td>\n<\/tr>\n<tr>\n<td style=\"text-align: left\">Religi\u00f3n Moral y Cat\u00f3lica<\/td>\n<td style=\"text-align: left\">Optativa<\/td>\n<\/tr>\n<tr>\n<td style=\"text-align: left\">Atenci\u00f3n Educativa<\/td>\n<td style=\"text-align: left\">Optativa<\/td>\n<\/tr>\n<tr>\n<td style=\"text-align: left\">Franc\u00e9s<\/td>\n<td style=\"text-align: left\">Obligatoria<\/td>\n<\/tr>\n<tr>\n<td style=\"text-align: left\">Ciudadan\u00eda<\/td>\n<td style=\"text-align: left\">Obligatoria<\/td>\n<\/tr>\n<tr>\n<th style=\"text-align: left\" colspan=\"2\">SEXTO\u00a0CURSO &#8211; 11 A\u00d1OS<\/th>\n<\/tr>\n<tr>\n<td style=\"text-align: left\">CONTENIDOS<\/td>\n<td style=\"text-align: left\">TIPO<\/td>\n<\/tr>\n<tr>\n<td style=\"text-align: left\">Conocimiento del Medio Social y Cultural<\/td>\n<td style=\"text-align: left\">Obligatoria<\/td>\n<\/tr>\n<tr>\n<td style=\"text-align: left\">Lengua Castellana y Literatura<\/td>\n<td style=\"text-align: left\">Obligatoria<\/td>\n<\/tr>\n<tr>\n<td style=\"text-align: left\">Matem\u00e1ticas<\/td>\n<td style=\"text-align: left\">Obligatoria<\/td>\n<\/tr>\n<tr>\n<td style=\"text-align: left\">Ingl\u00e9s<\/td>\n<td style=\"text-align: left\">Obligatoria<\/td>\n<\/tr>\n<tr>\n<td style=\"text-align: left\">Educaci\u00f3n Art\u00edstica<\/td>\n<td style=\"text-align: left\">Obligatoria<\/td>\n<\/tr>\n<tr>\n<td style=\"text-align: left\">Educaci\u00f3n F\u00edsica<\/td>\n<td style=\"text-align: left\">Obligatoria<\/td>\n<\/tr>\n<tr>\n<td style=\"text-align: left\">Religi\u00f3n Moral y Cat\u00f3lica<\/td>\n<td style=\"text-align: left\">Optativa<\/td>\n<\/tr>\n<tr>\n<td style=\"text-align: left\">Atenci\u00f3n Educativa<\/td>\n<td style=\"text-align: left\">Optativa<\/td>\n<\/tr>\n<tr>\n<td style=\"text-align: left\">Cultura y Pr\u00e1ctica Digital<\/td>\n<td style=\"text-align: left\">Obligatoria<\/td>\n<\/tr>\n<\/tbody>\n<\/table>\n","protected":false},"excerpt":{"rendered":"<p>PRIMER CICLO EDUCACI\u00d3N PRIMARIA (6 a 7 a\u00f1os) PRIMER CURSO &#8211; 6 A\u00d1OS CONTENIDOS TIPO Conocimiento del Medio Social y Cultural Obligatoria Lengua Castellana y Literatura Obligatoria Matem\u00e1ticas Obligatoria Ingl\u00e9s Obligatoria Educaci\u00f3n Art\u00edstica Obligatoria&#46;&#46;&#46;<\/p>\n","protected":false},"author":1722,"featured_media":0,"parent":348,"menu_order":0,"comment_status":"open","ping_status":"open","template":"","meta":{"ngg_post_thumbnail":0,"footnotes":"","_mc_calendar":[]},"aioseo_notices":[],"_links":{"self":[{"href":"https:\/\/blogsaverroes.juntadeandalucia.es\/ceipramoncrossa\/wp-json\/wp\/v2\/pages\/355"}],"collection":[{"href":"https:\/\/blogsaverroes.juntadeandalucia.es\/ceipramoncrossa\/wp-json\/wp\/v2\/pages"}],"about":[{"href":"https:\/\/blogsaverroes.juntadeandalucia.es\/ceipramoncrossa\/wp-json\/wp\/v2\/types\/page"}],"author":[{"embeddable":true,"href":"https:\/\/blogsaverroes.juntadeandalucia.es\/ceipramoncrossa\/wp-json\/wp\/v2\/users\/1722"}],"replies":[{"embeddable":true,"href":"https:\/\/blogsaverroes.juntadeandalucia.es\/ceipramoncrossa\/wp-json\/wp\/v2\/comments?post=355"}],"version-history":[{"count":7,"href":"https:\/\/blogsaverroes.juntadeandalucia.es\/ceipramoncrossa\/wp-json\/wp\/v2\/pages\/355\/revisions"}],"predecessor-version":[{"id":2706,"href":"https:\/\/blogsaverroes.juntadeandalucia.es\/ceipramoncrossa\/wp-json\/wp\/v2\/pages\/355\/revisions\/2706"}],"up":[{"embeddable":true,"href":"https:\/\/blogsaverroes.juntadeandalucia.es\/ceipramoncrossa\/wp-json\/wp\/v2\/pages\/348"}],"wp:attachment":[{"href":"https:\/\/blogsaverroes.juntadeandalucia.es\/ceipramoncrossa\/wp-json\/wp\/v2\/media?parent=355"}],"curies":[{"name":"wp","href":"https:\/\/api.w.org\/{rel}","templated":true}]}}