{"id":404,"date":"2015-05-22T09:53:28","date_gmt":"2015-05-22T09:53:28","guid":{"rendered":"http:\/\/blogsaverroes.juntadeandalucia.es\/ceipramoncrossa\/?page_id=404"},"modified":"2025-09-03T17:30:49","modified_gmt":"2025-09-03T17:30:49","slug":"coordinadores-planes-y-proyectos","status":"publish","type":"page","link":"https:\/\/blogsaverroes.juntadeandalucia.es\/ceipramoncrossa\/nuestro-centro\/organigrama\/coordinadores-planes-y-proyectos\/","title":{"rendered":"Coordinadores Planes y Proyectos"},"content":{"rendered":"<table style=\"width: 100%;height: 693px\">\n<tbody>\n<tr style=\"height: 24px\">\n<th style=\"text-align: left;height: 24px;width: 48.6604%\">COORDINADOR<\/th>\n<th style=\"text-align: left;height: 24px;width: 50.7603%\">PLAN \/ PROYECTO<\/th>\n<\/tr>\n<tr style=\"height: 119px\">\n<td style=\"text-align: left;height: 119px;width: 48.6604%\">Rafaela L\u00f3pez Guti\u00e9rrez.<\/td>\n<td style=\"text-align: left;height: 119px;width: 50.7603%\">Proyecto Intercentros de Ubrique<br \/>\nEscuela Espacio de Paz.Registro de Enfermedades Cr\u00f3nicas.<\/td>\n<\/tr>\n<tr style=\"height: 239px\">\n<td style=\"text-align: left;height: 239px;width: 48.6604%\">Jos\u00e9 Carlos Delgado Ord\u00f3\u00f1ez.<\/td>\n<td style=\"text-align: left;height: 239px;width: 50.7603%\">T.D.E<\/p>\n<p>Coordinaci\u00f3n Pr\u00e1cticum.<\/p>\n<p>Plan de Autoprotecci\u00f3n.<\/p>\n<p>Coordinaci\u00f3n de servicios del centro.<\/p>\n<p>Plan de Apertura.<\/td>\n<\/tr>\n<tr style=\"height: 143px\">\n<td style=\"text-align: left;height: 143px;width: 48.6604%\">Mar\u00eda del Pilar Garc\u00eda Ortega.<\/td>\n<td style=\"text-align: left;height: 143px;width: 50.7603%\">Coordinaci\u00f3n PROA.<\/p>\n<p>Plan de Igualdad.<\/p>\n<p>Formaci\u00f3n en centros.<\/p>\n<p>Comisi\u00f3n UBP-Agenda escolar.<\/td>\n<\/tr>\n<tr style=\"height: 24px\">\n<td style=\"text-align: left;height: 24px;width: 48.6604%\">M\u00aa Carmen Fern\u00e1ndez Santos<\/td>\n<td style=\"text-align: left;height: 24px;width: 50.7603%\">Biblioteca Escolar.<\/td>\n<\/tr>\n<tr style=\"height: 24px\">\n<td style=\"text-align: left;height: 24px;width: 48.6604%\">Equipo de apoyo en Biblioteca<\/td>\n<td style=\"text-align: left;height: 24px;width: 50.7603%\">Patricia Gil S\u00e1nchez<\/p>\n<p>Inmaculada Crossa R\u00edos<\/td>\n<\/tr>\n<tr style=\"height: 24px\">\n<td style=\"text-align: left;height: 24px;width: 48.6604%\">Cristina V\u00e1zquez L\u00f3pez<\/td>\n<td style=\"text-align: left;height: 24px;width: 50.7603%\">Frutas, l\u00e1cteos, aceite y hortalizas.<\/td>\n<\/tr>\n<tr>\n<td style=\"text-align: left;width: 48.6604%\">M\u00aa \u00c1ngeles Delgado Ram\u00edrez<\/td>\n<td style=\"text-align: left;width: 50.7603%\">STEM<\/td>\n<\/tr>\n<tr style=\"height: 24px\">\n<td style=\"text-align: left;height: 24px;width: 48.6604%\">Isabel M\u00aa Jim\u00e9nez Garc\u00e9s<\/td>\n<td style=\"text-align: left;height: 24px;width: 50.7603%\">H\u00e1bitos de Vida Saludable<\/td>\n<\/tr>\n<tr style=\"height: 24px\">\n<td style=\"text-align: left;height: 24px;width: 48.6604%\">Germ\u00e1n Perales Ramet.<\/td>\n<td style=\"text-align: left;height: 24px;width: 50.7603%\">Bienestar y Salud.<\/p>\n<p>Coordinaci\u00f3n PREX.<\/p>\n<p>Convivencia Escolar.<\/p>\n<p>CompDigiEdu<\/td>\n<\/tr>\n<tr style=\"height: 24px\">\n<td style=\"text-align: left;height: 24px;width: 48.6604%\">Comisiones Ubrique Blanco de Paz<\/td>\n<td style=\"text-align: left;height: 24px;width: 50.7603%\"><span style=\"font-weight: 400\">Teatro: Juan Fco. Barea Torres<\/span><\/p>\n<p><span style=\"font-weight: 400\">Revista: Inmaculada Crossa<\/span><\/p>\n<p><span style=\"font-weight: 400\">Escuela de familia: Rafaela L\u00f3pez<\/span><\/p>\n<p><span style=\"font-weight: 400\">Agenda: M\u00aa del Pilar Garc\u00eda Ortega.<\/span><\/p>\n<p><span style=\"font-weight: 400\">Tarde de juegos: Joaquina Valle<\/span><\/td>\n<\/tr>\n<tr style=\"height: 24px\">\n<td style=\"text-align: left;height: 24px;width: 48.6604%\">Francisco Javier S\u00e1nchez Mena.<\/td>\n<td style=\"text-align: left;height: 24px;width: 50.7603%\">ALDEA<\/td>\n<\/tr>\n<\/tbody>\n<\/table>\n<p>&nbsp;<\/p>\n","protected":false},"excerpt":{"rendered":"<p>COORDINADOR PLAN \/ PROYECTO Rafaela L\u00f3pez Guti\u00e9rrez. Proyecto Intercentros de Ubrique Escuela Espacio de Paz.Registro de Enfermedades Cr\u00f3nicas. Jos\u00e9 Carlos Delgado Ord\u00f3\u00f1ez. T.D.E Coordinaci\u00f3n Pr\u00e1cticum. Plan de Autoprotecci\u00f3n. Coordinaci\u00f3n de servicios del centro. Plan&#46;&#46;&#46;<\/p>\n","protected":false},"author":1722,"featured_media":0,"parent":33,"menu_order":0,"comment_status":"open","ping_status":"open","template":"","meta":{"ngg_post_thumbnail":0,"footnotes":"","_mc_calendar":[]},"aioseo_notices":[],"_links":{"self":[{"href":"https:\/\/blogsaverroes.juntadeandalucia.es\/ceipramoncrossa\/wp-json\/wp\/v2\/pages\/404"}],"collection":[{"href":"https:\/\/blogsaverroes.juntadeandalucia.es\/ceipramoncrossa\/wp-json\/wp\/v2\/pages"}],"about":[{"href":"https:\/\/blogsaverroes.juntadeandalucia.es\/ceipramoncrossa\/wp-json\/wp\/v2\/types\/page"}],"author":[{"embeddable":true,"href":"https:\/\/blogsaverroes.juntadeandalucia.es\/ceipramoncrossa\/wp-json\/wp\/v2\/users\/1722"}],"replies":[{"embeddable":true,"href":"https:\/\/blogsaverroes.juntadeandalucia.es\/ceipramoncrossa\/wp-json\/wp\/v2\/comments?post=404"}],"version-history":[{"count":16,"href":"https:\/\/blogsaverroes.juntadeandalucia.es\/ceipramoncrossa\/wp-json\/wp\/v2\/pages\/404\/revisions"}],"predecessor-version":[{"id":5940,"href":"https:\/\/blogsaverroes.juntadeandalucia.es\/ceipramoncrossa\/wp-json\/wp\/v2\/pages\/404\/revisions\/5940"}],"up":[{"embeddable":true,"href":"https:\/\/blogsaverroes.juntadeandalucia.es\/ceipramoncrossa\/wp-json\/wp\/v2\/pages\/33"}],"wp:attachment":[{"href":"https:\/\/blogsaverroes.juntadeandalucia.es\/ceipramoncrossa\/wp-json\/wp\/v2\/media?parent=404"}],"curies":[{"name":"wp","href":"https:\/\/api.w.org\/{rel}","templated":true}]}}