{"id":91,"date":"2015-05-07T12:50:45","date_gmt":"2015-05-07T12:50:45","guid":{"rendered":"http:\/\/blogsaverroes.juntadeandalucia.es\/ceipramoncrossa\/?page_id=91"},"modified":"2015-09-29T09:57:05","modified_gmt":"2015-09-29T09:57:05","slug":"localizacion","status":"publish","type":"page","link":"https:\/\/blogsaverroes.juntadeandalucia.es\/ceipramoncrossa\/nuestro-centro\/localizacion\/","title":{"rendered":"Localizaci\u00f3n"},"content":{"rendered":"<p>Nuestro centro se encuentra ubicado en el Sur del casco urbano de Ubrique, en la Bda. El Rinc\u00f3n, situado entre la Barriada Fern\u00e1ndez Ord\u00f3\u00f1ez y la Fuente San Francisco.<\/p>\n<p><a href=\"http:\/\/blogsaverroes.juntadeandalucia.es\/ceipramoncrossa\/files\/2015\/05\/localizacion-e1443520271265.png\"><img loading=\"lazy\" decoding=\"async\" class=\"  wp-image-1192 aligncenter\" src=\"http:\/\/blogsaverroes.juntadeandalucia.es\/ceipramoncrossa\/files\/2015\/05\/localizacion-e1443520271265-300x179.png\" alt=\"localizacion\" width=\"385\" height=\"232\" \/><\/a><\/p>\n<p>Pinche aqu\u00ed:<\/p>\n<p><a href=\"https:\/\/www.google.es\/maps\/place\/Colegio+P%C3%BAblico+Ram%C3%B3n+Crossa\/@36.6671386,-5.4472285,3a,75y,164.48h,83.75t\/data=!3m7!1e1!3m5!1sitUWMfyWd2HdHsLTRbtzHQ!2e0!6s%2F%2Fgeo2.ggpht.com%2Fcbk%3Fpanoid%3DitUWMfyWd2HdHsLTRbtzHQ%26output%3Dthumbnail%26cb_client%3Dmaps_sv.tactile.gps%26thumb%3D2%26w%3D203%26h%3D100%26yaw%3D191.1232%26pitch%3D0!7i13312!8i6656!4m2!3m1!1s0xd0d176d6b1e0099:0xc6b56da25c9c4ff9!6m1!1e1\">https:\/\/www.google.es\/maps\/place\/Colegio+P%C3%BAblico+Ram%C3%B3n+Crossa\/@36.6671386,-5.4472285,3a,75y,164.48h,83.75t\/data=!3m7!1e1!3m5!1sitUWMfyWd2HdHsLTRbtzHQ!2e0!6s%2F%2Fgeo2.ggpht.com%2Fcbk%3Fpanoid%3DitUWMfyWd2HdHsLTRbtzHQ%26output%3Dthumbnail%26cb_client%3Dmaps_sv.tactile.gps%26thumb%3D2%26w%3D203%26h%3D100%26yaw%3D191.1232%26pitch%3D0!7i13312!8i6656!4m2!3m1!1s0xd0d176d6b1e0099:0xc6b56da25c9c4ff9!6m1!1e1<\/a><\/p>\n","protected":false},"excerpt":{"rendered":"<p>Nuestro centro se encuentra ubicado en el Sur del casco urbano de Ubrique, en la Bda. El Rinc\u00f3n, situado entre la Barriada Fern\u00e1ndez Ord\u00f3\u00f1ez y la Fuente San Francisco. Pinche aqu\u00ed: https:\/\/www.google.es\/maps\/place\/Colegio+P%C3%BAblico+Ram%C3%B3n+Crossa\/@36.6671386,-5.4472285,3a,75y,164.48h,83.75t\/data=!3m7!1e1!3m5!1sitUWMfyWd2HdHsLTRbtzHQ!2e0!6s%2F%2Fgeo2.ggpht.com%2Fcbk%3Fpanoid%3DitUWMfyWd2HdHsLTRbtzHQ%26output%3Dthumbnail%26cb_client%3Dmaps_sv.tactile.gps%26thumb%3D2%26w%3D203%26h%3D100%26yaw%3D191.1232%26pitch%3D0!7i13312!8i6656!4m2!3m1!1s0xd0d176d6b1e0099:0xc6b56da25c9c4ff9!6m1!1e1<\/p>\n","protected":false},"author":1722,"featured_media":0,"parent":30,"menu_order":0,"comment_status":"closed","ping_status":"open","template":"","meta":{"ngg_post_thumbnail":0,"footnotes":"","_mc_calendar":[]},"aioseo_notices":[],"_links":{"self":[{"href":"https:\/\/blogsaverroes.juntadeandalucia.es\/ceipramoncrossa\/wp-json\/wp\/v2\/pages\/91"}],"collection":[{"href":"https:\/\/blogsaverroes.juntadeandalucia.es\/ceipramoncrossa\/wp-json\/wp\/v2\/pages"}],"about":[{"href":"https:\/\/blogsaverroes.juntadeandalucia.es\/ceipramoncrossa\/wp-json\/wp\/v2\/types\/page"}],"author":[{"embeddable":true,"href":"https:\/\/blogsaverroes.juntadeandalucia.es\/ceipramoncrossa\/wp-json\/wp\/v2\/users\/1722"}],"replies":[{"embeddable":true,"href":"https:\/\/blogsaverroes.juntadeandalucia.es\/ceipramoncrossa\/wp-json\/wp\/v2\/comments?post=91"}],"version-history":[{"count":14,"href":"https:\/\/blogsaverroes.juntadeandalucia.es\/ceipramoncrossa\/wp-json\/wp\/v2\/pages\/91\/revisions"}],"predecessor-version":[{"id":1197,"href":"https:\/\/blogsaverroes.juntadeandalucia.es\/ceipramoncrossa\/wp-json\/wp\/v2\/pages\/91\/revisions\/1197"}],"up":[{"embeddable":true,"href":"https:\/\/blogsaverroes.juntadeandalucia.es\/ceipramoncrossa\/wp-json\/wp\/v2\/pages\/30"}],"wp:attachment":[{"href":"https:\/\/blogsaverroes.juntadeandalucia.es\/ceipramoncrossa\/wp-json\/wp\/v2\/media?parent=91"}],"curies":[{"name":"wp","href":"https:\/\/api.w.org\/{rel}","templated":true}]}}