{"id":995,"date":"2015-06-18T07:51:22","date_gmt":"2015-06-18T07:51:22","guid":{"rendered":"http:\/\/blogsaverroes.juntadeandalucia.es\/ceipramoncrossa\/?page_id=995"},"modified":"2015-06-19T07:18:52","modified_gmt":"2015-06-19T07:18:52","slug":"proyecto-de-desarrollo-web","status":"publish","type":"page","link":"https:\/\/blogsaverroes.juntadeandalucia.es\/ceipramoncrossa\/proyecto-de-desarrollo-web\/","title":{"rendered":"Proyecto de Desarrollo Web"},"content":{"rendered":"<h4>Proyecto<\/h4>\n<p>Esta web es fruto de un Proyecto de una Colaboraci\u00f3n intercentros entre el Departamento de Inform\u00e1tica de IES Ntra. Sra. de los Remedios y la Coordinaci\u00f3n TIC del CEIP Ram\u00f3n Crossa, ambos de Ubrique.<\/p>\n<p>Esta alojada en la\u00a0Granja de Blogs Averroes , que es un servicio de la Consejer\u00eda de Educaci\u00f3n, Cultura y Deporte a la comunidad educativa donde se le ofrece la posibilidad de desarrollar un blog usando como herramienta el Gestor de Contenidos WORDPRESS.<\/p>\n<p>Realizado en Junio del 2015<\/p>\n<h4>Personal<\/h4>\n<table>\n<thead>\n<tr>\n<th>Nombre<\/th>\n<th>Actividad<\/th>\n<th>Organizaci\u00f3n<\/th>\n<\/tr>\n<\/thead>\n<tbody>\n<tr>\n<td style=\"text-align: left\">Juan Carlos Moreno Jim\u00e9nez<\/td>\n<td style=\"text-align: left\">Configuraci\u00f3n, Instalaci\u00f3n, Gesti\u00f3n y Administraci\u00f3n Contenidos<\/td>\n<td style=\"text-align: left\">Departamento Inform\u00e1tica IES Ntra. Sra. delos Remedios<\/td>\n<\/tr>\n<tr>\n<td style=\"text-align: left\">M\u00aa Jos\u00e9 Mancera Rodr\u00edguez<\/td>\n<td style=\"text-align: left\">Aportaci\u00f3n de Contenidos<\/td>\n<td style=\"text-align: left\">Coordinaci\u00f3n TIC CEIP Ram\u00f3n Crossa<\/td>\n<\/tr>\n<tr>\n<td style=\"text-align: left\">Fernando Moreno Ferna\u00e1ndez<\/td>\n<td style=\"text-align: left\">Aportaci\u00f3n infraestructura y apoyo t\u00e9cnico<\/td>\n<td style=\"text-align: left\">D.G. Innovaci\u00f3n Educativa y Formaci\u00f3n del Profesorado<br \/>\nServicio de Innovaci\u00f3n Educativa<\/td>\n<\/tr>\n<\/tbody>\n<\/table>\n<h4>Entidades Colaboradoras<\/h4>\n<ul>\n<li><a href=\"http:\/\/www.ieslosremedios.org\/\" target=\"_blank\">IES Ntra. Sra. de los Remedios de Ubrique<\/a><\/li>\n<li><a href=\"http:\/\/blogsaverroes.juntadeandalucia.es\/ceipramoncrossa\/\" target=\"_blank\">CEIP Ram\u00f3n Crossa de Ubrique<\/a><\/li>\n<li><a href=\"http:\/\/blogsaverroes.juntadeandalucia.es\/\" target=\"_blank\">Averroes Blogs de la Consejer\u00eda de Educaci\u00f3n, Cultura y Deporte<\/a><\/li>\n<li><a href=\"https:\/\/wordpress.org\/\" target=\"_blank\">WordPress.org<\/a><\/li>\n<\/ul>\n<table>\n<tbody>\n<tr>\n<td><a href=\"http:\/\/www.ieslosremedios.org\/\" target=\"_blank\"><img loading=\"lazy\" decoding=\"async\" class=\"alignleft wp-image-998\" src=\"http:\/\/blogsaverroes.juntadeandalucia.es\/ceipramoncrossa\/files\/2015\/06\/escudo_los_remedios-150x150.png\" alt=\"escudo_los_remedios\" width=\"102\" height=\"116\" srcset=\"https:\/\/blogsaverroes.juntadeandalucia.es\/ceipramoncrossa\/files\/2015\/06\/escudo_los_remedios-264x300.png 264w, https:\/\/blogsaverroes.juntadeandalucia.es\/ceipramoncrossa\/files\/2015\/06\/escudo_los_remedios-901x1024.png 901w, https:\/\/blogsaverroes.juntadeandalucia.es\/ceipramoncrossa\/files\/2015\/06\/escudo_los_remedios-700x796.png 700w, https:\/\/blogsaverroes.juntadeandalucia.es\/ceipramoncrossa\/files\/2015\/06\/escudo_los_remedios.png 1408w\" sizes=\"(max-width: 102px) 100vw, 102px\" \/><\/a><a href=\"http:\/\/blogsaverroes.juntadeandalucia.es\/\" target=\"_blank\"><img loading=\"lazy\" decoding=\"async\" class=\"alignleft wp-image-1003 size-full\" src=\"http:\/\/blogsaverroes.juntadeandalucia.es\/ceipramoncrossa\/files\/2015\/06\/LogoAverroes.png\" alt=\"LogoAverroes\" width=\"102\" height=\"98\" \/><\/a><a href=\"http:\/\/blogsaverroes.juntadeandalucia.es\/ceipramoncrossa\/\" target=\"_blank\"><img loading=\"lazy\" decoding=\"async\" class=\"alignleft wp-image-997\" src=\"http:\/\/blogsaverroes.juntadeandalucia.es\/ceipramoncrossa\/files\/2015\/06\/cropped-LogoRamonCrossa125.png\" alt=\"cropped-LogoRamonCrossa125\" width=\"102\" height=\"93\" \/><\/a><a href=\"https:\/\/wordpress.org\/\" target=\"_blank\"><img loading=\"lazy\" decoding=\"async\" class=\"alignleft wp-image-999\" src=\"http:\/\/blogsaverroes.juntadeandalucia.es\/ceipramoncrossa\/files\/2015\/06\/Wordpress_logo_8-150x150.png\" alt=\"Wordpress_logo_8\" width=\"102\" height=\"101\" srcset=\"https:\/\/blogsaverroes.juntadeandalucia.es\/ceipramoncrossa\/files\/2015\/06\/Wordpress_logo_8-150x150.png 150w, https:\/\/blogsaverroes.juntadeandalucia.es\/ceipramoncrossa\/files\/2015\/06\/Wordpress_logo_8-300x298.png 300w, https:\/\/blogsaverroes.juntadeandalucia.es\/ceipramoncrossa\/files\/2015\/06\/Wordpress_logo_8-432x432.png 432w, https:\/\/blogsaverroes.juntadeandalucia.es\/ceipramoncrossa\/files\/2015\/06\/Wordpress_logo_8-268x268.png 268w, https:\/\/blogsaverroes.juntadeandalucia.es\/ceipramoncrossa\/files\/2015\/06\/Wordpress_logo_8.png 640w\" sizes=\"(max-width: 102px) 100vw, 102px\" \/><\/a><\/td>\n<\/tr>\n<\/tbody>\n<\/table>\n","protected":false},"excerpt":{"rendered":"<p>Proyecto Esta web es fruto de un Proyecto de una Colaboraci\u00f3n intercentros entre el Departamento de Inform\u00e1tica de IES Ntra. Sra. de los Remedios y la Coordinaci\u00f3n TIC del CEIP Ram\u00f3n Crossa, ambos de&#46;&#46;&#46;<\/p>\n","protected":false},"author":1801,"featured_media":0,"parent":0,"menu_order":0,"comment_status":"open","ping_status":"open","template":"","meta":{"ngg_post_thumbnail":0,"footnotes":"","_mc_calendar":[]},"aioseo_notices":[],"_links":{"self":[{"href":"https:\/\/blogsaverroes.juntadeandalucia.es\/ceipramoncrossa\/wp-json\/wp\/v2\/pages\/995"}],"collection":[{"href":"https:\/\/blogsaverroes.juntadeandalucia.es\/ceipramoncrossa\/wp-json\/wp\/v2\/pages"}],"about":[{"href":"https:\/\/blogsaverroes.juntadeandalucia.es\/ceipramoncrossa\/wp-json\/wp\/v2\/types\/page"}],"author":[{"embeddable":true,"href":"https:\/\/blogsaverroes.juntadeandalucia.es\/ceipramoncrossa\/wp-json\/wp\/v2\/users\/1801"}],"replies":[{"embeddable":true,"href":"https:\/\/blogsaverroes.juntadeandalucia.es\/ceipramoncrossa\/wp-json\/wp\/v2\/comments?post=995"}],"version-history":[{"count":5,"href":"https:\/\/blogsaverroes.juntadeandalucia.es\/ceipramoncrossa\/wp-json\/wp\/v2\/pages\/995\/revisions"}],"predecessor-version":[{"id":1013,"href":"https:\/\/blogsaverroes.juntadeandalucia.es\/ceipramoncrossa\/wp-json\/wp\/v2\/pages\/995\/revisions\/1013"}],"wp:attachment":[{"href":"https:\/\/blogsaverroes.juntadeandalucia.es\/ceipramoncrossa\/wp-json\/wp\/v2\/media?parent=995"}],"curies":[{"name":"wp","href":"https:\/\/api.w.org\/{rel}","templated":true}]}}