{"id":1034,"date":"2017-10-18T20:29:28","date_gmt":"2017-10-18T19:29:28","guid":{"rendered":"https:\/\/blogsaverroes.juntadeandalucia.es\/ceipramonhernandez\/?page_id=1034"},"modified":"2025-05-21T17:10:36","modified_gmt":"2025-05-21T16:10:36","slug":"certamen-literario","status":"publish","type":"page","link":"https:\/\/blogsaverroes.juntadeandalucia.es\/ceipramonhernandez\/certamen-literario\/","title":{"rendered":"Certamen literario"},"content":{"rendered":"<!--themify_builder_content-->\n<div id=\"themify_builder_content-1034\" data-postid=\"1034\" class=\"themify_builder_content themify_builder_content-1034 themify_builder tf_clear\">\n                    <div  data-css_id=\"yye5572\" data-lazy=\"1\" class=\"module_row themify_builder_row fullwidth tb_yye5572 tb_first tf_w\">\n                        <div class=\"row_inner col_align_top tb_col_count_1 tf_box tf_rel\">\n                        <div  data-lazy=\"1\" class=\"module_column tb-column col-full tb_bh9d573 first\">\n                    <!-- module accordion -->\n<div  class=\"module module-accordion tb_923y581 \" data-behavior=\"toggle\" data-lazy=\"1\">\n    \n    <ul class=\"ui module-accordion   tb_default_color\">\n            <li>\n            <div class=\"accordion-title tf_rel\">\n                <a href=\"#acc-923y581-0\" class=\"tb_title_accordion\" aria-controls=\"acc-923y581-0-content\" aria-expanded=\"false\">\n                                                            Justificaci\u00f3n del Certamen                <\/a>\n            <\/div><!-- .accordion-title -->\n            <div id=\"acc-923y581-0-content\" data-id=\"acc-923y581-0\" aria-hidden=\"true\" class=\"accordion-content tf_hide tf_clearfix\">\n                        <div  data-lazy=\"1\" class=\"module_subrow themify_builder_sub_row tf_w col_align_top tb_col_count_1 tb_z9ie631\">\n                <div  data-lazy=\"1\" class=\"module_column sub_column tb_zq9g631 first\">\n                    <!-- module text -->\n<div  class=\"module module-text tb_c9ie632   \" data-lazy=\"1\">\n        <div  class=\"tb_text_wrap\">\n        <p style=\"text-align: justify\"><span style=\"font-family: 'comic sans ms', sans-serif;font-size: 14pt;color: #000000\">Puesto que el desarrollo y dominio de las habilidades lecto-escritoras son imprescindibles para abordar con posibilidades de \u00e9xito cualquier etapa educativa, siempre estamos, los maestros en el colegio, intentando mejorar los niveles de rendimiento en estos aspectos de nuestros alumnos. Con esa intenci\u00f3n y tratando de incitar a nuestros alumnos\/as hacia la lectura y escritura es por lo que nos hemos planteado esta actividad en el Centro.<\/span><\/p>\n<p style=\"text-align: justify\"><span style=\"font-family: 'comic sans ms', sans-serif;font-size: 14pt;color: #000000\">Nadie ignora que una correcta expresi\u00f3n escrita, sea del estilo que sea y sea del tema\u00a0que sea, supone riqueza de vocabulario y saber utilizarlo en expresiones y frases que, poco\u00a0a poco, conformando p\u00e1rrafos y textos transmitan y comuniquen algo.<\/span><\/p>\n<p style=\"text-align: justify\"><span style=\"font-family: 'comic sans ms', sans-serif;font-size: 14pt;color: #000000\">Por otra parte, esta actividad es, sin duda, propicia para el desarrollo de la creatividad\u00a0y libertad expresiva de los ni\u00f1os\/as; dado que se procura que busquen una original\u00a0expresi\u00f3n en cualquiera de sus formas.<\/span><\/p>    <\/div>\n<\/div>\n<!-- \/module text -->        <\/div>\n                    <\/div>\n                    <\/div><!-- .accordion-content -->\n        <\/li>\n            <li>\n            <div class=\"accordion-title tf_rel\">\n                <a href=\"#acc-923y581-1\" class=\"tb_title_accordion\" aria-controls=\"acc-923y581-1-content\" aria-expanded=\"false\">\n                                                            Objetivos del Certamen                <\/a>\n            <\/div><!-- .accordion-title -->\n            <div id=\"acc-923y581-1-content\" data-id=\"acc-923y581-1\" aria-hidden=\"true\" class=\"accordion-content tf_hide tf_clearfix\">\n                        <div  data-lazy=\"1\" class=\"module_subrow themify_builder_sub_row tf_w col_align_top tb_col_count_1 tb_0h7c895\">\n                <div  data-lazy=\"1\" class=\"module_column sub_column tb_lk1y895 first\">\n                    <!-- module text -->\n<div  class=\"module module-text tb_oom5896   \" data-lazy=\"1\">\n        <div  class=\"tb_text_wrap\">\n        <ul style=\"list-style-type: square\">\n<li><span style=\"font-family: 'comic sans ms', sans-serif;font-size: 14pt;color: #000000\">Fomentar el inter\u00e9s hacia la lectura y la escritura.<\/span><\/li>\n<li><span style=\"font-family: 'comic sans ms', sans-serif;font-size: 14pt;color: #000000\">Desarrollar la creatividad.<\/span><\/li>\n<li><span style=\"font-family: 'comic sans ms', sans-serif;font-size: 14pt;color: #000000\">Aumentar el nivel de vocabulario.<\/span><\/li>\n<li><span style=\"font-family: 'comic sans ms', sans-serif;font-size: 14pt;color: #000000\">Desarrollar el inter\u00e9s por la correcta expresi\u00f3n escrita de las ideas.<\/span><\/li>\n<\/ul>    <\/div>\n<\/div>\n<!-- \/module text -->        <\/div>\n                    <\/div>\n                    <\/div><!-- .accordion-content -->\n        <\/li>\n            <li>\n            <div class=\"accordion-title tf_rel\">\n                <a href=\"#acc-923y581-2\" class=\"tb_title_accordion\" aria-controls=\"acc-923y581-2-content\" aria-expanded=\"false\">\n                                                            Desarrollo del Certamen                <\/a>\n            <\/div><!-- .accordion-title -->\n            <div id=\"acc-923y581-2-content\" data-id=\"acc-923y581-2\" aria-hidden=\"true\" class=\"accordion-content tf_hide tf_clearfix\">\n                        <div  data-lazy=\"1\" class=\"module_subrow themify_builder_sub_row tf_w col_align_top tb_col_count_1 tb_ogto494\">\n                <div  data-lazy=\"1\" class=\"module_column sub_column tb_52w3494 first\">\n                    <!-- module text -->\n<div  class=\"module module-text tb_7hmz494   \" data-lazy=\"1\">\n        <div  class=\"tb_text_wrap\">\n        <p style=\"text-align: justify\"><span style=\"font-family: 'comic sans ms', sans-serif;font-size: 14pt;color: #000000\">En enero se convoc\u00f3 oficialmente el certamen y se les comunic\u00f3 a los alumnos\/as, que\u00a0podr\u00edan participar escribiendo un cuento o una poes\u00eda de tema libre. En Infantil, los\u00a0trabajos son dibujos relacionados con los cuentos que se vayan trabajando en clase.<\/span><\/p>\n<p style=\"text-align: justify\"><span style=\"font-family: 'comic sans ms', sans-serif;font-size: 14pt;color: #000000\">Estos trabajos se har\u00e1n exclusivamente en clase y no fuera del colegio, sobre todo, en\u00a0su fase creativa para garantizar en el mayor grado posible la originalidad de la idea.<\/span><\/p>\n<p style=\"text-align: justify\"><span style=\"font-family: 'comic sans ms', sans-serif;font-size: 14pt;color: #000000\">De cada clase, el tutor o tutora selecciona, a finales de febrero, los cuatro mejores\u00a0trabajos que ir\u00e1n firmados con seud\u00f3nimo.<\/span><\/p>\n<p style=\"text-align: justify\"><span style=\"font-family: 'comic sans ms', sans-serif;font-size: 14pt;color: #000000\">Se formar\u00e1n comisiones para la valoraci\u00f3n y puntuaci\u00f3n de los trabajos seleccionados,\u00a0que estar\u00e1n integradas por:<\/span><\/p>\n<ul style=\"list-style-type: square\">\n<li style=\"text-align: justify\"><span style=\"font-family: 'comic sans ms', sans-serif;font-size: 14pt;color: #000000\">Cuatro maestros o maestras, uno de cada ciclo distinto al de los trabajos a valorar.<\/span><\/li>\n<li style=\"text-align: justify\"><span style=\"font-family: 'comic sans ms', sans-serif;font-size: 14pt;color: #000000\">Cuatro padres o madres que no tengan intereses familiares en el ciclo a evaluar.<\/span><\/li>\n<li style=\"text-align: justify\"><span style=\"font-family: 'comic sans ms', sans-serif;font-size: 14pt;color: #000000\">Dos personas externas a la comunidad escolar y con alguna relaci\u00f3n en la\u00a0organizaci\u00f3n de actividades culturales de la localidad.<\/span><\/li>\n<\/ul>\n<p style=\"text-align: justify\"><span style=\"font-family: 'comic sans ms', sans-serif;font-size: 14pt;color: #000000\">Con estos miembros se constituir\u00e1n dos comisiones que se reunir\u00e1n, en sesiones\u00a0presididas por el director del Centro y la maestra encargada de la biblioteca, a lo largo del\u00a0mes de marzo.<\/span><\/p>\n<p style=\"text-align: justify\"><span style=\"font-family: 'comic sans ms', sans-serif;font-size: 14pt;color: #000000\">Con los trabajos ganadores, dos de cada clase, se confeccionar\u00e1 un libro para ser\u00a0repartido a todos los alumnos y alumnas del Centro en el acto de celebraci\u00f3n del D\u00eda del\u00a0Libro.<\/span><\/p>    <\/div>\n<\/div>\n<!-- \/module text -->        <\/div>\n                    <\/div>\n                    <\/div><!-- .accordion-content -->\n        <\/li>\n            <li>\n            <div class=\"accordion-title tf_rel\">\n                <a href=\"#acc-923y581-3\" class=\"tb_title_accordion\" aria-controls=\"acc-923y581-3-content\" aria-expanded=\"false\">\n                                                            Bases del Certamen                <\/a>\n            <\/div><!-- .accordion-title -->\n            <div id=\"acc-923y581-3-content\" data-id=\"acc-923y581-3\" aria-hidden=\"true\" class=\"accordion-content tf_hide tf_clearfix\">\n                        <div  data-lazy=\"1\" class=\"module_subrow themify_builder_sub_row tf_w col_align_top tb_col_count_1 tb_s9yh610\">\n                <div  data-lazy=\"1\" class=\"module_column sub_column tb_hs92610 first\">\n                    <!-- module text -->\n<div  class=\"module module-text tb_5nms610   \" data-lazy=\"1\">\n        <div  class=\"tb_text_wrap\">\n        <ol>\n<li><span style=\"font-family: 'comic sans ms', sans-serif;font-size: 14pt;color: #000000\"> El tema ser\u00e1 libre.<\/span><\/li>\n<li><span style=\"font-family: 'comic sans ms', sans-serif;font-size: 14pt;color: #000000\">G\u00e9nero literario: dibujo (E. Infantil), prosa (cuentos o redacciones cortas 1<sup> er<\/sup>, 2\u00ba y 3<sup>er<\/sup> ciclo) y poes\u00eda (2\u00ba y 3<sup>er<\/sup> ciclo).<\/span><\/li>\n<li><span style=\"font-family: 'comic sans ms', sans-serif;font-size: 14pt;color: #000000\">Se seleccionar\u00e1n 4 dibujos en infantil, 4 trabajos en prosa y 2 de poes\u00eda por clase.<\/span><\/li>\n<li><span style=\"font-family: 'comic sans ms', sans-serif;font-size: 14pt;color: #000000\">Extensi\u00f3n m\u00e1xima una p\u00e1gina para poes\u00eda y tres p\u00e1ginas para prosa.<\/span><\/li>\n<li><span style=\"font-family: 'comic sans ms', sans-serif;font-size: 14pt;color: #000000\">Los alumnos\/as de Infantil har\u00e1n un dibujo de un cuento que previamente les habr\u00e1 narrado su tutora.<\/span><\/li>\n<li><span style=\"font-family: 'comic sans ms', sans-serif;font-size: 14pt;color: #000000\">Los trabajos se presentar\u00e1n manuscritos, con rotulador negro de punta fina, en la hoja preparada al efecto (pasados a limpio y corregidos) o a ordenador (realizado en clase). Podr\u00e1n ir ilustrados.<\/span><\/li>\n<li><span style=\"font-family: 'comic sans ms', sans-serif;font-size: 14pt;color: #000000\">Llevar\u00e1n t\u00edtulo y se firmar\u00e1n con seud\u00f3nimo.<\/span><\/li>\n<li><span style=\"font-family: 'comic sans ms', sans-serif;font-size: 14pt;color: #000000\">Los trabajos seleccionados se acompa\u00f1ar\u00e1n de sobre cerrado en el que se incluir\u00e1n: nombre y seud\u00f3nimo del autor, clase y curso.<\/span><\/li>\n<\/ol>    <\/div>\n<\/div>\n<!-- \/module text -->        <\/div>\n                    <\/div>\n                    <\/div><!-- .accordion-content -->\n        <\/li>\n            <li>\n            <div class=\"accordion-title tf_rel\">\n                <a href=\"#acc-923y581-4\" class=\"tb_title_accordion\" aria-controls=\"acc-923y581-4-content\" aria-expanded=\"false\">\n                                                            Premios                <\/a>\n            <\/div><!-- .accordion-title -->\n            <div id=\"acc-923y581-4-content\" data-id=\"acc-923y581-4\" aria-hidden=\"true\" class=\"accordion-content tf_hide tf_clearfix\">\n                        <div  data-lazy=\"1\" class=\"module_subrow themify_builder_sub_row tf_w col_align_top tb_col_count_1 tb_3o29120\">\n                <div  data-lazy=\"1\" class=\"module_column sub_column tb_k4hm120 first\">\n                    <!-- module text -->\n<div  class=\"module module-text tb_s8xk121   \" data-lazy=\"1\">\n        <div  class=\"tb_text_wrap\">\n        <ul style=\"list-style-type: circle\">\n<li><span style=\"font-family: 'comic sans ms', sans-serif;font-size: 14pt;color: #000000\">Infantil: Dos por clase y premio especial de Ciclo.<\/span><\/li>\n<li><span style=\"font-family: 'comic sans ms', sans-serif;font-size: 14pt;color: #000000\">Poes\u00eda: Uno por clase.<\/span><\/li>\n<li><span style=\"font-family: 'comic sans ms', sans-serif;font-size: 14pt;color: #000000\">Prosa: Dos por clase y premio especial por ciclo.<\/span><\/li>\n<\/ul>    <\/div>\n<\/div>\n<!-- \/module text -->        <\/div>\n                    <\/div>\n                    <\/div><!-- .accordion-content -->\n        <\/li>\n        <\/ul>\n\n<\/div><!-- \/module accordion --><!-- module buttons -->\n<div  class=\"module module-buttons tb_vyi1424 buttons-horizontal solid  xlarge circle\" data-lazy=\"1\">\n        <div class=\"module-buttons-item tf_in_flx\">\n                        <a href=\"https:\/\/blogsaverroes.juntadeandalucia.es\/ceipramonhernandez\/blog-2\/\" class=\"ui builder_button tf_in_flx tb_default_color\" target=\"_blank\" rel=\"noopener\">\n                                    <em><svg  class=\"tf_fa tf-ti-eye\" aria-hidden=\"true\"><use href=\"#tf-ti-eye\"><\/use><\/svg><\/em>                                        VER entregas de premios                                        <\/a>\n                <\/div>\n            <\/div>\n<!-- \/module buttons -->\n        <\/div>\n                        <\/div>\n        <\/div>\n        <\/div>\n<!--\/themify_builder_content-->&nbsp;<\/p>\n<p>&nbsp;<\/p>\n<p>&nbsp;<\/p>","protected":false},"excerpt":{"rendered":"<p>Justificaci\u00f3n del Certamen Puesto que el desarrollo y dominio de las habilidades lecto-escritoras son imprescindibles para abordar con posibilidades de \u00e9xito cualquier etapa educativa, siempre estamos, los maestros en el colegio, intentando mejorar los niveles de rendimiento en estos aspectos de nuestros alumnos. Con esa intenci\u00f3n y tratando de incitar a nuestros alumnos\/as hacia la [&hellip;]<\/p>\n","protected":false},"author":5362,"featured_media":0,"parent":0,"menu_order":0,"comment_status":"closed","ping_status":"closed","template":"","meta":{"ngg_post_thumbnail":0,"footnotes":""},"aioseo_notices":[],"_links":{"self":[{"href":"https:\/\/blogsaverroes.juntadeandalucia.es\/ceipramonhernandez\/wp-json\/wp\/v2\/pages\/1034"}],"collection":[{"href":"https:\/\/blogsaverroes.juntadeandalucia.es\/ceipramonhernandez\/wp-json\/wp\/v2\/pages"}],"about":[{"href":"https:\/\/blogsaverroes.juntadeandalucia.es\/ceipramonhernandez\/wp-json\/wp\/v2\/types\/page"}],"author":[{"embeddable":true,"href":"https:\/\/blogsaverroes.juntadeandalucia.es\/ceipramonhernandez\/wp-json\/wp\/v2\/users\/5362"}],"replies":[{"embeddable":true,"href":"https:\/\/blogsaverroes.juntadeandalucia.es\/ceipramonhernandez\/wp-json\/wp\/v2\/comments?post=1034"}],"version-history":[{"count":22,"href":"https:\/\/blogsaverroes.juntadeandalucia.es\/ceipramonhernandez\/wp-json\/wp\/v2\/pages\/1034\/revisions"}],"predecessor-version":[{"id":36941,"href":"https:\/\/blogsaverroes.juntadeandalucia.es\/ceipramonhernandez\/wp-json\/wp\/v2\/pages\/1034\/revisions\/36941"}],"wp:attachment":[{"href":"https:\/\/blogsaverroes.juntadeandalucia.es\/ceipramonhernandez\/wp-json\/wp\/v2\/media?parent=1034"}],"curies":[{"name":"wp","href":"https:\/\/api.w.org\/{rel}","templated":true}]}}