{"id":1309,"date":"2017-10-29T19:16:08","date_gmt":"2017-10-29T18:16:08","guid":{"rendered":"https:\/\/blogsaverroes.juntadeandalucia.es\/ceipramonhernandez\/?page_id=1309"},"modified":"2022-07-12T09:02:07","modified_gmt":"2022-07-12T08:02:07","slug":"contacta-con-nosotros","status":"publish","type":"page","link":"https:\/\/blogsaverroes.juntadeandalucia.es\/ceipramonhernandez\/contacta-con-nosotros\/","title":{"rendered":"Contacta con nosotros"},"content":{"rendered":"<p>&nbsp;<\/p>\n<table>\n<tbody>\n<tr>\n<td><span style=\"font-family: 'comic sans ms', sans-serif\"><strong>Tel\u00e9fonos<\/strong><\/span><\/td>\n<td><span style=\"font-family: 'comic sans ms', sans-serif\">&nbsp;Secretar\u00eda: 957 199 747 \u2013 Direcci\u00f3n: 671 569 471<\/span><\/td>\n<\/tr>\n<tr>\n<td><span style=\"font-family: 'comic sans ms', sans-serif\"><strong>Tel\u00e9fono Corporativo<\/strong><\/span><\/td>\n<td><span style=\"font-family: 'comic sans ms', sans-serif\">&nbsp;Secretar\u00eda: 586 747<\/span><\/td>\n<\/tr>\n<tr>\n<td><span style=\"font-family: 'comic sans ms', sans-serif\"><strong>WhatsApp&nbsp;<\/strong><\/span><\/td>\n<td><span style=\"font-family: 'comic sans ms', sans-serif\">&nbsp;671 56 94 71<\/span><\/td>\n<\/tr>\n<tr>\n<td><span style=\"font-family: 'comic sans ms', sans-serif\"><strong>Fax&nbsp;<\/strong><\/span><\/td>\n<td><span style=\"font-family: 'comic sans ms', sans-serif\">&nbsp;957 199 749 \u2013 Corporativo: 586749<\/span><\/td>\n<\/tr>\n<tr>\n<td><span style=\"font-family: 'comic sans ms', sans-serif\"><strong>Correo electr\u00f3nico<\/strong><\/span><\/td>\n<td><span style=\"font-family: 'comic sans ms', sans-serif\">&nbsp;14000926.edu@juntadeandalucia.es<\/span><\/td>\n<\/tr>\n<\/tbody>\n<\/table>\n<p>&nbsp;<\/p>\n<!--themify_builder_content-->\n<div id=\"themify_builder_content-1309\" data-postid=\"1309\" class=\"themify_builder_content themify_builder_content-1309 themify_builder tf_clear\">\n    <\/div>\n<!--\/themify_builder_content-->\n","protected":false},"excerpt":{"rendered":"<p>&nbsp; Tel\u00e9fonos &nbsp;Secretar\u00eda: 957 199 747 \u2013 Direcci\u00f3n: 671 569 471 Tel\u00e9fono Corporativo &nbsp;Secretar\u00eda: 586 747 WhatsApp&nbsp; &nbsp;671 56 94 71 Fax&nbsp; &nbsp;957 199 749 \u2013 Corporativo: 586749 Correo electr\u00f3nico &nbsp;14000926.edu@juntadeandalucia.es &nbsp;<\/p>\n","protected":false},"author":5362,"featured_media":0,"parent":0,"menu_order":0,"comment_status":"closed","ping_status":"closed","template":"","meta":{"ngg_post_thumbnail":0,"footnotes":""},"aioseo_notices":[],"_links":{"self":[{"href":"https:\/\/blogsaverroes.juntadeandalucia.es\/ceipramonhernandez\/wp-json\/wp\/v2\/pages\/1309"}],"collection":[{"href":"https:\/\/blogsaverroes.juntadeandalucia.es\/ceipramonhernandez\/wp-json\/wp\/v2\/pages"}],"about":[{"href":"https:\/\/blogsaverroes.juntadeandalucia.es\/ceipramonhernandez\/wp-json\/wp\/v2\/types\/page"}],"author":[{"embeddable":true,"href":"https:\/\/blogsaverroes.juntadeandalucia.es\/ceipramonhernandez\/wp-json\/wp\/v2\/users\/5362"}],"replies":[{"embeddable":true,"href":"https:\/\/blogsaverroes.juntadeandalucia.es\/ceipramonhernandez\/wp-json\/wp\/v2\/comments?post=1309"}],"version-history":[{"count":5,"href":"https:\/\/blogsaverroes.juntadeandalucia.es\/ceipramonhernandez\/wp-json\/wp\/v2\/pages\/1309\/revisions"}],"predecessor-version":[{"id":22761,"href":"https:\/\/blogsaverroes.juntadeandalucia.es\/ceipramonhernandez\/wp-json\/wp\/v2\/pages\/1309\/revisions\/22761"}],"wp:attachment":[{"href":"https:\/\/blogsaverroes.juntadeandalucia.es\/ceipramonhernandez\/wp-json\/wp\/v2\/media?parent=1309"}],"curies":[{"name":"wp","href":"https:\/\/api.w.org\/{rel}","templated":true}]}}