{"id":206,"date":"2017-10-07T09:55:35","date_gmt":"2017-10-07T08:55:35","guid":{"rendered":"https:\/\/blogsaverroes.juntadeandalucia.es\/ceipramonhernandez\/?page_id=206"},"modified":"2026-02-25T06:41:04","modified_gmt":"2026-02-25T05:41:04","slug":"planes-y-proyectos-educativos","status":"publish","type":"page","link":"https:\/\/blogsaverroes.juntadeandalucia.es\/ceipramonhernandez\/planes-y-proyectos-educativos\/","title":{"rendered":"Planes y proyectos educativos"},"content":{"rendered":"<!--themify_builder_content-->\n<div id=\"themify_builder_content-206\" data-postid=\"206\" class=\"themify_builder_content themify_builder_content-206 themify_builder tf_clear\">\n                    <div  data-lazy=\"1\" class=\"module_row themify_builder_row tb_6000351 tb_first tf_w\">\n                        <div class=\"row_inner col_align_top tb_col_count_1 tf_box tf_rel\">\n                        <div  data-lazy=\"1\" class=\"module_column tb-column col-full tb_4oim351 first\">\n                            <div  data-lazy=\"1\" class=\"module_subrow themify_builder_sub_row tf_w col_align_middle tb_col_count_5 tb_2tat352\">\n                <div  data-lazy=\"1\" class=\"module_column sub_column col5-1 tb_4587352 first\">\n                    <!-- module image -->\n<div  class=\"module module-image tb_7fqg352 image-center rounded  auto_fullwidth tf_mw tb_gs415e1\" data-lazy=\"1\">\n        <div class=\"image-wrap tf_rel tf_mw\">\n            <img loading=\"lazy\" decoding=\"async\" src=\"https:\/\/blogsaverroes.juntadeandalucia.es\/ceipramonhernandez\/files\/2022\/07\/Plan-de-apertura-300x220-1-360x320.jpg\" width=\"360\" height=\"320\" class=\"wp-post-image wp-image-22627\" title=\"Plan de apertura de centros docentes\" alt=\"M\u00aa Jos\u00e9 Guti\u00e9rrez Gallardo\">    \n        <\/div>\n    <!-- \/image-wrap -->\n    \n        <div class=\"image-content\">\n                    <h3 class=\"image-title\">\n                                    Plan de apertura de centros docentes                            <\/h3>\n                        <div class=\"image-caption tb_text_wrap\">\n            M\u00aa Jos\u00e9 Guti\u00e9rrez Gallardo        <\/div>\n        <!-- \/image-caption -->\n            <\/div>\n    <!-- \/image-content -->\n        <\/div>\n<!-- \/module image -->        <\/div>\n                    <div  data-lazy=\"1\" class=\"module_column sub_column col5-1 tb_7pra352\">\n                    <!-- module image -->\n<div  class=\"module module-image tb_f33s352 image-center   auto_fullwidth tf_mw tb_gs415e1\" data-lazy=\"1\">\n        <div class=\"image-wrap tf_rel tf_mw\">\n            <img loading=\"lazy\" decoding=\"async\" src=\"https:\/\/blogsaverroes.juntadeandalucia.es\/ceipramonhernandez\/files\/2022\/07\/codigo-prl-360x320.jpg\" width=\"360\" height=\"320\" class=\"wp-post-image wp-image-22626\" title=\"Plan de Salud Laboral y P.R.L.\" alt=\"Encarnaci\u00f3n Navas Barrientos\">    \n        <\/div>\n    <!-- \/image-wrap -->\n    \n        <div class=\"image-content\">\n                    <h3 class=\"image-title\">\n                                    Plan de Salud Laboral y P.R.L.                            <\/h3>\n                        <div class=\"image-caption tb_text_wrap\">\n            Encarnaci\u00f3n Navas Barrientos        <\/div>\n        <!-- \/image-caption -->\n            <\/div>\n    <!-- \/image-content -->\n        <\/div>\n<!-- \/module image -->        <\/div>\n                    <div  data-lazy=\"1\" class=\"module_column sub_column col5-1 tb_a084352\">\n                    <!-- module image -->\n<div  class=\"module module-image tb_bj5c352 image-center   auto_fullwidth tf_mw tb_gs415e1\" data-lazy=\"1\">\n        <div class=\"image-wrap tf_rel tf_mw\">\n            <img loading=\"lazy\" decoding=\"async\" src=\"https:\/\/blogsaverroes.juntadeandalucia.es\/ceipramonhernandez\/files\/2022\/07\/open-book-360x320.jpg\" width=\"360\" height=\"320\" class=\"wp-post-image wp-image-22444\" title=\"Biblioteca escolar\" alt=\"Mar\u00eda Castro Mart\u00ednez\">    \n        <\/div>\n    <!-- \/image-wrap -->\n    \n        <div class=\"image-content\">\n                    <h3 class=\"image-title\">\n                                    Biblioteca escolar                            <\/h3>\n                        <div class=\"image-caption tb_text_wrap\">\n            Mar\u00eda Castro Mart\u00ednez        <\/div>\n        <!-- \/image-caption -->\n            <\/div>\n    <!-- \/image-content -->\n        <\/div>\n<!-- \/module image -->        <\/div>\n                    <div  data-lazy=\"1\" class=\"module_column sub_column col5-1 tb_lksa66\">\n                    <!-- module image -->\n<div  class=\"module module-image tb_v2y9154 image-center   auto_fullwidth tf_mw tb_gs415e1\" data-lazy=\"1\">\n        <div class=\"image-wrap tf_rel tf_mw\">\n            <img loading=\"lazy\" decoding=\"async\" src=\"https:\/\/blogsaverroes.juntadeandalucia.es\/ceipramonhernandez\/files\/2022\/07\/technology-discussion-360x320.jpg\" width=\"360\" height=\"320\" class=\"wp-post-image wp-image-22445\" title=\"Transformaci\u00f3n Digital Educativa (TDE)\" alt=\"Pedro L\u00f3pez Garc\u00eda\">    \n        <\/div>\n    <!-- \/image-wrap -->\n    \n        <div class=\"image-content\">\n                    <h3 class=\"image-title\">\n                                    Transformaci\u00f3n Digital Educativa (TDE)                            <\/h3>\n                        <div class=\"image-caption tb_text_wrap\">\n            Pedro L\u00f3pez Garc\u00eda        <\/div>\n        <!-- \/image-caption -->\n            <\/div>\n    <!-- \/image-content -->\n        <\/div>\n<!-- \/module image -->        <\/div>\n                    <div  data-lazy=\"1\" class=\"module_column sub_column col5-1 tb_lfe666 last\">\n                    <!-- module image -->\n<div  class=\"module module-image tb_at1l154 image-center   auto_fullwidth tf_mw tb_gs415e1\" data-lazy=\"1\">\n        <div class=\"image-wrap tf_rel tf_mw\">\n            <img loading=\"lazy\" decoding=\"async\" src=\"https:\/\/blogsaverroes.juntadeandalucia.es\/ceipramonhernandez\/files\/2026\/02\/descarga-360x320.png\" width=\"360\" height=\"320\" class=\"wp-post-image wp-image-41433\" title=\"Escuela 4.0\" alt=\"Rafael Bueno Gonz\u00e1lez\">    \n        <\/div>\n    <!-- \/image-wrap -->\n    \n        <div class=\"image-content\">\n                    <h3 class=\"image-title\">\n                                    Escuela 4.0                            <\/h3>\n                        <div class=\"image-caption tb_text_wrap\">\n            Rafael Bueno Gonz\u00e1lez        <\/div>\n        <!-- \/image-caption -->\n            <\/div>\n    <!-- \/image-content -->\n        <\/div>\n<!-- \/module image -->        <\/div>\n                    <\/div>\n                <div  data-lazy=\"1\" class=\"module_subrow themify_builder_sub_row tf_w col_align_middle gutter-narrow col_auto_height tb_col_count_6 tb_7qsa556\">\n                <div  data-lazy=\"1\" class=\"module_column sub_column col6-1 tb_7229556 first\">\n                    <!-- module image -->\n<div  class=\"module module-image tb_yc1n154 image-center   auto_fullwidth tf_mw tb_gs415e1\" data-lazy=\"1\">\n        <div class=\"image-wrap tf_rel tf_mw\">\n            <img loading=\"lazy\" decoding=\"async\" src=\"https:\/\/blogsaverroes.juntadeandalucia.es\/ceipramonhernandez\/files\/2022\/07\/student-counseling-360x320.jpg\" width=\"360\" height=\"320\" class=\"wp-post-image wp-image-22434\" title=\"Plan de igualdad de g\u00e9nero en educaci\u00f3n\" alt=\"Mar\u00eda del Carmen Dugo Rodr\u00edguez\">    \n        <\/div>\n    <!-- \/image-wrap -->\n    \n        <div class=\"image-content\">\n                    <h3 class=\"image-title\">\n                                    Plan de igualdad de g\u00e9nero en educaci\u00f3n                            <\/h3>\n                        <div class=\"image-caption tb_text_wrap\">\n            Mar\u00eda del Carmen Dugo Rodr\u00edguez        <\/div>\n        <!-- \/image-caption -->\n            <\/div>\n    <!-- \/image-content -->\n        <\/div>\n<!-- \/module image -->        <\/div>\n                    <div  data-lazy=\"1\" class=\"module_column sub_column col6-1 tb_1uh4556\">\n                    <!-- module image -->\n<div  class=\"module module-image tb_2v3r556 image-center   auto_fullwidth tf_mw tb_gs415e1\" data-lazy=\"1\">\n        <div class=\"image-wrap tf_rel tf_mw\">\n            <img loading=\"lazy\" decoding=\"async\" src=\"https:\/\/blogsaverroes.juntadeandalucia.es\/ceipramonhernandez\/files\/2023\/09\/Captura-de-pantalla-2021-11-29-a-las-13.42.41-800x500-1-360x320.png\" width=\"360\" height=\"320\" class=\"wp-post-image wp-image-27384\" title=\"Red Andaluza Escuela: &quot;Espacio de Paz&quot;\" alt=\"Carmen Mar\u00eda Mill\u00e1n\u00a0Serrano\">    \n        <\/div>\n    <!-- \/image-wrap -->\n    \n        <div class=\"image-content\">\n                    <h3 class=\"image-title\">\n                                    Red Andaluza Escuela: \"Espacio de Paz\"                            <\/h3>\n                        <div class=\"image-caption tb_text_wrap\">\n            Carmen Mar\u00eda Mill\u00e1n\u00a0Serrano        <\/div>\n        <!-- \/image-caption -->\n            <\/div>\n    <!-- \/image-content -->\n        <\/div>\n<!-- \/module image -->        <\/div>\n                    <div  data-lazy=\"1\" class=\"module_column sub_column col6-1 tb_esl8556\">\n                    <!-- module image -->\n<div  class=\"module module-image tb_od2k883 image-center   auto_fullwidth tf_mw tb_gs415e1\" data-lazy=\"1\">\n        <div class=\"image-wrap tf_rel tf_mw\">\n            <img loading=\"lazy\" decoding=\"async\" src=\"https:\/\/blogsaverroes.juntadeandalucia.es\/ceipramonhernandez\/files\/2026\/02\/b11246c2-09a0-47be-877e-ed7b38a94738-360x320.png\" width=\"360\" height=\"320\" class=\"wp-post-image wp-image-41447\" title=\"H\u00e1bitos de Vida Saludable\" alt=\"Mar\u00eda del Carmen Sainz Redondo\">    \n        <\/div>\n    <!-- \/image-wrap -->\n    \n        <div class=\"image-content\">\n                    <h3 class=\"image-title\">\n                                    H\u00e1bitos de Vida Saludable                            <\/h3>\n                        <div class=\"image-caption tb_text_wrap\">\n            Mar\u00eda del Carmen Sainz Redondo        <\/div>\n        <!-- \/image-caption -->\n            <\/div>\n    <!-- \/image-content -->\n        <\/div>\n<!-- \/module image -->        <\/div>\n                    <div  data-lazy=\"1\" class=\"module_column sub_column col6-1 tb_pkpv946\">\n                    <!-- module image -->\n<div  class=\"module module-image tb_1fvd830 image-center   auto_fullwidth tf_mw tb_gs415e1\" data-lazy=\"1\">\n        <div class=\"image-wrap tf_rel tf_mw\">\n            <img loading=\"lazy\" decoding=\"async\" src=\"https:\/\/blogsaverroes.juntadeandalucia.es\/ceipramonhernandez\/files\/2026\/02\/equidad2-360x320.jpg\" width=\"360\" height=\"320\" class=\"wp-post-image wp-image-41448\" title=\"M\u00e1s Equidad\" alt=\"Ana Lunar Navarro\">    \n        <\/div>\n    <!-- \/image-wrap -->\n    \n        <div class=\"image-content\">\n                    <h3 class=\"image-title\">\n                                    M\u00e1s Equidad                            <\/h3>\n                        <div class=\"image-caption tb_text_wrap\">\n            Ana Lunar Navarro        <\/div>\n        <!-- \/image-caption -->\n            <\/div>\n    <!-- \/image-content -->\n        <\/div>\n<!-- \/module image -->        <\/div>\n                    <div  data-lazy=\"1\" class=\"module_column sub_column col6-1 tb_i0he947\">\n                    <!-- module image -->\n<div  class=\"module module-image tb_toz4830 image-center   auto_fullwidth tf_mw tb_gs415e1\" data-lazy=\"1\">\n        <div class=\"image-wrap tf_rel tf_mw\">\n            <img loading=\"lazy\" decoding=\"async\" src=\"https:\/\/blogsaverroes.juntadeandalucia.es\/ceipramonhernandez\/files\/2026\/02\/logo_pacto_de_estado_pq-360x320.jpeg\" width=\"360\" height=\"320\" class=\"wp-post-image wp-image-41449\" title=\"logo_pacto_de_estado_pq\" alt=\"Mar\u00eda del Carmen Dugo Rodr\u00edguez\">    \n        <\/div>\n    <!-- \/image-wrap -->\n    \n        <div class=\"image-content\">\n                        <div class=\"image-caption tb_text_wrap\">\n            Mar\u00eda del Carmen Dugo Rodr\u00edguez        <\/div>\n        <!-- \/image-caption -->\n            <\/div>\n    <!-- \/image-content -->\n        <\/div>\n<!-- \/module image -->        <\/div>\n                    <div  data-lazy=\"1\" class=\"module_column sub_column col6-1 tb_kyvg947 last\">\n                    <!-- module image -->\n<div  class=\"module module-image tb_0lvx154 image-center   auto_fullwidth tf_mw tb_gs415e1\" data-lazy=\"1\">\n        <div class=\"image-wrap tf_rel tf_mw\">\n            <img loading=\"lazy\" decoding=\"async\" src=\"https:\/\/blogsaverroes.juntadeandalucia.es\/ceipramonhernandez\/files\/2022\/07\/practicum-360x320.jpg\" width=\"360\" height=\"320\" class=\"wp-post-image wp-image-22628\" title=\"Pr\u00e1cticum Grado Maestro\" alt=\"Francisca Pareja Mart\u00ednez\">    \n        <\/div>\n    <!-- \/image-wrap -->\n    \n        <div class=\"image-content\">\n                    <h3 class=\"image-title\">\n                                    Pr\u00e1cticum Grado Maestro                            <\/h3>\n                        <div class=\"image-caption tb_text_wrap\">\n            Francisca Pareja Mart\u00ednez        <\/div>\n        <!-- \/image-caption -->\n            <\/div>\n    <!-- \/image-content -->\n        <\/div>\n<!-- \/module image -->        <\/div>\n                    <\/div>\n                <\/div>\n                        <\/div>\n        <\/div>\n        <\/div>\n<!--\/themify_builder_content-->&nbsp;<\/p>\n<p>&nbsp;<\/p>\n<p>&nbsp;<\/p>\n<p>&nbsp;<\/p>","protected":false},"excerpt":{"rendered":"<p>Plan de apertura de centros docentes M\u00aa Jos\u00e9 Guti\u00e9rrez Gallardo Plan de Salud Laboral y P.R.L. Encarnaci\u00f3n Navas Barrientos Biblioteca escolar Mar\u00eda Castro Mart\u00ednez Transformaci\u00f3n Digital Educativa (TDE) Pedro L\u00f3pez Garc\u00eda Escuela 4.0 Rafael Bueno Gonz\u00e1lez Plan de igualdad de g\u00e9nero en educaci\u00f3n Mar\u00eda del Carmen Dugo Rodr\u00edguez Red Andaluza Escuela: \u00abEspacio de Paz\u00bb Carmen [&hellip;]<\/p>\n","protected":false},"author":5362,"featured_media":0,"parent":0,"menu_order":0,"comment_status":"closed","ping_status":"closed","template":"","meta":{"ngg_post_thumbnail":0,"footnotes":""},"aioseo_notices":[],"_links":{"self":[{"href":"https:\/\/blogsaverroes.juntadeandalucia.es\/ceipramonhernandez\/wp-json\/wp\/v2\/pages\/206"}],"collection":[{"href":"https:\/\/blogsaverroes.juntadeandalucia.es\/ceipramonhernandez\/wp-json\/wp\/v2\/pages"}],"about":[{"href":"https:\/\/blogsaverroes.juntadeandalucia.es\/ceipramonhernandez\/wp-json\/wp\/v2\/types\/page"}],"author":[{"embeddable":true,"href":"https:\/\/blogsaverroes.juntadeandalucia.es\/ceipramonhernandez\/wp-json\/wp\/v2\/users\/5362"}],"replies":[{"embeddable":true,"href":"https:\/\/blogsaverroes.juntadeandalucia.es\/ceipramonhernandez\/wp-json\/wp\/v2\/comments?post=206"}],"version-history":[{"count":148,"href":"https:\/\/blogsaverroes.juntadeandalucia.es\/ceipramonhernandez\/wp-json\/wp\/v2\/pages\/206\/revisions"}],"predecessor-version":[{"id":41770,"href":"https:\/\/blogsaverroes.juntadeandalucia.es\/ceipramonhernandez\/wp-json\/wp\/v2\/pages\/206\/revisions\/41770"}],"wp:attachment":[{"href":"https:\/\/blogsaverroes.juntadeandalucia.es\/ceipramonhernandez\/wp-json\/wp\/v2\/media?parent=206"}],"curies":[{"name":"wp","href":"https:\/\/api.w.org\/{rel}","templated":true}]}}