{"id":22616,"date":"2022-07-11T08:06:44","date_gmt":"2022-07-11T07:06:44","guid":{"rendered":"https:\/\/blogsaverroes.juntadeandalucia.es\/ceipramonhernandez\/?page_id=22616"},"modified":"2025-11-24T07:19:03","modified_gmt":"2025-11-24T06:19:03","slug":"documentos-del-centro","status":"publish","type":"page","link":"https:\/\/blogsaverroes.juntadeandalucia.es\/ceipramonhernandez\/documentos-del-centro\/","title":{"rendered":"Documentos del centro"},"content":{"rendered":"<!--themify_builder_content-->\n<div id=\"themify_builder_content-22616\" data-postid=\"22616\" class=\"themify_builder_content themify_builder_content-22616 themify_builder tf_clear\">\n                    <div  data-lazy=\"1\" class=\"module_row themify_builder_row tb_yd0h880 tb_first tf_w\">\n                        <div class=\"row_inner col_align_top tb_col_count_1 tf_box tf_rel\">\n                        <div  data-lazy=\"1\" class=\"module_column tb-column col-full tb_j13l882 first\">\n                    <!-- module fancy heading -->\n<div  class=\"module module-fancy-heading tb_6it6736 \" data-lazy=\"1\">\n        <h1 class=\"fancy-heading tf_textc\">\n    <span class=\"main-head tf_block\">\n                                <\/span>\n\n    \n    <span class=\"sub-head tf_block tf_rel\">\n                    Documentos del centro            <\/span>\n    <\/h1>\n<\/div>\n<!-- \/module fancy heading -->\n        <div  data-lazy=\"1\" class=\"module_subrow themify_builder_sub_row tf_w col_align_middle tb_col_count_3 tb_hzgl830\">\n                <div  data-lazy=\"1\" class=\"module_column sub_column col3-1 tb_eo95831 first\">\n                    <!-- module image -->\n<div  class=\"module module-image tb_ypnn297 image-center circle  tf_mw\" data-lazy=\"1\">\n        <div class=\"image-wrap tf_rel tf_mw\">\n            <a href=\"https:\/\/docs.google.com\/document\/d\/1FB-Gv7REkAruZj578s4eJI6SaTFyV5prwljqsJYuqZo\/view\" rel=\"noopener\" target=\"_blank\">\n                   <img loading=\"lazy\" decoding=\"async\" src=\"https:\/\/blogsaverroes.juntadeandalucia.es\/ceipramonhernandez\/files\/2025\/09\/Generated-Image-September-28-2025-9_32AM-300x300.png\" width=\"300\" height=\"300\" class=\"wp-post-image wp-image-38338\" title=\"Generated Image September 28, 2025 - 9_32AM\" alt=\"Generated Image September 28, 2025 - 9_32AM\" srcset=\"https:\/\/blogsaverroes.juntadeandalucia.es\/ceipramonhernandez\/files\/2025\/09\/Generated-Image-September-28-2025-9_32AM-300x300.png 300w, https:\/\/blogsaverroes.juntadeandalucia.es\/ceipramonhernandez\/files\/2025\/09\/Generated-Image-September-28-2025-9_32AM-150x150.png 150w, https:\/\/blogsaverroes.juntadeandalucia.es\/ceipramonhernandez\/files\/2025\/09\/Generated-Image-September-28-2025-9_32AM-768x768.png 768w, https:\/\/blogsaverroes.juntadeandalucia.es\/ceipramonhernandez\/files\/2025\/09\/Generated-Image-September-28-2025-9_32AM.png 1024w\" sizes=\"(max-width: 300px) 100vw, 300px\" \/>        <\/a>\n    \n        <\/div>\n    <!-- \/image-wrap -->\n    \n        <\/div>\n<!-- \/module image -->        <\/div>\n                    <div  data-lazy=\"1\" class=\"module_column sub_column col3-1 tb_k0ft261\">\n                    <!-- module image -->\n<div  class=\"module module-image tb_8rx8437 image-center rounded circle  tf_mw\" data-lazy=\"1\">\n        <div class=\"image-wrap tf_rel tf_mw\">\n            <a href=\"https:\/\/docs.google.com\/document\/d\/1GdixM0QMHhY4Vw5_2L52fXeTa6EuK6K_3zleKKYIpqI\/view\" rel=\"noopener\" target=\"_blank\">\n                   <img loading=\"lazy\" decoding=\"async\" src=\"https:\/\/blogsaverroes.juntadeandalucia.es\/ceipramonhernandez\/files\/2025\/09\/Generated-Image-September-28-2025-9_39AM-300x300.png\" width=\"300\" height=\"300\" class=\"wp-post-image wp-image-38340\" title=\"Generated Image September 28, 2025 - 9_39AM\" alt=\"Generated Image September 28, 2025 - 9_39AM\" srcset=\"https:\/\/blogsaverroes.juntadeandalucia.es\/ceipramonhernandez\/files\/2025\/09\/Generated-Image-September-28-2025-9_39AM-300x300.png 300w, https:\/\/blogsaverroes.juntadeandalucia.es\/ceipramonhernandez\/files\/2025\/09\/Generated-Image-September-28-2025-9_39AM-150x150.png 150w, https:\/\/blogsaverroes.juntadeandalucia.es\/ceipramonhernandez\/files\/2025\/09\/Generated-Image-September-28-2025-9_39AM-768x768.png 768w, https:\/\/blogsaverroes.juntadeandalucia.es\/ceipramonhernandez\/files\/2025\/09\/Generated-Image-September-28-2025-9_39AM.png 1024w\" sizes=\"(max-width: 300px) 100vw, 300px\" \/>        <\/a>\n    \n        <\/div>\n    <!-- \/image-wrap -->\n    \n        <\/div>\n<!-- \/module image -->        <\/div>\n                    <div  data-lazy=\"1\" class=\"module_column sub_column col3-1 tb_euwv880 last\">\n                    <!-- module image -->\n<div  class=\"module module-image tb_xi5u303 image-center rounded circle  tf_mw\" data-lazy=\"1\">\n        <div class=\"image-wrap tf_rel tf_mw\">\n            <a href=\"https:\/\/docs.google.com\/document\/d\/1bGXFkLq2npoL-UWDNtWMXTu8GfdPhDMUqeJb5Vbf0n0\/view\" rel=\"noopener\" target=\"_blank\">\n                   <img loading=\"lazy\" decoding=\"async\" src=\"https:\/\/blogsaverroes.juntadeandalucia.es\/ceipramonhernandez\/files\/2025\/09\/Generated-Image-September-28-2025-9_33AM-300x300.png\" width=\"300\" height=\"300\" class=\"wp-post-image wp-image-38339\" title=\"Generated Image September 28, 2025 - 9_33AM\" alt=\"Generated Image September 28, 2025 - 9_33AM\" srcset=\"https:\/\/blogsaverroes.juntadeandalucia.es\/ceipramonhernandez\/files\/2025\/09\/Generated-Image-September-28-2025-9_33AM-300x300.png 300w, https:\/\/blogsaverroes.juntadeandalucia.es\/ceipramonhernandez\/files\/2025\/09\/Generated-Image-September-28-2025-9_33AM-150x150.png 150w, https:\/\/blogsaverroes.juntadeandalucia.es\/ceipramonhernandez\/files\/2025\/09\/Generated-Image-September-28-2025-9_33AM-768x768.png 768w, https:\/\/blogsaverroes.juntadeandalucia.es\/ceipramonhernandez\/files\/2025\/09\/Generated-Image-September-28-2025-9_33AM.png 1024w\" sizes=\"(max-width: 300px) 100vw, 300px\" \/>        <\/a>\n    \n        <\/div>\n    <!-- \/image-wrap -->\n    \n        <\/div>\n<!-- \/module image -->        <\/div>\n                    <\/div>\n                <\/div>\n                        <\/div>\n        <\/div>\n        <\/div>\n<!--\/themify_builder_content-->&nbsp;<\/p>\n<p>&nbsp;<\/p>","protected":false},"excerpt":{"rendered":"<p>Documentos del centro Plan de Trabajo de la Biblioteca VER \u00a0 Coordinadora: Mar\u00eda Castro Mart\u00ednez Transformaci\u00f3n Digital Educativa (TDE) \u00a0 VER \u00a0 Coordinador: Pedro L\u00f3pez Garc\u00eda Plan de Salud Laboral y P.R.L. \u00a0 VER \u00a0 Coordinadora: Encarnaci\u00f3n Navas Barrientos Plan de Trabajo de la Biblioteca VER \u00a0 Coordinadora: Mar\u00eda Castro Mart\u00ednez Transformaci\u00f3n Digital Educativa (TDE) [&hellip;]<\/p>\n","protected":false},"author":5362,"featured_media":0,"parent":0,"menu_order":0,"comment_status":"closed","ping_status":"closed","template":"","meta":{"ngg_post_thumbnail":0,"footnotes":""},"aioseo_notices":[],"_links":{"self":[{"href":"https:\/\/blogsaverroes.juntadeandalucia.es\/ceipramonhernandez\/wp-json\/wp\/v2\/pages\/22616"}],"collection":[{"href":"https:\/\/blogsaverroes.juntadeandalucia.es\/ceipramonhernandez\/wp-json\/wp\/v2\/pages"}],"about":[{"href":"https:\/\/blogsaverroes.juntadeandalucia.es\/ceipramonhernandez\/wp-json\/wp\/v2\/types\/page"}],"author":[{"embeddable":true,"href":"https:\/\/blogsaverroes.juntadeandalucia.es\/ceipramonhernandez\/wp-json\/wp\/v2\/users\/5362"}],"replies":[{"embeddable":true,"href":"https:\/\/blogsaverroes.juntadeandalucia.es\/ceipramonhernandez\/wp-json\/wp\/v2\/comments?post=22616"}],"version-history":[{"count":59,"href":"https:\/\/blogsaverroes.juntadeandalucia.es\/ceipramonhernandez\/wp-json\/wp\/v2\/pages\/22616\/revisions"}],"predecessor-version":[{"id":39650,"href":"https:\/\/blogsaverroes.juntadeandalucia.es\/ceipramonhernandez\/wp-json\/wp\/v2\/pages\/22616\/revisions\/39650"}],"wp:attachment":[{"href":"https:\/\/blogsaverroes.juntadeandalucia.es\/ceipramonhernandez\/wp-json\/wp\/v2\/media?parent=22616"}],"curies":[{"name":"wp","href":"https:\/\/api.w.org\/{rel}","templated":true}]}}