{"id":2616,"date":"2018-01-18T20:58:32","date_gmt":"2018-01-18T19:58:32","guid":{"rendered":"https:\/\/blogsaverroes.juntadeandalucia.es\/ceipramonhernandez\/?page_id=2616"},"modified":"2024-11-30T07:15:51","modified_gmt":"2024-11-30T06:15:51","slug":"junta-directiva","status":"publish","type":"page","link":"https:\/\/blogsaverroes.juntadeandalucia.es\/ceipramonhernandez\/ampa\/junta-directiva\/","title":{"rendered":"Junta Directiva"},"content":{"rendered":"<!--themify_builder_content-->\n<div id=\"themify_builder_content-2616\" data-postid=\"2616\" class=\"themify_builder_content themify_builder_content-2616 themify_builder tf_clear\">\n                    <div  data-css_id=\"9np6670\" data-lazy=\"1\" class=\"module_row themify_builder_row fullwidth_row_container tb_9np6670 tb_first tf_w\">\n                        <div class=\"row_inner col_align_top tb_col_count_1 tf_box tf_rel\">\n                        <div  data-lazy=\"1\" class=\"module_column tb-column col-full tb_ymk3671 first\">\n                    <!-- module image -->\n<div  class=\"module module-image tb_gw92672 image-center   tf_mw\" data-lazy=\"1\">\n        <div class=\"image-wrap tf_rel tf_mw\">\n            <img loading=\"lazy\" decoding=\"async\" width=\"744\" height=\"335\" src=\"https:\/\/blogsaverroes.juntadeandalucia.es\/ceipramonhernandez\/files\/2022\/07\/AMPA-sin-fondo.png\" class=\"wp-post-image wp-image-22956\" title=\"AMPA sin fondo\" alt=\"AMPA sin fondo\" srcset=\"https:\/\/blogsaverroes.juntadeandalucia.es\/ceipramonhernandez\/files\/2022\/07\/AMPA-sin-fondo.png 744w, https:\/\/blogsaverroes.juntadeandalucia.es\/ceipramonhernandez\/files\/2022\/07\/AMPA-sin-fondo-300x135.png 300w, https:\/\/blogsaverroes.juntadeandalucia.es\/ceipramonhernandez\/files\/2022\/07\/AMPA-sin-fondo-24x11.png 24w, https:\/\/blogsaverroes.juntadeandalucia.es\/ceipramonhernandez\/files\/2022\/07\/AMPA-sin-fondo-36x16.png 36w, https:\/\/blogsaverroes.juntadeandalucia.es\/ceipramonhernandez\/files\/2022\/07\/AMPA-sin-fondo-48x22.png 48w\" sizes=\"(max-width: 744px) 100vw, 744px\" \/>    \n        <\/div>\n    <!-- \/image-wrap -->\n    \n        <\/div>\n<!-- \/module image --><!-- module text -->\n<div  class=\"module module-text tb_pbhg674  repeat \" data-lazy=\"1\">\n    <h3 class=\"module-title\">Junta Directiva<\/h3>    <div  class=\"tb_text_wrap\">\n        <div>\n<p><span style=\"font-family: 'comic sans ms', sans-serif; font-size: 14pt;\">La <strong>JUNTA DIRECTIVA<\/strong> de la AMPA LAS TORRES est\u00e1 formada por:<\/span><\/p>\n<ul>\n<li><span style=\"font-family: 'comic sans ms', sans-serif; font-size: 14pt;\">Presidenta: Ana Mar\u00eda Gallardo Borrego.<\/span><\/li>\n<li><span style=\"font-family: 'comic sans ms', sans-serif; font-size: 14pt;\">Vicepresidenta: Araceli Padillo Hinojosa.<\/span><\/li>\n<li><span style=\"font-family: 'comic sans ms', sans-serif; font-size: 14pt;\">Secretaria: Mar\u00eda Concepci\u00f3n Olmo Meng\u00edbar.<\/span><\/li>\n<li><span style=\"font-family: 'comic sans ms', sans-serif; font-size: 14pt;\">Vicesecretaria: Mar\u00eda Aurora L\u00f3pez Moral.<\/span><\/li>\n<li><span style=\"font-family: 'comic sans ms', sans-serif; font-size: 14pt;\">Tesorera: Rafaela Mar\u00eda Gallardo Trujillo.<\/span><\/li>\n<li><span style=\"font-family: 'comic sans ms', sans-serif; font-size: 14pt;\">Vicetesorera: Elvira S\u00e1nchez Valverde.<\/span><\/li>\n<li><span style=\"font-family: 'comic sans ms', sans-serif; font-size: 14pt;\">Vocal: Consuelo Ru\u00edz V\u00edlchez.<\/span><\/li>\n<li><span style=\"font-family: 'comic sans ms', sans-serif; font-size: 14pt;\">Vocal: Carmen Mar\u00eda Cuenca Zamora.<\/span><\/li>\n<li><span style=\"font-family: 'comic sans ms', sans-serif; font-size: 14pt;\">Vocal: Ana Vanesa \u00c1vila Reina.<\/span><\/li>\n<li><span style=\"font-family: 'comic sans ms', sans-serif; font-size: 14pt;\">Vocal: Francisco Javier Calvo Zamora.<\/span><\/li>\n<li><span style=\"font-family: 'comic sans ms', sans-serif; font-size: 14pt;\">Vocal: Mar\u00eda del Campo del R\u00edo L\u00f3pez.<\/span><\/li>\n<\/ul>\n<\/div>    <\/div>\n<\/div>\n<!-- \/module text -->        <\/div>\n                        <\/div>\n        <\/div>\n        <\/div>\n<!--\/themify_builder_content-->&nbsp;<\/p>","protected":false},"excerpt":{"rendered":"<p>Junta Directiva La JUNTA DIRECTIVA de la AMPA LAS TORRES est\u00e1 formada por: Presidenta: Ana Mar\u00eda Gallardo Borrego. Vicepresidenta: Araceli Padillo Hinojosa. Secretaria: Mar\u00eda Concepci\u00f3n Olmo Meng\u00edbar. Vicesecretaria: Mar\u00eda Aurora L\u00f3pez Moral. Tesorera: Rafaela Mar\u00eda Gallardo Trujillo. Vicetesorera: Elvira S\u00e1nchez Valverde. Vocal: Consuelo Ru\u00edz V\u00edlchez. Vocal: Carmen Mar\u00eda Cuenca Zamora. Vocal: Ana Vanesa \u00c1vila Reina. [&hellip;]<\/p>\n","protected":false},"author":5362,"featured_media":0,"parent":355,"menu_order":0,"comment_status":"closed","ping_status":"closed","template":"","meta":{"ngg_post_thumbnail":0,"footnotes":""},"aioseo_notices":[],"_links":{"self":[{"href":"https:\/\/blogsaverroes.juntadeandalucia.es\/ceipramonhernandez\/wp-json\/wp\/v2\/pages\/2616"}],"collection":[{"href":"https:\/\/blogsaverroes.juntadeandalucia.es\/ceipramonhernandez\/wp-json\/wp\/v2\/pages"}],"about":[{"href":"https:\/\/blogsaverroes.juntadeandalucia.es\/ceipramonhernandez\/wp-json\/wp\/v2\/types\/page"}],"author":[{"embeddable":true,"href":"https:\/\/blogsaverroes.juntadeandalucia.es\/ceipramonhernandez\/wp-json\/wp\/v2\/users\/5362"}],"replies":[{"embeddable":true,"href":"https:\/\/blogsaverroes.juntadeandalucia.es\/ceipramonhernandez\/wp-json\/wp\/v2\/comments?post=2616"}],"version-history":[{"count":10,"href":"https:\/\/blogsaverroes.juntadeandalucia.es\/ceipramonhernandez\/wp-json\/wp\/v2\/pages\/2616\/revisions"}],"predecessor-version":[{"id":33274,"href":"https:\/\/blogsaverroes.juntadeandalucia.es\/ceipramonhernandez\/wp-json\/wp\/v2\/pages\/2616\/revisions\/33274"}],"up":[{"embeddable":true,"href":"https:\/\/blogsaverroes.juntadeandalucia.es\/ceipramonhernandez\/wp-json\/wp\/v2\/pages\/355"}],"wp:attachment":[{"href":"https:\/\/blogsaverroes.juntadeandalucia.es\/ceipramonhernandez\/wp-json\/wp\/v2\/media?parent=2616"}],"curies":[{"name":"wp","href":"https:\/\/api.w.org\/{rel}","templated":true}]}}