{"id":355,"date":"2017-10-07T12:57:08","date_gmt":"2017-10-07T11:57:08","guid":{"rendered":"https:\/\/blogsaverroes.juntadeandalucia.es\/ceipramonhernandez\/?page_id=355"},"modified":"2024-08-14T17:02:40","modified_gmt":"2024-08-14T16:02:40","slug":"ampa","status":"publish","type":"page","link":"https:\/\/blogsaverroes.juntadeandalucia.es\/ceipramonhernandez\/ampa\/","title":{"rendered":"Presentaci\u00f3n"},"content":{"rendered":"<!--themify_builder_content-->\n<div id=\"themify_builder_content-355\" data-postid=\"355\" class=\"themify_builder_content themify_builder_content-355 themify_builder tf_clear\">\n                    <div  data-css_id=\"sqpd527\" data-lazy=\"1\" class=\"module_row themify_builder_row fullwidth_row_container tb_sqpd527 tb_first tf_w\">\n                        <div class=\"row_inner col_align_top tb_col_count_1 tf_box tf_rel\">\n                        <div  data-lazy=\"1\" class=\"module_column tb-column col-full tb_h4u5529 first\">\n                    <!-- module image -->\n<div  class=\"module module-image tb_buw2513 image-center   tf_mw\" data-lazy=\"1\">\n        <div class=\"image-wrap tf_rel tf_mw\">\n            <img loading=\"lazy\" decoding=\"async\" width=\"744\" height=\"335\" src=\"https:\/\/blogsaverroes.juntadeandalucia.es\/ceipramonhernandez\/files\/2022\/07\/AMPA-sin-fondo.png\" class=\"wp-post-image wp-image-22956\" title=\"AMPA sin fondo\" alt=\"AMPA sin fondo\" srcset=\"https:\/\/blogsaverroes.juntadeandalucia.es\/ceipramonhernandez\/files\/2022\/07\/AMPA-sin-fondo.png 744w, https:\/\/blogsaverroes.juntadeandalucia.es\/ceipramonhernandez\/files\/2022\/07\/AMPA-sin-fondo-300x135.png 300w, https:\/\/blogsaverroes.juntadeandalucia.es\/ceipramonhernandez\/files\/2022\/07\/AMPA-sin-fondo-24x11.png 24w, https:\/\/blogsaverroes.juntadeandalucia.es\/ceipramonhernandez\/files\/2022\/07\/AMPA-sin-fondo-36x16.png 36w, https:\/\/blogsaverroes.juntadeandalucia.es\/ceipramonhernandez\/files\/2022\/07\/AMPA-sin-fondo-48x22.png 48w\" sizes=\"(max-width: 744px) 100vw, 744px\" \/>    \n        <\/div>\n    <!-- \/image-wrap -->\n    \n        <\/div>\n<!-- \/module image --><!-- module text -->\n<div  class=\"module module-text tb_ipx2531  repeat \" data-lazy=\"1\">\n    <h3 class=\"module-title\">Presentaci\u00f3n<\/h3>    <div  class=\"tb_text_wrap\">\n        <p style=\"text-align: justify;\"><span style=\"font-family: 'comic sans ms', sans-serif; color: #000000; font-size: 14pt;\">Querid@s padres y madres:<\/span><\/p><p style=\"text-align: justify;\"><span style=\"font-family: 'comic sans ms', sans-serif; color: #000000; font-size: 14pt;\">En nombre de la <strong>Asociaci\u00f3n de Madres y Padres de Alumnos \u201cLas Torres\u201d<\/strong> del Colegio Ram\u00f3n Hern\u00e1ndez Mart\u00ednez os queremos saludar desde la p\u00e1gina web del colegio.<\/span><\/p><p style=\"text-align: justify;\"><span style=\"font-family: 'comic sans ms', sans-serif; color: #000000; font-size: 14pt;\">Somos un grupo de madres y padres que, con ilusi\u00f3n, dedicamos nuestro tiempo y esfuerzo a colaborar con el Centro para la mejora del mismo y la educaci\u00f3n de nuestros hijos. Nuestro principal objetivo es participar activamente en la vida del Colegio y en hacer que los padres nos sintamos parte de \u00e9l, bas\u00e1ndonos en el convencimiento de que la <strong>EDUCACI\u00d3N<\/strong> de nuestros hij@s es una competencia mixta y colaborativa entre educadores y alumnos; incluyendo en el primer grupo tanto a docentes como a madres y padres o representantes legales.<\/span><\/p><p style=\"text-align: justify;\"><span style=\"font-family: 'comic sans ms', sans-serif; color: #000000; font-size: 14pt;\">La AMPA nos permite colaborar m\u00e1s estrechamente con el colegio, opinar y consensuar con la direcci\u00f3n del mismo aquellos temas que consideremos oportunos, tambi\u00e9n nos permitir\u00e1 poner en marcha iniciativas que consideremos de inter\u00e9s para todos.<\/span><\/p><p style=\"text-align: justify;\"><span style=\"font-family: 'comic sans ms', sans-serif; color: #000000; font-size: 14pt;\">Como miembros de la Junta Directiva, nos comprometemos a representar a nuestros asociados, a informarlos e intentar mediar en los conflictos que puedan surgir a lo largo de este curso. Procuraremos siempre que haya una buena comunicaci\u00f3n para que todos los que formamos parte de la comunidad educativa (padres, madres o tutores, maestr@s y \u00f3rganos de gobierno) estemos a gusto y trabajemos cada d\u00eda con m\u00e1s ganas. Y haremos todo lo posible para que la educaci\u00f3n de nuestr@s hij@s sea integral, de calidad y llena de los valores necesarios para que en el futuro sean personas responsables, tolerantes, justas, aut\u00f3nomas y seguras de s\u00ed mismas.<\/span><\/p><p style=\"text-align: justify;\"><span style=\"font-family: 'comic sans ms', sans-serif; color: #000000; font-size: 14pt;\">Queremos recordaros la importancia de vuestra colaboraci\u00f3n, pues sin ella las actividades que desde esta asociaci\u00f3n se van desarrollando no ser\u00edan una realidad, entre otras:<\/span><\/p><ul style=\"list-style-type: disc;\"><li><span style=\"font-family: 'comic sans ms', sans-serif; color: #000000; font-size: 14pt;\">Puesta en valor del Paraje Casita, para uso y disfrute de familias y ni\u00f1os de Ca\u00f1ete.<\/span><\/li><li><span style=\"font-family: 'comic sans ms', sans-serif; color: #000000; font-size: 14pt;\">Agenda Escolar.<\/span><\/li><li><span style=\"font-family: 'comic sans ms', sans-serif; color: #000000; font-size: 14pt;\">Actividades extraescolares<\/span><\/li><li><span style=\"font-family: 'comic sans ms', sans-serif; color: #000000; font-size: 14pt;\">Taller de tareas del hogar en igualdad<\/span><\/li><li><span style=\"font-family: 'comic sans ms', sans-serif; color: #000000; font-size: 14pt;\">Colaboraci\u00f3n con el colegio en los distintos actos de celebraci\u00f3n especiales (navidad, d\u00eda de la paz, graduaciones,&#8230;)<\/span><\/li><li><span style=\"font-family: 'comic sans ms', sans-serif; color: #000000; font-size: 14pt;\">Fiesta fin de curso.<\/span><\/li><li><span style=\"font-family: 'comic sans ms', sans-serif; color: #000000; font-size: 14pt;\">Adecuaci\u00f3n y mejora de instancias propias del centro (decoraci\u00f3n de los patios del colegio).<\/span><\/li><\/ul><p style=\"text-align: justify;\"><span style=\"font-family: 'comic sans ms', sans-serif; color: #000000; font-size: 14pt;\">Por todas estas razones, y muchas m\u00e1s, os animamos a que form\u00e9is parte de esta asociaci\u00f3n. Nos gustar\u00eda contar contigo, con tu apoyo, con tus ideas, con tus cr\u00edticas constructivas&#8230;.<\/span><\/p><p style=\"text-align: justify;\"><span style=\"color: #000000; font-size: 14pt;\"><strong><span style=\"font-family: 'comic sans ms', sans-serif;\">Para ello s\u00f3lo ten\u00e9is que haceros socios, para aquellos que no est\u00e9is inscritos en a\u00f1os anteriores. La cuota anual ser\u00e1 de 8 euros para familias con un hij@ y 12 euros para familias con dos o m\u00e1s hij@s en el Centro.<\/span><\/strong><\/span><\/p><p style=\"text-align: justify;\"><span style=\"font-family: 'comic sans ms', sans-serif; color: #000000; font-size: 14pt;\">A su vez, os recordamos que todas aquellas opiniones, quejas o sugerencias pod\u00e9is hacerlas a trav\u00e9s de nuestro correo electr\u00f3nico <a href=\"mailto:ampacanete@gmail.com\" target=\"_blank\" rel=\"noopener\">ampacanete@gmail.com<\/a> , en la p\u00e1gina de <a href=\"https:\/\/www.facebook.com\/pagina.ampa.lastorres.canetedelastorres\/\" target=\"_blank\" rel=\"noopener\">facebook Ampa Las Torres<\/a> o bien en el buz\u00f3n que se encuentra en la entrada del colegio.<\/span><\/p><p style=\"text-align: justify;\"><span style=\"font-family: 'comic sans ms', sans-serif; color: #000000; font-size: 14pt;\">Muchas gracias a tod@s y un cordial saludo.<\/span><\/p>    <\/div>\n<\/div>\n<!-- \/module text -->        <\/div>\n                        <\/div>\n        <\/div>\n        <\/div>\n<!--\/themify_builder_content-->&nbsp;<\/p>\n<p>&nbsp;<\/p>\n<p>&nbsp;<\/p>\n<p>&nbsp;<\/p>\n<p>&nbsp;<\/p>\n<p>&nbsp;<\/p>\n<p>&nbsp;<\/p>\n<p>&nbsp;<\/p>\n<p>&nbsp;<\/p>\n<p>&nbsp;<\/p>\n<p>&nbsp;<\/p>\n<p>&nbsp;<\/p>\n<p>&nbsp;<\/p>\n<p>&nbsp;<\/p>\n<p>&nbsp;<\/p>\n<p>&nbsp;<\/p>\n<p>&nbsp;<\/p>\n<p>&nbsp;<\/p>","protected":false},"excerpt":{"rendered":"<p>Presentaci\u00f3n Querid@s padres y madres: En nombre de la Asociaci\u00f3n de Madres y Padres de Alumnos \u201cLas Torres\u201d del Colegio Ram\u00f3n Hern\u00e1ndez Mart\u00ednez os queremos saludar desde la p\u00e1gina web del colegio. Somos un grupo de madres y padres que, con ilusi\u00f3n, dedicamos nuestro tiempo y esfuerzo a colaborar con el Centro para la mejora [&hellip;]<\/p>\n","protected":false},"author":5362,"featured_media":0,"parent":0,"menu_order":0,"comment_status":"closed","ping_status":"closed","template":"","meta":{"ngg_post_thumbnail":0,"footnotes":""},"aioseo_notices":[],"_links":{"self":[{"href":"https:\/\/blogsaverroes.juntadeandalucia.es\/ceipramonhernandez\/wp-json\/wp\/v2\/pages\/355"}],"collection":[{"href":"https:\/\/blogsaverroes.juntadeandalucia.es\/ceipramonhernandez\/wp-json\/wp\/v2\/pages"}],"about":[{"href":"https:\/\/blogsaverroes.juntadeandalucia.es\/ceipramonhernandez\/wp-json\/wp\/v2\/types\/page"}],"author":[{"embeddable":true,"href":"https:\/\/blogsaverroes.juntadeandalucia.es\/ceipramonhernandez\/wp-json\/wp\/v2\/users\/5362"}],"replies":[{"embeddable":true,"href":"https:\/\/blogsaverroes.juntadeandalucia.es\/ceipramonhernandez\/wp-json\/wp\/v2\/comments?post=355"}],"version-history":[{"count":50,"href":"https:\/\/blogsaverroes.juntadeandalucia.es\/ceipramonhernandez\/wp-json\/wp\/v2\/pages\/355\/revisions"}],"predecessor-version":[{"id":32584,"href":"https:\/\/blogsaverroes.juntadeandalucia.es\/ceipramonhernandez\/wp-json\/wp\/v2\/pages\/355\/revisions\/32584"}],"wp:attachment":[{"href":"https:\/\/blogsaverroes.juntadeandalucia.es\/ceipramonhernandez\/wp-json\/wp\/v2\/media?parent=355"}],"curies":[{"name":"wp","href":"https:\/\/api.w.org\/{rel}","templated":true}]}}