{"id":363,"date":"2017-10-07T12:58:20","date_gmt":"2017-10-07T11:58:20","guid":{"rendered":"https:\/\/blogsaverroes.juntadeandalucia.es\/ceipramonhernandez\/?page_id=363"},"modified":"2017-10-10T10:19:50","modified_gmt":"2017-10-10T09:19:50","slug":"monumentos","status":"publish","type":"page","link":"https:\/\/blogsaverroes.juntadeandalucia.es\/ceipramonhernandez\/el-pueblo\/monumentos\/","title":{"rendered":"Monumentos"},"content":{"rendered":"<p><img loading=\"lazy\" decoding=\"async\" class=\"aligncenter wp-image-653 size-full\" src=\"https:\/\/blogsaverroes.juntadeandalucia.es\/ceipramonhernandez\/files\/2017\/10\/planocanete.jpg\" alt=\"\" width=\"800\" height=\"623\" srcset=\"https:\/\/blogsaverroes.juntadeandalucia.es\/ceipramonhernandez\/files\/2017\/10\/planocanete.jpg 800w, https:\/\/blogsaverroes.juntadeandalucia.es\/ceipramonhernandez\/files\/2017\/10\/planocanete-300x234.jpg 300w, https:\/\/blogsaverroes.juntadeandalucia.es\/ceipramonhernandez\/files\/2017\/10\/planocanete-768x598.jpg 768w, https:\/\/blogsaverroes.juntadeandalucia.es\/ceipramonhernandez\/files\/2017\/10\/planocanete-24x19.jpg 24w, https:\/\/blogsaverroes.juntadeandalucia.es\/ceipramonhernandez\/files\/2017\/10\/planocanete-36x28.jpg 36w, https:\/\/blogsaverroes.juntadeandalucia.es\/ceipramonhernandez\/files\/2017\/10\/planocanete-48x37.jpg 48w\" sizes=\"(max-width: 800px) 100vw, 800px\" \/><\/p>\n<p>&nbsp;<\/p>\n<p style=\"text-align: center\"><span style=\"font-family: 'comic sans ms', sans-serif;font-size: 14pt;color: #003300\"><strong>1. Castillo <\/strong><\/span><\/p>\n<p style=\"text-align: justify\"><span style=\"font-family: 'comic sans ms', sans-serif;font-size: 12pt\"><img loading=\"lazy\" decoding=\"async\" class=\"alignleft size-full wp-image-655\" src=\"https:\/\/blogsaverroes.juntadeandalucia.es\/ceipramonhernandez\/files\/2017\/10\/torrecastillo.jpg\" alt=\"\" width=\"291\" height=\"400\" srcset=\"https:\/\/blogsaverroes.juntadeandalucia.es\/ceipramonhernandez\/files\/2017\/10\/torrecastillo.jpg 291w, https:\/\/blogsaverroes.juntadeandalucia.es\/ceipramonhernandez\/files\/2017\/10\/torrecastillo-218x300.jpg 218w, https:\/\/blogsaverroes.juntadeandalucia.es\/ceipramonhernandez\/files\/2017\/10\/torrecastillo-17x24.jpg 17w, https:\/\/blogsaverroes.juntadeandalucia.es\/ceipramonhernandez\/files\/2017\/10\/torrecastillo-26x36.jpg 26w, https:\/\/blogsaverroes.juntadeandalucia.es\/ceipramonhernandez\/files\/2017\/10\/torrecastillo-35x48.jpg 35w\" sizes=\"(max-width: 291px) 100vw, 291px\" \/>En lo m\u00e1s principal de la poblaci\u00f3n se emplaza el castillo, uno de sus m\u00e1s importantes monumentos junto a la parroquia.<\/span><\/p>\n<p style=\"text-align: justify\"><span style=\"font-family: 'comic sans ms', sans-serif;font-size: 12pt\">La existencia de una fortaleza consta desde \u00e9poca musulmana y tambi\u00e9n en los documentos cristianos del siglo XIII, en los que s\u00f3lo se hace referencia a la torre de Ca\u00f1ete. A finales de esa centuria y por donaci\u00f3n real pasa a manos de Alfonso Fern\u00e1ndez de C\u00f3rdoba, se\u00f1or que levanta el castillo ya dentro del siglo XIV, aunque posteriormente se ampliar\u00eda y reformar\u00eda.<\/span><\/p>\n<p style=\"text-align: justify\"><span style=\"font-family: 'comic sans ms', sans-serif;font-size: 12pt\">Este baluarte, que tuvo varios recintos amurallados con torres, se encuentra en la actualidad disminuido y englobado en el caser\u00edo de la villa, siendo lo m\u00e1s relevante de lo conservado la gran torre prism\u00e1tica que hoy sirve de acceso, construida en su mayor parte de piedra y con el cuarto superior de ladrillo, donde se ve una bella ventana mudejar con dos arquillos lobulados.<\/span><span style=\"font-family: 'comic sans ms', sans-serif;font-size: 12pt\">&nbsp; &nbsp; &nbsp; &nbsp;<\/span><\/p>\n<p style=\"text-align: justify\"><span style=\"font-family: 'comic sans ms', sans-serif;font-size: 12pt\"> &nbsp; &nbsp; &nbsp; &nbsp; &nbsp; &nbsp; &nbsp; &nbsp; &nbsp; &nbsp; &nbsp; &nbsp; &nbsp; &nbsp; &nbsp;&nbsp;<\/span><\/p>\n<p style=\"text-align: center\"><span style=\"font-family: 'comic sans ms', sans-serif;font-size: 14pt;color: #003300\"><strong>2. Parroquia de Ntra. Sra. de la Asunci\u00f3n <\/strong><\/span><\/p>\n<p style=\"text-align: justify\"><span style=\"font-family: 'comic sans ms', sans-serif;font-size: 12pt\">La parroquia de Ntra. Sra. de la Asunci\u00f3n fue mandada construir por el obispo D. Fernando de Mesa en 1260 aunque el templo actual puede ser de \u00e9poca de los Reyes Cat\u00f3licos. Su estructura es de una iglesia de tres naves con arcos apuntados sobre pilares. A los pies de la iglesia est\u00e1 la portada principal, muestra importante del Renacimiento cordob\u00e9s, que se hizo entre 1577 y 1578 por el cantero Crist\u00f3bal de Rojas. Concebida a manera de arco de triunfo, lleva columnas d\u00f3ricas sobre altos pedestales con \u00f3valos moldurados, y entre dichos apoyos un arco de medio punto decorado. El cuerpo superior est\u00e1 formado por tres nichosy semic\u00fapula de casetones en el centro. En el arquitrabe se desarrolla la siguiente inscripci\u00f3n: \u00abACABOSE ESTA OBRA A 4 DE ABRIL A\u00d1O D. 1578\u00bb. Destaca su torre de belleza extraordinaria.<\/span><\/p>\n<p style=\"text-align: justify\">&nbsp;<\/p>\n<p style=\"text-align: center\"><span style=\"font-family: 'comic sans ms', sans-serif;font-size: 14pt;color: #003300\"><strong>3. La Tercia<\/strong><\/span><\/p>\n<figure id=\"attachment_654\" aria-describedby=\"caption-attachment-654\" style=\"width: 283px\" class=\"wp-caption alignright\"><img loading=\"lazy\" decoding=\"async\" class=\"size-full wp-image-654\" src=\"https:\/\/blogsaverroes.juntadeandalucia.es\/ceipramonhernandez\/files\/2017\/10\/tercia.jpg\" alt=\"\" width=\"283\" height=\"211\" srcset=\"https:\/\/blogsaverroes.juntadeandalucia.es\/ceipramonhernandez\/files\/2017\/10\/tercia.jpg 283w, https:\/\/blogsaverroes.juntadeandalucia.es\/ceipramonhernandez\/files\/2017\/10\/tercia-24x18.jpg 24w, https:\/\/blogsaverroes.juntadeandalucia.es\/ceipramonhernandez\/files\/2017\/10\/tercia-36x27.jpg 36w, https:\/\/blogsaverroes.juntadeandalucia.es\/ceipramonhernandez\/files\/2017\/10\/tercia-48x36.jpg 48w\" sizes=\"(max-width: 283px) 100vw, 283px\" \/><figcaption id=\"caption-attachment-654\" class=\"wp-caption-text\"><span style=\"font-family: 'comic sans ms', sans-serif;font-size: 10pt\">La Tercia<\/span><\/figcaption><\/figure>\n<p style=\"text-align: justify\"><span style=\"font-family: 'comic sans ms', sans-serif;font-size: 12pt\">Un lugar especial dentro de los monumentos del pueblo lo tiene la Tercia del S.&nbsp;<\/span><span style=\"font-family: 'comic sans ms', sans-serif;font-size: 12pt\">XVIII, que representa uno de los m\u00e1s importantes ejemplos de arquitectura civil de la provincia de C\u00f3rdoba, uniendo el funcionamiento propio de su uso como granero a una cuidada construcci\u00f3n de austera grandiosidad. Seg\u00fan lo usual esta clase de edificios se compone de un amplio bloque de ladrillo montado en tres pisos y de un patio delantero al que se accede por una portada con pilastras. &nbsp;&nbsp;<\/span><\/p>\n<p style=\"text-align: center\"><span style=\"font-family: 'comic sans ms', sans-serif;font-size: 12pt\">&nbsp; &nbsp; &nbsp; &nbsp; &nbsp; &nbsp; &nbsp; &nbsp; &nbsp; &nbsp; &nbsp; &nbsp; &nbsp; &nbsp; &nbsp; &nbsp; &nbsp; &nbsp; &nbsp; &nbsp; &nbsp; &nbsp; &nbsp; &nbsp; &nbsp; &nbsp; &nbsp; &nbsp; &nbsp; &nbsp; &nbsp; &nbsp; &nbsp; &nbsp; &nbsp; &nbsp; &nbsp; &nbsp; &nbsp; <\/span><\/p>\n<p style=\"text-align: center\"><span style=\"color: #003300\"><span style=\"font-family: 'comic sans ms', sans-serif;font-size: 12pt\"><span style=\"font-size: 14pt\">4.&nbsp;<\/span><\/span><span style=\"font-size: 14pt\"><strong>Ermita de Madre de Dios<\/strong><\/span><\/span><\/p>\n<figure id=\"attachment_652\" aria-describedby=\"caption-attachment-652\" style=\"width: 266px\" class=\"wp-caption alignleft\"><img loading=\"lazy\" decoding=\"async\" class=\"size-full wp-image-652\" src=\"https:\/\/blogsaverroes.juntadeandalucia.es\/ceipramonhernandez\/files\/2017\/10\/madredios.jpg\" alt=\"\" width=\"266\" height=\"200\" srcset=\"https:\/\/blogsaverroes.juntadeandalucia.es\/ceipramonhernandez\/files\/2017\/10\/madredios.jpg 266w, https:\/\/blogsaverroes.juntadeandalucia.es\/ceipramonhernandez\/files\/2017\/10\/madredios-24x18.jpg 24w, https:\/\/blogsaverroes.juntadeandalucia.es\/ceipramonhernandez\/files\/2017\/10\/madredios-36x27.jpg 36w, https:\/\/blogsaverroes.juntadeandalucia.es\/ceipramonhernandez\/files\/2017\/10\/madredios-48x36.jpg 48w\" sizes=\"(max-width: 266px) 100vw, 266px\" \/><figcaption id=\"caption-attachment-652\" class=\"wp-caption-text\"><span style=\"font-family: 'comic sans ms', sans-serif;font-size: 10pt\">Ermita Madre de Dios<\/span><\/figcaption><\/figure>\n<p style=\"text-align: justify\"><span style=\"font-family: 'comic sans ms', sans-serif;font-size: 12pt\">Fuera del nucleo urbano se localiza la ermita de Madre de Dios, en la que se encuentra la imagen de la Virgen del Campo, patrona de la villa. Su origen se remonta por lo menos al siglo XVI, y de entonces debe venir su disposici\u00f3n de nave \u00fanica con cabecera cuadrada. No obstante, la fabrica actual obedece a una reedificaci\u00f3n barroca, que se realiz\u00f3 aproximadamente entre 1728 y 1735. En ella cabe destacar la gran c\u00fapula del presbiterio, con una riqu\u00edsima decoraci\u00f3n de blancas yeser\u00edas de rizados follajes sobre fondos azules y rojos, que pueden figurar entre las m\u00e1s hermosas de su tiempo.<\/span><\/p>\n<p style=\"text-align: justify\">&nbsp;<\/p>\n<p style=\"text-align: center\"><span style=\"font-family: 'comic sans ms', sans-serif;font-size: 14pt;color: #003300\"><strong>5. Ermita de Jes\u00fas <\/strong><\/span><\/p>\n<p style=\"text-align: justify\"><span style=\"font-family: 'comic sans ms', sans-serif;font-size: 12pt\">Es un templo de nave \u00fanica que a\u00fan conserva unos bellos artesonados con las t\u00edpicas lacer\u00edas de abolengo mud\u00e9jar. Su sencilla portada de piedra es una obra carater\u00edstica de finales del siglo XVII.<\/span><\/p>\n<figure id=\"attachment_651\" aria-describedby=\"caption-attachment-651\" style=\"width: 158px\" class=\"wp-caption alignleft\"><img loading=\"lazy\" decoding=\"async\" class=\"size-full wp-image-651\" src=\"https:\/\/blogsaverroes.juntadeandalucia.es\/ceipramonhernandez\/files\/2017\/10\/ermitajesus1.jpg\" alt=\"\" width=\"158\" height=\"211\" srcset=\"https:\/\/blogsaverroes.juntadeandalucia.es\/ceipramonhernandez\/files\/2017\/10\/ermitajesus1.jpg 158w, https:\/\/blogsaverroes.juntadeandalucia.es\/ceipramonhernandez\/files\/2017\/10\/ermitajesus1-18x24.jpg 18w, https:\/\/blogsaverroes.juntadeandalucia.es\/ceipramonhernandez\/files\/2017\/10\/ermitajesus1-27x36.jpg 27w, https:\/\/blogsaverroes.juntadeandalucia.es\/ceipramonhernandez\/files\/2017\/10\/ermitajesus1-36x48.jpg 36w\" sizes=\"(max-width: 158px) 100vw, 158px\" \/><figcaption id=\"caption-attachment-651\" class=\"wp-caption-text\"><span style=\"font-family: 'comic sans ms', sans-serif;font-size: 10pt\">Ermita de Jes\u00fas<\/span><\/figcaption><\/figure>\n<p style=\"text-align: justify\"><span style=\"font-family: 'comic sans ms', sans-serif;font-size: 12pt\">Seg\u00fan, un documento de 1877 \u00e9sta era conocida como la ermita de Nuestra Se\u00f1ora de la Concepci\u00f3n. Es toda ella de piedra, las pilastras con resaltes, la rosca del arco moldurada y dentro del front\u00f3n partido, una hornacina avenerada con front\u00f3n triangular. En su interior presenta una cruz de piedra. La espada\u00f1a es de ladrillo con un solo vano.<\/span><\/p>\n<p style=\"text-align: justify\"><span style=\"font-family: 'comic sans ms', sans-serif;font-size: 12pt\">Interiormente muestra una planta de caj\u00f3n con un presbiterio sin diferenciar de la nave, salvo por las gradas y la forma ochavada de la techumbre en la cabecera.&nbsp;<\/span><\/p>\n<p style=\"text-align: justify\"><span style=\"font-family: 'comic sans ms', sans-serif;font-size: 12pt\">Destacar la cubierta que es de artesonado mud\u00e9jar sin policromar. Toda la nave est\u00e1 cubierta por esta techumbre de par y nudillo de tres faldones y ochavada en la cabecera mediante cuadrantes, que es de jaldetas lisas, los nudillos se hallan decorados con sogueado aunque unos lo llevan pintado y otros grabado.<\/span><\/p>\n","protected":false},"excerpt":{"rendered":"<p>&nbsp; 1. Castillo En lo m\u00e1s principal de la poblaci\u00f3n se emplaza el castillo, uno de sus m\u00e1s importantes monumentos junto a la parroquia. La existencia de una fortaleza consta desde \u00e9poca musulmana y tambi\u00e9n en los documentos cristianos del siglo XIII, en los que s\u00f3lo se hace referencia a la torre de Ca\u00f1ete. A [&hellip;]<\/p>\n","protected":false},"author":5362,"featured_media":0,"parent":357,"menu_order":0,"comment_status":"closed","ping_status":"closed","template":"","meta":{"ngg_post_thumbnail":0,"footnotes":""},"aioseo_notices":[],"_links":{"self":[{"href":"https:\/\/blogsaverroes.juntadeandalucia.es\/ceipramonhernandez\/wp-json\/wp\/v2\/pages\/363"}],"collection":[{"href":"https:\/\/blogsaverroes.juntadeandalucia.es\/ceipramonhernandez\/wp-json\/wp\/v2\/pages"}],"about":[{"href":"https:\/\/blogsaverroes.juntadeandalucia.es\/ceipramonhernandez\/wp-json\/wp\/v2\/types\/page"}],"author":[{"embeddable":true,"href":"https:\/\/blogsaverroes.juntadeandalucia.es\/ceipramonhernandez\/wp-json\/wp\/v2\/users\/5362"}],"replies":[{"embeddable":true,"href":"https:\/\/blogsaverroes.juntadeandalucia.es\/ceipramonhernandez\/wp-json\/wp\/v2\/comments?post=363"}],"version-history":[{"count":10,"href":"https:\/\/blogsaverroes.juntadeandalucia.es\/ceipramonhernandez\/wp-json\/wp\/v2\/pages\/363\/revisions"}],"predecessor-version":[{"id":663,"href":"https:\/\/blogsaverroes.juntadeandalucia.es\/ceipramonhernandez\/wp-json\/wp\/v2\/pages\/363\/revisions\/663"}],"up":[{"embeddable":true,"href":"https:\/\/blogsaverroes.juntadeandalucia.es\/ceipramonhernandez\/wp-json\/wp\/v2\/pages\/357"}],"wp:attachment":[{"href":"https:\/\/blogsaverroes.juntadeandalucia.es\/ceipramonhernandez\/wp-json\/wp\/v2\/media?parent=363"}],"curies":[{"name":"wp","href":"https:\/\/api.w.org\/{rel}","templated":true}]}}