{"id":37614,"date":"2025-06-13T17:52:43","date_gmt":"2025-06-13T16:52:43","guid":{"rendered":"https:\/\/blogsaverroes.juntadeandalucia.es\/ceipramonhernandez\/?page_id=37614"},"modified":"2025-07-10T08:15:11","modified_gmt":"2025-07-10T07:15:11","slug":"datos-del-centro","status":"publish","type":"page","link":"https:\/\/blogsaverroes.juntadeandalucia.es\/ceipramonhernandez\/datos-del-centro\/","title":{"rendered":"Datos del centro"},"content":{"rendered":"<!--themify_builder_content-->\n<div id=\"themify_builder_content-37614\" data-postid=\"37614\" class=\"themify_builder_content themify_builder_content-37614 themify_builder tf_clear\">\n                    <div  data-lazy=\"1\" class=\"module_row themify_builder_row tb_27sj25 tb_first tf_w\">\n                        <div class=\"row_inner col_align_middle tb_col_count_2 tf_box tf_rel\">\n                        <div  data-lazy=\"1\" class=\"module_column tb-column tb_tu8i25 first\">\n                    <!-- module text -->\n<div  class=\"module module-text tb_3srn25   \" data-lazy=\"1\">\n    <h3 class=\"module-title\">DATOS DEL CENTRO<\/h3>    <div  class=\"tb_text_wrap\">\n        <table style=\"width: 101.519%\">\n<tbody>\n<tr style=\"background-color: #60ccf7\">\n<td style=\"text-align: center;vertical-align: middle;width: 26.1072%\"><span style=\"color: #000000;font-size: 14pt\"><strong>C\u00f3digo del Centro<\/strong><\/span><\/td>\n<td style=\"width: 97.1011%\"><span style=\"color: #000000;font-size: 14pt\">\u00a014000926<\/span><\/td>\n<\/tr>\n<tr>\n<td style=\"text-align: center;vertical-align: middle;width: 26.1072%\"><span style=\"color: #000000;font-size: 14pt\"><strong>Direcci\u00f3n\u00a0<\/strong><\/span><\/td>\n<td style=\"width: 97.1011%\"><span style=\"color: #000000;font-size: 14pt\">\u00a0c\/ S\u00e9neca, 10<\/span><\/td>\n<\/tr>\n<tr style=\"background-color: #60ccf7\">\n<td style=\"text-align: center;vertical-align: middle;width: 26.1072%\"><span style=\"color: #000000;font-size: 14pt\"><strong>C\u00f3digo Postal<\/strong><\/span><\/td>\n<td style=\"width: 97.1011%\"><span style=\"color: #000000;font-size: 14pt\">\u00a014660\u00a0<\/span><\/td>\n<\/tr>\n<tr>\n<td style=\"text-align: center;vertical-align: middle;width: 26.1072%\"><span style=\"color: #000000;font-size: 14pt\"><strong>Localidad<\/strong><\/span><\/td>\n<td style=\"width: 97.1011%\"><span style=\"color: #000000;font-size: 14pt\">\u00a0Ca\u00f1ete de las Torres<\/span><\/td>\n<\/tr>\n<tr style=\"background-color: #60ccf7\">\n<td style=\"text-align: center;vertical-align: middle;width: 26.1072%\"><span style=\"color: #000000;font-size: 14pt\"><strong>Provincia\u00a0<\/strong><\/span><\/td>\n<td style=\"width: 97.1011%\"><span style=\"color: #000000;font-size: 14pt\">\u00a0C\u00f3rdoba<\/span><\/td>\n<\/tr>\n<tr>\n<td style=\"text-align: center;vertical-align: middle;width: 26.1072%\"><span style=\"color: #000000;font-size: 14pt\"><strong>Tel\u00e9fonos<\/strong><\/span><\/td>\n<td style=\"width: 97.1011%\">\n<p><span style=\"color: #000000;font-size: 14pt\">Direcci\u00f3n: 671 569 471<\/span><\/p>\n<p><span style=\"color: #000000;font-size: 14pt\">Secretar\u00eda: 957 199 747 &#8211; Corporativo: 586 747<\/span><\/p>\n<\/td>\n<\/tr>\n<tr style=\"background-color: #60ccf7\">\n<td style=\"text-align: center;vertical-align: middle;width: 26.1072%\"><span style=\"color: #000000;font-size: 14pt\"><strong>WhatsApp\u00a0<\/strong><\/span><\/td>\n<td style=\"width: 97.1011%\"><span style=\"color: #000000;font-size: 14pt\"><a style=\"color: #000000\" href=\"https:\/\/api.whatsapp.com\/send?phone=34671569471&amp;app=facebook&amp;entry_point=page_cta&amp;fbclid=IwAR31aolTM5nUNWmammvTxl_SpyJpH-cVBxIvUuPBCnv7CSWAjoT_Uz7ry90\" target=\"_blank\" rel=\"noopener noreferrer\">\u00a0671 56 94 71<\/a><\/span><\/td>\n<\/tr>\n<tr>\n<td style=\"text-align: center;vertical-align: middle;width: 26.1072%\"><span style=\"color: #000000;font-size: 14pt\"><strong>Fax\u00a0<\/strong><\/span><\/td>\n<td style=\"width: 97.1011%\"><span style=\"color: #000000;font-size: 14pt\">\u00a0957 199 749 &#8211; Corporativo: 586 749<\/span><\/td>\n<\/tr>\n<tr style=\"background-color: #60ccf7\">\n<td style=\"text-align: center;vertical-align: middle;width: 26.1072%\"><span style=\"color: #000000;font-size: 14pt\"><strong>Correo electr\u00f3nico<\/strong><\/span><\/td>\n<td style=\"width: 97.1011%\"><span style=\"color: #000000;font-size: 14pt\">\u00a014000926.edu@juntadeandalucia.es<\/span><\/td>\n<\/tr>\n<tr>\n<td style=\"text-align: center;vertical-align: middle;width: 26.1072%\"><span style=\"color: #000000;font-size: 14pt\"><strong>P\u00e1gina web<\/strong><\/span><\/td>\n<td style=\"width: 97.1011%\"><span style=\"color: #000000;font-size: 14pt\"><a style=\"color: #000000\" href=\"https:\/\/blogsaverroes.juntadeandalucia.es\/ceipramonhernandez\" target=\"_blank\" rel=\"noopener noreferrer\">Web del centro<\/a><\/span><\/td>\n<\/tr>\n<tr style=\"background-color: #60ccf7\">\n<td style=\"text-align: center;vertical-align: middle;width: 26.1072%\"><span style=\"color: #000000;font-size: 14pt\"><strong>Facebook\u00a0<\/strong><\/span><\/td>\n<td style=\"width: 97.1011%\"><span style=\"color: #000000;font-size: 14pt\"><a style=\"color: #000000\" href=\"https:\/\/www.facebook.com\/ceipramonhernandez.es\/\" target=\"_blank\" rel=\"noopener noreferrer\">P\u00e1gina de Facebook<\/a><\/span><\/td>\n<\/tr>\n<tr>\n<td style=\"text-align: center;vertical-align: middle;width: 26.1072%\"><span style=\"color: #000000;font-size: 14pt\"><strong>Youtube<\/strong><\/span><\/td>\n<td style=\"width: 97.1011%\"><span style=\"color: #000000;font-size: 14pt\"><a style=\"color: #000000\" href=\"https:\/\/www.youtube.com\/channel\/UC9LSNw5DfG9i_ApFB1YDq2Q\" target=\"_blank\" rel=\"noopener noreferrer\">Canal de Youtube<\/a><\/span><\/td>\n<\/tr>\n<tr style=\"background-color: #60ccf7\">\n<td style=\"width: 26.1072%;text-align: center;vertical-align: middle\"><span style=\"color: #000000;font-size: 14pt\"><strong>Oferta Educativa<\/strong><\/span><\/td>\n<td style=\"width: 97.1011%\">\n<p style=\"text-align: left\"><span style=\"color: #000000;font-size: 14pt\">Segundo ciclo de Educaci\u00f3n Infantil<\/span><\/p>\n<p style=\"text-align: left\"><span style=\"color: #000000;font-size: 14pt\">Educaci\u00f3n Primaria<\/span><\/p>\n<p style=\"text-align: left\"><span style=\"color: #000000;font-size: 14pt\">Educaci\u00f3n B\u00e1sica Especial<\/span><\/p>\n<ul>\n<li style=\"list-style-type: none\">\n<ul>\n<li style=\"text-align: left\"><span style=\"color: #000000;font-size: 14pt\">Educaci\u00f3n especial unidad espec\u00edfica<\/span><\/li>\n<li style=\"text-align: left\"><span style=\"color: #000000;font-size: 14pt\">Educaci\u00f3n especial apoyo a la integraci\u00f3n<\/span><\/li>\n<li style=\"text-align: left\"><span style=\"color: #000000;font-size: 14pt\">Audici\u00f3n y lenguaje apoyo a la integraci\u00f3n<\/span><\/li>\n<\/ul>\n<\/li>\n<\/ul>\n<\/td>\n<\/tr>\n<\/tbody>\n<\/table>    <\/div>\n<\/div>\n<!-- \/module text -->        <\/div>\n                    <div  data-lazy=\"1\" class=\"module_column tb-column tb_7gl925 last\">\n                    <!-- module text -->\n<div  class=\"module module-text tb_ft2825   \" data-lazy=\"1\">\n    <h3 class=\"module-title\">LOCALIZACI\u00d3N<\/h3>    <div  class=\"tb_text_wrap\">\n        <h1 style=\"text-align: center\"><iframe loading=\"lazy\" src=\"https:\/\/www.google.com\/maps\/embed?pb=!1m14!1m12!1m3!1d472.13813661412223!2d-4.320510898669103!3d37.868097054455056!2m3!1f0!2f0!3f0!3m2!1i1024!2i768!4f13.1!5e1!3m2!1ses!2ses!4v1657272692235!5m2!1ses!2ses\" width=\"800\" height=\"600\"><\/iframe><\/h1>    <\/div>\n<\/div>\n<!-- \/module text -->        <\/div>\n                        <\/div>\n        <\/div>\n                        <div  data-lazy=\"1\" class=\"module_row themify_builder_row tb_uc9u171 tf_w\">\n            <span class=\"builder_row_cover tf_abs\"><\/span>            <div class=\"row_inner col_align_middle gutter-narrow col_auto_height tb_col_count_2 tf_box tf_rel\">\n                        <div  data-lazy=\"1\" class=\"module_column tb-column col4-2 tb_wgti171 first\">\n                    <!-- module text -->\n<div  class=\"module module-text tb_k81t171   \" data-lazy=\"1\">\n    <h3 class=\"module-title\">INSTALACIONES  DEL COLEGIO<\/h3>    <div  class=\"tb_text_wrap\">\n        <p style=\"text-align: justify\"><span style=\"font-family: 'comic sans ms', sans-serif;color: #ffffff\">El CEIP Ram\u00f3n Hern\u00e1ndez Mart\u00ednez est\u00e1 situado en zona urbana, pr\u00f3ximo al centro del pueblo. Es una construcci\u00f3n de los a\u00f1os 60, que necesita un profundo remozamiento para adaptarlo a las exigencias de los nuevos tiempos. Se encuentra distribuido en tres edificios:<\/span><\/p>\n<ul style=\"text-align: justify\">\n<li><span style=\"font-family: 'comic sans ms', sans-serif;color: #ffffff\"><strong>Edificio 1<\/strong>, donde se ubica Direcci\u00f3n, Secretar\u00eda, Sala de Profesores, SUM, aulas de 1<sup>er<\/sup>, 2\u00ba y 3<sup>er<\/sup>\u00a0Ciclo de E. Primaria, Aula de Inform\u00e1tica, Aula de PT y Aula de Audici\u00f3n y Lenguaje.<\/span><\/li>\n<li><span style=\"font-family: 'comic sans ms', sans-serif;color: #ffffff\"><strong>Edificio 2<\/strong>, formado por tres m\u00f3dulos en los que est\u00e1n emplazadas las aulas de E. Infantil.<\/span><\/li>\n<li><span style=\"font-family: 'comic sans ms', sans-serif;color: #ffffff\"><strong>Edificio 3<\/strong>, antiguas casas de maestros rehabilitadas, en el que se sit\u00faa la Biblioteca en la planta baja, y el Aula de M\u00fasica y Laboratorio en planta Alta<\/span><\/li>\n<\/ul>\n<p style=\"text-align: justify\"><span style=\"font-family: 'comic sans ms', sans-serif;color: #ffffff\">El edificio ha sido remozado en el a\u00f1o 2006 dentro del programa \u00abMejor Escuela\u00bb de la Consejer\u00eda de Educaci\u00f3n Junta de Andaluc\u00eda. Las obras consistieron en el cambio de puertas y ventanas, construcci\u00f3n de una rampa de acceso al edificio principal y pavimentaci\u00f3n de los patios de Infantil y 1<sup>er<\/sup>\u00a0Ciclo de Primaria.\u00a0<\/span><\/p>    <\/div>\n<\/div>\n<!-- \/module text -->        <\/div>\n                    <div  data-lazy=\"1\" class=\"module_column tb-column col4-2 tb_ykkg171 last\">\n                    <!-- module video -->\n<div  class=\"module module-video tb_xwi0171 video-top  \" data-lazy=\"1\">\n            <h3 class=\"module-title\">VISITA VIRTUAL POR EL COLE<\/h3>        <div class=\"video-wrap-outer\">\n            <div class=\"video-wrap tf_rel tf_overflow\">\n                                    <noscript><iframe data-no-script src=\"https:\/\/www.youtube.com\/embed\/K9yMK_WX0_Q?pip=1&playsinline=1\" allow=\"accelerometer;encrypted-media;gyroscope;picture-in-picture;fullscreen\" class=\"tf_abs tf_w tf_h\"><\/iframe><\/noscript>\n                                <\/div>\n            <!-- \/video-wrap -->\n        <\/div>\n        <!-- \/video-wrap-outer -->\n            <\/div>\n        <\/div>\n                        <\/div>\n        <\/div>\n                        <div  data-lazy=\"1\" class=\"module_row themify_builder_row tb_eaw1441 tf_w\">\n            <span class=\"builder_row_cover tf_abs\"><\/span>            <div class=\"row_inner col_align_top tb_col_count_1 tf_box tf_rel\">\n                        <div  data-lazy=\"1\" class=\"module_column tb-column col-full tb_3xnb441 first\">\n                    <!-- module fancy heading -->\n<div  class=\"module module-fancy-heading tb_t0m3441  tb_hide_divider\" data-lazy=\"1\">\n        <h1 class=\"fancy-heading tf_textc\">\n    <span class=\"main-head tf_block\">\n                    ORLAS            <\/span>\n\n    \n    <span class=\"sub-head tf_block tf_rel\">\n                                <\/span>\n    <\/h1>\n<\/div>\n<!-- \/module fancy heading -->\n        <div  data-lazy=\"1\" class=\"module_subrow themify_builder_sub_row tf_w col_align_top tb_col_count_2 tb_z0lf441\">\n                <div  data-lazy=\"1\" class=\"module_column sub_column tb_zi9v441 first\">\n                    <!-- module buttons -->\n<div  class=\"module module-buttons tb_3gw5441 buttons-horizontal transparent  xlarge circle\" data-lazy=\"1\">\n        <div class=\"module-buttons-item tf_in_flx\">\n                        <a href=\"https:\/\/blogsaverroes.juntadeandalucia.es\/ceipramonhernandez\/infantil-3\/\" class=\"ui builder_button tf_in_flx blue\" target=\"_blank\" rel=\"noopener\">\n                                                INFANTIL                                        <\/a>\n                <\/div>\n            <\/div>\n<!-- \/module buttons -->\n        <\/div>\n                    <div  data-lazy=\"1\" class=\"module_column sub_column tb_lpix441 last\">\n                    <!-- module buttons -->\n<div  class=\"module module-buttons tb_kzxd441 buttons-horizontal transparent  xlarge circle\" data-lazy=\"1\">\n        <div class=\"module-buttons-item tf_in_flx\">\n                        <a href=\"https:\/\/blogsaverroes.juntadeandalucia.es\/ceipramonhernandez\/primaria-3\/\" class=\"ui builder_button tf_in_flx blue\" target=\"_blank\" rel=\"noopener\">\n                                                PRIMARIA                                        <\/a>\n                <\/div>\n            <\/div>\n<!-- \/module buttons -->\n        <\/div>\n                    <\/div>\n                <\/div>\n                        <\/div>\n        <\/div>\n                        <div  data-lazy=\"1\" class=\"module_row themify_builder_row tb_gosg742 tf_w\">\n            <span class=\"builder_row_cover tf_abs\"><\/span>            <div class=\"row_inner col_align_top tb_col_count_1 tf_box tf_rel\">\n                        <div  data-lazy=\"1\" class=\"module_column tb-column col-full tb_vynn742 first\">\n                    <!-- module fancy heading -->\n<div  class=\"module module-fancy-heading tb_jh5c742  tb_hide_divider\" data-lazy=\"1\">\n        <h1 class=\"fancy-heading tf_textc\">\n    <span class=\"main-head tf_block\">\n                    OTROS DATOS DEL COLE            <\/span>\n\n    \n    <span class=\"sub-head tf_block tf_rel\">\n                                <\/span>\n    <\/h1>\n<\/div>\n<!-- \/module fancy heading -->\n        <div  data-lazy=\"1\" class=\"module_subrow themify_builder_sub_row tf_w col_align_middle gutter-narrow tb_col_count_5 tb_fatz742\">\n                <div  data-lazy=\"1\" class=\"module_column sub_column col5-1 tb_8ruj742 first\">\n                    <!-- module text -->\n<div  class=\"module module-text tb_cbs0742   \" data-lazy=\"1\">\n        <div  class=\"tb_text_wrap\">\n        <h3><span style=\"color: #ffffff\">Historia del colegio<\/span><\/h3>    <\/div>\n<\/div>\n<!-- \/module text --><!-- module buttons -->\n<div  class=\"module module-buttons tb_uxdw742 buttons-horizontal solid   squared\" data-lazy=\"1\">\n        <div class=\"module-buttons-item tf_in_flx\">\n                        <a href=\"https:\/\/blogsaverroes.juntadeandalucia.es\/ceipramonhernandez\/files\/2017\/10\/Historia-del-colegio.pdf\" class=\"ui builder_button tf_in_flx purple\" target=\"_blank\" rel=\"noopener\">\n                                                VER                                        <\/a>\n                <\/div>\n            <\/div>\n<!-- \/module buttons -->\n        <\/div>\n                    <div  data-lazy=\"1\" class=\"module_column sub_column col5-1 tb_au96742\">\n                    <!-- module text -->\n<div  class=\"module module-text tb_f8sy742   \" data-lazy=\"1\">\n        <div  class=\"tb_text_wrap\">\n        <h3><span style=\"color: #ffffff\">\u00bfQui\u00e9n fue Ram\u00f3n Hern\u00e1ndez?<\/span><\/h3>    <\/div>\n<\/div>\n<!-- \/module text --><!-- module buttons -->\n<div  class=\"module module-buttons tb_3a0e742 buttons-horizontal solid   squared\" data-lazy=\"1\">\n        <div class=\"module-buttons-item tf_in_flx\">\n                        <a href=\"https:\/\/blogsaverroes.juntadeandalucia.es\/ceipramonhernandez\/el-centro\/datos-del-centro\/\" class=\"ui builder_button tf_in_flx purple\" target=\"_blank\" rel=\"noopener\">\n                                                VER                                        <\/a>\n                <\/div>\n            <\/div>\n<!-- \/module buttons -->\n        <\/div>\n                    <div  data-lazy=\"1\" class=\"module_column sub_column col5-1 tb_hqqf742\">\n                    <!-- module text -->\n<div  class=\"module module-text tb_uciw742   \" data-lazy=\"1\">\n        <div  class=\"tb_text_wrap\">\n        <h3><span style=\"color: #ffffff\">S\u00edmbolos del colegio<\/span><\/h3>    <\/div>\n<\/div>\n<!-- \/module text --><!-- module buttons -->\n<div  class=\"module module-buttons tb_k9oe742 buttons-horizontal solid   squared\" data-lazy=\"1\">\n        <div class=\"module-buttons-item tf_in_flx\">\n                        <a href=\"https:\/\/blogsaverroes.juntadeandalucia.es\/ceipramonhernandez\/el-centro\/simbolos-del-colegio\/\" class=\"ui builder_button tf_in_flx purple\" target=\"_blank\" rel=\"noopener\">\n                                                VER                                        <\/a>\n                <\/div>\n            <\/div>\n<!-- \/module buttons -->\n        <\/div>\n                    <div  data-lazy=\"1\" class=\"module_column sub_column col5-1 tb_evlv742\">\n                    <!-- module text -->\n<div  class=\"module module-text tb_pgsi742   \" data-lazy=\"1\">\n        <div  class=\"tb_text_wrap\">\n        <h3><span style=\"color: #ffffff\">El cole en prensa y TV<\/span><\/h3>    <\/div>\n<\/div>\n<!-- \/module text --><!-- module buttons -->\n<div  class=\"module module-buttons tb_qs4o742 buttons-horizontal solid   squared\" data-lazy=\"1\">\n        <div class=\"module-buttons-item tf_in_flx\">\n                        <a href=\"https:\/\/blogsaverroes.juntadeandalucia.es\/ceipramonhernandez\/el-centro\/simbolos-del-colegio\/\" class=\"ui builder_button tf_in_flx purple\" target=\"_blank\" rel=\"noopener\">\n                                                VER                                        <\/a>\n                <\/div>\n            <\/div>\n<!-- \/module buttons -->\n        <\/div>\n                    <div  data-lazy=\"1\" class=\"module_column sub_column col5-1 tb_tvbw742 last\">\n                    <!-- module text -->\n<div  class=\"module module-text tb_szic742   \" data-lazy=\"1\">\n        <div  class=\"tb_text_wrap\">\n        <h3><span style=\"color: #ffffff\">Blog 50 aniversario<\/span><\/h3>    <\/div>\n<\/div>\n<!-- \/module text --><!-- module buttons -->\n<div  class=\"module module-buttons tb_h7l4742 buttons-horizontal solid   squared\" data-lazy=\"1\">\n        <div class=\"module-buttons-item tf_in_flx\">\n                        <a href=\"https:\/\/50aniversarioceiprhm.blogspot.com\/\" class=\"ui builder_button tf_in_flx purple\" target=\"_blank\" rel=\"noopener\">\n                                                VER                                        <\/a>\n                <\/div>\n            <\/div>\n<!-- \/module buttons -->\n        <\/div>\n                    <\/div>\n                <\/div>\n                        <\/div>\n        <\/div>\n        <\/div>\n<!--\/themify_builder_content-->","protected":false},"excerpt":{"rendered":"<p>DATOS DEL CENTRO C\u00f3digo del Centro \u00a014000926 Direcci\u00f3n\u00a0 \u00a0c\/ S\u00e9neca, 10 C\u00f3digo Postal \u00a014660\u00a0 Localidad \u00a0Ca\u00f1ete de las Torres Provincia\u00a0 \u00a0C\u00f3rdoba Tel\u00e9fonos Direcci\u00f3n: 671 569 471 Secretar\u00eda: 957 199 747 &#8211; Corporativo: 586 747 WhatsApp\u00a0 \u00a0671 56 94 71 Fax\u00a0 \u00a0957 199 749 &#8211; Corporativo: 586 749 Correo electr\u00f3nico \u00a014000926.edu@juntadeandalucia.es P\u00e1gina web Web del centro [&hellip;]<\/p>\n","protected":false},"author":5333,"featured_media":0,"parent":0,"menu_order":0,"comment_status":"closed","ping_status":"closed","template":"","meta":{"ngg_post_thumbnail":0,"footnotes":""},"aioseo_notices":[],"_links":{"self":[{"href":"https:\/\/blogsaverroes.juntadeandalucia.es\/ceipramonhernandez\/wp-json\/wp\/v2\/pages\/37614"}],"collection":[{"href":"https:\/\/blogsaverroes.juntadeandalucia.es\/ceipramonhernandez\/wp-json\/wp\/v2\/pages"}],"about":[{"href":"https:\/\/blogsaverroes.juntadeandalucia.es\/ceipramonhernandez\/wp-json\/wp\/v2\/types\/page"}],"author":[{"embeddable":true,"href":"https:\/\/blogsaverroes.juntadeandalucia.es\/ceipramonhernandez\/wp-json\/wp\/v2\/users\/5333"}],"replies":[{"embeddable":true,"href":"https:\/\/blogsaverroes.juntadeandalucia.es\/ceipramonhernandez\/wp-json\/wp\/v2\/comments?post=37614"}],"version-history":[{"count":19,"href":"https:\/\/blogsaverroes.juntadeandalucia.es\/ceipramonhernandez\/wp-json\/wp\/v2\/pages\/37614\/revisions"}],"predecessor-version":[{"id":37943,"href":"https:\/\/blogsaverroes.juntadeandalucia.es\/ceipramonhernandez\/wp-json\/wp\/v2\/pages\/37614\/revisions\/37943"}],"wp:attachment":[{"href":"https:\/\/blogsaverroes.juntadeandalucia.es\/ceipramonhernandez\/wp-json\/wp\/v2\/media?parent=37614"}],"curies":[{"name":"wp","href":"https:\/\/api.w.org\/{rel}","templated":true}]}}