{"id":1068,"date":"2024-02-26T08:05:43","date_gmt":"2024-02-26T07:05:43","guid":{"rendered":"https:\/\/blogsaverroes.juntadeandalucia.es\/ceipramonycajal\/?page_id=1068"},"modified":"2024-02-28T09:23:22","modified_gmt":"2024-02-28T08:23:22","slug":"datos-del-centro","status":"publish","type":"page","link":"https:\/\/blogsaverroes.juntadeandalucia.es\/ceipramonycajal\/datos-del-centro\/","title":{"rendered":"Datos del centro"},"content":{"rendered":"<!--themify_builder_content-->\n<div id=\"themify_builder_content-1068\" data-postid=\"1068\" class=\"themify_builder_content themify_builder_content-1068 themify_builder tf_clear\">\n                    <div  data-lazy=\"1\" class=\"module_row themify_builder_row tb_ucrr918 tb_first tf_w\">\n                        <div class=\"row_inner col_align_top tb_col_count_2 tf_box tf_rel\">\n                        <div  data-lazy=\"1\" class=\"module_column tb-column col2-1 tb_a14x919 first\">\n                    <!-- module text -->\n<div  class=\"module module-text tb_erah919   \" data-lazy=\"1\">\n    <h3 class=\"module-title\">DATOS DEL CENTRO<\/h3>    <div  class=\"tb_text_wrap\">\n        <table style=\"width: 101.519%;\">\n<tbody>\n<tr style=\"background-color: #60ccf7;\">\n<td style=\"text-align: center; vertical-align: middle; width: 26.1072%;\"><span style=\"color: #000000; font-size: 14pt;\"><strong>C\u00f3digo del Centro<\/strong><\/span><\/td>\n<td style=\"width: 97.1011%;\"><span style=\"color: #000000; font-size: 14pt;\"> 14001220<\/span><\/td>\n<\/tr>\n<tr>\n<td style=\"text-align: center; vertical-align: middle; width: 26.1072%;\"><span style=\"color: #000000; font-size: 14pt;\"><strong>Direcci\u00f3n\u00a0<\/strong><\/span><\/td>\n<td style=\"width: 97.1011%;\"><span style=\"color: #000000; font-size: 14pt;\"> Avda. de Andaluc\u00eda, s\/n<\/span><\/td>\n<\/tr>\n<tr style=\"background-color: #60ccf7;\">\n<td style=\"text-align: center; vertical-align: middle; width: 26.1072%;\"><span style=\"color: #000000; font-size: 14pt;\"><strong>C\u00f3digo Postal<\/strong><\/span><\/td>\n<td style=\"width: 97.1011%;\"><span style=\"color: #000000; font-size: 14pt;\">\u00a014620\u00a0<\/span><\/td>\n<\/tr>\n<tr>\n<td style=\"text-align: center; vertical-align: middle; width: 26.1072%;\"><span style=\"color: #000000; font-size: 14pt;\"><strong>Localidad<\/strong><\/span><\/td>\n<td style=\"width: 97.1011%;\"><span style=\"color: #000000; font-size: 14pt;\">El Carpio<\/span><\/td>\n<\/tr>\n<tr style=\"background-color: #60ccf7;\">\n<td style=\"text-align: center; vertical-align: middle; width: 26.1072%;\"><span style=\"color: #000000; font-size: 14pt;\"><strong>Provincia\u00a0<\/strong><\/span><\/td>\n<td style=\"width: 97.1011%;\"><span style=\"color: #000000; font-size: 14pt;\">\u00a0C\u00f3rdoba<\/span><\/td>\n<\/tr>\n<tr>\n<td style=\"text-align: center; vertical-align: middle; width: 26.1072%;\"><span style=\"color: #000000; font-size: 14pt;\"><strong>Tel\u00e9fonos<\/strong><\/span><\/td>\n<td style=\"width: 97.1011%;\">\n<p><span style=\"color: #000000; font-size: 14pt;\">957 199 540 &#8211; Corporativo: 586 540<\/span><\/p>\n<\/td>\n<\/tr>\n<tr style=\"background-color: #60ccf7;\">\n<td style=\"text-align: center; vertical-align: middle; width: 26.1072%;\"><span style=\"color: #000000; font-size: 14pt;\"><strong>Fax<\/strong><\/span><\/td>\n<td style=\"width: 97.1011%;\"><span style=\"color: #000000; font-size: 14pt;\">957 199 542<\/span><\/td>\n<\/tr>\n<tr>\n<td style=\"text-align: center; vertical-align: middle; width: 26.1072%;\"><span style=\"color: #000000; font-size: 14pt;\"><strong>Correo electr\u00f3nico<\/strong><\/span><\/td>\n<td style=\"width: 97.1011%;\"><span style=\"color: #000000; font-size: 14pt;\"> \u00a014001220.edu@juntadeandalucia.es<\/span><\/td>\n<\/tr>\n<tr style=\"background-color: #60ccf7;\">\n<td style=\"text-align: center; vertical-align: middle; width: 26.1072%;\"><span style=\"color: #000000; font-size: 14pt;\"><strong>P\u00e1gina web<\/strong><\/span><\/td>\n<td style=\"width: 97.1011%;\"><span style=\"color: #000000; font-size: 14pt;\"><a style=\"color: #000000;\" href=\"https:\/\/blogsaverroes.juntadeandalucia.es\/ceipramonycajal\/\" target=\"_blank\" rel=\"noopener\">Web del centro<\/a><\/span><\/td>\n<\/tr>\n<tr>\n<td style=\"text-align: center; vertical-align: middle; width: 26.1072%;\"><span style=\"color: #000000; font-size: 14pt;\"><strong>Oferta Educativa<\/strong><\/span><\/td>\n<td style=\"width: 97.1011%;\">\n<p style=\"text-align: left;\"><span style=\"color: #000000; font-size: 14pt;\">Segundo ciclo de Educaci\u00f3n Infantil<\/span><\/p>\n<p style=\"text-align: left;\"><span style=\"color: #000000; font-size: 14pt;\">Educaci\u00f3n Primaria<\/span><\/p>\n<p style=\"text-align: left;\"><span style=\"color: #000000; font-size: 14pt;\">Educaci\u00f3n B\u00e1sica Especial<\/span><\/p>\n<ul>\n<li style=\"list-style-type: none;\">\n<ul>\n<li style=\"text-align: left;\"><span style=\"color: #000000; font-size: 14pt;\">Educaci\u00f3n especial unidad espec\u00edfica<\/span><\/li>\n<li style=\"text-align: left;\"><span style=\"color: #000000; font-size: 14pt;\">Educaci\u00f3n especial apoyo a la integraci\u00f3n<\/span><\/li>\n<li style=\"text-align: left;\"><span style=\"color: #000000; font-size: 14pt;\">Audici\u00f3n y lenguaje apoyo a la integraci\u00f3n<\/span><\/li>\n<\/ul>\n<\/li>\n<\/ul>\n<\/td>\n<\/tr>\n<\/tbody>\n<\/table>    <\/div>\n<\/div>\n<!-- \/module text -->        <\/div>\n                    <div  data-lazy=\"1\" class=\"module_column tb-column col2-1 tb_d4hn922 last\">\n                    <!-- module text -->\n<div  class=\"module module-text tb_q2k6922   \" data-lazy=\"1\">\n    <h3 class=\"module-title\">LOCALIZACI\u00d3N<\/h3>    <div  class=\"tb_text_wrap\">\n        <p><iframe loading=\"lazy\" style=\"border: 0;\" src=\"https:\/\/www.google.com\/maps\/embed?pb=!1m14!1m12!1m3!1d665.7606237160658!2d-4.494813117694508!3d37.94241027043665!2m3!1f0!2f0!3f0!3m2!1i1024!2i768!4f13.1!5e1!3m2!1ses!2ses!4v1708932298986!5m2!1ses!2ses\" width=\"600\" height=\"450\" allowfullscreen=\"allowfullscreen\"><\/iframe><\/p>    <\/div>\n<\/div>\n<!-- \/module text -->        <\/div>\n                        <\/div>\n        <\/div>\n                        <div  data-lazy=\"1\" class=\"module_row themify_builder_row tb_r0z4738 tf_w hide-desktop hide-tablet hide-tablet_landscape hide-mobile\">\n            <span class=\"builder_row_cover tf_abs\"><\/span>            <div class=\"row_inner col_auto_height gutter-narrow col_align_middle tb_col_count_2 tf_box tf_rel\">\n                        <div  data-lazy=\"1\" class=\"module_column tb-column col4-2 tb_fw6s739 first\">\n                    <!-- module text -->\n<div  class=\"module module-text tb_1wt2739   \" data-lazy=\"1\">\n    <h3 class=\"module-title\">INSTALACIONES  DEL COLEGIO<\/h3>    <div  class=\"tb_text_wrap\">\n        <p style=\"text-align: justify;\"><span style=\"font-family: 'comic sans ms', sans-serif; color: #ffffff;\">El CEIP Ram\u00f3n Hern\u00e1ndez Mart\u00ednez est\u00e1 situado en zona urbana, pr\u00f3ximo al centro del pueblo. Es una construcci\u00f3n de los a\u00f1os 60, que necesita un profundo remozamiento para adaptarlo a las exigencias de los nuevos tiempos. Se encuentra distribuido en tres edificios:<\/span><\/p>\n<ul style=\"text-align: justify;\">\n<li><span style=\"font-family: 'comic sans ms', sans-serif; color: #ffffff;\"><strong>Edificio 1<\/strong>, donde se ubica Direcci\u00f3n, Secretar\u00eda, Sala de Profesores, SUM, aulas de 1<sup>er<\/sup>, 2\u00ba y 3<sup>er<\/sup>\u00a0Ciclo de E. Primaria, Aula de Inform\u00e1tica, Aula de PT y Aula de Audici\u00f3n y Lenguaje.<\/span><\/li>\n<li><span style=\"font-family: 'comic sans ms', sans-serif; color: #ffffff;\"><strong>Edificio 2<\/strong>, formado por tres m\u00f3dulos en los que est\u00e1n emplazadas las aulas de E. Infantil.<\/span><\/li>\n<li><span style=\"font-family: 'comic sans ms', sans-serif; color: #ffffff;\"><strong>Edificio 3<\/strong>, antiguas casas de maestros rehabilitadas, en el que se sit\u00faa la Biblioteca en la planta baja, y el Aula de M\u00fasica y Laboratorio en planta Alta<\/span><\/li>\n<\/ul>\n<p style=\"text-align: justify;\"><span style=\"font-family: 'comic sans ms', sans-serif; color: #ffffff;\">El edificio ha sido remozado en el a\u00f1o 2006 dentro del programa \u00abMejor Escuela\u00bb de la Consejer\u00eda de Educaci\u00f3n Junta de Andaluc\u00eda. Las obras consistieron en el cambio de puertas y ventanas, construcci\u00f3n de una rampa de acceso al edificio principal y pavimentaci\u00f3n de los patios de Infantil y 1<sup>er<\/sup>\u00a0Ciclo de Primaria.\u00a0<\/span><\/p>    <\/div>\n<\/div>\n<!-- \/module text -->        <\/div>\n                    <div  data-lazy=\"1\" class=\"module_column tb-column col4-2 tb_a1we740 last\">\n                    <!-- module video -->\n<div  class=\"module module-video tb_ihua740 video-top  \" data-lazy=\"1\">\n            <h3 class=\"module-title\">VISITA VIRTUAL POR EL COLE<\/h3>        <div class=\"video-wrap-outer\">\n            <div class=\"video-wrap tf_rel tf_overflow\">\n                                    <noscript><iframe data-no-script src=\"https:\/\/www.youtube.com\/embed\/K9yMK_WX0_Q?pip=1&playsinline=1\" allow=\"accelerometer;encrypted-media;gyroscope;picture-in-picture;fullscreen\" class=\"tf_abs tf_w tf_h\"><\/iframe><\/noscript>\n                                <\/div>\n            <!-- \/video-wrap -->\n        <\/div>\n        <!-- \/video-wrap-outer -->\n            <\/div>\n        <\/div>\n                        <\/div>\n        <\/div>\n        <\/div>\n<!--\/themify_builder_content-->","protected":false},"excerpt":{"rendered":"<p>DATOS DEL CENTRO C\u00f3digo del Centro 14001220 Direcci\u00f3n\u00a0 Avda. de Andaluc\u00eda, s\/n C\u00f3digo Postal \u00a014620\u00a0 Localidad El Carpio Provincia\u00a0 \u00a0C\u00f3rdoba Tel\u00e9fonos 957 199 540 &#8211; Corporativo: 586 540 Fax 957 199 542 Correo electr\u00f3nico \u00a014001220.edu@juntadeandalucia.es P\u00e1gina web Web del centro Oferta Educativa Segundo ciclo de Educaci\u00f3n Infantil Educaci\u00f3n Primaria Educaci\u00f3n B\u00e1sica Especial Educaci\u00f3n especial unidad [&hellip;]<\/p>\n","protected":false},"author":5333,"featured_media":0,"parent":0,"menu_order":0,"comment_status":"closed","ping_status":"closed","template":"","meta":{"ngg_post_thumbnail":0,"footnotes":""},"aioseo_notices":[],"_links":{"self":[{"href":"https:\/\/blogsaverroes.juntadeandalucia.es\/ceipramonycajal\/wp-json\/wp\/v2\/pages\/1068"}],"collection":[{"href":"https:\/\/blogsaverroes.juntadeandalucia.es\/ceipramonycajal\/wp-json\/wp\/v2\/pages"}],"about":[{"href":"https:\/\/blogsaverroes.juntadeandalucia.es\/ceipramonycajal\/wp-json\/wp\/v2\/types\/page"}],"author":[{"embeddable":true,"href":"https:\/\/blogsaverroes.juntadeandalucia.es\/ceipramonycajal\/wp-json\/wp\/v2\/users\/5333"}],"replies":[{"embeddable":true,"href":"https:\/\/blogsaverroes.juntadeandalucia.es\/ceipramonycajal\/wp-json\/wp\/v2\/comments?post=1068"}],"version-history":[{"count":16,"href":"https:\/\/blogsaverroes.juntadeandalucia.es\/ceipramonycajal\/wp-json\/wp\/v2\/pages\/1068\/revisions"}],"predecessor-version":[{"id":1175,"href":"https:\/\/blogsaverroes.juntadeandalucia.es\/ceipramonycajal\/wp-json\/wp\/v2\/pages\/1068\/revisions\/1175"}],"wp:attachment":[{"href":"https:\/\/blogsaverroes.juntadeandalucia.es\/ceipramonycajal\/wp-json\/wp\/v2\/media?parent=1068"}],"curies":[{"name":"wp","href":"https:\/\/api.w.org\/{rel}","templated":true}]}}